{"id":934,"date":"2019-04-03T08:55:03","date_gmt":"2019-04-03T08:55:03","guid":{"rendered":"https:\/\/shopwcseu.com\/?post_type=product&#038;p=934"},"modified":"2023-12-05T06:27:13","modified_gmt":"2023-12-05T06:27:13","slug":"top-lift-cahaba-snake-trap-large","status":"publish","type":"product","link":"https:\/\/shopwcseu.com\/fr\/producto\/top-lift-cahaba-snake-trap-large\/","title":{"rendered":"Top Lift Cahaba Snake Trap (Large)"},"content":{"rendered":"<p>Le pi\u00e8ge \u00e0 serpentins Cahaba Top Lift (Large) est facile \u00e0 installer, \u00e0 v\u00e9rifier et \u00e0 retirer. Il mesure 32 \u00ab\u00a0de long sur 10\u00a0\u00bb de large sur 2,5 \u00ab\u00a0de haut. Il poss\u00e8de un nouveau plateau \u00e9l\u00e9vateur sp\u00e9cialement con\u00e7u et est fabriqu\u00e9 en plastique solide. R\u00e9utilisable et r\u00e9sistant \u00e0 l&rsquo;eau, ce pi\u00e8ge durera des ann\u00e9es et peut \u00eatre utilis\u00e9 \u00e0 l&rsquo;int\u00e9rieur ou \u00e0 l&rsquo;ext\u00e9rieur. Livr\u00e9 avec 3 inserts de tampon de colle, il aide \u00e0 contr\u00f4ler les serpents, les l\u00e9zards, les rongeurs et les insectes, ce qui en fait le meilleur pi\u00e8ge \u00e0 serpents du march\u00e9.<\/p>","protected":false},"excerpt":{"rendered":"<p>Code de produit: WCSCSTL-TL<\/p>\n","protected":false},"featured_media":935,"template":"","meta":[],"product_brand":[],"product_cat":[34],"product_tag":[],"class_list":{"0":"post-934","1":"product","2":"type-product","3":"status-publish","4":"has-post-thumbnail","6":"product_cat-manejos-de-serpientes","8":"first","9":"instock","10":"shipping-taxable","11":"purchasable","12":"product-type-simple"},"yoast_head":"<!-- This site is optimized with the Yoast SEO plugin v27.0 - https:\/\/yoast.com\/product\/yoast-seo-wordpress\/ -->\n<title>Top Lift Cahaba Snake Trap (Large) - Wildlife Control Supplies EU<\/title>\n<meta name=\"robots\" content=\"index, follow, max-snippet:-1, max-image-preview:large, max-video-preview:-1\" \/>\n<link rel=\"canonical\" href=\"https:\/\/shopwcseu.com\/producto\/top-lift-cahaba-snake-trap-large\/\" \/>\n<meta property=\"og:locale\" content=\"fr_FR\" \/>\n<meta property=\"og:type\" content=\"article\" \/>\n<meta property=\"og:title\" content=\"Top Lift Cahaba Snake Trap (Large) - Wildlife Control Supplies EU\" \/>\n<meta property=\"og:description\" content=\"[:en]Product Code: WCSCSTL-TL[:es]C\u00f3digo de producto: WCSCSTL-TL[:fr]Code de produit: WCSCSTL-TL[:]\" \/>\n<meta property=\"og:url\" content=\"https:\/\/shopwcseu.com\/producto\/top-lift-cahaba-snake-trap-large\/\" \/>\n<meta property=\"og:site_name\" content=\"Wildlife Control Supplies EU\" \/>\n<meta property=\"article:modified_time\" content=\"2023-12-05T06:27:13+00:00\" \/>\n<meta property=\"og:image\" content=\"https:\/\/shopwcseu.com\/wp-content\/uploads\/2019\/04\/Top_Lift_Cahaba_Snake_Trap1000px_540x540.jpg\" \/>\n\t<meta property=\"og:image:width\" content=\"540\" \/>\n\t<meta property=\"og:image:height\" content=\"540\" \/>\n\t<meta property=\"og:image:type\" content=\"image\/jpeg\" \/>\n<meta name=\"twitter:card\" content=\"summary_large_image\" \/>\n<meta name=\"twitter:label1\" content=\"Dur\u00e9e de lecture estim\u00e9e\" \/>\n\t<meta name=\"twitter:data1\" content=\"1 minute\" \/>\n<script type=\"application\/ld+json\" class=\"yoast-schema-graph\">{\"@context\":\"https:\/\/schema.org\",\"@graph\":[{\"@type\":\"WebPage\",\"@id\":\"https:\/\/shopwcseu.com\/producto\/top-lift-cahaba-snake-trap-large\/\",\"url\":\"https:\/\/shopwcseu.com\/producto\/top-lift-cahaba-snake-trap-large\/\",\"name\":\"Top Lift Cahaba Snake Trap (Large) - Wildlife Control Supplies EU\",\"isPartOf\":{\"@id\":\"https:\/\/shopwcseu.com\/es\/#website\"},\"primaryImageOfPage\":{\"@id\":\"https:\/\/shopwcseu.com\/producto\/top-lift-cahaba-snake-trap-large\/#primaryimage\"},\"image\":{\"@id\":\"https:\/\/shopwcseu.com\/producto\/top-lift-cahaba-snake-trap-large\/#primaryimage\"},\"thumbnailUrl\":\"https:\/\/shopwcseu.com\/wp-content\/uploads\/2019\/04\/Top_Lift_Cahaba_Snake_Trap1000px_540x540.jpg\",\"datePublished\":\"2019-04-03T08:55:03+00:00\",\"dateModified\":\"2023-12-05T06:27:13+00:00\",\"breadcrumb\":{\"@id\":\"https:\/\/shopwcseu.com\/producto\/top-lift-cahaba-snake-trap-large\/#breadcrumb\"},\"inLanguage\":\"fr-FR\",\"potentialAction\":[{\"@type\":\"ReadAction\",\"target\":[\"https:\/\/shopwcseu.com\/producto\/top-lift-cahaba-snake-trap-large\/\"]}]},{\"@type\":\"ImageObject\",\"inLanguage\":\"fr-FR\",\"@id\":\"https:\/\/shopwcseu.com\/producto\/top-lift-cahaba-snake-trap-large\/#primaryimage\",\"url\":\"https:\/\/shopwcseu.com\/wp-content\/uploads\/2019\/04\/Top_Lift_Cahaba_Snake_Trap1000px_540x540.jpg\",\"contentUrl\":\"https:\/\/shopwcseu.com\/wp-content\/uploads\/2019\/04\/Top_Lift_Cahaba_Snake_Trap1000px_540x540.jpg\",\"width\":540,\"height\":540},{\"@type\":\"BreadcrumbList\",\"@id\":\"https:\/\/shopwcseu.com\/producto\/top-lift-cahaba-snake-trap-large\/#breadcrumb\",\"itemListElement\":[{\"@type\":\"ListItem\",\"position\":1,\"name\":\"Home\",\"item\":\"https:\/\/shopwcseu.com\/es\/\"},{\"@type\":\"ListItem\",\"position\":2,\"name\":\"Productos\",\"item\":\"https:\/\/shopwcseu.com\/es\/products\/\"},{\"@type\":\"ListItem\",\"position\":3,\"name\":\"Top Lift Cahaba Snake Trap (Large)\"}]},{\"@type\":\"WebSite\",\"@id\":\"https:\/\/shopwcseu.com\/es\/#website\",\"url\":\"https:\/\/shopwcseu.com\/es\/\",\"name\":\"Wildlife Control Supplies EU\",\"description\":\"La tienda de suministros de material de captura m\u00e1s grande de Europa\",\"potentialAction\":[{\"@type\":\"SearchAction\",\"target\":{\"@type\":\"EntryPoint\",\"urlTemplate\":\"https:\/\/shopwcseu.com\/es\/?s={search_term_string}\"},\"query-input\":{\"@type\":\"PropertyValueSpecification\",\"valueRequired\":true,\"valueName\":\"search_term_string\"}}],\"inLanguage\":\"fr-FR\"}]}<\/script>\n<!-- \/ Yoast SEO plugin. -->","yoast_head_json":{"title":"Top Lift Cahaba Snake Trap (Large) - Wildlife Control Supplies EU","robots":{"index":"index","follow":"follow","max-snippet":"max-snippet:-1","max-image-preview":"max-image-preview:large","max-video-preview":"max-video-preview:-1"},"canonical":"https:\/\/shopwcseu.com\/producto\/top-lift-cahaba-snake-trap-large\/","og_locale":"fr_FR","og_type":"article","og_title":"Top Lift Cahaba Snake Trap (Large) - Wildlife Control Supplies EU","og_description":"[:en]Product Code: WCSCSTL-TL[:es]C\u00f3digo de producto: WCSCSTL-TL[:fr]Code de produit: WCSCSTL-TL[:]","og_url":"https:\/\/shopwcseu.com\/producto\/top-lift-cahaba-snake-trap-large\/","og_site_name":"Wildlife Control Supplies EU","article_modified_time":"2023-12-05T06:27:13+00:00","og_image":[{"width":540,"height":540,"url":"https:\/\/shopwcseu.com\/wp-content\/uploads\/2019\/04\/Top_Lift_Cahaba_Snake_Trap1000px_540x540.jpg","type":"image\/jpeg"}],"twitter_card":"summary_large_image","twitter_misc":{"Dur\u00e9e de lecture estim\u00e9e":"1 minute"},"schema":{"@context":"https:\/\/schema.org","@graph":[{"@type":"WebPage","@id":"https:\/\/shopwcseu.com\/producto\/top-lift-cahaba-snake-trap-large\/","url":"https:\/\/shopwcseu.com\/producto\/top-lift-cahaba-snake-trap-large\/","name":"Top Lift Cahaba Snake Trap (Large) - Wildlife Control Supplies EU","isPartOf":{"@id":"https:\/\/shopwcseu.com\/es\/#website"},"primaryImageOfPage":{"@id":"https:\/\/shopwcseu.com\/producto\/top-lift-cahaba-snake-trap-large\/#primaryimage"},"image":{"@id":"https:\/\/shopwcseu.com\/producto\/top-lift-cahaba-snake-trap-large\/#primaryimage"},"thumbnailUrl":"https:\/\/shopwcseu.com\/wp-content\/uploads\/2019\/04\/Top_Lift_Cahaba_Snake_Trap1000px_540x540.jpg","datePublished":"2019-04-03T08:55:03+00:00","dateModified":"2023-12-05T06:27:13+00:00","breadcrumb":{"@id":"https:\/\/shopwcseu.com\/producto\/top-lift-cahaba-snake-trap-large\/#breadcrumb"},"inLanguage":"fr-FR","potentialAction":[{"@type":"ReadAction","target":["https:\/\/shopwcseu.com\/producto\/top-lift-cahaba-snake-trap-large\/"]}]},{"@type":"ImageObject","inLanguage":"fr-FR","@id":"https:\/\/shopwcseu.com\/producto\/top-lift-cahaba-snake-trap-large\/#primaryimage","url":"https:\/\/shopwcseu.com\/wp-content\/uploads\/2019\/04\/Top_Lift_Cahaba_Snake_Trap1000px_540x540.jpg","contentUrl":"https:\/\/shopwcseu.com\/wp-content\/uploads\/2019\/04\/Top_Lift_Cahaba_Snake_Trap1000px_540x540.jpg","width":540,"height":540},{"@type":"BreadcrumbList","@id":"https:\/\/shopwcseu.com\/producto\/top-lift-cahaba-snake-trap-large\/#breadcrumb","itemListElement":[{"@type":"ListItem","position":1,"name":"Home","item":"https:\/\/shopwcseu.com\/es\/"},{"@type":"ListItem","position":2,"name":"Productos","item":"https:\/\/shopwcseu.com\/es\/products\/"},{"@type":"ListItem","position":3,"name":"Top Lift Cahaba Snake Trap (Large)"}]},{"@type":"WebSite","@id":"https:\/\/shopwcseu.com\/es\/#website","url":"https:\/\/shopwcseu.com\/es\/","name":"Wildlife Control Supplies EU","description":"La tienda de suministros de material de captura m\u00e1s grande de Europa","potentialAction":[{"@type":"SearchAction","target":{"@type":"EntryPoint","urlTemplate":"https:\/\/shopwcseu.com\/es\/?s={search_term_string}"},"query-input":{"@type":"PropertyValueSpecification","valueRequired":true,"valueName":"search_term_string"}}],"inLanguage":"fr-FR"}]}},"_links":{"self":[{"href":"https:\/\/shopwcseu.com\/fr\/wp-json\/wp\/v2\/product\/934","targetHints":{"allow":["GET"]}}],"collection":[{"href":"https:\/\/shopwcseu.com\/fr\/wp-json\/wp\/v2\/product"}],"about":[{"href":"https:\/\/shopwcseu.com\/fr\/wp-json\/wp\/v2\/types\/product"}],"wp:featuredmedia":[{"embeddable":true,"href":"https:\/\/shopwcseu.com\/fr\/wp-json\/wp\/v2\/media\/935"}],"wp:attachment":[{"href":"https:\/\/shopwcseu.com\/fr\/wp-json\/wp\/v2\/media?parent=934"}],"wp:term":[{"taxonomy":"product_brand","embeddable":true,"href":"https:\/\/shopwcseu.com\/fr\/wp-json\/wp\/v2\/product_brand?post=934"},{"taxonomy":"product_cat","embeddable":true,"href":"https:\/\/shopwcseu.com\/fr\/wp-json\/wp\/v2\/product_cat?post=934"},{"taxonomy":"product_tag","embeddable":true,"href":"https:\/\/shopwcseu.com\/fr\/wp-json\/wp\/v2\/product_tag?post=934"}],"curies":[{"name":"wp","href":"https:\/\/api.w.org\/{rel}","templated":true}]}}