{"id":904,"date":"2019-04-01T07:55:37","date_gmt":"2019-04-01T07:55:37","guid":{"rendered":"https:\/\/shopwcseu.com\/?post_type=product&#038;p=904"},"modified":"2019-04-16T11:11:50","modified_gmt":"2019-04-16T11:11:50","slug":"cahaba-snake-trap-collapsible","status":"publish","type":"product","link":"https:\/\/shopwcseu.com\/fr\/producto\/cahaba-snake-trap-collapsible\/","title":{"rendered":"Cahaba Snake Trap &#8211; Collapsible"},"content":{"rendered":"<p>Cahaba Snake Trap &#8211; Collapsible est le pi\u00e8ge \u00e0 serpent que les gens attendaient. Durable et r\u00e9utilisable, le pi\u00e8ge \u00e0 serpent pliable Cahaba est fabriqu\u00e9 en coroplast (plastique ondul\u00e9) et peut \u00eatre utilis\u00e9 \u00e0 plusieurs reprises \u00e0 l&rsquo;int\u00e9rieur et \u00e0 l&rsquo;ext\u00e9rieur. Le pi\u00e8ge escamotable Cahaba Snake Trap mesure 32 \u00ab\u00a0de long sur 9,5\u00a0\u00bb de large sur 2,5 \u00ab\u00a0de hauteur. Il est livr\u00e9 \u00e0 plat et peut \u00eatre assembl\u00e9 en quelques minutes \u00e0 peine. Il est livr\u00e9 avec un insert de tampon de colle g\u00e9ant, qui est facilement ins\u00e9r\u00e9 et \/ ou remplac\u00e9.Pour faciliter le rangement, le pi\u00e8ge \u00e0 serpents Cahaba peut \u00eatre pli\u00e9 \u00e0 plat apr\u00e8s utilisation.<\/p>","protected":false},"excerpt":{"rendered":"<p>Code de produit: WCSCCST<\/p>\n","protected":false},"featured_media":905,"template":"","meta":[],"product_brand":[],"product_cat":[34],"product_tag":[],"class_list":{"0":"post-904","1":"product","2":"type-product","3":"status-publish","4":"has-post-thumbnail","6":"product_cat-manejos-de-serpientes","8":"first","9":"instock","10":"shipping-taxable","11":"purchasable","12":"product-type-simple"},"yoast_head":"<!-- This site is optimized with the Yoast SEO plugin v27.0 - https:\/\/yoast.com\/product\/yoast-seo-wordpress\/ -->\n<title>Cahaba Snake Trap - Collapsible - Wildlife Control Supplies EU<\/title>\n<meta name=\"robots\" content=\"index, follow, max-snippet:-1, max-image-preview:large, max-video-preview:-1\" \/>\n<link rel=\"canonical\" href=\"https:\/\/shopwcseu.com\/producto\/cahaba-snake-trap-collapsible\/\" \/>\n<meta property=\"og:locale\" content=\"fr_FR\" \/>\n<meta property=\"og:type\" content=\"article\" \/>\n<meta property=\"og:title\" content=\"Cahaba Snake Trap - Collapsible - Wildlife Control Supplies EU\" \/>\n<meta property=\"og:description\" content=\"[:en]Product Code: WCSCCST[:es]C\u00f3digo de producto: WCSCCST[:fr]Code de produit: WCSCCST[:]\" \/>\n<meta property=\"og:url\" content=\"https:\/\/shopwcseu.com\/producto\/cahaba-snake-trap-collapsible\/\" \/>\n<meta property=\"og:site_name\" content=\"Wildlife Control Supplies EU\" \/>\n<meta property=\"article:modified_time\" content=\"2019-04-16T11:11:50+00:00\" \/>\n<meta property=\"og:image\" content=\"https:\/\/shopwcseu.com\/wp-content\/uploads\/2019\/04\/Cahaba_Collapsible_Snake_Trap_Open_End1000px_2_540x540.jpg\" \/>\n\t<meta property=\"og:image:width\" content=\"540\" \/>\n\t<meta property=\"og:image:height\" content=\"540\" \/>\n\t<meta property=\"og:image:type\" content=\"image\/jpeg\" \/>\n<meta name=\"twitter:card\" content=\"summary_large_image\" \/>\n<meta name=\"twitter:label1\" content=\"Dur\u00e9e de lecture estim\u00e9e\" \/>\n\t<meta name=\"twitter:data1\" content=\"2 minutes\" \/>\n<script type=\"application\/ld+json\" class=\"yoast-schema-graph\">{\"@context\":\"https:\/\/schema.org\",\"@graph\":[{\"@type\":\"WebPage\",\"@id\":\"https:\/\/shopwcseu.com\/producto\/cahaba-snake-trap-collapsible\/\",\"url\":\"https:\/\/shopwcseu.com\/producto\/cahaba-snake-trap-collapsible\/\",\"name\":\"Cahaba Snake Trap - Collapsible - Wildlife Control Supplies EU\",\"isPartOf\":{\"@id\":\"https:\/\/shopwcseu.com\/es\/#website\"},\"primaryImageOfPage\":{\"@id\":\"https:\/\/shopwcseu.com\/producto\/cahaba-snake-trap-collapsible\/#primaryimage\"},\"image\":{\"@id\":\"https:\/\/shopwcseu.com\/producto\/cahaba-snake-trap-collapsible\/#primaryimage\"},\"thumbnailUrl\":\"https:\/\/shopwcseu.com\/wp-content\/uploads\/2019\/04\/Cahaba_Collapsible_Snake_Trap_Open_End1000px_2_540x540.jpg\",\"datePublished\":\"2019-04-01T07:55:37+00:00\",\"dateModified\":\"2019-04-16T11:11:50+00:00\",\"breadcrumb\":{\"@id\":\"https:\/\/shopwcseu.com\/producto\/cahaba-snake-trap-collapsible\/#breadcrumb\"},\"inLanguage\":\"fr-FR\",\"potentialAction\":[{\"@type\":\"ReadAction\",\"target\":[\"https:\/\/shopwcseu.com\/producto\/cahaba-snake-trap-collapsible\/\"]}]},{\"@type\":\"ImageObject\",\"inLanguage\":\"fr-FR\",\"@id\":\"https:\/\/shopwcseu.com\/producto\/cahaba-snake-trap-collapsible\/#primaryimage\",\"url\":\"https:\/\/shopwcseu.com\/wp-content\/uploads\/2019\/04\/Cahaba_Collapsible_Snake_Trap_Open_End1000px_2_540x540.jpg\",\"contentUrl\":\"https:\/\/shopwcseu.com\/wp-content\/uploads\/2019\/04\/Cahaba_Collapsible_Snake_Trap_Open_End1000px_2_540x540.jpg\",\"width\":540,\"height\":540},{\"@type\":\"BreadcrumbList\",\"@id\":\"https:\/\/shopwcseu.com\/producto\/cahaba-snake-trap-collapsible\/#breadcrumb\",\"itemListElement\":[{\"@type\":\"ListItem\",\"position\":1,\"name\":\"Home\",\"item\":\"https:\/\/shopwcseu.com\/es\/\"},{\"@type\":\"ListItem\",\"position\":2,\"name\":\"Productos\",\"item\":\"https:\/\/shopwcseu.com\/es\/products\/\"},{\"@type\":\"ListItem\",\"position\":3,\"name\":\"Cahaba Snake Trap &#8211; Collapsible\"}]},{\"@type\":\"WebSite\",\"@id\":\"https:\/\/shopwcseu.com\/es\/#website\",\"url\":\"https:\/\/shopwcseu.com\/es\/\",\"name\":\"Wildlife Control Supplies EU\",\"description\":\"La tienda de suministros de material de captura m\u00e1s grande de Europa\",\"potentialAction\":[{\"@type\":\"SearchAction\",\"target\":{\"@type\":\"EntryPoint\",\"urlTemplate\":\"https:\/\/shopwcseu.com\/es\/?s={search_term_string}\"},\"query-input\":{\"@type\":\"PropertyValueSpecification\",\"valueRequired\":true,\"valueName\":\"search_term_string\"}}],\"inLanguage\":\"fr-FR\"}]}<\/script>\n<!-- \/ Yoast SEO plugin. -->","yoast_head_json":{"title":"Cahaba Snake Trap - Collapsible - Wildlife Control Supplies EU","robots":{"index":"index","follow":"follow","max-snippet":"max-snippet:-1","max-image-preview":"max-image-preview:large","max-video-preview":"max-video-preview:-1"},"canonical":"https:\/\/shopwcseu.com\/producto\/cahaba-snake-trap-collapsible\/","og_locale":"fr_FR","og_type":"article","og_title":"Cahaba Snake Trap - Collapsible - Wildlife Control Supplies EU","og_description":"[:en]Product Code: WCSCCST[:es]C\u00f3digo de producto: WCSCCST[:fr]Code de produit: WCSCCST[:]","og_url":"https:\/\/shopwcseu.com\/producto\/cahaba-snake-trap-collapsible\/","og_site_name":"Wildlife Control Supplies EU","article_modified_time":"2019-04-16T11:11:50+00:00","og_image":[{"width":540,"height":540,"url":"https:\/\/shopwcseu.com\/wp-content\/uploads\/2019\/04\/Cahaba_Collapsible_Snake_Trap_Open_End1000px_2_540x540.jpg","type":"image\/jpeg"}],"twitter_card":"summary_large_image","twitter_misc":{"Dur\u00e9e de lecture estim\u00e9e":"2 minutes"},"schema":{"@context":"https:\/\/schema.org","@graph":[{"@type":"WebPage","@id":"https:\/\/shopwcseu.com\/producto\/cahaba-snake-trap-collapsible\/","url":"https:\/\/shopwcseu.com\/producto\/cahaba-snake-trap-collapsible\/","name":"Cahaba Snake Trap - Collapsible - Wildlife Control Supplies EU","isPartOf":{"@id":"https:\/\/shopwcseu.com\/es\/#website"},"primaryImageOfPage":{"@id":"https:\/\/shopwcseu.com\/producto\/cahaba-snake-trap-collapsible\/#primaryimage"},"image":{"@id":"https:\/\/shopwcseu.com\/producto\/cahaba-snake-trap-collapsible\/#primaryimage"},"thumbnailUrl":"https:\/\/shopwcseu.com\/wp-content\/uploads\/2019\/04\/Cahaba_Collapsible_Snake_Trap_Open_End1000px_2_540x540.jpg","datePublished":"2019-04-01T07:55:37+00:00","dateModified":"2019-04-16T11:11:50+00:00","breadcrumb":{"@id":"https:\/\/shopwcseu.com\/producto\/cahaba-snake-trap-collapsible\/#breadcrumb"},"inLanguage":"fr-FR","potentialAction":[{"@type":"ReadAction","target":["https:\/\/shopwcseu.com\/producto\/cahaba-snake-trap-collapsible\/"]}]},{"@type":"ImageObject","inLanguage":"fr-FR","@id":"https:\/\/shopwcseu.com\/producto\/cahaba-snake-trap-collapsible\/#primaryimage","url":"https:\/\/shopwcseu.com\/wp-content\/uploads\/2019\/04\/Cahaba_Collapsible_Snake_Trap_Open_End1000px_2_540x540.jpg","contentUrl":"https:\/\/shopwcseu.com\/wp-content\/uploads\/2019\/04\/Cahaba_Collapsible_Snake_Trap_Open_End1000px_2_540x540.jpg","width":540,"height":540},{"@type":"BreadcrumbList","@id":"https:\/\/shopwcseu.com\/producto\/cahaba-snake-trap-collapsible\/#breadcrumb","itemListElement":[{"@type":"ListItem","position":1,"name":"Home","item":"https:\/\/shopwcseu.com\/es\/"},{"@type":"ListItem","position":2,"name":"Productos","item":"https:\/\/shopwcseu.com\/es\/products\/"},{"@type":"ListItem","position":3,"name":"Cahaba Snake Trap &#8211; Collapsible"}]},{"@type":"WebSite","@id":"https:\/\/shopwcseu.com\/es\/#website","url":"https:\/\/shopwcseu.com\/es\/","name":"Wildlife Control Supplies EU","description":"La tienda de suministros de material de captura m\u00e1s grande de Europa","potentialAction":[{"@type":"SearchAction","target":{"@type":"EntryPoint","urlTemplate":"https:\/\/shopwcseu.com\/es\/?s={search_term_string}"},"query-input":{"@type":"PropertyValueSpecification","valueRequired":true,"valueName":"search_term_string"}}],"inLanguage":"fr-FR"}]}},"_links":{"self":[{"href":"https:\/\/shopwcseu.com\/fr\/wp-json\/wp\/v2\/product\/904","targetHints":{"allow":["GET"]}}],"collection":[{"href":"https:\/\/shopwcseu.com\/fr\/wp-json\/wp\/v2\/product"}],"about":[{"href":"https:\/\/shopwcseu.com\/fr\/wp-json\/wp\/v2\/types\/product"}],"wp:featuredmedia":[{"embeddable":true,"href":"https:\/\/shopwcseu.com\/fr\/wp-json\/wp\/v2\/media\/905"}],"wp:attachment":[{"href":"https:\/\/shopwcseu.com\/fr\/wp-json\/wp\/v2\/media?parent=904"}],"wp:term":[{"taxonomy":"product_brand","embeddable":true,"href":"https:\/\/shopwcseu.com\/fr\/wp-json\/wp\/v2\/product_brand?post=904"},{"taxonomy":"product_cat","embeddable":true,"href":"https:\/\/shopwcseu.com\/fr\/wp-json\/wp\/v2\/product_cat?post=904"},{"taxonomy":"product_tag","embeddable":true,"href":"https:\/\/shopwcseu.com\/fr\/wp-json\/wp\/v2\/product_tag?post=904"}],"curies":[{"name":"wp","href":"https:\/\/api.w.org\/{rel}","templated":true}]}}