{"id":902,"date":"2019-03-28T08:39:13","date_gmt":"2019-03-28T08:39:13","guid":{"rendered":"https:\/\/shopwcseu.com\/?post_type=product&#038;p=902"},"modified":"2023-12-05T06:30:24","modified_gmt":"2023-12-05T06:30:24","slug":"ketch-all-standard-pole-3","status":"publish","type":"product","link":"https:\/\/shopwcseu.com\/fr\/producto\/ketch-all-standard-pole-3\/","title":{"rendered":"Ketch-All Standard Pole &#8211; 3&prime;"},"content":{"rendered":"<p>Le Ketch-All Pole Standard est un dispositif de qualit\u00e9 fabriqu\u00e9 en aluminium d\u2019a\u00e9ronef, con\u00e7u pour la manipulation sans cruaut\u00e9 des animaux tout en offrant une protection maximale au conducteur. Utilis\u00e9 par les pr\u00e9pos\u00e9s aux animaux et les professionnels du contr\u00f4le de la faune dans les 50 \u00c9tats et le district f\u00e9d\u00e9ral de Columbia, ainsi que dans de nombreux pays \u00e9trangers.<\/p>\n<p><strong><a title=\"Ketch-All Pole Instructions\" href=\"http:\/\/www.wildlifecontrolsupplies.com\/pdf\/Ketch-All_Instructions.pdf\" target=\"_blank\" rel=\"noopener\">Cliquez ici pour les instructions du produit<\/a><\/strong><\/p>\n<p>Fortement endoss\u00e9 par les soci\u00e9t\u00e9s humanitaires, les refuges pour animaux, les zoos, les v\u00e9t\u00e9rinaires, les services de police et de sh\u00e9rif, les producteurs de films, etc. Avec des soins normaux, les Ketch-all Polonais offriront \u00e0 l&rsquo;utilisateur des ann\u00e9es de service utile. L\u2019autre avantage de l\u2019achat d\u2019un p\u00f4le de qualit\u00e9 Ketch-All est que TOUTES les pi\u00e8ces sont rempla\u00e7ables. Si le c\u00e2ble est m\u00e2ch\u00e9 ou pli\u00e9 par un animal agressif, si le prot\u00e8ge-dents est endommag\u00e9 ou si les poign\u00e9es sont us\u00e9es &#8230; Elles sont TOUTES rempla\u00e7ables. Aucun autre p\u00f4le n&rsquo;offre cela!<\/p>","protected":false},"excerpt":{"rendered":"<p>Code de produit: NWS0901<\/p>\n","protected":false},"featured_media":951,"template":"","meta":[],"product_brand":[],"product_cat":[36],"product_tag":[],"class_list":{"0":"post-902","1":"product","2":"type-product","3":"status-publish","4":"has-post-thumbnail","6":"product_cat-redes-y-lazos-de-manejo","8":"first","9":"instock","10":"shipping-taxable","11":"purchasable","12":"product-type-simple"},"yoast_head":"<!-- This site is optimized with the Yoast SEO plugin v27.0 - https:\/\/yoast.com\/product\/yoast-seo-wordpress\/ -->\n<title>Ketch-All Standard Pole - 3&#039; - Wildlife Control Supplies EU<\/title>\n<meta name=\"robots\" content=\"index, follow, max-snippet:-1, max-image-preview:large, max-video-preview:-1\" \/>\n<link rel=\"canonical\" href=\"https:\/\/shopwcseu.com\/producto\/ketch-all-standard-pole-3\/\" \/>\n<meta property=\"og:locale\" content=\"fr_FR\" \/>\n<meta property=\"og:type\" content=\"article\" \/>\n<meta property=\"og:title\" content=\"Ketch-All Standard Pole - 3&#039; - Wildlife Control Supplies EU\" \/>\n<meta property=\"og:description\" content=\"[:en]Product Code: NWS0901[:es]C\u00f3digo de producto: NWS0901[:fr]Code de produit: NWS0901[:]\" \/>\n<meta property=\"og:url\" content=\"https:\/\/shopwcseu.com\/producto\/ketch-all-standard-pole-3\/\" \/>\n<meta property=\"og:site_name\" content=\"Wildlife Control Supplies EU\" \/>\n<meta property=\"article:modified_time\" content=\"2023-12-05T06:30:24+00:00\" \/>\n<meta property=\"og:image\" content=\"https:\/\/shopwcseu.com\/wp-content\/uploads\/2019\/03\/ketch-all_all_3_500px.jpg\" \/>\n\t<meta property=\"og:image:width\" content=\"500\" \/>\n\t<meta property=\"og:image:height\" content=\"500\" \/>\n\t<meta property=\"og:image:type\" content=\"image\/jpeg\" \/>\n<meta name=\"twitter:card\" content=\"summary_large_image\" \/>\n<meta name=\"twitter:label1\" content=\"Dur\u00e9e de lecture estim\u00e9e\" \/>\n\t<meta name=\"twitter:data1\" content=\"2 minutes\" \/>\n<script type=\"application\/ld+json\" class=\"yoast-schema-graph\">{\"@context\":\"https:\/\/schema.org\",\"@graph\":[{\"@type\":\"WebPage\",\"@id\":\"https:\/\/shopwcseu.com\/producto\/ketch-all-standard-pole-3\/\",\"url\":\"https:\/\/shopwcseu.com\/producto\/ketch-all-standard-pole-3\/\",\"name\":\"Ketch-All Standard Pole - 3' - Wildlife Control Supplies EU\",\"isPartOf\":{\"@id\":\"https:\/\/shopwcseu.com\/es\/#website\"},\"primaryImageOfPage\":{\"@id\":\"https:\/\/shopwcseu.com\/producto\/ketch-all-standard-pole-3\/#primaryimage\"},\"image\":{\"@id\":\"https:\/\/shopwcseu.com\/producto\/ketch-all-standard-pole-3\/#primaryimage\"},\"thumbnailUrl\":\"https:\/\/shopwcseu.com\/wp-content\/uploads\/2019\/03\/ketch-all_all_3_500px.jpg\",\"datePublished\":\"2019-03-28T08:39:13+00:00\",\"dateModified\":\"2023-12-05T06:30:24+00:00\",\"breadcrumb\":{\"@id\":\"https:\/\/shopwcseu.com\/producto\/ketch-all-standard-pole-3\/#breadcrumb\"},\"inLanguage\":\"fr-FR\",\"potentialAction\":[{\"@type\":\"ReadAction\",\"target\":[\"https:\/\/shopwcseu.com\/producto\/ketch-all-standard-pole-3\/\"]}]},{\"@type\":\"ImageObject\",\"inLanguage\":\"fr-FR\",\"@id\":\"https:\/\/shopwcseu.com\/producto\/ketch-all-standard-pole-3\/#primaryimage\",\"url\":\"https:\/\/shopwcseu.com\/wp-content\/uploads\/2019\/03\/ketch-all_all_3_500px.jpg\",\"contentUrl\":\"https:\/\/shopwcseu.com\/wp-content\/uploads\/2019\/03\/ketch-all_all_3_500px.jpg\",\"width\":500,\"height\":500},{\"@type\":\"BreadcrumbList\",\"@id\":\"https:\/\/shopwcseu.com\/producto\/ketch-all-standard-pole-3\/#breadcrumb\",\"itemListElement\":[{\"@type\":\"ListItem\",\"position\":1,\"name\":\"Home\",\"item\":\"https:\/\/shopwcseu.com\/es\/\"},{\"@type\":\"ListItem\",\"position\":2,\"name\":\"Productos\",\"item\":\"https:\/\/shopwcseu.com\/es\/products\/\"},{\"@type\":\"ListItem\",\"position\":3,\"name\":\"Ketch-All Standard Pole &#8211; 3&#8242;\"}]},{\"@type\":\"WebSite\",\"@id\":\"https:\/\/shopwcseu.com\/es\/#website\",\"url\":\"https:\/\/shopwcseu.com\/es\/\",\"name\":\"Wildlife Control Supplies EU\",\"description\":\"La tienda de suministros de material de captura m\u00e1s grande de Europa\",\"potentialAction\":[{\"@type\":\"SearchAction\",\"target\":{\"@type\":\"EntryPoint\",\"urlTemplate\":\"https:\/\/shopwcseu.com\/es\/?s={search_term_string}\"},\"query-input\":{\"@type\":\"PropertyValueSpecification\",\"valueRequired\":true,\"valueName\":\"search_term_string\"}}],\"inLanguage\":\"fr-FR\"}]}<\/script>\n<!-- \/ Yoast SEO plugin. -->","yoast_head_json":{"title":"Ketch-All Standard Pole - 3' - Wildlife Control Supplies EU","robots":{"index":"index","follow":"follow","max-snippet":"max-snippet:-1","max-image-preview":"max-image-preview:large","max-video-preview":"max-video-preview:-1"},"canonical":"https:\/\/shopwcseu.com\/producto\/ketch-all-standard-pole-3\/","og_locale":"fr_FR","og_type":"article","og_title":"Ketch-All Standard Pole - 3' - Wildlife Control Supplies EU","og_description":"[:en]Product Code: NWS0901[:es]C\u00f3digo de producto: NWS0901[:fr]Code de produit: NWS0901[:]","og_url":"https:\/\/shopwcseu.com\/producto\/ketch-all-standard-pole-3\/","og_site_name":"Wildlife Control Supplies EU","article_modified_time":"2023-12-05T06:30:24+00:00","og_image":[{"width":500,"height":500,"url":"https:\/\/shopwcseu.com\/wp-content\/uploads\/2019\/03\/ketch-all_all_3_500px.jpg","type":"image\/jpeg"}],"twitter_card":"summary_large_image","twitter_misc":{"Dur\u00e9e de lecture estim\u00e9e":"2 minutes"},"schema":{"@context":"https:\/\/schema.org","@graph":[{"@type":"WebPage","@id":"https:\/\/shopwcseu.com\/producto\/ketch-all-standard-pole-3\/","url":"https:\/\/shopwcseu.com\/producto\/ketch-all-standard-pole-3\/","name":"Ketch-All Standard Pole - 3' - Wildlife Control Supplies EU","isPartOf":{"@id":"https:\/\/shopwcseu.com\/es\/#website"},"primaryImageOfPage":{"@id":"https:\/\/shopwcseu.com\/producto\/ketch-all-standard-pole-3\/#primaryimage"},"image":{"@id":"https:\/\/shopwcseu.com\/producto\/ketch-all-standard-pole-3\/#primaryimage"},"thumbnailUrl":"https:\/\/shopwcseu.com\/wp-content\/uploads\/2019\/03\/ketch-all_all_3_500px.jpg","datePublished":"2019-03-28T08:39:13+00:00","dateModified":"2023-12-05T06:30:24+00:00","breadcrumb":{"@id":"https:\/\/shopwcseu.com\/producto\/ketch-all-standard-pole-3\/#breadcrumb"},"inLanguage":"fr-FR","potentialAction":[{"@type":"ReadAction","target":["https:\/\/shopwcseu.com\/producto\/ketch-all-standard-pole-3\/"]}]},{"@type":"ImageObject","inLanguage":"fr-FR","@id":"https:\/\/shopwcseu.com\/producto\/ketch-all-standard-pole-3\/#primaryimage","url":"https:\/\/shopwcseu.com\/wp-content\/uploads\/2019\/03\/ketch-all_all_3_500px.jpg","contentUrl":"https:\/\/shopwcseu.com\/wp-content\/uploads\/2019\/03\/ketch-all_all_3_500px.jpg","width":500,"height":500},{"@type":"BreadcrumbList","@id":"https:\/\/shopwcseu.com\/producto\/ketch-all-standard-pole-3\/#breadcrumb","itemListElement":[{"@type":"ListItem","position":1,"name":"Home","item":"https:\/\/shopwcseu.com\/es\/"},{"@type":"ListItem","position":2,"name":"Productos","item":"https:\/\/shopwcseu.com\/es\/products\/"},{"@type":"ListItem","position":3,"name":"Ketch-All Standard Pole &#8211; 3&#8242;"}]},{"@type":"WebSite","@id":"https:\/\/shopwcseu.com\/es\/#website","url":"https:\/\/shopwcseu.com\/es\/","name":"Wildlife Control Supplies EU","description":"La tienda de suministros de material de captura m\u00e1s grande de Europa","potentialAction":[{"@type":"SearchAction","target":{"@type":"EntryPoint","urlTemplate":"https:\/\/shopwcseu.com\/es\/?s={search_term_string}"},"query-input":{"@type":"PropertyValueSpecification","valueRequired":true,"valueName":"search_term_string"}}],"inLanguage":"fr-FR"}]}},"_links":{"self":[{"href":"https:\/\/shopwcseu.com\/fr\/wp-json\/wp\/v2\/product\/902","targetHints":{"allow":["GET"]}}],"collection":[{"href":"https:\/\/shopwcseu.com\/fr\/wp-json\/wp\/v2\/product"}],"about":[{"href":"https:\/\/shopwcseu.com\/fr\/wp-json\/wp\/v2\/types\/product"}],"wp:featuredmedia":[{"embeddable":true,"href":"https:\/\/shopwcseu.com\/fr\/wp-json\/wp\/v2\/media\/951"}],"wp:attachment":[{"href":"https:\/\/shopwcseu.com\/fr\/wp-json\/wp\/v2\/media?parent=902"}],"wp:term":[{"taxonomy":"product_brand","embeddable":true,"href":"https:\/\/shopwcseu.com\/fr\/wp-json\/wp\/v2\/product_brand?post=902"},{"taxonomy":"product_cat","embeddable":true,"href":"https:\/\/shopwcseu.com\/fr\/wp-json\/wp\/v2\/product_cat?post=902"},{"taxonomy":"product_tag","embeddable":true,"href":"https:\/\/shopwcseu.com\/fr\/wp-json\/wp\/v2\/product_tag?post=902"}],"curies":[{"name":"wp","href":"https:\/\/api.w.org\/{rel}","templated":true}]}}