{"id":897,"date":"2019-03-26T12:31:07","date_gmt":"2019-03-26T12:31:07","guid":{"rendered":"https:\/\/shopwcseu.com\/?post_type=product&#038;p=897"},"modified":"2024-01-03T10:56:34","modified_gmt":"2024-01-03T10:56:34","slug":"collarum-live-capture-canine-device-wolf-model-3874-collarum-live-capture-canine-device-wolf-model","status":"publish","type":"product","link":"https:\/\/shopwcseu.com\/fr\/producto\/collarum-live-capture-canine-device-wolf-model-3874-collarum-live-capture-canine-device-wolf-model\/","title":{"rendered":"COLLARUM\u00ae Live Capture canine device (WOLF Model)"},"content":{"rendered":"<p>Le <strong>Collarum\u00ae Deluxe<\/strong> est un appareil de capture humaine humain et humain sp\u00e9cialement con\u00e7u pour capturer des loups et des animaux de taille similaire. L&rsquo;unit\u00e9 de base de ce Collarum\u00ae a \u00e9t\u00e9 modifi\u00e9e pour inclure un m\u00e9canisme de d\u00e9clenchement plus long et des bras de lancer pour s&rsquo;adapter \u00e0 la posture plus longue du loup. L&rsquo;ensemble de c\u00e2bles constitu\u00e9 de c\u00e2bles d&rsquo;a\u00e9ronef galvanis\u00e9s de 3\/16 \u00ab\u00a07&#215;19 comprend un verrou robuste en acier inoxydable, un ressort de choc, une but\u00e9e mobile sur le c\u00e2ble pour l&rsquo;ajustement \u00e0 l&rsquo;animal cible et un \u00e9merillon en acier inoxydable avec Quick Link pour l&rsquo;ancrage.<\/p>\n<p>Assemblage requis.<\/p>\n<p><strong>D\u00e9tails:<\/strong><\/p>\n<ul>\n<li>Collarum\u00ae lanceur<\/li>\n<li>C\u00e2ble de capture en direct avec ressort de choc int\u00e9gr\u00e9, pivot en acier inoxydable et liaison rapide 5\/16<\/li>\n<li>Clips suppl\u00e9mentaires<\/li>\n<li>Instructions de montage et guide de terrain<\/li>\n<\/ul>\n<p><strong>N&rsquo;INCLUT PAS LE SYST\u00c8ME D&rsquo;ANCRAGE<\/strong><\/p>\n<p>Acc\u00e9dez aux instructions en ligne via l&rsquo;onglet \u00ab\u00a0Vid\u00e9os\u00a0\u00bb<\/p>","protected":false},"excerpt":{"rendered":"<p class=\"qtranxs-available-languages-message qtranxs-available-languages-message-fr\">D\u00e9sol\u00e9, cet article est seulement disponible en <a href=\"https:\/\/shopwcseu.com\/en\/wp-json\/wp\/v2\/product\/897\" class=\"qtranxs-available-language-link qtranxs-available-language-link-en\" title=\"English\">English<\/a> et <a href=\"https:\/\/shopwcseu.com\/es\/wp-json\/wp\/v2\/product\/897\" class=\"qtranxs-available-language-link qtranxs-available-language-link-es\" title=\"Espa\u00f1ol\">Espa\u00f1ol<\/a>.<\/p>\n","protected":false},"featured_media":898,"template":"","meta":[],"product_brand":[],"product_cat":[23],"product_tag":[],"class_list":{"0":"post-897","1":"product","2":"type-product","3":"status-publish","4":"has-post-thumbnail","6":"product_cat-trampas-de-retencion","8":"first","9":"instock","10":"shipping-taxable","11":"purchasable","12":"product-type-simple"},"yoast_head":"<!-- This site is optimized with the Yoast SEO plugin v27.0 - https:\/\/yoast.com\/product\/yoast-seo-wordpress\/ -->\n<title>COLLARUM\u00ae Live Capture canine device (WOLF Model) - Wildlife Control Supplies EU<\/title>\n<meta name=\"robots\" content=\"index, follow, max-snippet:-1, max-image-preview:large, max-video-preview:-1\" \/>\n<link rel=\"canonical\" href=\"https:\/\/shopwcseu.com\/es\/producto\/collarum-live-capture-canine-device-wolf-model-3874-collarum-live-capture-canine-device-wolf-model\/\" \/>\n<meta property=\"og:locale\" content=\"fr_FR\" \/>\n<meta property=\"og:type\" content=\"article\" \/>\n<meta property=\"og:title\" content=\"COLLARUM\u00ae Live Capture canine device (WOLF Model) - Wildlife Control Supplies EU\" \/>\n<meta property=\"og:description\" content=\"[:en]Product Code: NWSCDM05[:es]C\u00f3digo de producto: NWSCDM05  https:\/\/www.youtube.com\/watch?v=UNSV8Cb2u8Y[:]\" \/>\n<meta property=\"og:url\" content=\"https:\/\/shopwcseu.com\/es\/producto\/collarum-live-capture-canine-device-wolf-model-3874-collarum-live-capture-canine-device-wolf-model\/\" \/>\n<meta property=\"og:site_name\" content=\"Wildlife Control Supplies EU\" \/>\n<meta property=\"article:modified_time\" content=\"2024-01-03T10:56:34+00:00\" \/>\n<meta property=\"og:image\" content=\"https:\/\/shopwcseu.com\/wp-content\/uploads\/2019\/03\/Wolf_Collarum_Set_500px.jpg\" \/>\n\t<meta property=\"og:image:width\" content=\"500\" \/>\n\t<meta property=\"og:image:height\" content=\"500\" \/>\n\t<meta property=\"og:image:type\" content=\"image\/jpeg\" \/>\n<meta name=\"twitter:card\" content=\"summary_large_image\" \/>\n<meta name=\"twitter:label1\" content=\"Dur\u00e9e de lecture estim\u00e9e\" \/>\n\t<meta name=\"twitter:data1\" content=\"2 minutes\" \/>\n<script type=\"application\/ld+json\" class=\"yoast-schema-graph\">{\"@context\":\"https:\/\/schema.org\",\"@graph\":[{\"@type\":\"WebPage\",\"@id\":\"https:\/\/shopwcseu.com\/es\/producto\/collarum-live-capture-canine-device-wolf-model-3874-collarum-live-capture-canine-device-wolf-model\/\",\"url\":\"https:\/\/shopwcseu.com\/es\/producto\/collarum-live-capture-canine-device-wolf-model-3874-collarum-live-capture-canine-device-wolf-model\/\",\"name\":\"COLLARUM\u00ae Live Capture canine device (WOLF Model) - Wildlife Control Supplies EU\",\"isPartOf\":{\"@id\":\"https:\/\/shopwcseu.com\/es\/#website\"},\"primaryImageOfPage\":{\"@id\":\"https:\/\/shopwcseu.com\/es\/producto\/collarum-live-capture-canine-device-wolf-model-3874-collarum-live-capture-canine-device-wolf-model\/#primaryimage\"},\"image\":{\"@id\":\"https:\/\/shopwcseu.com\/es\/producto\/collarum-live-capture-canine-device-wolf-model-3874-collarum-live-capture-canine-device-wolf-model\/#primaryimage\"},\"thumbnailUrl\":\"https:\/\/shopwcseu.com\/wp-content\/uploads\/2019\/03\/Wolf_Collarum_Set_500px.jpg\",\"datePublished\":\"2019-03-26T12:31:07+00:00\",\"dateModified\":\"2024-01-03T10:56:34+00:00\",\"breadcrumb\":{\"@id\":\"https:\/\/shopwcseu.com\/es\/producto\/collarum-live-capture-canine-device-wolf-model-3874-collarum-live-capture-canine-device-wolf-model\/#breadcrumb\"},\"inLanguage\":\"fr-FR\",\"potentialAction\":[{\"@type\":\"ReadAction\",\"target\":[\"https:\/\/shopwcseu.com\/es\/producto\/collarum-live-capture-canine-device-wolf-model-3874-collarum-live-capture-canine-device-wolf-model\/\"]}]},{\"@type\":\"ImageObject\",\"inLanguage\":\"fr-FR\",\"@id\":\"https:\/\/shopwcseu.com\/es\/producto\/collarum-live-capture-canine-device-wolf-model-3874-collarum-live-capture-canine-device-wolf-model\/#primaryimage\",\"url\":\"https:\/\/shopwcseu.com\/wp-content\/uploads\/2019\/03\/Wolf_Collarum_Set_500px.jpg\",\"contentUrl\":\"https:\/\/shopwcseu.com\/wp-content\/uploads\/2019\/03\/Wolf_Collarum_Set_500px.jpg\",\"width\":500,\"height\":500},{\"@type\":\"BreadcrumbList\",\"@id\":\"https:\/\/shopwcseu.com\/es\/producto\/collarum-live-capture-canine-device-wolf-model-3874-collarum-live-capture-canine-device-wolf-model\/#breadcrumb\",\"itemListElement\":[{\"@type\":\"ListItem\",\"position\":1,\"name\":\"Home\",\"item\":\"https:\/\/shopwcseu.com\/es\/\"},{\"@type\":\"ListItem\",\"position\":2,\"name\":\"Productos\",\"item\":\"https:\/\/shopwcseu.com\/es\/products\/\"},{\"@type\":\"ListItem\",\"position\":3,\"name\":\"COLLARUM\u00ae Live Capture canine device (WOLF Model)\"}]},{\"@type\":\"WebSite\",\"@id\":\"https:\/\/shopwcseu.com\/es\/#website\",\"url\":\"https:\/\/shopwcseu.com\/es\/\",\"name\":\"Wildlife Control Supplies EU\",\"description\":\"La tienda de suministros de material de captura m\u00e1s grande de Europa\",\"potentialAction\":[{\"@type\":\"SearchAction\",\"target\":{\"@type\":\"EntryPoint\",\"urlTemplate\":\"https:\/\/shopwcseu.com\/es\/?s={search_term_string}\"},\"query-input\":{\"@type\":\"PropertyValueSpecification\",\"valueRequired\":true,\"valueName\":\"search_term_string\"}}],\"inLanguage\":\"fr-FR\"}]}<\/script>\n<!-- \/ Yoast SEO plugin. -->","yoast_head_json":{"title":"COLLARUM\u00ae Live Capture canine device (WOLF Model) - Wildlife Control Supplies EU","robots":{"index":"index","follow":"follow","max-snippet":"max-snippet:-1","max-image-preview":"max-image-preview:large","max-video-preview":"max-video-preview:-1"},"canonical":"https:\/\/shopwcseu.com\/es\/producto\/collarum-live-capture-canine-device-wolf-model-3874-collarum-live-capture-canine-device-wolf-model\/","og_locale":"fr_FR","og_type":"article","og_title":"COLLARUM\u00ae Live Capture canine device (WOLF Model) - Wildlife Control Supplies EU","og_description":"[:en]Product Code: NWSCDM05[:es]C\u00f3digo de producto: NWSCDM05  https:\/\/www.youtube.com\/watch?v=UNSV8Cb2u8Y[:]","og_url":"https:\/\/shopwcseu.com\/es\/producto\/collarum-live-capture-canine-device-wolf-model-3874-collarum-live-capture-canine-device-wolf-model\/","og_site_name":"Wildlife Control Supplies EU","article_modified_time":"2024-01-03T10:56:34+00:00","og_image":[{"width":500,"height":500,"url":"https:\/\/shopwcseu.com\/wp-content\/uploads\/2019\/03\/Wolf_Collarum_Set_500px.jpg","type":"image\/jpeg"}],"twitter_card":"summary_large_image","twitter_misc":{"Dur\u00e9e de lecture estim\u00e9e":"2 minutes"},"schema":{"@context":"https:\/\/schema.org","@graph":[{"@type":"WebPage","@id":"https:\/\/shopwcseu.com\/es\/producto\/collarum-live-capture-canine-device-wolf-model-3874-collarum-live-capture-canine-device-wolf-model\/","url":"https:\/\/shopwcseu.com\/es\/producto\/collarum-live-capture-canine-device-wolf-model-3874-collarum-live-capture-canine-device-wolf-model\/","name":"COLLARUM\u00ae Live Capture canine device (WOLF Model) - Wildlife Control Supplies EU","isPartOf":{"@id":"https:\/\/shopwcseu.com\/es\/#website"},"primaryImageOfPage":{"@id":"https:\/\/shopwcseu.com\/es\/producto\/collarum-live-capture-canine-device-wolf-model-3874-collarum-live-capture-canine-device-wolf-model\/#primaryimage"},"image":{"@id":"https:\/\/shopwcseu.com\/es\/producto\/collarum-live-capture-canine-device-wolf-model-3874-collarum-live-capture-canine-device-wolf-model\/#primaryimage"},"thumbnailUrl":"https:\/\/shopwcseu.com\/wp-content\/uploads\/2019\/03\/Wolf_Collarum_Set_500px.jpg","datePublished":"2019-03-26T12:31:07+00:00","dateModified":"2024-01-03T10:56:34+00:00","breadcrumb":{"@id":"https:\/\/shopwcseu.com\/es\/producto\/collarum-live-capture-canine-device-wolf-model-3874-collarum-live-capture-canine-device-wolf-model\/#breadcrumb"},"inLanguage":"fr-FR","potentialAction":[{"@type":"ReadAction","target":["https:\/\/shopwcseu.com\/es\/producto\/collarum-live-capture-canine-device-wolf-model-3874-collarum-live-capture-canine-device-wolf-model\/"]}]},{"@type":"ImageObject","inLanguage":"fr-FR","@id":"https:\/\/shopwcseu.com\/es\/producto\/collarum-live-capture-canine-device-wolf-model-3874-collarum-live-capture-canine-device-wolf-model\/#primaryimage","url":"https:\/\/shopwcseu.com\/wp-content\/uploads\/2019\/03\/Wolf_Collarum_Set_500px.jpg","contentUrl":"https:\/\/shopwcseu.com\/wp-content\/uploads\/2019\/03\/Wolf_Collarum_Set_500px.jpg","width":500,"height":500},{"@type":"BreadcrumbList","@id":"https:\/\/shopwcseu.com\/es\/producto\/collarum-live-capture-canine-device-wolf-model-3874-collarum-live-capture-canine-device-wolf-model\/#breadcrumb","itemListElement":[{"@type":"ListItem","position":1,"name":"Home","item":"https:\/\/shopwcseu.com\/es\/"},{"@type":"ListItem","position":2,"name":"Productos","item":"https:\/\/shopwcseu.com\/es\/products\/"},{"@type":"ListItem","position":3,"name":"COLLARUM\u00ae Live Capture canine device (WOLF Model)"}]},{"@type":"WebSite","@id":"https:\/\/shopwcseu.com\/es\/#website","url":"https:\/\/shopwcseu.com\/es\/","name":"Wildlife Control Supplies EU","description":"La tienda de suministros de material de captura m\u00e1s grande de Europa","potentialAction":[{"@type":"SearchAction","target":{"@type":"EntryPoint","urlTemplate":"https:\/\/shopwcseu.com\/es\/?s={search_term_string}"},"query-input":{"@type":"PropertyValueSpecification","valueRequired":true,"valueName":"search_term_string"}}],"inLanguage":"fr-FR"}]}},"_links":{"self":[{"href":"https:\/\/shopwcseu.com\/fr\/wp-json\/wp\/v2\/product\/897","targetHints":{"allow":["GET"]}}],"collection":[{"href":"https:\/\/shopwcseu.com\/fr\/wp-json\/wp\/v2\/product"}],"about":[{"href":"https:\/\/shopwcseu.com\/fr\/wp-json\/wp\/v2\/types\/product"}],"wp:featuredmedia":[{"embeddable":true,"href":"https:\/\/shopwcseu.com\/fr\/wp-json\/wp\/v2\/media\/898"}],"wp:attachment":[{"href":"https:\/\/shopwcseu.com\/fr\/wp-json\/wp\/v2\/media?parent=897"}],"wp:term":[{"taxonomy":"product_brand","embeddable":true,"href":"https:\/\/shopwcseu.com\/fr\/wp-json\/wp\/v2\/product_brand?post=897"},{"taxonomy":"product_cat","embeddable":true,"href":"https:\/\/shopwcseu.com\/fr\/wp-json\/wp\/v2\/product_cat?post=897"},{"taxonomy":"product_tag","embeddable":true,"href":"https:\/\/shopwcseu.com\/fr\/wp-json\/wp\/v2\/product_tag?post=897"}],"curies":[{"name":"wp","href":"https:\/\/api.w.org\/{rel}","templated":true}]}}