{"id":895,"date":"2019-03-25T12:30:24","date_gmt":"2019-03-25T12:30:24","guid":{"rendered":"https:\/\/shopwcseu.com\/?post_type=product&#038;p=895"},"modified":"2023-12-05T06:30:51","modified_gmt":"2023-12-05T06:30:51","slug":"critter-pricker-exclusion-panels-10-pack-18l-x-1-5w-panels","status":"publish","type":"product","link":"https:\/\/shopwcseu.com\/fr\/producto\/critter-pricker-exclusion-panels-10-pack-18l-x-1-5w-panels\/","title":{"rendered":"Critter Pricker\u00ae Exclusion Panels (10 Pack &#8211; 18&Prime;L x 1.5&Prime;W panels)"},"content":{"rendered":"<p>Critter Pricker\u00ae a \u00e9t\u00e9 d\u00e9velopp\u00e9 pour aider \u00e0 \u00e9liminer et \u00e0 emp\u00eacher les animaux sauvages d&rsquo;entrer dans les endroits vuln\u00e9rables et ind\u00e9sirables de votre maison, de votre propri\u00e9t\u00e9 et de vos piscines. Le Critter Pricker\u00ae est facile \u00e0 installer vous-m\u00eame ou demandez \u00e0 votre entreprise de suppression de la faune locale de les installer. Le Critter Pricker\u00ae est un moyen de dissuasion de la faune \u00e9prouv\u00e9 avec des r\u00e9sultats document\u00e9s par vid\u00e9o. S&rsquo;il vous pla\u00eet consulter nos vid\u00e9os de la Critter Pricker en action!<\/p>\n<p>Critter Pricker\u00ae est un outil de pr\u00e9vention humain, rentable et brevet\u00e9 pour les ratons laveurs et autres animaux nuisibles. Les bandes sont en polypropyl\u00e8ne robuste et emp\u00eachent les animaux de p\u00e9n\u00e9trer dans des zones ind\u00e9sirables telles que les piscines, les poubelles, les mangeoires de chasse et les greniers. Les bandes de conception brevet\u00e9es \u00e0 encliquetage et \u00e0 crochet peuvent \u00eatre connect\u00e9es c\u00f4te \u00e0 c\u00f4te et bout \u00e0 bout. Une fois que la faune touche le Critter Pricker\u00ae, la sensation d\u00e9sagr\u00e9able des c\u00f4nes pointus dissuade les animaux de se rendre dans ces zones pr\u00e9f\u00e9r\u00e9es tout en les prot\u00e9geant de leurs risques. Le kit comprend (10) panneaux de 18 \u00ab\u00a0de long x 1,5\u00a0\u00bb de large pour env. 3 pieds carr\u00e9s de couverture. La base des panneaux peut \u00eatre fix\u00e9e \u00e0 plusieurs surfaces \u00e0 l\u2019aide de divers mat\u00e9riaux, tels que des vis, des adh\u00e9sifs et m\u00eame des attaches.<\/p>\n<p>Remarque: le produit est tranchant. Faites preuve de prudence lors de l&rsquo;utilisation et de l&rsquo;installation.<\/p>","protected":false},"excerpt":{"rendered":"<p>Code de produit: CRTRPRCK<\/p>\n","protected":false},"featured_media":1025,"template":"","meta":[],"product_brand":[],"product_cat":[17,30],"product_tag":[],"class_list":{"0":"post-895","1":"product","2":"type-product","3":"status-publish","4":"has-post-thumbnail","6":"product_cat-sin-categoria","7":"product_cat-ahuyentadores-mamiferos","9":"first","10":"instock","11":"shipping-taxable","12":"purchasable","13":"product-type-simple"},"yoast_head":"<!-- This site is optimized with the Yoast SEO plugin v27.0 - https:\/\/yoast.com\/product\/yoast-seo-wordpress\/ -->\n<title>Critter Pricker\u00ae Exclusion Panels (10 Pack - 18&quot;L x 1.5&quot;W panels) - Wildlife Control Supplies EU<\/title>\n<meta name=\"robots\" content=\"index, follow, max-snippet:-1, max-image-preview:large, max-video-preview:-1\" \/>\n<link rel=\"canonical\" href=\"https:\/\/shopwcseu.com\/producto\/critter-pricker-exclusion-panels-10-pack-18l-x-1-5w-panels\/\" \/>\n<meta property=\"og:locale\" content=\"fr_FR\" \/>\n<meta property=\"og:type\" content=\"article\" \/>\n<meta property=\"og:title\" content=\"Critter Pricker\u00ae Exclusion Panels (10 Pack - 18&quot;L x 1.5&quot;W panels) - Wildlife Control Supplies EU\" \/>\n<meta property=\"og:description\" content=\"[:en]Product Code: CRTRPRCK[:es]C\u00f3digo de producto: CRTRPRCK[:fr]Code de produit: CRTRPRCK[:]\" \/>\n<meta property=\"og:url\" content=\"https:\/\/shopwcseu.com\/producto\/critter-pricker-exclusion-panels-10-pack-18l-x-1-5w-panels\/\" \/>\n<meta property=\"og:site_name\" content=\"Wildlife Control Supplies EU\" \/>\n<meta property=\"article:modified_time\" content=\"2023-12-05T06:30:51+00:00\" \/>\n<meta property=\"og:image\" content=\"https:\/\/shopwcseu.com\/wp-content\/uploads\/2019\/03\/Critter_Pricker_1000px_540x540.jpg\" \/>\n\t<meta property=\"og:image:width\" content=\"540\" \/>\n\t<meta property=\"og:image:height\" content=\"540\" \/>\n\t<meta property=\"og:image:type\" content=\"image\/jpeg\" \/>\n<meta name=\"twitter:card\" content=\"summary_large_image\" \/>\n<meta name=\"twitter:label1\" content=\"Dur\u00e9e de lecture estim\u00e9e\" \/>\n\t<meta name=\"twitter:data1\" content=\"3 minutes\" \/>\n<script type=\"application\/ld+json\" class=\"yoast-schema-graph\">{\"@context\":\"https:\/\/schema.org\",\"@graph\":[{\"@type\":\"WebPage\",\"@id\":\"https:\/\/shopwcseu.com\/producto\/critter-pricker-exclusion-panels-10-pack-18l-x-1-5w-panels\/\",\"url\":\"https:\/\/shopwcseu.com\/producto\/critter-pricker-exclusion-panels-10-pack-18l-x-1-5w-panels\/\",\"name\":\"Critter Pricker\u00ae Exclusion Panels (10 Pack - 18\\\"L x 1.5\\\"W panels) - Wildlife Control Supplies EU\",\"isPartOf\":{\"@id\":\"https:\/\/shopwcseu.com\/es\/#website\"},\"primaryImageOfPage\":{\"@id\":\"https:\/\/shopwcseu.com\/producto\/critter-pricker-exclusion-panels-10-pack-18l-x-1-5w-panels\/#primaryimage\"},\"image\":{\"@id\":\"https:\/\/shopwcseu.com\/producto\/critter-pricker-exclusion-panels-10-pack-18l-x-1-5w-panels\/#primaryimage\"},\"thumbnailUrl\":\"https:\/\/shopwcseu.com\/wp-content\/uploads\/2019\/03\/Critter_Pricker_1000px_540x540.jpg\",\"datePublished\":\"2019-03-25T12:30:24+00:00\",\"dateModified\":\"2023-12-05T06:30:51+00:00\",\"breadcrumb\":{\"@id\":\"https:\/\/shopwcseu.com\/producto\/critter-pricker-exclusion-panels-10-pack-18l-x-1-5w-panels\/#breadcrumb\"},\"inLanguage\":\"fr-FR\",\"potentialAction\":[{\"@type\":\"ReadAction\",\"target\":[\"https:\/\/shopwcseu.com\/producto\/critter-pricker-exclusion-panels-10-pack-18l-x-1-5w-panels\/\"]}]},{\"@type\":\"ImageObject\",\"inLanguage\":\"fr-FR\",\"@id\":\"https:\/\/shopwcseu.com\/producto\/critter-pricker-exclusion-panels-10-pack-18l-x-1-5w-panels\/#primaryimage\",\"url\":\"https:\/\/shopwcseu.com\/wp-content\/uploads\/2019\/03\/Critter_Pricker_1000px_540x540.jpg\",\"contentUrl\":\"https:\/\/shopwcseu.com\/wp-content\/uploads\/2019\/03\/Critter_Pricker_1000px_540x540.jpg\",\"width\":540,\"height\":540},{\"@type\":\"BreadcrumbList\",\"@id\":\"https:\/\/shopwcseu.com\/producto\/critter-pricker-exclusion-panels-10-pack-18l-x-1-5w-panels\/#breadcrumb\",\"itemListElement\":[{\"@type\":\"ListItem\",\"position\":1,\"name\":\"Home\",\"item\":\"https:\/\/shopwcseu.com\/es\/\"},{\"@type\":\"ListItem\",\"position\":2,\"name\":\"Productos\",\"item\":\"https:\/\/shopwcseu.com\/es\/products\/\"},{\"@type\":\"ListItem\",\"position\":3,\"name\":\"Critter Pricker\u00ae Exclusion Panels (10 Pack &#8211; 18&#8243;L x 1.5&#8243;W panels)\"}]},{\"@type\":\"WebSite\",\"@id\":\"https:\/\/shopwcseu.com\/es\/#website\",\"url\":\"https:\/\/shopwcseu.com\/es\/\",\"name\":\"Wildlife Control Supplies EU\",\"description\":\"La tienda de suministros de material de captura m\u00e1s grande de Europa\",\"potentialAction\":[{\"@type\":\"SearchAction\",\"target\":{\"@type\":\"EntryPoint\",\"urlTemplate\":\"https:\/\/shopwcseu.com\/es\/?s={search_term_string}\"},\"query-input\":{\"@type\":\"PropertyValueSpecification\",\"valueRequired\":true,\"valueName\":\"search_term_string\"}}],\"inLanguage\":\"fr-FR\"}]}<\/script>\n<!-- \/ Yoast SEO plugin. -->","yoast_head_json":{"title":"Critter Pricker\u00ae Exclusion Panels (10 Pack - 18\"L x 1.5\"W panels) - Wildlife Control Supplies EU","robots":{"index":"index","follow":"follow","max-snippet":"max-snippet:-1","max-image-preview":"max-image-preview:large","max-video-preview":"max-video-preview:-1"},"canonical":"https:\/\/shopwcseu.com\/producto\/critter-pricker-exclusion-panels-10-pack-18l-x-1-5w-panels\/","og_locale":"fr_FR","og_type":"article","og_title":"Critter Pricker\u00ae Exclusion Panels (10 Pack - 18\"L x 1.5\"W panels) - Wildlife Control Supplies EU","og_description":"[:en]Product Code: CRTRPRCK[:es]C\u00f3digo de producto: CRTRPRCK[:fr]Code de produit: CRTRPRCK[:]","og_url":"https:\/\/shopwcseu.com\/producto\/critter-pricker-exclusion-panels-10-pack-18l-x-1-5w-panels\/","og_site_name":"Wildlife Control Supplies EU","article_modified_time":"2023-12-05T06:30:51+00:00","og_image":[{"width":540,"height":540,"url":"https:\/\/shopwcseu.com\/wp-content\/uploads\/2019\/03\/Critter_Pricker_1000px_540x540.jpg","type":"image\/jpeg"}],"twitter_card":"summary_large_image","twitter_misc":{"Dur\u00e9e de lecture estim\u00e9e":"3 minutes"},"schema":{"@context":"https:\/\/schema.org","@graph":[{"@type":"WebPage","@id":"https:\/\/shopwcseu.com\/producto\/critter-pricker-exclusion-panels-10-pack-18l-x-1-5w-panels\/","url":"https:\/\/shopwcseu.com\/producto\/critter-pricker-exclusion-panels-10-pack-18l-x-1-5w-panels\/","name":"Critter Pricker\u00ae Exclusion Panels (10 Pack - 18\"L x 1.5\"W panels) - Wildlife Control Supplies EU","isPartOf":{"@id":"https:\/\/shopwcseu.com\/es\/#website"},"primaryImageOfPage":{"@id":"https:\/\/shopwcseu.com\/producto\/critter-pricker-exclusion-panels-10-pack-18l-x-1-5w-panels\/#primaryimage"},"image":{"@id":"https:\/\/shopwcseu.com\/producto\/critter-pricker-exclusion-panels-10-pack-18l-x-1-5w-panels\/#primaryimage"},"thumbnailUrl":"https:\/\/shopwcseu.com\/wp-content\/uploads\/2019\/03\/Critter_Pricker_1000px_540x540.jpg","datePublished":"2019-03-25T12:30:24+00:00","dateModified":"2023-12-05T06:30:51+00:00","breadcrumb":{"@id":"https:\/\/shopwcseu.com\/producto\/critter-pricker-exclusion-panels-10-pack-18l-x-1-5w-panels\/#breadcrumb"},"inLanguage":"fr-FR","potentialAction":[{"@type":"ReadAction","target":["https:\/\/shopwcseu.com\/producto\/critter-pricker-exclusion-panels-10-pack-18l-x-1-5w-panels\/"]}]},{"@type":"ImageObject","inLanguage":"fr-FR","@id":"https:\/\/shopwcseu.com\/producto\/critter-pricker-exclusion-panels-10-pack-18l-x-1-5w-panels\/#primaryimage","url":"https:\/\/shopwcseu.com\/wp-content\/uploads\/2019\/03\/Critter_Pricker_1000px_540x540.jpg","contentUrl":"https:\/\/shopwcseu.com\/wp-content\/uploads\/2019\/03\/Critter_Pricker_1000px_540x540.jpg","width":540,"height":540},{"@type":"BreadcrumbList","@id":"https:\/\/shopwcseu.com\/producto\/critter-pricker-exclusion-panels-10-pack-18l-x-1-5w-panels\/#breadcrumb","itemListElement":[{"@type":"ListItem","position":1,"name":"Home","item":"https:\/\/shopwcseu.com\/es\/"},{"@type":"ListItem","position":2,"name":"Productos","item":"https:\/\/shopwcseu.com\/es\/products\/"},{"@type":"ListItem","position":3,"name":"Critter Pricker\u00ae Exclusion Panels (10 Pack &#8211; 18&#8243;L x 1.5&#8243;W panels)"}]},{"@type":"WebSite","@id":"https:\/\/shopwcseu.com\/es\/#website","url":"https:\/\/shopwcseu.com\/es\/","name":"Wildlife Control Supplies EU","description":"La tienda de suministros de material de captura m\u00e1s grande de Europa","potentialAction":[{"@type":"SearchAction","target":{"@type":"EntryPoint","urlTemplate":"https:\/\/shopwcseu.com\/es\/?s={search_term_string}"},"query-input":{"@type":"PropertyValueSpecification","valueRequired":true,"valueName":"search_term_string"}}],"inLanguage":"fr-FR"}]}},"_links":{"self":[{"href":"https:\/\/shopwcseu.com\/fr\/wp-json\/wp\/v2\/product\/895","targetHints":{"allow":["GET"]}}],"collection":[{"href":"https:\/\/shopwcseu.com\/fr\/wp-json\/wp\/v2\/product"}],"about":[{"href":"https:\/\/shopwcseu.com\/fr\/wp-json\/wp\/v2\/types\/product"}],"wp:featuredmedia":[{"embeddable":true,"href":"https:\/\/shopwcseu.com\/fr\/wp-json\/wp\/v2\/media\/1025"}],"wp:attachment":[{"href":"https:\/\/shopwcseu.com\/fr\/wp-json\/wp\/v2\/media?parent=895"}],"wp:term":[{"taxonomy":"product_brand","embeddable":true,"href":"https:\/\/shopwcseu.com\/fr\/wp-json\/wp\/v2\/product_brand?post=895"},{"taxonomy":"product_cat","embeddable":true,"href":"https:\/\/shopwcseu.com\/fr\/wp-json\/wp\/v2\/product_cat?post=895"},{"taxonomy":"product_tag","embeddable":true,"href":"https:\/\/shopwcseu.com\/fr\/wp-json\/wp\/v2\/product_tag?post=895"}],"curies":[{"name":"wp","href":"https:\/\/api.w.org\/{rel}","templated":true}]}}