{"id":862,"date":"2019-03-21T11:45:26","date_gmt":"2019-03-21T11:45:26","guid":{"rendered":"https:\/\/shopwcseu.com\/?post_type=product&#038;p=862"},"modified":"2024-01-03T10:56:11","modified_gmt":"2024-01-03T10:56:11","slug":"pro-cone-multi-use-wildlife-excluder","status":"publish","type":"product","link":"https:\/\/shopwcseu.com\/fr\/producto\/pro-cone-multi-use-wildlife-excluder\/","title":{"rendered":"PRO-CONE\u00ae Multi-Use Wildlife Excluder"},"content":{"rendered":"<p><strong>PRO-CONE\u00ae Excluder Wildlife de BAT CONE\u00ae.<\/strong> Il s\u2019agit d\u2019un c\u00f4ne d\u2019exclusion \u00e0 usages multiples r\u00e9utilisable pouvant \u00eatre utilis\u00e9 pour les chauves-souris, les oiseaux, les \u00e9cureuils volants, les tamias et autres rongeurs similaires. Disponible en trois styles ou formes de montage; Rond; Carr\u00e9; ou Corner pour s\u2019adapter \u00e0 n\u2019importe quelle situation ou surface inclin\u00e9e. Fabriqu\u00e9s en polycarbonate CLEAR durable, ces c\u00f4nes peuvent \u00eatre utilis\u00e9s encore et encore pour les travaux d\u2019exclusion en cours.<\/p>\n<p>Dimensions individuelles du produit<\/p>\n<p>Rond (non inclin\u00e9) &#8211; Ouverture conique de 2 1\/4 \u00ab\u00a0\u00e0 1 1\/2\u00a0\u00bb<br \/>\nCarr\u00e9 (non coud\u00e9) &#8211; Ouverture conique de 2 1\/4 \u00ab\u00a0\u00e0 1 1\/2\u00a0\u00bb<br \/>\nCoin (inclin\u00e9 vers le bas) &#8211; Ouverture conique de 1 3\/4 \u00ab\u00a0\u00e0 1 1\/2\u00a0\u00bb<\/p>\n<p><strong><a title=\"Pro-Cone Instructions\" href=\"http:\/\/www.wildlifecontrolsupplies.com\/pdf\/Pro-cone_Instructions.pdf\" target=\"_blank\" rel=\"noopener\">Cliquez ici pour les instructions du produit<\/a><\/strong><\/p>\n<p>&nbsp;<\/p>","protected":false},"excerpt":{"rendered":"<p>C\u00f3digo de producto: PCXXXX<\/p>\n","protected":false},"featured_media":863,"template":"","meta":[],"product_brand":[],"product_cat":[29,27,33],"product_tag":[],"class_list":{"0":"post-862","1":"product","2":"type-product","3":"status-publish","4":"has-post-thumbnail","6":"product_cat-ahuyentadores-y-repelentes-aves","7":"product_cat-accesorios-outdoor","8":"product_cat-trampas-para-roedores","10":"first","11":"instock","12":"shipping-taxable","13":"purchasable","14":"product-type-simple"},"yoast_head":"<!-- This site is optimized with the Yoast SEO plugin v27.0 - https:\/\/yoast.com\/product\/yoast-seo-wordpress\/ -->\n<title>PRO-CONE\u00ae Multi-Use Wildlife Excluder - Wildlife Control Supplies EU<\/title>\n<meta name=\"robots\" content=\"index, follow, max-snippet:-1, max-image-preview:large, max-video-preview:-1\" \/>\n<link rel=\"canonical\" href=\"https:\/\/shopwcseu.com\/producto\/pro-cone-multi-use-wildlife-excluder\/\" \/>\n<meta property=\"og:locale\" content=\"fr_FR\" \/>\n<meta property=\"og:type\" content=\"article\" \/>\n<meta property=\"og:title\" content=\"PRO-CONE\u00ae Multi-Use Wildlife Excluder - Wildlife Control Supplies EU\" \/>\n<meta property=\"og:description\" content=\"[:en]Product Code: PCXXXX[:es]C\u00f3digo de producto: PCXXXX[:fr]C\u00f3digo de producto: PCXXXX[:]\" \/>\n<meta property=\"og:url\" content=\"https:\/\/shopwcseu.com\/producto\/pro-cone-multi-use-wildlife-excluder\/\" \/>\n<meta property=\"og:site_name\" content=\"Wildlife Control Supplies EU\" \/>\n<meta property=\"article:modified_time\" content=\"2024-01-03T10:56:11+00:00\" \/>\n<meta property=\"og:image\" content=\"https:\/\/shopwcseu.com\/wp-content\/uploads\/2019\/03\/Pro_Cone_Round_wsquirrel_500px.jpg\" \/>\n\t<meta property=\"og:image:width\" content=\"500\" \/>\n\t<meta property=\"og:image:height\" content=\"500\" \/>\n\t<meta property=\"og:image:type\" content=\"image\/jpeg\" \/>\n<meta name=\"twitter:card\" content=\"summary_large_image\" \/>\n<meta name=\"twitter:label1\" content=\"Dur\u00e9e de lecture estim\u00e9e\" \/>\n\t<meta name=\"twitter:data1\" content=\"2 minutes\" \/>\n<script type=\"application\/ld+json\" class=\"yoast-schema-graph\">{\"@context\":\"https:\/\/schema.org\",\"@graph\":[{\"@type\":\"WebPage\",\"@id\":\"https:\/\/shopwcseu.com\/producto\/pro-cone-multi-use-wildlife-excluder\/\",\"url\":\"https:\/\/shopwcseu.com\/producto\/pro-cone-multi-use-wildlife-excluder\/\",\"name\":\"PRO-CONE\u00ae Multi-Use Wildlife Excluder - Wildlife Control Supplies EU\",\"isPartOf\":{\"@id\":\"https:\/\/shopwcseu.com\/es\/#website\"},\"primaryImageOfPage\":{\"@id\":\"https:\/\/shopwcseu.com\/producto\/pro-cone-multi-use-wildlife-excluder\/#primaryimage\"},\"image\":{\"@id\":\"https:\/\/shopwcseu.com\/producto\/pro-cone-multi-use-wildlife-excluder\/#primaryimage\"},\"thumbnailUrl\":\"https:\/\/shopwcseu.com\/wp-content\/uploads\/2019\/03\/Pro_Cone_Round_wsquirrel_500px.jpg\",\"datePublished\":\"2019-03-21T11:45:26+00:00\",\"dateModified\":\"2024-01-03T10:56:11+00:00\",\"breadcrumb\":{\"@id\":\"https:\/\/shopwcseu.com\/producto\/pro-cone-multi-use-wildlife-excluder\/#breadcrumb\"},\"inLanguage\":\"fr-FR\",\"potentialAction\":[{\"@type\":\"ReadAction\",\"target\":[\"https:\/\/shopwcseu.com\/producto\/pro-cone-multi-use-wildlife-excluder\/\"]}]},{\"@type\":\"ImageObject\",\"inLanguage\":\"fr-FR\",\"@id\":\"https:\/\/shopwcseu.com\/producto\/pro-cone-multi-use-wildlife-excluder\/#primaryimage\",\"url\":\"https:\/\/shopwcseu.com\/wp-content\/uploads\/2019\/03\/Pro_Cone_Round_wsquirrel_500px.jpg\",\"contentUrl\":\"https:\/\/shopwcseu.com\/wp-content\/uploads\/2019\/03\/Pro_Cone_Round_wsquirrel_500px.jpg\",\"width\":500,\"height\":500},{\"@type\":\"BreadcrumbList\",\"@id\":\"https:\/\/shopwcseu.com\/producto\/pro-cone-multi-use-wildlife-excluder\/#breadcrumb\",\"itemListElement\":[{\"@type\":\"ListItem\",\"position\":1,\"name\":\"Home\",\"item\":\"https:\/\/shopwcseu.com\/es\/\"},{\"@type\":\"ListItem\",\"position\":2,\"name\":\"Productos\",\"item\":\"https:\/\/shopwcseu.com\/es\/products\/\"},{\"@type\":\"ListItem\",\"position\":3,\"name\":\"PRO-CONE\u00ae Multi-Use Wildlife Excluder\"}]},{\"@type\":\"WebSite\",\"@id\":\"https:\/\/shopwcseu.com\/es\/#website\",\"url\":\"https:\/\/shopwcseu.com\/es\/\",\"name\":\"Wildlife Control Supplies EU\",\"description\":\"La tienda de suministros de material de captura m\u00e1s grande de Europa\",\"potentialAction\":[{\"@type\":\"SearchAction\",\"target\":{\"@type\":\"EntryPoint\",\"urlTemplate\":\"https:\/\/shopwcseu.com\/es\/?s={search_term_string}\"},\"query-input\":{\"@type\":\"PropertyValueSpecification\",\"valueRequired\":true,\"valueName\":\"search_term_string\"}}],\"inLanguage\":\"fr-FR\"}]}<\/script>\n<!-- \/ Yoast SEO plugin. -->","yoast_head_json":{"title":"PRO-CONE\u00ae Multi-Use Wildlife Excluder - Wildlife Control Supplies EU","robots":{"index":"index","follow":"follow","max-snippet":"max-snippet:-1","max-image-preview":"max-image-preview:large","max-video-preview":"max-video-preview:-1"},"canonical":"https:\/\/shopwcseu.com\/producto\/pro-cone-multi-use-wildlife-excluder\/","og_locale":"fr_FR","og_type":"article","og_title":"PRO-CONE\u00ae Multi-Use Wildlife Excluder - Wildlife Control Supplies EU","og_description":"[:en]Product Code: PCXXXX[:es]C\u00f3digo de producto: PCXXXX[:fr]C\u00f3digo de producto: PCXXXX[:]","og_url":"https:\/\/shopwcseu.com\/producto\/pro-cone-multi-use-wildlife-excluder\/","og_site_name":"Wildlife Control Supplies EU","article_modified_time":"2024-01-03T10:56:11+00:00","og_image":[{"width":500,"height":500,"url":"https:\/\/shopwcseu.com\/wp-content\/uploads\/2019\/03\/Pro_Cone_Round_wsquirrel_500px.jpg","type":"image\/jpeg"}],"twitter_card":"summary_large_image","twitter_misc":{"Dur\u00e9e de lecture estim\u00e9e":"2 minutes"},"schema":{"@context":"https:\/\/schema.org","@graph":[{"@type":"WebPage","@id":"https:\/\/shopwcseu.com\/producto\/pro-cone-multi-use-wildlife-excluder\/","url":"https:\/\/shopwcseu.com\/producto\/pro-cone-multi-use-wildlife-excluder\/","name":"PRO-CONE\u00ae Multi-Use Wildlife Excluder - Wildlife Control Supplies EU","isPartOf":{"@id":"https:\/\/shopwcseu.com\/es\/#website"},"primaryImageOfPage":{"@id":"https:\/\/shopwcseu.com\/producto\/pro-cone-multi-use-wildlife-excluder\/#primaryimage"},"image":{"@id":"https:\/\/shopwcseu.com\/producto\/pro-cone-multi-use-wildlife-excluder\/#primaryimage"},"thumbnailUrl":"https:\/\/shopwcseu.com\/wp-content\/uploads\/2019\/03\/Pro_Cone_Round_wsquirrel_500px.jpg","datePublished":"2019-03-21T11:45:26+00:00","dateModified":"2024-01-03T10:56:11+00:00","breadcrumb":{"@id":"https:\/\/shopwcseu.com\/producto\/pro-cone-multi-use-wildlife-excluder\/#breadcrumb"},"inLanguage":"fr-FR","potentialAction":[{"@type":"ReadAction","target":["https:\/\/shopwcseu.com\/producto\/pro-cone-multi-use-wildlife-excluder\/"]}]},{"@type":"ImageObject","inLanguage":"fr-FR","@id":"https:\/\/shopwcseu.com\/producto\/pro-cone-multi-use-wildlife-excluder\/#primaryimage","url":"https:\/\/shopwcseu.com\/wp-content\/uploads\/2019\/03\/Pro_Cone_Round_wsquirrel_500px.jpg","contentUrl":"https:\/\/shopwcseu.com\/wp-content\/uploads\/2019\/03\/Pro_Cone_Round_wsquirrel_500px.jpg","width":500,"height":500},{"@type":"BreadcrumbList","@id":"https:\/\/shopwcseu.com\/producto\/pro-cone-multi-use-wildlife-excluder\/#breadcrumb","itemListElement":[{"@type":"ListItem","position":1,"name":"Home","item":"https:\/\/shopwcseu.com\/es\/"},{"@type":"ListItem","position":2,"name":"Productos","item":"https:\/\/shopwcseu.com\/es\/products\/"},{"@type":"ListItem","position":3,"name":"PRO-CONE\u00ae Multi-Use Wildlife Excluder"}]},{"@type":"WebSite","@id":"https:\/\/shopwcseu.com\/es\/#website","url":"https:\/\/shopwcseu.com\/es\/","name":"Wildlife Control Supplies EU","description":"La tienda de suministros de material de captura m\u00e1s grande de Europa","potentialAction":[{"@type":"SearchAction","target":{"@type":"EntryPoint","urlTemplate":"https:\/\/shopwcseu.com\/es\/?s={search_term_string}"},"query-input":{"@type":"PropertyValueSpecification","valueRequired":true,"valueName":"search_term_string"}}],"inLanguage":"fr-FR"}]}},"_links":{"self":[{"href":"https:\/\/shopwcseu.com\/fr\/wp-json\/wp\/v2\/product\/862","targetHints":{"allow":["GET"]}}],"collection":[{"href":"https:\/\/shopwcseu.com\/fr\/wp-json\/wp\/v2\/product"}],"about":[{"href":"https:\/\/shopwcseu.com\/fr\/wp-json\/wp\/v2\/types\/product"}],"wp:featuredmedia":[{"embeddable":true,"href":"https:\/\/shopwcseu.com\/fr\/wp-json\/wp\/v2\/media\/863"}],"wp:attachment":[{"href":"https:\/\/shopwcseu.com\/fr\/wp-json\/wp\/v2\/media?parent=862"}],"wp:term":[{"taxonomy":"product_brand","embeddable":true,"href":"https:\/\/shopwcseu.com\/fr\/wp-json\/wp\/v2\/product_brand?post=862"},{"taxonomy":"product_cat","embeddable":true,"href":"https:\/\/shopwcseu.com\/fr\/wp-json\/wp\/v2\/product_cat?post=862"},{"taxonomy":"product_tag","embeddable":true,"href":"https:\/\/shopwcseu.com\/fr\/wp-json\/wp\/v2\/product_tag?post=862"}],"curies":[{"name":"wp","href":"https:\/\/api.w.org\/{rel}","templated":true}]}}