{"id":854,"date":"2019-04-10T08:23:08","date_gmt":"2019-04-10T08:23:08","guid":{"rendered":"https:\/\/shopwcseu.com\/?post_type=product&#038;p=854"},"modified":"2023-12-05T06:26:19","modified_gmt":"2023-12-05T06:26:19","slug":"bat-cone-excluder","status":"publish","type":"product","link":"https:\/\/shopwcseu.com\/fr\/producto\/bat-cone-excluder\/","title":{"rendered":"BAT CONE\u00ae Excluder"},"content":{"rendered":"<p><strong>Le BAT CONE\u00ae Excluder<\/strong> est de couleur grise, env. 6 \u00ab\u00a0de long, avec quatre languettes flexibles \u00e0 une extr\u00e9mit\u00e9 pour fixer le dispositif d&rsquo;exclusion sur le point d&rsquo;entr\u00e9e \/ de sortie des chauves-souris. Le dispositif d&rsquo;exclusion BAT CONE\u00ae peut \u00eatre fix\u00e9 \u00e0 l&rsquo;aide de punaises, d&rsquo;agrafes, de ruban adh\u00e9sif, etc. Compl\u00e8tement r\u00e9utilisable, le BAT CONE\u00ae Excluder est fabriqu\u00e9 en poly\u00e9thyl\u00e8ne durable et durera de nombreuses ann\u00e9es.Pour obtenir des r\u00e9sultats optimaux, montez l\u2019EXCLUS BAT CONE\u00ae avec un angle dirig\u00e9 vers le bas.<\/p>\n<p><strong><a title=\"BAT CONE\u00ae Excluder Instructions\" href=\"http:\/\/www.wildlifecontrolsupplies.com\/pdf\/Batcone_Instructions.pdf\" target=\"_blank\" rel=\"noopener\">Cliquez ici pour les instructions du produit<\/a><\/strong><\/p>","protected":false},"excerpt":{"rendered":"<p>Code de produit: BCEX<\/p>\n<p>https:\/\/www.youtube.com\/watch?v=YcpWAvWhivU<\/p>\n","protected":false},"featured_media":956,"template":"","meta":[],"product_brand":[],"product_cat":[17],"product_tag":[],"class_list":{"0":"post-854","1":"product","2":"type-product","3":"status-publish","4":"has-post-thumbnail","6":"product_cat-sin-categoria","8":"first","9":"instock","10":"shipping-taxable","11":"purchasable","12":"product-type-simple"},"yoast_head":"<!-- This site is optimized with the Yoast SEO plugin v27.0 - https:\/\/yoast.com\/product\/yoast-seo-wordpress\/ -->\n<title>BAT CONE\u00ae Excluder - Wildlife Control Supplies EU<\/title>\n<meta name=\"robots\" content=\"index, follow, max-snippet:-1, max-image-preview:large, max-video-preview:-1\" \/>\n<link rel=\"canonical\" href=\"https:\/\/shopwcseu.com\/producto\/bat-cone-excluder\/\" \/>\n<meta property=\"og:locale\" content=\"fr_FR\" \/>\n<meta property=\"og:type\" content=\"article\" \/>\n<meta property=\"og:title\" content=\"BAT CONE\u00ae Excluder - Wildlife Control Supplies EU\" \/>\n<meta property=\"og:description\" content=\"[:en]Product Code: BCEX  https:\/\/www.youtube.com\/watch?v=YcpWAvWhivU[:es]C\u00f3digo de producto: BCEX  https:\/\/www.youtube.com\/watch?v=YcpWAvWhivU[:fr]Code de produit: BCEX  https:\/\/www.youtube.com\/watch?v=YcpWAvWhivU[:]\" \/>\n<meta property=\"og:url\" content=\"https:\/\/shopwcseu.com\/producto\/bat-cone-excluder\/\" \/>\n<meta property=\"og:site_name\" content=\"Wildlife Control Supplies EU\" \/>\n<meta property=\"article:modified_time\" content=\"2023-12-05T06:26:19+00:00\" \/>\n<meta property=\"og:image\" content=\"https:\/\/shopwcseu.com\/wp-content\/uploads\/2019\/03\/Bat_Cone_Excluder_1000px_540x360-1.jpg\" \/>\n\t<meta property=\"og:image:width\" content=\"540\" \/>\n\t<meta property=\"og:image:height\" content=\"360\" \/>\n\t<meta property=\"og:image:type\" content=\"image\/jpeg\" \/>\n<meta name=\"twitter:card\" content=\"summary_large_image\" \/>\n<meta name=\"twitter:label1\" content=\"Dur\u00e9e de lecture estim\u00e9e\" \/>\n\t<meta name=\"twitter:data1\" content=\"1 minute\" \/>\n<script type=\"application\/ld+json\" class=\"yoast-schema-graph\">{\"@context\":\"https:\/\/schema.org\",\"@graph\":[{\"@type\":\"WebPage\",\"@id\":\"https:\/\/shopwcseu.com\/producto\/bat-cone-excluder\/\",\"url\":\"https:\/\/shopwcseu.com\/producto\/bat-cone-excluder\/\",\"name\":\"BAT CONE\u00ae Excluder - Wildlife Control Supplies EU\",\"isPartOf\":{\"@id\":\"https:\/\/shopwcseu.com\/es\/#website\"},\"primaryImageOfPage\":{\"@id\":\"https:\/\/shopwcseu.com\/producto\/bat-cone-excluder\/#primaryimage\"},\"image\":{\"@id\":\"https:\/\/shopwcseu.com\/producto\/bat-cone-excluder\/#primaryimage\"},\"thumbnailUrl\":\"https:\/\/shopwcseu.com\/wp-content\/uploads\/2019\/03\/Bat_Cone_Excluder_1000px_540x360-1.jpg\",\"datePublished\":\"2019-04-10T08:23:08+00:00\",\"dateModified\":\"2023-12-05T06:26:19+00:00\",\"breadcrumb\":{\"@id\":\"https:\/\/shopwcseu.com\/producto\/bat-cone-excluder\/#breadcrumb\"},\"inLanguage\":\"fr-FR\",\"potentialAction\":[{\"@type\":\"ReadAction\",\"target\":[\"https:\/\/shopwcseu.com\/producto\/bat-cone-excluder\/\"]}]},{\"@type\":\"ImageObject\",\"inLanguage\":\"fr-FR\",\"@id\":\"https:\/\/shopwcseu.com\/producto\/bat-cone-excluder\/#primaryimage\",\"url\":\"https:\/\/shopwcseu.com\/wp-content\/uploads\/2019\/03\/Bat_Cone_Excluder_1000px_540x360-1.jpg\",\"contentUrl\":\"https:\/\/shopwcseu.com\/wp-content\/uploads\/2019\/03\/Bat_Cone_Excluder_1000px_540x360-1.jpg\",\"width\":540,\"height\":360},{\"@type\":\"BreadcrumbList\",\"@id\":\"https:\/\/shopwcseu.com\/producto\/bat-cone-excluder\/#breadcrumb\",\"itemListElement\":[{\"@type\":\"ListItem\",\"position\":1,\"name\":\"Home\",\"item\":\"https:\/\/shopwcseu.com\/es\/\"},{\"@type\":\"ListItem\",\"position\":2,\"name\":\"Productos\",\"item\":\"https:\/\/shopwcseu.com\/es\/products\/\"},{\"@type\":\"ListItem\",\"position\":3,\"name\":\"BAT CONE\u00ae Excluder\"}]},{\"@type\":\"WebSite\",\"@id\":\"https:\/\/shopwcseu.com\/es\/#website\",\"url\":\"https:\/\/shopwcseu.com\/es\/\",\"name\":\"Wildlife Control Supplies EU\",\"description\":\"La tienda de suministros de material de captura m\u00e1s grande de Europa\",\"potentialAction\":[{\"@type\":\"SearchAction\",\"target\":{\"@type\":\"EntryPoint\",\"urlTemplate\":\"https:\/\/shopwcseu.com\/es\/?s={search_term_string}\"},\"query-input\":{\"@type\":\"PropertyValueSpecification\",\"valueRequired\":true,\"valueName\":\"search_term_string\"}}],\"inLanguage\":\"fr-FR\"}]}<\/script>\n<!-- \/ Yoast SEO plugin. -->","yoast_head_json":{"title":"BAT CONE\u00ae Excluder - Wildlife Control Supplies EU","robots":{"index":"index","follow":"follow","max-snippet":"max-snippet:-1","max-image-preview":"max-image-preview:large","max-video-preview":"max-video-preview:-1"},"canonical":"https:\/\/shopwcseu.com\/producto\/bat-cone-excluder\/","og_locale":"fr_FR","og_type":"article","og_title":"BAT CONE\u00ae Excluder - Wildlife Control Supplies EU","og_description":"[:en]Product Code: BCEX  https:\/\/www.youtube.com\/watch?v=YcpWAvWhivU[:es]C\u00f3digo de producto: BCEX  https:\/\/www.youtube.com\/watch?v=YcpWAvWhivU[:fr]Code de produit: BCEX  https:\/\/www.youtube.com\/watch?v=YcpWAvWhivU[:]","og_url":"https:\/\/shopwcseu.com\/producto\/bat-cone-excluder\/","og_site_name":"Wildlife Control Supplies EU","article_modified_time":"2023-12-05T06:26:19+00:00","og_image":[{"width":540,"height":360,"url":"https:\/\/shopwcseu.com\/wp-content\/uploads\/2019\/03\/Bat_Cone_Excluder_1000px_540x360-1.jpg","type":"image\/jpeg"}],"twitter_card":"summary_large_image","twitter_misc":{"Dur\u00e9e de lecture estim\u00e9e":"1 minute"},"schema":{"@context":"https:\/\/schema.org","@graph":[{"@type":"WebPage","@id":"https:\/\/shopwcseu.com\/producto\/bat-cone-excluder\/","url":"https:\/\/shopwcseu.com\/producto\/bat-cone-excluder\/","name":"BAT CONE\u00ae Excluder - Wildlife Control Supplies EU","isPartOf":{"@id":"https:\/\/shopwcseu.com\/es\/#website"},"primaryImageOfPage":{"@id":"https:\/\/shopwcseu.com\/producto\/bat-cone-excluder\/#primaryimage"},"image":{"@id":"https:\/\/shopwcseu.com\/producto\/bat-cone-excluder\/#primaryimage"},"thumbnailUrl":"https:\/\/shopwcseu.com\/wp-content\/uploads\/2019\/03\/Bat_Cone_Excluder_1000px_540x360-1.jpg","datePublished":"2019-04-10T08:23:08+00:00","dateModified":"2023-12-05T06:26:19+00:00","breadcrumb":{"@id":"https:\/\/shopwcseu.com\/producto\/bat-cone-excluder\/#breadcrumb"},"inLanguage":"fr-FR","potentialAction":[{"@type":"ReadAction","target":["https:\/\/shopwcseu.com\/producto\/bat-cone-excluder\/"]}]},{"@type":"ImageObject","inLanguage":"fr-FR","@id":"https:\/\/shopwcseu.com\/producto\/bat-cone-excluder\/#primaryimage","url":"https:\/\/shopwcseu.com\/wp-content\/uploads\/2019\/03\/Bat_Cone_Excluder_1000px_540x360-1.jpg","contentUrl":"https:\/\/shopwcseu.com\/wp-content\/uploads\/2019\/03\/Bat_Cone_Excluder_1000px_540x360-1.jpg","width":540,"height":360},{"@type":"BreadcrumbList","@id":"https:\/\/shopwcseu.com\/producto\/bat-cone-excluder\/#breadcrumb","itemListElement":[{"@type":"ListItem","position":1,"name":"Home","item":"https:\/\/shopwcseu.com\/es\/"},{"@type":"ListItem","position":2,"name":"Productos","item":"https:\/\/shopwcseu.com\/es\/products\/"},{"@type":"ListItem","position":3,"name":"BAT CONE\u00ae Excluder"}]},{"@type":"WebSite","@id":"https:\/\/shopwcseu.com\/es\/#website","url":"https:\/\/shopwcseu.com\/es\/","name":"Wildlife Control Supplies EU","description":"La tienda de suministros de material de captura m\u00e1s grande de Europa","potentialAction":[{"@type":"SearchAction","target":{"@type":"EntryPoint","urlTemplate":"https:\/\/shopwcseu.com\/es\/?s={search_term_string}"},"query-input":{"@type":"PropertyValueSpecification","valueRequired":true,"valueName":"search_term_string"}}],"inLanguage":"fr-FR"}]}},"_links":{"self":[{"href":"https:\/\/shopwcseu.com\/fr\/wp-json\/wp\/v2\/product\/854","targetHints":{"allow":["GET"]}}],"collection":[{"href":"https:\/\/shopwcseu.com\/fr\/wp-json\/wp\/v2\/product"}],"about":[{"href":"https:\/\/shopwcseu.com\/fr\/wp-json\/wp\/v2\/types\/product"}],"wp:featuredmedia":[{"embeddable":true,"href":"https:\/\/shopwcseu.com\/fr\/wp-json\/wp\/v2\/media\/956"}],"wp:attachment":[{"href":"https:\/\/shopwcseu.com\/fr\/wp-json\/wp\/v2\/media?parent=854"}],"wp:term":[{"taxonomy":"product_brand","embeddable":true,"href":"https:\/\/shopwcseu.com\/fr\/wp-json\/wp\/v2\/product_brand?post=854"},{"taxonomy":"product_cat","embeddable":true,"href":"https:\/\/shopwcseu.com\/fr\/wp-json\/wp\/v2\/product_cat?post=854"},{"taxonomy":"product_tag","embeddable":true,"href":"https:\/\/shopwcseu.com\/fr\/wp-json\/wp\/v2\/product_tag?post=854"}],"curies":[{"name":"wp","href":"https:\/\/api.w.org\/{rel}","templated":true}]}}