{"id":847,"date":"2019-03-12T09:48:17","date_gmt":"2019-03-12T09:48:17","guid":{"rendered":"https:\/\/shopwcseu.com\/?post_type=product&#038;p=847"},"modified":"2019-04-10T08:09:57","modified_gmt":"2019-04-10T08:09:57","slug":"rodent-rock-cafe-single","status":"publish","type":"product","link":"https:\/\/shopwcseu.com\/fr\/producto\/rodent-rock-cafe-single\/","title":{"rendered":"Rodent Rock Cafe (4 units)"},"content":{"rendered":"<p><strong>Le Rodent Rock Bait Station<\/strong> simule un paysage rocheux que l\u2019on pourrait trouver dans n\u2019importe quel environnement naturel pour s\u2019int\u00e9grer \u00e0 l\u2019habitat. Cette caract\u00e9ristique unique permet \u00e0 l\u2019op\u00e9rateur de contr\u00f4le de la faune \/ insectes nuisibles de placer le point d\u2019app\u00e2t o\u00f9 il doit \u00eatre plut\u00f4t que cach\u00e9 o\u00f9 il doit \u00eatre afin que l\u2019esth\u00e9tique du paysage ne soit pas affect\u00e9e. Comme son mod\u00e8le pr\u00e9c\u00e9dent, il vient dans les couleurs gris ardoise et granit. Son profil bas et ses points d&rsquo;entr\u00e9e camoufl\u00e9s lui permettent de se fondre naturellement dans le paysage environnant.<\/p>\n<p>Accueille les pi\u00e8ges \u00e0 rats Big Snap E, Victor Power Kill, CatchMaster Claw ou T-Rex.<\/p>\n<p><strong>Remarque<\/strong>: ce produit <strong>NE<\/strong> vient PAS avec la mise de permatite indiqu\u00e9e dans la vid\u00e9o.<\/p>","protected":false},"excerpt":{"rendered":"<p>Code de produit: WCSRR01S<\/p>\n","protected":false},"featured_media":848,"template":"","meta":[],"product_brand":[],"product_cat":[33],"product_tag":[],"class_list":{"0":"post-847","1":"product","2":"type-product","3":"status-publish","4":"has-post-thumbnail","6":"product_cat-trampas-para-roedores","8":"first","9":"instock","10":"shipping-taxable","11":"purchasable","12":"product-type-simple"},"yoast_head":"<!-- This site is optimized with the Yoast SEO plugin v27.0 - https:\/\/yoast.com\/product\/yoast-seo-wordpress\/ -->\n<title>Rodent Rock Cafe (4 units) - Wildlife Control Supplies EU<\/title>\n<meta name=\"robots\" content=\"index, follow, max-snippet:-1, max-image-preview:large, max-video-preview:-1\" \/>\n<link rel=\"canonical\" href=\"https:\/\/shopwcseu.com\/producto\/rodent-rock-cafe-single\/\" \/>\n<meta property=\"og:locale\" content=\"fr_FR\" \/>\n<meta property=\"og:type\" content=\"article\" \/>\n<meta property=\"og:title\" content=\"Rodent Rock Cafe (4 units) - Wildlife Control Supplies EU\" \/>\n<meta property=\"og:description\" content=\"[:en]Product Code: WCSRR01S[:es]C\u00f3digo de producto: WCSRR01S[:fr]Code de produit: WCSRR01S[:]\" \/>\n<meta property=\"og:url\" content=\"https:\/\/shopwcseu.com\/producto\/rodent-rock-cafe-single\/\" \/>\n<meta property=\"og:site_name\" content=\"Wildlife Control Supplies EU\" \/>\n<meta property=\"article:modified_time\" content=\"2019-04-10T08:09:57+00:00\" \/>\n<meta property=\"og:image\" content=\"https:\/\/shopwcseu.com\/wp-content\/uploads\/2019\/03\/BS_Colors_v2_med.gif\" \/>\n\t<meta property=\"og:image:width\" content=\"300\" \/>\n\t<meta property=\"og:image:height\" content=\"270\" \/>\n\t<meta property=\"og:image:type\" content=\"image\/gif\" \/>\n<meta name=\"twitter:card\" content=\"summary_large_image\" \/>\n<meta name=\"twitter:label1\" content=\"Dur\u00e9e de lecture estim\u00e9e\" \/>\n\t<meta name=\"twitter:data1\" content=\"2 minutes\" \/>\n<script type=\"application\/ld+json\" class=\"yoast-schema-graph\">{\"@context\":\"https:\/\/schema.org\",\"@graph\":[{\"@type\":\"WebPage\",\"@id\":\"https:\/\/shopwcseu.com\/producto\/rodent-rock-cafe-single\/\",\"url\":\"https:\/\/shopwcseu.com\/producto\/rodent-rock-cafe-single\/\",\"name\":\"Rodent Rock Cafe (4 units) - Wildlife Control Supplies EU\",\"isPartOf\":{\"@id\":\"https:\/\/shopwcseu.com\/es\/#website\"},\"primaryImageOfPage\":{\"@id\":\"https:\/\/shopwcseu.com\/producto\/rodent-rock-cafe-single\/#primaryimage\"},\"image\":{\"@id\":\"https:\/\/shopwcseu.com\/producto\/rodent-rock-cafe-single\/#primaryimage\"},\"thumbnailUrl\":\"https:\/\/shopwcseu.com\/wp-content\/uploads\/2019\/03\/BS_Colors_v2_med.gif\",\"datePublished\":\"2019-03-12T09:48:17+00:00\",\"dateModified\":\"2019-04-10T08:09:57+00:00\",\"breadcrumb\":{\"@id\":\"https:\/\/shopwcseu.com\/producto\/rodent-rock-cafe-single\/#breadcrumb\"},\"inLanguage\":\"fr-FR\",\"potentialAction\":[{\"@type\":\"ReadAction\",\"target\":[\"https:\/\/shopwcseu.com\/producto\/rodent-rock-cafe-single\/\"]}]},{\"@type\":\"ImageObject\",\"inLanguage\":\"fr-FR\",\"@id\":\"https:\/\/shopwcseu.com\/producto\/rodent-rock-cafe-single\/#primaryimage\",\"url\":\"https:\/\/shopwcseu.com\/wp-content\/uploads\/2019\/03\/BS_Colors_v2_med.gif\",\"contentUrl\":\"https:\/\/shopwcseu.com\/wp-content\/uploads\/2019\/03\/BS_Colors_v2_med.gif\",\"width\":300,\"height\":270},{\"@type\":\"BreadcrumbList\",\"@id\":\"https:\/\/shopwcseu.com\/producto\/rodent-rock-cafe-single\/#breadcrumb\",\"itemListElement\":[{\"@type\":\"ListItem\",\"position\":1,\"name\":\"Home\",\"item\":\"https:\/\/shopwcseu.com\/es\/\"},{\"@type\":\"ListItem\",\"position\":2,\"name\":\"Productos\",\"item\":\"https:\/\/shopwcseu.com\/es\/products\/\"},{\"@type\":\"ListItem\",\"position\":3,\"name\":\"Rodent Rock Cafe (4 units)\"}]},{\"@type\":\"WebSite\",\"@id\":\"https:\/\/shopwcseu.com\/es\/#website\",\"url\":\"https:\/\/shopwcseu.com\/es\/\",\"name\":\"Wildlife Control Supplies EU\",\"description\":\"La tienda de suministros de material de captura m\u00e1s grande de Europa\",\"potentialAction\":[{\"@type\":\"SearchAction\",\"target\":{\"@type\":\"EntryPoint\",\"urlTemplate\":\"https:\/\/shopwcseu.com\/es\/?s={search_term_string}\"},\"query-input\":{\"@type\":\"PropertyValueSpecification\",\"valueRequired\":true,\"valueName\":\"search_term_string\"}}],\"inLanguage\":\"fr-FR\"}]}<\/script>\n<!-- \/ Yoast SEO plugin. -->","yoast_head_json":{"title":"Rodent Rock Cafe (4 units) - Wildlife Control Supplies EU","robots":{"index":"index","follow":"follow","max-snippet":"max-snippet:-1","max-image-preview":"max-image-preview:large","max-video-preview":"max-video-preview:-1"},"canonical":"https:\/\/shopwcseu.com\/producto\/rodent-rock-cafe-single\/","og_locale":"fr_FR","og_type":"article","og_title":"Rodent Rock Cafe (4 units) - Wildlife Control Supplies EU","og_description":"[:en]Product Code: WCSRR01S[:es]C\u00f3digo de producto: WCSRR01S[:fr]Code de produit: WCSRR01S[:]","og_url":"https:\/\/shopwcseu.com\/producto\/rodent-rock-cafe-single\/","og_site_name":"Wildlife Control Supplies EU","article_modified_time":"2019-04-10T08:09:57+00:00","og_image":[{"width":300,"height":270,"url":"https:\/\/shopwcseu.com\/wp-content\/uploads\/2019\/03\/BS_Colors_v2_med.gif","type":"image\/gif"}],"twitter_card":"summary_large_image","twitter_misc":{"Dur\u00e9e de lecture estim\u00e9e":"2 minutes"},"schema":{"@context":"https:\/\/schema.org","@graph":[{"@type":"WebPage","@id":"https:\/\/shopwcseu.com\/producto\/rodent-rock-cafe-single\/","url":"https:\/\/shopwcseu.com\/producto\/rodent-rock-cafe-single\/","name":"Rodent Rock Cafe (4 units) - Wildlife Control Supplies EU","isPartOf":{"@id":"https:\/\/shopwcseu.com\/es\/#website"},"primaryImageOfPage":{"@id":"https:\/\/shopwcseu.com\/producto\/rodent-rock-cafe-single\/#primaryimage"},"image":{"@id":"https:\/\/shopwcseu.com\/producto\/rodent-rock-cafe-single\/#primaryimage"},"thumbnailUrl":"https:\/\/shopwcseu.com\/wp-content\/uploads\/2019\/03\/BS_Colors_v2_med.gif","datePublished":"2019-03-12T09:48:17+00:00","dateModified":"2019-04-10T08:09:57+00:00","breadcrumb":{"@id":"https:\/\/shopwcseu.com\/producto\/rodent-rock-cafe-single\/#breadcrumb"},"inLanguage":"fr-FR","potentialAction":[{"@type":"ReadAction","target":["https:\/\/shopwcseu.com\/producto\/rodent-rock-cafe-single\/"]}]},{"@type":"ImageObject","inLanguage":"fr-FR","@id":"https:\/\/shopwcseu.com\/producto\/rodent-rock-cafe-single\/#primaryimage","url":"https:\/\/shopwcseu.com\/wp-content\/uploads\/2019\/03\/BS_Colors_v2_med.gif","contentUrl":"https:\/\/shopwcseu.com\/wp-content\/uploads\/2019\/03\/BS_Colors_v2_med.gif","width":300,"height":270},{"@type":"BreadcrumbList","@id":"https:\/\/shopwcseu.com\/producto\/rodent-rock-cafe-single\/#breadcrumb","itemListElement":[{"@type":"ListItem","position":1,"name":"Home","item":"https:\/\/shopwcseu.com\/es\/"},{"@type":"ListItem","position":2,"name":"Productos","item":"https:\/\/shopwcseu.com\/es\/products\/"},{"@type":"ListItem","position":3,"name":"Rodent Rock Cafe (4 units)"}]},{"@type":"WebSite","@id":"https:\/\/shopwcseu.com\/es\/#website","url":"https:\/\/shopwcseu.com\/es\/","name":"Wildlife Control Supplies EU","description":"La tienda de suministros de material de captura m\u00e1s grande de Europa","potentialAction":[{"@type":"SearchAction","target":{"@type":"EntryPoint","urlTemplate":"https:\/\/shopwcseu.com\/es\/?s={search_term_string}"},"query-input":{"@type":"PropertyValueSpecification","valueRequired":true,"valueName":"search_term_string"}}],"inLanguage":"fr-FR"}]}},"_links":{"self":[{"href":"https:\/\/shopwcseu.com\/fr\/wp-json\/wp\/v2\/product\/847","targetHints":{"allow":["GET"]}}],"collection":[{"href":"https:\/\/shopwcseu.com\/fr\/wp-json\/wp\/v2\/product"}],"about":[{"href":"https:\/\/shopwcseu.com\/fr\/wp-json\/wp\/v2\/types\/product"}],"wp:featuredmedia":[{"embeddable":true,"href":"https:\/\/shopwcseu.com\/fr\/wp-json\/wp\/v2\/media\/848"}],"wp:attachment":[{"href":"https:\/\/shopwcseu.com\/fr\/wp-json\/wp\/v2\/media?parent=847"}],"wp:term":[{"taxonomy":"product_brand","embeddable":true,"href":"https:\/\/shopwcseu.com\/fr\/wp-json\/wp\/v2\/product_brand?post=847"},{"taxonomy":"product_cat","embeddable":true,"href":"https:\/\/shopwcseu.com\/fr\/wp-json\/wp\/v2\/product_cat?post=847"},{"taxonomy":"product_tag","embeddable":true,"href":"https:\/\/shopwcseu.com\/fr\/wp-json\/wp\/v2\/product_tag?post=847"}],"curies":[{"name":"wp","href":"https:\/\/api.w.org\/{rel}","templated":true}]}}