{"id":814,"date":"2019-03-08T09:54:22","date_gmt":"2019-03-08T09:54:22","guid":{"rendered":"https:\/\/shopwcseu.com\/?post_type=product&#038;p=814"},"modified":"2023-12-05T06:33:54","modified_gmt":"2023-12-05T06:33:54","slug":"jawz-plastic-mouse-traps","status":"publish","type":"product","link":"https:\/\/shopwcseu.com\/fr\/producto\/jawz-plastic-mouse-traps\/","title":{"rendered":"JAWZ\u2122 Plastic Mouse Traps"},"content":{"rendered":"<p>Le pi\u00e8ge \u00e0 souris en plastique JT Eaton JAWZ \u2122 est la nouvelle g\u00e9n\u00e9ration en mati\u00e8re de contr\u00f4le des rongeurs. Fabriqu\u00e9 en plastique robuste, facile \u00e0 installer et \u00e0 app\u00e2ter, le JAWZ \u2122 peut \u00eatre utilis\u00e9 maintes et maintes fois. Ne vous inqui\u00e9tez plus jamais de prendre votre doigt dans un pi\u00e8ge. Le r\u00e9glage est si simple que vous pouvez m\u00eame le faire avec votre pied. Rappelez-vous que les rongeurs courent le long des murs, placez donc toujours le pi\u00e8ge contre un mur.<\/p>","protected":false},"excerpt":{"rendered":"<p>Code de produit: JTE409<\/p>\n","protected":false},"featured_media":815,"template":"","meta":[],"product_brand":[],"product_cat":[33],"product_tag":[],"class_list":{"0":"post-814","1":"product","2":"type-product","3":"status-publish","4":"has-post-thumbnail","6":"product_cat-trampas-para-roedores","8":"first","9":"instock","10":"shipping-taxable","11":"purchasable","12":"product-type-simple"},"yoast_head":"<!-- This site is optimized with the Yoast SEO plugin v27.0 - https:\/\/yoast.com\/product\/yoast-seo-wordpress\/ -->\n<title>JAWZ\u2122 Plastic Mouse Traps - Wildlife Control Supplies EU<\/title>\n<meta name=\"robots\" content=\"index, follow, max-snippet:-1, max-image-preview:large, max-video-preview:-1\" \/>\n<link rel=\"canonical\" href=\"https:\/\/shopwcseu.com\/producto\/jawz-plastic-mouse-traps\/\" \/>\n<meta property=\"og:locale\" content=\"fr_FR\" \/>\n<meta property=\"og:type\" content=\"article\" \/>\n<meta property=\"og:title\" content=\"JAWZ\u2122 Plastic Mouse Traps - Wildlife Control Supplies EU\" \/>\n<meta property=\"og:description\" content=\"[:es]C\u00f3digo de producto: JTE409[:fr]Code de produit: JTE409[:]\" \/>\n<meta property=\"og:url\" content=\"https:\/\/shopwcseu.com\/producto\/jawz-plastic-mouse-traps\/\" \/>\n<meta property=\"og:site_name\" content=\"Wildlife Control Supplies EU\" \/>\n<meta property=\"article:modified_time\" content=\"2023-12-05T06:33:54+00:00\" \/>\n<meta property=\"og:image\" content=\"https:\/\/shopwcseu.com\/wp-content\/uploads\/2019\/03\/409BULK_JAWZ_Plastic_Mouse_Trap_2_540x540.jpg\" \/>\n\t<meta property=\"og:image:width\" content=\"540\" \/>\n\t<meta property=\"og:image:height\" content=\"540\" \/>\n\t<meta property=\"og:image:type\" content=\"image\/jpeg\" \/>\n<meta name=\"twitter:card\" content=\"summary_large_image\" \/>\n<meta name=\"twitter:label1\" content=\"Dur\u00e9e de lecture estim\u00e9e\" \/>\n\t<meta name=\"twitter:data1\" content=\"1 minute\" \/>\n<script type=\"application\/ld+json\" class=\"yoast-schema-graph\">{\"@context\":\"https:\/\/schema.org\",\"@graph\":[{\"@type\":\"WebPage\",\"@id\":\"https:\/\/shopwcseu.com\/producto\/jawz-plastic-mouse-traps\/\",\"url\":\"https:\/\/shopwcseu.com\/producto\/jawz-plastic-mouse-traps\/\",\"name\":\"JAWZ\u2122 Plastic Mouse Traps - Wildlife Control Supplies EU\",\"isPartOf\":{\"@id\":\"https:\/\/shopwcseu.com\/es\/#website\"},\"primaryImageOfPage\":{\"@id\":\"https:\/\/shopwcseu.com\/producto\/jawz-plastic-mouse-traps\/#primaryimage\"},\"image\":{\"@id\":\"https:\/\/shopwcseu.com\/producto\/jawz-plastic-mouse-traps\/#primaryimage\"},\"thumbnailUrl\":\"https:\/\/shopwcseu.com\/wp-content\/uploads\/2019\/03\/409BULK_JAWZ_Plastic_Mouse_Trap_2_540x540.jpg\",\"datePublished\":\"2019-03-08T09:54:22+00:00\",\"dateModified\":\"2023-12-05T06:33:54+00:00\",\"breadcrumb\":{\"@id\":\"https:\/\/shopwcseu.com\/producto\/jawz-plastic-mouse-traps\/#breadcrumb\"},\"inLanguage\":\"fr-FR\",\"potentialAction\":[{\"@type\":\"ReadAction\",\"target\":[\"https:\/\/shopwcseu.com\/producto\/jawz-plastic-mouse-traps\/\"]}]},{\"@type\":\"ImageObject\",\"inLanguage\":\"fr-FR\",\"@id\":\"https:\/\/shopwcseu.com\/producto\/jawz-plastic-mouse-traps\/#primaryimage\",\"url\":\"https:\/\/shopwcseu.com\/wp-content\/uploads\/2019\/03\/409BULK_JAWZ_Plastic_Mouse_Trap_2_540x540.jpg\",\"contentUrl\":\"https:\/\/shopwcseu.com\/wp-content\/uploads\/2019\/03\/409BULK_JAWZ_Plastic_Mouse_Trap_2_540x540.jpg\",\"width\":540,\"height\":540},{\"@type\":\"BreadcrumbList\",\"@id\":\"https:\/\/shopwcseu.com\/producto\/jawz-plastic-mouse-traps\/#breadcrumb\",\"itemListElement\":[{\"@type\":\"ListItem\",\"position\":1,\"name\":\"Home\",\"item\":\"https:\/\/shopwcseu.com\/es\/\"},{\"@type\":\"ListItem\",\"position\":2,\"name\":\"Productos\",\"item\":\"https:\/\/shopwcseu.com\/es\/products\/\"},{\"@type\":\"ListItem\",\"position\":3,\"name\":\"JAWZ\u2122 Plastic Mouse Traps\"}]},{\"@type\":\"WebSite\",\"@id\":\"https:\/\/shopwcseu.com\/es\/#website\",\"url\":\"https:\/\/shopwcseu.com\/es\/\",\"name\":\"Wildlife Control Supplies EU\",\"description\":\"La tienda de suministros de material de captura m\u00e1s grande de Europa\",\"potentialAction\":[{\"@type\":\"SearchAction\",\"target\":{\"@type\":\"EntryPoint\",\"urlTemplate\":\"https:\/\/shopwcseu.com\/es\/?s={search_term_string}\"},\"query-input\":{\"@type\":\"PropertyValueSpecification\",\"valueRequired\":true,\"valueName\":\"search_term_string\"}}],\"inLanguage\":\"fr-FR\"}]}<\/script>\n<!-- \/ Yoast SEO plugin. -->","yoast_head_json":{"title":"JAWZ\u2122 Plastic Mouse Traps - Wildlife Control Supplies EU","robots":{"index":"index","follow":"follow","max-snippet":"max-snippet:-1","max-image-preview":"max-image-preview:large","max-video-preview":"max-video-preview:-1"},"canonical":"https:\/\/shopwcseu.com\/producto\/jawz-plastic-mouse-traps\/","og_locale":"fr_FR","og_type":"article","og_title":"JAWZ\u2122 Plastic Mouse Traps - Wildlife Control Supplies EU","og_description":"[:es]C\u00f3digo de producto: JTE409[:fr]Code de produit: JTE409[:]","og_url":"https:\/\/shopwcseu.com\/producto\/jawz-plastic-mouse-traps\/","og_site_name":"Wildlife Control Supplies EU","article_modified_time":"2023-12-05T06:33:54+00:00","og_image":[{"width":540,"height":540,"url":"https:\/\/shopwcseu.com\/wp-content\/uploads\/2019\/03\/409BULK_JAWZ_Plastic_Mouse_Trap_2_540x540.jpg","type":"image\/jpeg"}],"twitter_card":"summary_large_image","twitter_misc":{"Dur\u00e9e de lecture estim\u00e9e":"1 minute"},"schema":{"@context":"https:\/\/schema.org","@graph":[{"@type":"WebPage","@id":"https:\/\/shopwcseu.com\/producto\/jawz-plastic-mouse-traps\/","url":"https:\/\/shopwcseu.com\/producto\/jawz-plastic-mouse-traps\/","name":"JAWZ\u2122 Plastic Mouse Traps - Wildlife Control Supplies EU","isPartOf":{"@id":"https:\/\/shopwcseu.com\/es\/#website"},"primaryImageOfPage":{"@id":"https:\/\/shopwcseu.com\/producto\/jawz-plastic-mouse-traps\/#primaryimage"},"image":{"@id":"https:\/\/shopwcseu.com\/producto\/jawz-plastic-mouse-traps\/#primaryimage"},"thumbnailUrl":"https:\/\/shopwcseu.com\/wp-content\/uploads\/2019\/03\/409BULK_JAWZ_Plastic_Mouse_Trap_2_540x540.jpg","datePublished":"2019-03-08T09:54:22+00:00","dateModified":"2023-12-05T06:33:54+00:00","breadcrumb":{"@id":"https:\/\/shopwcseu.com\/producto\/jawz-plastic-mouse-traps\/#breadcrumb"},"inLanguage":"fr-FR","potentialAction":[{"@type":"ReadAction","target":["https:\/\/shopwcseu.com\/producto\/jawz-plastic-mouse-traps\/"]}]},{"@type":"ImageObject","inLanguage":"fr-FR","@id":"https:\/\/shopwcseu.com\/producto\/jawz-plastic-mouse-traps\/#primaryimage","url":"https:\/\/shopwcseu.com\/wp-content\/uploads\/2019\/03\/409BULK_JAWZ_Plastic_Mouse_Trap_2_540x540.jpg","contentUrl":"https:\/\/shopwcseu.com\/wp-content\/uploads\/2019\/03\/409BULK_JAWZ_Plastic_Mouse_Trap_2_540x540.jpg","width":540,"height":540},{"@type":"BreadcrumbList","@id":"https:\/\/shopwcseu.com\/producto\/jawz-plastic-mouse-traps\/#breadcrumb","itemListElement":[{"@type":"ListItem","position":1,"name":"Home","item":"https:\/\/shopwcseu.com\/es\/"},{"@type":"ListItem","position":2,"name":"Productos","item":"https:\/\/shopwcseu.com\/es\/products\/"},{"@type":"ListItem","position":3,"name":"JAWZ\u2122 Plastic Mouse Traps"}]},{"@type":"WebSite","@id":"https:\/\/shopwcseu.com\/es\/#website","url":"https:\/\/shopwcseu.com\/es\/","name":"Wildlife Control Supplies EU","description":"La tienda de suministros de material de captura m\u00e1s grande de Europa","potentialAction":[{"@type":"SearchAction","target":{"@type":"EntryPoint","urlTemplate":"https:\/\/shopwcseu.com\/es\/?s={search_term_string}"},"query-input":{"@type":"PropertyValueSpecification","valueRequired":true,"valueName":"search_term_string"}}],"inLanguage":"fr-FR"}]}},"_links":{"self":[{"href":"https:\/\/shopwcseu.com\/fr\/wp-json\/wp\/v2\/product\/814","targetHints":{"allow":["GET"]}}],"collection":[{"href":"https:\/\/shopwcseu.com\/fr\/wp-json\/wp\/v2\/product"}],"about":[{"href":"https:\/\/shopwcseu.com\/fr\/wp-json\/wp\/v2\/types\/product"}],"wp:featuredmedia":[{"embeddable":true,"href":"https:\/\/shopwcseu.com\/fr\/wp-json\/wp\/v2\/media\/815"}],"wp:attachment":[{"href":"https:\/\/shopwcseu.com\/fr\/wp-json\/wp\/v2\/media?parent=814"}],"wp:term":[{"taxonomy":"product_brand","embeddable":true,"href":"https:\/\/shopwcseu.com\/fr\/wp-json\/wp\/v2\/product_brand?post=814"},{"taxonomy":"product_cat","embeddable":true,"href":"https:\/\/shopwcseu.com\/fr\/wp-json\/wp\/v2\/product_cat?post=814"},{"taxonomy":"product_tag","embeddable":true,"href":"https:\/\/shopwcseu.com\/fr\/wp-json\/wp\/v2\/product_tag?post=814"}],"curies":[{"name":"wp","href":"https:\/\/api.w.org\/{rel}","templated":true}]}}