{"id":806,"date":"2019-03-08T09:32:54","date_gmt":"2019-03-08T09:32:54","guid":{"rendered":"https:\/\/shopwcseu.com\/?post_type=product&#038;p=806"},"modified":"2023-12-05T06:34:51","modified_gmt":"2023-12-05T06:34:51","slug":"little-pete-multi-catch-mouse-trap-clear-lid","status":"publish","type":"product","link":"https:\/\/shopwcseu.com\/fr\/producto\/little-pete-multi-catch-mouse-trap-clear-lid\/","title":{"rendered":"Little Pete &#8211; Multi-Catch Mouse Trap &#8211; Clear Lid"},"content":{"rendered":"<p>Le J.T. Le pi\u00e8ge \u00e0 souris \u00e0 capture multiple Eaton <strong>Little Pete<\/strong> est dot\u00e9 d&rsquo;un couvercle transparent qui vous permet d&rsquo;identifier facilement et rapidement le moment o\u00f9 une souris a \u00e9t\u00e9 captur\u00e9e! Le couvercle peut \u00eatre ouvert et ferm\u00e9, vous permettant de vous d\u00e9barrasser des rongeurs et de r\u00e9utiliser le pi\u00e8ge pour une efficacit\u00e9 optimale.<\/p>\n<p>\u00c0 seulement 10-1 \/ 4 \u00ab\u00a0x 3-3 \/ 4\u00a0\u00bb x 1-3 \/ 4 \u00ab\u00a0, il est 55% plus \u00e9troit que les pi\u00e8ges souris standard \u00e0 capture multiple, ce qui le rend encore plus adapt\u00e9 aux espaces restreints et aux zones tr\u00e8s fr\u00e9quent\u00e9es! Le pi\u00e8ge \u00e0 souris Pete Multiple permet d\u2019attraper jusqu\u2019\u00e0 9 souris \u00e0 la fois. L\u2019app\u00e2tage n\u2019est pas n\u00e9cessaire, mais peut augmenter le taux de r\u00e9ussite.<\/p>\n<p><strong>Caract\u00e9ristiques:<\/strong><\/p>\n<p>Toute l&rsquo;unit\u00e9 de la rampe est facilement amovible. AUCUN outil requis!<br \/>\nEnlevez et remplacez la rampe en quelques secondes!<br \/>\nLes onglets int\u00e9rieurs tiennent le panneau de colle en place<br \/>\nLe syst\u00e8me \u00e0 double verrouillage maintient les rampes en place<br \/>\nLes unit\u00e9s ont des trous pour utiliser des attaches de fil ou de c\u00e2ble afin de fixer le couvercle<br \/>\nLes bases ont des onglets d\u00e9roulants pour soulever l&rsquo;unit\u00e9 dans les zones humides<br \/>\nRampes de remplacement disponibles<br \/>\n\u00c9conomise du temps et de l&rsquo;argent<br \/>\nSuppression de rampes pour utilisation comme moniteur \/ pi\u00e8ge \u00e0 insectes<\/p>","protected":false},"excerpt":{"rendered":"<p>Code de produit: JTE423CL<\/p>\n<p>https:\/\/www.youtube.com\/watch?v=Q9mEHSU2Z2s<\/p>\n","protected":false},"featured_media":807,"template":"","meta":[],"product_brand":[],"product_cat":[33],"product_tag":[],"class_list":{"0":"post-806","1":"product","2":"type-product","3":"status-publish","4":"has-post-thumbnail","6":"product_cat-trampas-para-roedores","8":"first","9":"instock","10":"shipping-taxable","11":"purchasable","12":"product-type-simple"},"yoast_head":"<!-- This site is optimized with the Yoast SEO plugin v27.0 - https:\/\/yoast.com\/product\/yoast-seo-wordpress\/ -->\n<title>Little Pete - Multi-Catch Mouse Trap - Clear Lid - Wildlife Control Supplies EU<\/title>\n<meta name=\"robots\" content=\"index, follow, max-snippet:-1, max-image-preview:large, max-video-preview:-1\" \/>\n<link rel=\"canonical\" href=\"https:\/\/shopwcseu.com\/producto\/little-pete-multi-catch-mouse-trap-clear-lid\/\" \/>\n<meta property=\"og:locale\" content=\"fr_FR\" \/>\n<meta property=\"og:type\" content=\"article\" \/>\n<meta property=\"og:title\" content=\"Little Pete - Multi-Catch Mouse Trap - Clear Lid - Wildlife Control Supplies EU\" \/>\n<meta property=\"og:description\" content=\"[:en]Product Code: JTE423CL  https:\/\/www.youtube.com\/watch?v=Q9mEHSU2Z2s[:es]C\u00f3digo de producto: JTE423CL  https:\/\/www.youtube.com\/watch?v=Q9mEHSU2Z2s[:fr]Code de produit: JTE423CL  https:\/\/www.youtube.com\/watch?v=Q9mEHSU2Z2s[:]\" \/>\n<meta property=\"og:url\" content=\"https:\/\/shopwcseu.com\/producto\/little-pete-multi-catch-mouse-trap-clear-lid\/\" \/>\n<meta property=\"og:site_name\" content=\"Wildlife Control Supplies EU\" \/>\n<meta property=\"article:modified_time\" content=\"2023-12-05T06:34:51+00:00\" \/>\n<meta property=\"og:image\" content=\"https:\/\/shopwcseu.com\/wp-content\/uploads\/2019\/03\/Little_Pete_med.gif\" \/>\n\t<meta property=\"og:image:width\" content=\"361\" \/>\n\t<meta property=\"og:image:height\" content=\"285\" \/>\n\t<meta property=\"og:image:type\" content=\"image\/gif\" \/>\n<meta name=\"twitter:card\" content=\"summary_large_image\" \/>\n<meta name=\"twitter:label1\" content=\"Dur\u00e9e de lecture estim\u00e9e\" \/>\n\t<meta name=\"twitter:data1\" content=\"3 minutes\" \/>\n<script type=\"application\/ld+json\" class=\"yoast-schema-graph\">{\"@context\":\"https:\/\/schema.org\",\"@graph\":[{\"@type\":\"WebPage\",\"@id\":\"https:\/\/shopwcseu.com\/producto\/little-pete-multi-catch-mouse-trap-clear-lid\/\",\"url\":\"https:\/\/shopwcseu.com\/producto\/little-pete-multi-catch-mouse-trap-clear-lid\/\",\"name\":\"Little Pete - Multi-Catch Mouse Trap - Clear Lid - Wildlife Control Supplies EU\",\"isPartOf\":{\"@id\":\"https:\/\/shopwcseu.com\/es\/#website\"},\"primaryImageOfPage\":{\"@id\":\"https:\/\/shopwcseu.com\/producto\/little-pete-multi-catch-mouse-trap-clear-lid\/#primaryimage\"},\"image\":{\"@id\":\"https:\/\/shopwcseu.com\/producto\/little-pete-multi-catch-mouse-trap-clear-lid\/#primaryimage\"},\"thumbnailUrl\":\"https:\/\/shopwcseu.com\/wp-content\/uploads\/2019\/03\/Little_Pete_med.gif\",\"datePublished\":\"2019-03-08T09:32:54+00:00\",\"dateModified\":\"2023-12-05T06:34:51+00:00\",\"breadcrumb\":{\"@id\":\"https:\/\/shopwcseu.com\/producto\/little-pete-multi-catch-mouse-trap-clear-lid\/#breadcrumb\"},\"inLanguage\":\"fr-FR\",\"potentialAction\":[{\"@type\":\"ReadAction\",\"target\":[\"https:\/\/shopwcseu.com\/producto\/little-pete-multi-catch-mouse-trap-clear-lid\/\"]}]},{\"@type\":\"ImageObject\",\"inLanguage\":\"fr-FR\",\"@id\":\"https:\/\/shopwcseu.com\/producto\/little-pete-multi-catch-mouse-trap-clear-lid\/#primaryimage\",\"url\":\"https:\/\/shopwcseu.com\/wp-content\/uploads\/2019\/03\/Little_Pete_med.gif\",\"contentUrl\":\"https:\/\/shopwcseu.com\/wp-content\/uploads\/2019\/03\/Little_Pete_med.gif\",\"width\":361,\"height\":285},{\"@type\":\"BreadcrumbList\",\"@id\":\"https:\/\/shopwcseu.com\/producto\/little-pete-multi-catch-mouse-trap-clear-lid\/#breadcrumb\",\"itemListElement\":[{\"@type\":\"ListItem\",\"position\":1,\"name\":\"Home\",\"item\":\"https:\/\/shopwcseu.com\/es\/\"},{\"@type\":\"ListItem\",\"position\":2,\"name\":\"Productos\",\"item\":\"https:\/\/shopwcseu.com\/es\/products\/\"},{\"@type\":\"ListItem\",\"position\":3,\"name\":\"Little Pete &#8211; Multi-Catch Mouse Trap &#8211; Clear Lid\"}]},{\"@type\":\"WebSite\",\"@id\":\"https:\/\/shopwcseu.com\/es\/#website\",\"url\":\"https:\/\/shopwcseu.com\/es\/\",\"name\":\"Wildlife Control Supplies EU\",\"description\":\"La tienda de suministros de material de captura m\u00e1s grande de Europa\",\"potentialAction\":[{\"@type\":\"SearchAction\",\"target\":{\"@type\":\"EntryPoint\",\"urlTemplate\":\"https:\/\/shopwcseu.com\/es\/?s={search_term_string}\"},\"query-input\":{\"@type\":\"PropertyValueSpecification\",\"valueRequired\":true,\"valueName\":\"search_term_string\"}}],\"inLanguage\":\"fr-FR\"}]}<\/script>\n<!-- \/ Yoast SEO plugin. -->","yoast_head_json":{"title":"Little Pete - Multi-Catch Mouse Trap - Clear Lid - Wildlife Control Supplies EU","robots":{"index":"index","follow":"follow","max-snippet":"max-snippet:-1","max-image-preview":"max-image-preview:large","max-video-preview":"max-video-preview:-1"},"canonical":"https:\/\/shopwcseu.com\/producto\/little-pete-multi-catch-mouse-trap-clear-lid\/","og_locale":"fr_FR","og_type":"article","og_title":"Little Pete - Multi-Catch Mouse Trap - Clear Lid - Wildlife Control Supplies EU","og_description":"[:en]Product Code: JTE423CL  https:\/\/www.youtube.com\/watch?v=Q9mEHSU2Z2s[:es]C\u00f3digo de producto: JTE423CL  https:\/\/www.youtube.com\/watch?v=Q9mEHSU2Z2s[:fr]Code de produit: JTE423CL  https:\/\/www.youtube.com\/watch?v=Q9mEHSU2Z2s[:]","og_url":"https:\/\/shopwcseu.com\/producto\/little-pete-multi-catch-mouse-trap-clear-lid\/","og_site_name":"Wildlife Control Supplies EU","article_modified_time":"2023-12-05T06:34:51+00:00","og_image":[{"width":361,"height":285,"url":"https:\/\/shopwcseu.com\/wp-content\/uploads\/2019\/03\/Little_Pete_med.gif","type":"image\/gif"}],"twitter_card":"summary_large_image","twitter_misc":{"Dur\u00e9e de lecture estim\u00e9e":"3 minutes"},"schema":{"@context":"https:\/\/schema.org","@graph":[{"@type":"WebPage","@id":"https:\/\/shopwcseu.com\/producto\/little-pete-multi-catch-mouse-trap-clear-lid\/","url":"https:\/\/shopwcseu.com\/producto\/little-pete-multi-catch-mouse-trap-clear-lid\/","name":"Little Pete - Multi-Catch Mouse Trap - Clear Lid - Wildlife Control Supplies EU","isPartOf":{"@id":"https:\/\/shopwcseu.com\/es\/#website"},"primaryImageOfPage":{"@id":"https:\/\/shopwcseu.com\/producto\/little-pete-multi-catch-mouse-trap-clear-lid\/#primaryimage"},"image":{"@id":"https:\/\/shopwcseu.com\/producto\/little-pete-multi-catch-mouse-trap-clear-lid\/#primaryimage"},"thumbnailUrl":"https:\/\/shopwcseu.com\/wp-content\/uploads\/2019\/03\/Little_Pete_med.gif","datePublished":"2019-03-08T09:32:54+00:00","dateModified":"2023-12-05T06:34:51+00:00","breadcrumb":{"@id":"https:\/\/shopwcseu.com\/producto\/little-pete-multi-catch-mouse-trap-clear-lid\/#breadcrumb"},"inLanguage":"fr-FR","potentialAction":[{"@type":"ReadAction","target":["https:\/\/shopwcseu.com\/producto\/little-pete-multi-catch-mouse-trap-clear-lid\/"]}]},{"@type":"ImageObject","inLanguage":"fr-FR","@id":"https:\/\/shopwcseu.com\/producto\/little-pete-multi-catch-mouse-trap-clear-lid\/#primaryimage","url":"https:\/\/shopwcseu.com\/wp-content\/uploads\/2019\/03\/Little_Pete_med.gif","contentUrl":"https:\/\/shopwcseu.com\/wp-content\/uploads\/2019\/03\/Little_Pete_med.gif","width":361,"height":285},{"@type":"BreadcrumbList","@id":"https:\/\/shopwcseu.com\/producto\/little-pete-multi-catch-mouse-trap-clear-lid\/#breadcrumb","itemListElement":[{"@type":"ListItem","position":1,"name":"Home","item":"https:\/\/shopwcseu.com\/es\/"},{"@type":"ListItem","position":2,"name":"Productos","item":"https:\/\/shopwcseu.com\/es\/products\/"},{"@type":"ListItem","position":3,"name":"Little Pete &#8211; Multi-Catch Mouse Trap &#8211; Clear Lid"}]},{"@type":"WebSite","@id":"https:\/\/shopwcseu.com\/es\/#website","url":"https:\/\/shopwcseu.com\/es\/","name":"Wildlife Control Supplies EU","description":"La tienda de suministros de material de captura m\u00e1s grande de Europa","potentialAction":[{"@type":"SearchAction","target":{"@type":"EntryPoint","urlTemplate":"https:\/\/shopwcseu.com\/es\/?s={search_term_string}"},"query-input":{"@type":"PropertyValueSpecification","valueRequired":true,"valueName":"search_term_string"}}],"inLanguage":"fr-FR"}]}},"_links":{"self":[{"href":"https:\/\/shopwcseu.com\/fr\/wp-json\/wp\/v2\/product\/806","targetHints":{"allow":["GET"]}}],"collection":[{"href":"https:\/\/shopwcseu.com\/fr\/wp-json\/wp\/v2\/product"}],"about":[{"href":"https:\/\/shopwcseu.com\/fr\/wp-json\/wp\/v2\/types\/product"}],"wp:featuredmedia":[{"embeddable":true,"href":"https:\/\/shopwcseu.com\/fr\/wp-json\/wp\/v2\/media\/807"}],"wp:attachment":[{"href":"https:\/\/shopwcseu.com\/fr\/wp-json\/wp\/v2\/media?parent=806"}],"wp:term":[{"taxonomy":"product_brand","embeddable":true,"href":"https:\/\/shopwcseu.com\/fr\/wp-json\/wp\/v2\/product_brand?post=806"},{"taxonomy":"product_cat","embeddable":true,"href":"https:\/\/shopwcseu.com\/fr\/wp-json\/wp\/v2\/product_cat?post=806"},{"taxonomy":"product_tag","embeddable":true,"href":"https:\/\/shopwcseu.com\/fr\/wp-json\/wp\/v2\/product_tag?post=806"}],"curies":[{"name":"wp","href":"https:\/\/api.w.org\/{rel}","templated":true}]}}