{"id":766,"date":"2019-02-18T10:34:54","date_gmt":"2019-02-18T10:34:54","guid":{"rendered":"https:\/\/shopwcseu.com\/?post_type=product&#038;p=766"},"modified":"2023-12-05T06:35:08","modified_gmt":"2023-12-05T06:35:08","slug":"espanol-koro-large-rodent-trap-muskrat","status":"publish","type":"product","link":"https:\/\/shopwcseu.com\/fr\/producto\/espanol-koro-large-rodent-trap-muskrat\/","title":{"rendered":"KORO Large Rodent Trap (Muskrat)"},"content":{"rendered":"<p>Le <strong>grand pi\u00e8ge \u00e0 rongeurs Koro<\/strong>, \u00e9galement connu sous le nom de mod\u00e8le Muskrat, mesure 5,25 \u00ab\u00a0de large x 4,5\u00a0\u00bb de large x 4,5 \u00ab\u00a0de hauteur. Ce pi\u00e8ge est excellent pour les \u00e9cureuils de tous types. Les rats, les rats musqu\u00e9s, les visons et les animaux de taille similaire en Norv\u00e8ge Il est tr\u00e8s polyvalent et peut m\u00eame \u00eatre attach\u00e9 \u00e0 une branche pour servir de pi\u00e8ge quasi tunnel ou de pi\u00e8ge \u00e0 app\u00e2t en empalant une noix, c&rsquo;est-\u00e0-dire une cacahu\u00e8te en coquille sur la broche qui fait saillie vers le haut arri\u00e8re du plateau d\u00e9clencheur.<\/p>\n<p>Cliquez ici pour les\u00a0<strong><a title=\"Koro Rodent Trap Instructions\" href=\"http:\/\/www.wildlifecontrolsupplies.com\/pdf\/Koro_Rodent_Trap_Instructions.pdf\" target=\"_blank\" rel=\"noopener\">Instructions du produit<\/a>.<\/strong><\/p>","protected":false},"excerpt":{"rendered":"<p>Code de produit: NWSKT02<\/p>\n","protected":false},"featured_media":796,"template":"","meta":[],"product_brand":[],"product_cat":[17,33],"product_tag":[],"class_list":{"0":"post-766","1":"product","2":"type-product","3":"status-publish","4":"has-post-thumbnail","6":"product_cat-sin-categoria","7":"product_cat-trampas-para-roedores","9":"first","10":"instock","11":"shipping-taxable","12":"purchasable","13":"product-type-simple"},"yoast_head":"<!-- This site is optimized with the Yoast SEO plugin v27.0 - https:\/\/yoast.com\/product\/yoast-seo-wordpress\/ -->\n<title>KORO Large Rodent Trap (Muskrat) - Wildlife Control Supplies EU<\/title>\n<meta name=\"robots\" content=\"index, follow, max-snippet:-1, max-image-preview:large, max-video-preview:-1\" \/>\n<link rel=\"canonical\" href=\"https:\/\/shopwcseu.com\/producto\/espanol-koro-large-rodent-trap-muskrat\/\" \/>\n<meta property=\"og:locale\" content=\"fr_FR\" \/>\n<meta property=\"og:type\" content=\"article\" \/>\n<meta property=\"og:title\" content=\"KORO Large Rodent Trap (Muskrat) - Wildlife Control Supplies EU\" \/>\n<meta property=\"og:description\" content=\"[:en]Product Code: NWSKT02[:es]C\u00f3digo del producto: NWSKT02[:fr]Code de produit: NWSKT02[:]\" \/>\n<meta property=\"og:url\" content=\"https:\/\/shopwcseu.com\/producto\/espanol-koro-large-rodent-trap-muskrat\/\" \/>\n<meta property=\"og:site_name\" content=\"Wildlife Control Supplies EU\" \/>\n<meta property=\"article:modified_time\" content=\"2023-12-05T06:35:08+00:00\" \/>\n<meta property=\"og:image\" content=\"https:\/\/shopwcseu.com\/wp-content\/uploads\/2019\/02\/Koro_LG_Rodent_UnSet_500px_2.jpg\" \/>\n\t<meta property=\"og:image:width\" content=\"500\" \/>\n\t<meta property=\"og:image:height\" content=\"500\" \/>\n\t<meta property=\"og:image:type\" content=\"image\/jpeg\" \/>\n<meta name=\"twitter:card\" content=\"summary_large_image\" \/>\n<meta name=\"twitter:label1\" content=\"Dur\u00e9e de lecture estim\u00e9e\" \/>\n\t<meta name=\"twitter:data1\" content=\"2 minutes\" \/>\n<script type=\"application\/ld+json\" class=\"yoast-schema-graph\">{\"@context\":\"https:\/\/schema.org\",\"@graph\":[{\"@type\":\"WebPage\",\"@id\":\"https:\/\/shopwcseu.com\/producto\/espanol-koro-large-rodent-trap-muskrat\/\",\"url\":\"https:\/\/shopwcseu.com\/producto\/espanol-koro-large-rodent-trap-muskrat\/\",\"name\":\"KORO Large Rodent Trap (Muskrat) - Wildlife Control Supplies EU\",\"isPartOf\":{\"@id\":\"https:\/\/shopwcseu.com\/es\/#website\"},\"primaryImageOfPage\":{\"@id\":\"https:\/\/shopwcseu.com\/producto\/espanol-koro-large-rodent-trap-muskrat\/#primaryimage\"},\"image\":{\"@id\":\"https:\/\/shopwcseu.com\/producto\/espanol-koro-large-rodent-trap-muskrat\/#primaryimage\"},\"thumbnailUrl\":\"https:\/\/shopwcseu.com\/wp-content\/uploads\/2019\/02\/Koro_LG_Rodent_UnSet_500px_2.jpg\",\"datePublished\":\"2019-02-18T10:34:54+00:00\",\"dateModified\":\"2023-12-05T06:35:08+00:00\",\"breadcrumb\":{\"@id\":\"https:\/\/shopwcseu.com\/producto\/espanol-koro-large-rodent-trap-muskrat\/#breadcrumb\"},\"inLanguage\":\"fr-FR\",\"potentialAction\":[{\"@type\":\"ReadAction\",\"target\":[\"https:\/\/shopwcseu.com\/producto\/espanol-koro-large-rodent-trap-muskrat\/\"]}]},{\"@type\":\"ImageObject\",\"inLanguage\":\"fr-FR\",\"@id\":\"https:\/\/shopwcseu.com\/producto\/espanol-koro-large-rodent-trap-muskrat\/#primaryimage\",\"url\":\"https:\/\/shopwcseu.com\/wp-content\/uploads\/2019\/02\/Koro_LG_Rodent_UnSet_500px_2.jpg\",\"contentUrl\":\"https:\/\/shopwcseu.com\/wp-content\/uploads\/2019\/02\/Koro_LG_Rodent_UnSet_500px_2.jpg\",\"width\":500,\"height\":500},{\"@type\":\"BreadcrumbList\",\"@id\":\"https:\/\/shopwcseu.com\/producto\/espanol-koro-large-rodent-trap-muskrat\/#breadcrumb\",\"itemListElement\":[{\"@type\":\"ListItem\",\"position\":1,\"name\":\"Home\",\"item\":\"https:\/\/shopwcseu.com\/es\/\"},{\"@type\":\"ListItem\",\"position\":2,\"name\":\"Productos\",\"item\":\"https:\/\/shopwcseu.com\/es\/products\/\"},{\"@type\":\"ListItem\",\"position\":3,\"name\":\"KORO Large Rodent Trap (Muskrat)\"}]},{\"@type\":\"WebSite\",\"@id\":\"https:\/\/shopwcseu.com\/es\/#website\",\"url\":\"https:\/\/shopwcseu.com\/es\/\",\"name\":\"Wildlife Control Supplies EU\",\"description\":\"La tienda de suministros de material de captura m\u00e1s grande de Europa\",\"potentialAction\":[{\"@type\":\"SearchAction\",\"target\":{\"@type\":\"EntryPoint\",\"urlTemplate\":\"https:\/\/shopwcseu.com\/es\/?s={search_term_string}\"},\"query-input\":{\"@type\":\"PropertyValueSpecification\",\"valueRequired\":true,\"valueName\":\"search_term_string\"}}],\"inLanguage\":\"fr-FR\"}]}<\/script>\n<!-- \/ Yoast SEO plugin. -->","yoast_head_json":{"title":"KORO Large Rodent Trap (Muskrat) - Wildlife Control Supplies EU","robots":{"index":"index","follow":"follow","max-snippet":"max-snippet:-1","max-image-preview":"max-image-preview:large","max-video-preview":"max-video-preview:-1"},"canonical":"https:\/\/shopwcseu.com\/producto\/espanol-koro-large-rodent-trap-muskrat\/","og_locale":"fr_FR","og_type":"article","og_title":"KORO Large Rodent Trap (Muskrat) - Wildlife Control Supplies EU","og_description":"[:en]Product Code: NWSKT02[:es]C\u00f3digo del producto: NWSKT02[:fr]Code de produit: NWSKT02[:]","og_url":"https:\/\/shopwcseu.com\/producto\/espanol-koro-large-rodent-trap-muskrat\/","og_site_name":"Wildlife Control Supplies EU","article_modified_time":"2023-12-05T06:35:08+00:00","og_image":[{"width":500,"height":500,"url":"https:\/\/shopwcseu.com\/wp-content\/uploads\/2019\/02\/Koro_LG_Rodent_UnSet_500px_2.jpg","type":"image\/jpeg"}],"twitter_card":"summary_large_image","twitter_misc":{"Dur\u00e9e de lecture estim\u00e9e":"2 minutes"},"schema":{"@context":"https:\/\/schema.org","@graph":[{"@type":"WebPage","@id":"https:\/\/shopwcseu.com\/producto\/espanol-koro-large-rodent-trap-muskrat\/","url":"https:\/\/shopwcseu.com\/producto\/espanol-koro-large-rodent-trap-muskrat\/","name":"KORO Large Rodent Trap (Muskrat) - Wildlife Control Supplies EU","isPartOf":{"@id":"https:\/\/shopwcseu.com\/es\/#website"},"primaryImageOfPage":{"@id":"https:\/\/shopwcseu.com\/producto\/espanol-koro-large-rodent-trap-muskrat\/#primaryimage"},"image":{"@id":"https:\/\/shopwcseu.com\/producto\/espanol-koro-large-rodent-trap-muskrat\/#primaryimage"},"thumbnailUrl":"https:\/\/shopwcseu.com\/wp-content\/uploads\/2019\/02\/Koro_LG_Rodent_UnSet_500px_2.jpg","datePublished":"2019-02-18T10:34:54+00:00","dateModified":"2023-12-05T06:35:08+00:00","breadcrumb":{"@id":"https:\/\/shopwcseu.com\/producto\/espanol-koro-large-rodent-trap-muskrat\/#breadcrumb"},"inLanguage":"fr-FR","potentialAction":[{"@type":"ReadAction","target":["https:\/\/shopwcseu.com\/producto\/espanol-koro-large-rodent-trap-muskrat\/"]}]},{"@type":"ImageObject","inLanguage":"fr-FR","@id":"https:\/\/shopwcseu.com\/producto\/espanol-koro-large-rodent-trap-muskrat\/#primaryimage","url":"https:\/\/shopwcseu.com\/wp-content\/uploads\/2019\/02\/Koro_LG_Rodent_UnSet_500px_2.jpg","contentUrl":"https:\/\/shopwcseu.com\/wp-content\/uploads\/2019\/02\/Koro_LG_Rodent_UnSet_500px_2.jpg","width":500,"height":500},{"@type":"BreadcrumbList","@id":"https:\/\/shopwcseu.com\/producto\/espanol-koro-large-rodent-trap-muskrat\/#breadcrumb","itemListElement":[{"@type":"ListItem","position":1,"name":"Home","item":"https:\/\/shopwcseu.com\/es\/"},{"@type":"ListItem","position":2,"name":"Productos","item":"https:\/\/shopwcseu.com\/es\/products\/"},{"@type":"ListItem","position":3,"name":"KORO Large Rodent Trap (Muskrat)"}]},{"@type":"WebSite","@id":"https:\/\/shopwcseu.com\/es\/#website","url":"https:\/\/shopwcseu.com\/es\/","name":"Wildlife Control Supplies EU","description":"La tienda de suministros de material de captura m\u00e1s grande de Europa","potentialAction":[{"@type":"SearchAction","target":{"@type":"EntryPoint","urlTemplate":"https:\/\/shopwcseu.com\/es\/?s={search_term_string}"},"query-input":{"@type":"PropertyValueSpecification","valueRequired":true,"valueName":"search_term_string"}}],"inLanguage":"fr-FR"}]}},"_links":{"self":[{"href":"https:\/\/shopwcseu.com\/fr\/wp-json\/wp\/v2\/product\/766","targetHints":{"allow":["GET"]}}],"collection":[{"href":"https:\/\/shopwcseu.com\/fr\/wp-json\/wp\/v2\/product"}],"about":[{"href":"https:\/\/shopwcseu.com\/fr\/wp-json\/wp\/v2\/types\/product"}],"wp:featuredmedia":[{"embeddable":true,"href":"https:\/\/shopwcseu.com\/fr\/wp-json\/wp\/v2\/media\/796"}],"wp:attachment":[{"href":"https:\/\/shopwcseu.com\/fr\/wp-json\/wp\/v2\/media?parent=766"}],"wp:term":[{"taxonomy":"product_brand","embeddable":true,"href":"https:\/\/shopwcseu.com\/fr\/wp-json\/wp\/v2\/product_brand?post=766"},{"taxonomy":"product_cat","embeddable":true,"href":"https:\/\/shopwcseu.com\/fr\/wp-json\/wp\/v2\/product_cat?post=766"},{"taxonomy":"product_tag","embeddable":true,"href":"https:\/\/shopwcseu.com\/fr\/wp-json\/wp\/v2\/product_tag?post=766"}],"curies":[{"name":"wp","href":"https:\/\/api.w.org\/{rel}","templated":true}]}}