{"id":76,"date":"2018-09-18T18:26:44","date_gmt":"2018-09-18T18:26:44","guid":{"rendered":"http:\/\/www.wildlifeeu.com.mialias.net\/?post_type=product&#038;p=76"},"modified":"2025-12-23T09:40:38","modified_gmt":"2025-12-23T09:40:38","slug":"wcs-pigeon-lp-trap","status":"publish","type":"product","link":"https:\/\/shopwcseu.com\/fr\/producto\/wcs-pigeon-lp-trap\/","title":{"rendered":"WCS\u2122 Pigeon LP Trap"},"content":{"rendered":"<p><strong>Le pi\u00e8ge WCS \u2122 Pigeon LP<\/strong> est un pi\u00e8ge \u00e0 pigeon dot\u00e9 de deux (2) portes \u00e0 bobine, chacune avec un \u00ab\u00a0pied\u00a0\u00bb unique sur les canettes, les emp\u00eachant de se coincer une fois que les oiseaux sont captur\u00e9s et pouss\u00e9s contre eux.<\/p>\n<p>Il est tr\u00e8s facile de retirer les oiseaux captur\u00e9s en p\u00e9n\u00e9trant dans le Pigeon LP avec une main gant\u00e9e et en les retirant par l\u2019une des portes d\u2019entr\u00e9e. Pour les emplacements qui exigent de la discr\u00e9tion, le profil bas facilite le glissement de la cage enti\u00e8re dans un sac en tissu ou un sac \u00e0 c\u00e9r\u00e9ales pour un transport facile \u00e0 l&rsquo;abri des regards.<\/p>\n<p>Trampa multicaptura para palomas. Es sencilla de instalar, y es sencillo retirar las aves capturadas.<\/p>","protected":false},"excerpt":{"rendered":"<p>Code de produit: WCSPGLP<\/p>\n<p>https:\/\/youtu.be\/G32MOPp2ScU<\/p>\n","protected":false},"featured_media":77,"template":"","meta":[],"product_brand":[],"product_cat":[17,24],"product_tag":[],"class_list":{"0":"post-76","1":"product","2":"type-product","3":"status-publish","4":"has-post-thumbnail","6":"product_cat-sin-categoria","7":"product_cat-trampas-para-aves","9":"first","10":"instock","11":"shipping-taxable","12":"purchasable","13":"product-type-simple"},"yoast_head":"<!-- This site is optimized with the Yoast SEO plugin v27.0 - https:\/\/yoast.com\/product\/yoast-seo-wordpress\/ -->\n<title>WCS\u2122 Pigeon LP Trap - Wildlife Control Supplies EU<\/title>\n<meta name=\"robots\" content=\"index, follow, max-snippet:-1, max-image-preview:large, max-video-preview:-1\" \/>\n<link rel=\"canonical\" href=\"https:\/\/shopwcseu.com\/producto\/wcs-pigeon-lp-trap\/\" \/>\n<meta property=\"og:locale\" content=\"fr_FR\" \/>\n<meta property=\"og:type\" content=\"article\" \/>\n<meta property=\"og:title\" content=\"WCS\u2122 Pigeon LP Trap - Wildlife Control Supplies EU\" \/>\n<meta property=\"og:description\" content=\"[:en]Product Code: WCSPGLP  https:\/\/youtu.be\/G32MOPp2ScU[:es]C\u00f3digo del producto: WCSPGLP  https:\/\/youtu.be\/G32MOPp2ScU[:fr]Code de produit: WCSPGLP  https:\/\/youtu.be\/G32MOPp2ScU[:]\" \/>\n<meta property=\"og:url\" content=\"https:\/\/shopwcseu.com\/producto\/wcs-pigeon-lp-trap\/\" \/>\n<meta property=\"og:site_name\" content=\"Wildlife Control Supplies EU\" \/>\n<meta property=\"article:modified_time\" content=\"2025-12-23T09:40:38+00:00\" \/>\n<meta property=\"og:image\" content=\"https:\/\/shopwcseu.com\/wp-content\/uploads\/2018\/09\/PGLP_500px.jpg\" \/>\n\t<meta property=\"og:image:width\" content=\"500\" \/>\n\t<meta property=\"og:image:height\" content=\"500\" \/>\n\t<meta property=\"og:image:type\" content=\"image\/jpeg\" \/>\n<meta name=\"twitter:card\" content=\"summary_large_image\" \/>\n<meta name=\"twitter:label1\" content=\"Dur\u00e9e de lecture estim\u00e9e\" \/>\n\t<meta name=\"twitter:data1\" content=\"2 minutes\" \/>\n<script type=\"application\/ld+json\" class=\"yoast-schema-graph\">{\"@context\":\"https:\/\/schema.org\",\"@graph\":[{\"@type\":\"WebPage\",\"@id\":\"https:\/\/shopwcseu.com\/producto\/wcs-pigeon-lp-trap\/\",\"url\":\"https:\/\/shopwcseu.com\/producto\/wcs-pigeon-lp-trap\/\",\"name\":\"WCS\u2122 Pigeon LP Trap - Wildlife Control Supplies EU\",\"isPartOf\":{\"@id\":\"https:\/\/shopwcseu.com\/es\/#website\"},\"primaryImageOfPage\":{\"@id\":\"https:\/\/shopwcseu.com\/producto\/wcs-pigeon-lp-trap\/#primaryimage\"},\"image\":{\"@id\":\"https:\/\/shopwcseu.com\/producto\/wcs-pigeon-lp-trap\/#primaryimage\"},\"thumbnailUrl\":\"https:\/\/shopwcseu.com\/wp-content\/uploads\/2018\/09\/PGLP_500px.jpg\",\"datePublished\":\"2018-09-18T18:26:44+00:00\",\"dateModified\":\"2025-12-23T09:40:38+00:00\",\"breadcrumb\":{\"@id\":\"https:\/\/shopwcseu.com\/producto\/wcs-pigeon-lp-trap\/#breadcrumb\"},\"inLanguage\":\"fr-FR\",\"potentialAction\":[{\"@type\":\"ReadAction\",\"target\":[\"https:\/\/shopwcseu.com\/producto\/wcs-pigeon-lp-trap\/\"]}]},{\"@type\":\"ImageObject\",\"inLanguage\":\"fr-FR\",\"@id\":\"https:\/\/shopwcseu.com\/producto\/wcs-pigeon-lp-trap\/#primaryimage\",\"url\":\"https:\/\/shopwcseu.com\/wp-content\/uploads\/2018\/09\/PGLP_500px.jpg\",\"contentUrl\":\"https:\/\/shopwcseu.com\/wp-content\/uploads\/2018\/09\/PGLP_500px.jpg\",\"width\":500,\"height\":500},{\"@type\":\"BreadcrumbList\",\"@id\":\"https:\/\/shopwcseu.com\/producto\/wcs-pigeon-lp-trap\/#breadcrumb\",\"itemListElement\":[{\"@type\":\"ListItem\",\"position\":1,\"name\":\"Home\",\"item\":\"https:\/\/shopwcseu.com\/es\/\"},{\"@type\":\"ListItem\",\"position\":2,\"name\":\"Productos\",\"item\":\"https:\/\/shopwcseu.com\/es\/products\/\"},{\"@type\":\"ListItem\",\"position\":3,\"name\":\"WCS\u2122 Pigeon LP Trap\"}]},{\"@type\":\"WebSite\",\"@id\":\"https:\/\/shopwcseu.com\/es\/#website\",\"url\":\"https:\/\/shopwcseu.com\/es\/\",\"name\":\"Wildlife Control Supplies EU\",\"description\":\"La tienda de suministros de material de captura m\u00e1s grande de Europa\",\"potentialAction\":[{\"@type\":\"SearchAction\",\"target\":{\"@type\":\"EntryPoint\",\"urlTemplate\":\"https:\/\/shopwcseu.com\/es\/?s={search_term_string}\"},\"query-input\":{\"@type\":\"PropertyValueSpecification\",\"valueRequired\":true,\"valueName\":\"search_term_string\"}}],\"inLanguage\":\"fr-FR\"}]}<\/script>\n<!-- \/ Yoast SEO plugin. -->","yoast_head_json":{"title":"WCS\u2122 Pigeon LP Trap - Wildlife Control Supplies EU","robots":{"index":"index","follow":"follow","max-snippet":"max-snippet:-1","max-image-preview":"max-image-preview:large","max-video-preview":"max-video-preview:-1"},"canonical":"https:\/\/shopwcseu.com\/producto\/wcs-pigeon-lp-trap\/","og_locale":"fr_FR","og_type":"article","og_title":"WCS\u2122 Pigeon LP Trap - Wildlife Control Supplies EU","og_description":"[:en]Product Code: WCSPGLP  https:\/\/youtu.be\/G32MOPp2ScU[:es]C\u00f3digo del producto: WCSPGLP  https:\/\/youtu.be\/G32MOPp2ScU[:fr]Code de produit: WCSPGLP  https:\/\/youtu.be\/G32MOPp2ScU[:]","og_url":"https:\/\/shopwcseu.com\/producto\/wcs-pigeon-lp-trap\/","og_site_name":"Wildlife Control Supplies EU","article_modified_time":"2025-12-23T09:40:38+00:00","og_image":[{"width":500,"height":500,"url":"https:\/\/shopwcseu.com\/wp-content\/uploads\/2018\/09\/PGLP_500px.jpg","type":"image\/jpeg"}],"twitter_card":"summary_large_image","twitter_misc":{"Dur\u00e9e de lecture estim\u00e9e":"2 minutes"},"schema":{"@context":"https:\/\/schema.org","@graph":[{"@type":"WebPage","@id":"https:\/\/shopwcseu.com\/producto\/wcs-pigeon-lp-trap\/","url":"https:\/\/shopwcseu.com\/producto\/wcs-pigeon-lp-trap\/","name":"WCS\u2122 Pigeon LP Trap - Wildlife Control Supplies EU","isPartOf":{"@id":"https:\/\/shopwcseu.com\/es\/#website"},"primaryImageOfPage":{"@id":"https:\/\/shopwcseu.com\/producto\/wcs-pigeon-lp-trap\/#primaryimage"},"image":{"@id":"https:\/\/shopwcseu.com\/producto\/wcs-pigeon-lp-trap\/#primaryimage"},"thumbnailUrl":"https:\/\/shopwcseu.com\/wp-content\/uploads\/2018\/09\/PGLP_500px.jpg","datePublished":"2018-09-18T18:26:44+00:00","dateModified":"2025-12-23T09:40:38+00:00","breadcrumb":{"@id":"https:\/\/shopwcseu.com\/producto\/wcs-pigeon-lp-trap\/#breadcrumb"},"inLanguage":"fr-FR","potentialAction":[{"@type":"ReadAction","target":["https:\/\/shopwcseu.com\/producto\/wcs-pigeon-lp-trap\/"]}]},{"@type":"ImageObject","inLanguage":"fr-FR","@id":"https:\/\/shopwcseu.com\/producto\/wcs-pigeon-lp-trap\/#primaryimage","url":"https:\/\/shopwcseu.com\/wp-content\/uploads\/2018\/09\/PGLP_500px.jpg","contentUrl":"https:\/\/shopwcseu.com\/wp-content\/uploads\/2018\/09\/PGLP_500px.jpg","width":500,"height":500},{"@type":"BreadcrumbList","@id":"https:\/\/shopwcseu.com\/producto\/wcs-pigeon-lp-trap\/#breadcrumb","itemListElement":[{"@type":"ListItem","position":1,"name":"Home","item":"https:\/\/shopwcseu.com\/es\/"},{"@type":"ListItem","position":2,"name":"Productos","item":"https:\/\/shopwcseu.com\/es\/products\/"},{"@type":"ListItem","position":3,"name":"WCS\u2122 Pigeon LP Trap"}]},{"@type":"WebSite","@id":"https:\/\/shopwcseu.com\/es\/#website","url":"https:\/\/shopwcseu.com\/es\/","name":"Wildlife Control Supplies EU","description":"La tienda de suministros de material de captura m\u00e1s grande de Europa","potentialAction":[{"@type":"SearchAction","target":{"@type":"EntryPoint","urlTemplate":"https:\/\/shopwcseu.com\/es\/?s={search_term_string}"},"query-input":{"@type":"PropertyValueSpecification","valueRequired":true,"valueName":"search_term_string"}}],"inLanguage":"fr-FR"}]}},"_links":{"self":[{"href":"https:\/\/shopwcseu.com\/fr\/wp-json\/wp\/v2\/product\/76","targetHints":{"allow":["GET"]}}],"collection":[{"href":"https:\/\/shopwcseu.com\/fr\/wp-json\/wp\/v2\/product"}],"about":[{"href":"https:\/\/shopwcseu.com\/fr\/wp-json\/wp\/v2\/types\/product"}],"wp:featuredmedia":[{"embeddable":true,"href":"https:\/\/shopwcseu.com\/fr\/wp-json\/wp\/v2\/media\/77"}],"wp:attachment":[{"href":"https:\/\/shopwcseu.com\/fr\/wp-json\/wp\/v2\/media?parent=76"}],"wp:term":[{"taxonomy":"product_brand","embeddable":true,"href":"https:\/\/shopwcseu.com\/fr\/wp-json\/wp\/v2\/product_brand?post=76"},{"taxonomy":"product_cat","embeddable":true,"href":"https:\/\/shopwcseu.com\/fr\/wp-json\/wp\/v2\/product_cat?post=76"},{"taxonomy":"product_tag","embeddable":true,"href":"https:\/\/shopwcseu.com\/fr\/wp-json\/wp\/v2\/product_tag?post=76"}],"curies":[{"name":"wp","href":"https:\/\/api.w.org\/{rel}","templated":true}]}}