{"id":699,"date":"2018-10-18T11:07:36","date_gmt":"2018-10-18T11:07:36","guid":{"rendered":"https:\/\/shopwcseu.com\/?post_type=product&#038;p=699"},"modified":"2024-01-03T10:56:34","modified_gmt":"2024-01-03T10:56:34","slug":"havahart-1078","status":"publish","type":"product","link":"https:\/\/shopwcseu.com\/fr\/producto\/havahart-1078\/","title":{"rendered":"Pi\u00e8ge \u00e0 cage professionnel Havahart 1078 &#8211; \u00e9cureuil \/ mouffette"},"content":{"rendered":"<p><strong>Pi\u00e8ge \u00e0 cage professionnel Havahart mod\u00e8le # 1078<\/strong> &#8211; Id\u00e9al pour pi\u00e9ger les gros \u00e9cureuils, les moufettes, les visons et les lapins. Ces pi\u00e8ges \u00e0 une porte, con\u00e7us et utilis\u00e9s par des trappeurs professionnels, r\u00e9sistent \u00e0 la corrosion et assurent des captures s\u00fbres et s\u00e9curis\u00e9es.<\/p>","protected":false},"excerpt":{"rendered":"<p>Code de produit: NWS1078<\/p>\n","protected":false},"featured_media":700,"template":"","meta":[],"product_brand":[],"product_cat":[38],"product_tag":[],"class_list":{"0":"post-699","1":"product","2":"type-product","3":"status-publish","4":"has-post-thumbnail","6":"product_cat-jaulas-trampa","8":"first","9":"instock","10":"shipping-taxable","11":"purchasable","12":"product-type-simple"},"yoast_head":"<!-- This site is optimized with the Yoast SEO plugin v27.0 - https:\/\/yoast.com\/product\/yoast-seo-wordpress\/ -->\n<title>Pi\u00e8ge \u00e0 cage professionnel Havahart 1078 - \u00e9cureuil \/ mouffette - Wildlife Control Supplies EU<\/title>\n<meta name=\"robots\" content=\"index, follow, max-snippet:-1, max-image-preview:large, max-video-preview:-1\" \/>\n<link rel=\"canonical\" href=\"https:\/\/shopwcseu.com\/es\/producto\/havahart-1078\/\" \/>\n<meta property=\"og:locale\" content=\"fr_FR\" \/>\n<meta property=\"og:type\" content=\"article\" \/>\n<meta property=\"og:title\" content=\"Pi\u00e8ge \u00e0 cage professionnel Havahart 1078 - \u00e9cureuil \/ mouffette - Wildlife Control Supplies EU\" \/>\n<meta property=\"og:description\" content=\"[:en]Product Code: NWS1078[:es]C\u00f3digo de producto: NWS1078[:fr]Code de produit: NWS1078[:]\" \/>\n<meta property=\"og:url\" content=\"https:\/\/shopwcseu.com\/es\/producto\/havahart-1078\/\" \/>\n<meta property=\"og:site_name\" content=\"Wildlife Control Supplies EU\" \/>\n<meta property=\"article:modified_time\" content=\"2024-01-03T10:56:34+00:00\" \/>\n<meta property=\"og:image\" content=\"https:\/\/shopwcseu.com\/wp-content\/uploads\/2018\/10\/1078_1000px_242x242.jpg\" \/>\n\t<meta property=\"og:image:width\" content=\"242\" \/>\n\t<meta property=\"og:image:height\" content=\"242\" \/>\n\t<meta property=\"og:image:type\" content=\"image\/jpeg\" \/>\n<meta name=\"twitter:card\" content=\"summary_large_image\" \/>\n<meta name=\"twitter:label1\" content=\"Dur\u00e9e de lecture estim\u00e9e\" \/>\n\t<meta name=\"twitter:data1\" content=\"1 minute\" \/>\n<script type=\"application\/ld+json\" class=\"yoast-schema-graph\">{\"@context\":\"https:\/\/schema.org\",\"@graph\":[{\"@type\":\"WebPage\",\"@id\":\"https:\/\/shopwcseu.com\/es\/producto\/havahart-1078\/\",\"url\":\"https:\/\/shopwcseu.com\/es\/producto\/havahart-1078\/\",\"name\":\"Pi\u00e8ge \u00e0 cage professionnel Havahart 1078 - \u00e9cureuil \/ mouffette - Wildlife Control Supplies EU\",\"isPartOf\":{\"@id\":\"https:\/\/shopwcseu.com\/es\/#website\"},\"primaryImageOfPage\":{\"@id\":\"https:\/\/shopwcseu.com\/es\/producto\/havahart-1078\/#primaryimage\"},\"image\":{\"@id\":\"https:\/\/shopwcseu.com\/es\/producto\/havahart-1078\/#primaryimage\"},\"thumbnailUrl\":\"https:\/\/shopwcseu.com\/wp-content\/uploads\/2018\/10\/1078_1000px_242x242.jpg\",\"datePublished\":\"2018-10-18T11:07:36+00:00\",\"dateModified\":\"2024-01-03T10:56:34+00:00\",\"breadcrumb\":{\"@id\":\"https:\/\/shopwcseu.com\/es\/producto\/havahart-1078\/#breadcrumb\"},\"inLanguage\":\"fr-FR\",\"potentialAction\":[{\"@type\":\"ReadAction\",\"target\":[\"https:\/\/shopwcseu.com\/es\/producto\/havahart-1078\/\"]}]},{\"@type\":\"ImageObject\",\"inLanguage\":\"fr-FR\",\"@id\":\"https:\/\/shopwcseu.com\/es\/producto\/havahart-1078\/#primaryimage\",\"url\":\"https:\/\/shopwcseu.com\/wp-content\/uploads\/2018\/10\/1078_1000px_242x242.jpg\",\"contentUrl\":\"https:\/\/shopwcseu.com\/wp-content\/uploads\/2018\/10\/1078_1000px_242x242.jpg\",\"width\":242,\"height\":242},{\"@type\":\"BreadcrumbList\",\"@id\":\"https:\/\/shopwcseu.com\/es\/producto\/havahart-1078\/#breadcrumb\",\"itemListElement\":[{\"@type\":\"ListItem\",\"position\":1,\"name\":\"Home\",\"item\":\"https:\/\/shopwcseu.com\/es\/\"},{\"@type\":\"ListItem\",\"position\":2,\"name\":\"Productos\",\"item\":\"https:\/\/shopwcseu.com\/es\/products\/\"},{\"@type\":\"ListItem\",\"position\":3,\"name\":\"Trampa profesional Jaula Havahart 1078 &#8211; ardilla \/ mofeta\"}]},{\"@type\":\"WebSite\",\"@id\":\"https:\/\/shopwcseu.com\/es\/#website\",\"url\":\"https:\/\/shopwcseu.com\/es\/\",\"name\":\"Wildlife Control Supplies EU\",\"description\":\"La tienda de suministros de material de captura m\u00e1s grande de Europa\",\"potentialAction\":[{\"@type\":\"SearchAction\",\"target\":{\"@type\":\"EntryPoint\",\"urlTemplate\":\"https:\/\/shopwcseu.com\/es\/?s={search_term_string}\"},\"query-input\":{\"@type\":\"PropertyValueSpecification\",\"valueRequired\":true,\"valueName\":\"search_term_string\"}}],\"inLanguage\":\"fr-FR\"}]}<\/script>\n<!-- \/ Yoast SEO plugin. -->","yoast_head_json":{"title":"Pi\u00e8ge \u00e0 cage professionnel Havahart 1078 - \u00e9cureuil \/ mouffette - Wildlife Control Supplies EU","robots":{"index":"index","follow":"follow","max-snippet":"max-snippet:-1","max-image-preview":"max-image-preview:large","max-video-preview":"max-video-preview:-1"},"canonical":"https:\/\/shopwcseu.com\/es\/producto\/havahart-1078\/","og_locale":"fr_FR","og_type":"article","og_title":"Pi\u00e8ge \u00e0 cage professionnel Havahart 1078 - \u00e9cureuil \/ mouffette - Wildlife Control Supplies EU","og_description":"[:en]Product Code: NWS1078[:es]C\u00f3digo de producto: NWS1078[:fr]Code de produit: NWS1078[:]","og_url":"https:\/\/shopwcseu.com\/es\/producto\/havahart-1078\/","og_site_name":"Wildlife Control Supplies EU","article_modified_time":"2024-01-03T10:56:34+00:00","og_image":[{"width":242,"height":242,"url":"https:\/\/shopwcseu.com\/wp-content\/uploads\/2018\/10\/1078_1000px_242x242.jpg","type":"image\/jpeg"}],"twitter_card":"summary_large_image","twitter_misc":{"Dur\u00e9e de lecture estim\u00e9e":"1 minute"},"schema":{"@context":"https:\/\/schema.org","@graph":[{"@type":"WebPage","@id":"https:\/\/shopwcseu.com\/es\/producto\/havahart-1078\/","url":"https:\/\/shopwcseu.com\/es\/producto\/havahart-1078\/","name":"Pi\u00e8ge \u00e0 cage professionnel Havahart 1078 - \u00e9cureuil \/ mouffette - Wildlife Control Supplies EU","isPartOf":{"@id":"https:\/\/shopwcseu.com\/es\/#website"},"primaryImageOfPage":{"@id":"https:\/\/shopwcseu.com\/es\/producto\/havahart-1078\/#primaryimage"},"image":{"@id":"https:\/\/shopwcseu.com\/es\/producto\/havahart-1078\/#primaryimage"},"thumbnailUrl":"https:\/\/shopwcseu.com\/wp-content\/uploads\/2018\/10\/1078_1000px_242x242.jpg","datePublished":"2018-10-18T11:07:36+00:00","dateModified":"2024-01-03T10:56:34+00:00","breadcrumb":{"@id":"https:\/\/shopwcseu.com\/es\/producto\/havahart-1078\/#breadcrumb"},"inLanguage":"fr-FR","potentialAction":[{"@type":"ReadAction","target":["https:\/\/shopwcseu.com\/es\/producto\/havahart-1078\/"]}]},{"@type":"ImageObject","inLanguage":"fr-FR","@id":"https:\/\/shopwcseu.com\/es\/producto\/havahart-1078\/#primaryimage","url":"https:\/\/shopwcseu.com\/wp-content\/uploads\/2018\/10\/1078_1000px_242x242.jpg","contentUrl":"https:\/\/shopwcseu.com\/wp-content\/uploads\/2018\/10\/1078_1000px_242x242.jpg","width":242,"height":242},{"@type":"BreadcrumbList","@id":"https:\/\/shopwcseu.com\/es\/producto\/havahart-1078\/#breadcrumb","itemListElement":[{"@type":"ListItem","position":1,"name":"Home","item":"https:\/\/shopwcseu.com\/es\/"},{"@type":"ListItem","position":2,"name":"Productos","item":"https:\/\/shopwcseu.com\/es\/products\/"},{"@type":"ListItem","position":3,"name":"Trampa profesional Jaula Havahart 1078 &#8211; ardilla \/ mofeta"}]},{"@type":"WebSite","@id":"https:\/\/shopwcseu.com\/es\/#website","url":"https:\/\/shopwcseu.com\/es\/","name":"Wildlife Control Supplies EU","description":"La tienda de suministros de material de captura m\u00e1s grande de Europa","potentialAction":[{"@type":"SearchAction","target":{"@type":"EntryPoint","urlTemplate":"https:\/\/shopwcseu.com\/es\/?s={search_term_string}"},"query-input":{"@type":"PropertyValueSpecification","valueRequired":true,"valueName":"search_term_string"}}],"inLanguage":"fr-FR"}]}},"_links":{"self":[{"href":"https:\/\/shopwcseu.com\/fr\/wp-json\/wp\/v2\/product\/699","targetHints":{"allow":["GET"]}}],"collection":[{"href":"https:\/\/shopwcseu.com\/fr\/wp-json\/wp\/v2\/product"}],"about":[{"href":"https:\/\/shopwcseu.com\/fr\/wp-json\/wp\/v2\/types\/product"}],"wp:featuredmedia":[{"embeddable":true,"href":"https:\/\/shopwcseu.com\/fr\/wp-json\/wp\/v2\/media\/700"}],"wp:attachment":[{"href":"https:\/\/shopwcseu.com\/fr\/wp-json\/wp\/v2\/media?parent=699"}],"wp:term":[{"taxonomy":"product_brand","embeddable":true,"href":"https:\/\/shopwcseu.com\/fr\/wp-json\/wp\/v2\/product_brand?post=699"},{"taxonomy":"product_cat","embeddable":true,"href":"https:\/\/shopwcseu.com\/fr\/wp-json\/wp\/v2\/product_cat?post=699"},{"taxonomy":"product_tag","embeddable":true,"href":"https:\/\/shopwcseu.com\/fr\/wp-json\/wp\/v2\/product_tag?post=699"}],"curies":[{"name":"wp","href":"https:\/\/api.w.org\/{rel}","templated":true}]}}