{"id":695,"date":"2018-10-18T11:04:29","date_gmt":"2018-10-18T11:04:29","guid":{"rendered":"https:\/\/shopwcseu.com\/?post_type=product&#038;p=695"},"modified":"2023-12-05T06:36:15","modified_gmt":"2023-12-05T06:36:15","slug":"havahart-1020","status":"publish","type":"product","link":"https:\/\/shopwcseu.com\/fr\/producto\/havahart-1020\/","title":{"rendered":"Havahart 1020 Live Animal Trap"},"content":{"rendered":"<p><strong>Le pi\u00e8ge \u00e0 animaux vivants Havahart 1020<\/strong> est con\u00e7u pour capturer des souris, des rats, des tamias et d\u2019autres animaux de taille similaire. Le 1020 est con\u00e7u pour les propri\u00e9taires et les jardiniers afin de capturer et de d\u00e9placer en toute s\u00e9curit\u00e9 les parasites sans les endommager. Ce pi\u00e8ge a une conception \u00e0 double porte et instille la confiance en l&rsquo;animal en lui permettant de regarder \u00ab\u00a0\u00e0 travers\u00a0\u00bb le pi\u00e8ge. Ce pi\u00e8ge peut \u00eatre install\u00e9 avec une ou deux portes ouvertes.<\/p>","protected":false},"excerpt":{"rendered":"<p>Code de produit: WCS1020<\/p>\n<p>https:\/\/www.youtube.com\/watch?v=LUst-VQCMYc<\/p>\n","protected":false},"featured_media":1032,"template":"","meta":[],"product_brand":[],"product_cat":[38],"product_tag":[],"class_list":{"0":"post-695","1":"product","2":"type-product","3":"status-publish","4":"has-post-thumbnail","6":"product_cat-jaulas-trampa","8":"first","9":"instock","10":"shipping-taxable","11":"purchasable","12":"product-type-simple"},"yoast_head":"<!-- This site is optimized with the Yoast SEO plugin v27.0 - https:\/\/yoast.com\/product\/yoast-seo-wordpress\/ -->\n<title>Havahart 1020 Live Animal Trap - Wildlife Control Supplies EU<\/title>\n<meta name=\"robots\" content=\"index, follow, max-snippet:-1, max-image-preview:large, max-video-preview:-1\" \/>\n<link rel=\"canonical\" href=\"https:\/\/shopwcseu.com\/es\/producto\/havahart-1020\/\" \/>\n<meta property=\"og:locale\" content=\"fr_FR\" \/>\n<meta property=\"og:type\" content=\"article\" \/>\n<meta property=\"og:title\" content=\"Havahart 1020 Live Animal Trap - Wildlife Control Supplies EU\" \/>\n<meta property=\"og:description\" content=\"[:en]Product Code: WCS1020  https:\/\/youtu.be\/LUst-VQCMYc[:es]C\u00f3digo del producto: WCS1020  https:\/\/www.youtube.com\/watch?v=LUst-VQCMYc[:fr]Code de produit: WCS1020  https:\/\/www.youtube.com\/watch?v=LUst-VQCMYc[:]\" \/>\n<meta property=\"og:url\" content=\"https:\/\/shopwcseu.com\/es\/producto\/havahart-1020\/\" \/>\n<meta property=\"og:site_name\" content=\"Wildlife Control Supplies EU\" \/>\n<meta property=\"article:modified_time\" content=\"2023-12-05T06:36:15+00:00\" \/>\n<meta property=\"og:image\" content=\"https:\/\/shopwcseu.com\/wp-content\/uploads\/2018\/10\/Havahart_1020_1000px_540x540.jpg\" \/>\n\t<meta property=\"og:image:width\" content=\"540\" \/>\n\t<meta property=\"og:image:height\" content=\"540\" \/>\n\t<meta property=\"og:image:type\" content=\"image\/jpeg\" \/>\n<meta name=\"twitter:card\" content=\"summary_large_image\" \/>\n<meta name=\"twitter:label1\" content=\"Dur\u00e9e de lecture estim\u00e9e\" \/>\n\t<meta name=\"twitter:data1\" content=\"1 minute\" \/>\n<script type=\"application\/ld+json\" class=\"yoast-schema-graph\">{\"@context\":\"https:\/\/schema.org\",\"@graph\":[{\"@type\":\"WebPage\",\"@id\":\"https:\/\/shopwcseu.com\/es\/producto\/havahart-1020\/\",\"url\":\"https:\/\/shopwcseu.com\/es\/producto\/havahart-1020\/\",\"name\":\"Havahart 1020 Live Animal Trap - Wildlife Control Supplies EU\",\"isPartOf\":{\"@id\":\"https:\/\/shopwcseu.com\/es\/#website\"},\"primaryImageOfPage\":{\"@id\":\"https:\/\/shopwcseu.com\/es\/producto\/havahart-1020\/#primaryimage\"},\"image\":{\"@id\":\"https:\/\/shopwcseu.com\/es\/producto\/havahart-1020\/#primaryimage\"},\"thumbnailUrl\":\"https:\/\/shopwcseu.com\/wp-content\/uploads\/2018\/10\/Havahart_1020_1000px_540x540.jpg\",\"datePublished\":\"2018-10-18T11:04:29+00:00\",\"dateModified\":\"2023-12-05T06:36:15+00:00\",\"breadcrumb\":{\"@id\":\"https:\/\/shopwcseu.com\/es\/producto\/havahart-1020\/#breadcrumb\"},\"inLanguage\":\"fr-FR\",\"potentialAction\":[{\"@type\":\"ReadAction\",\"target\":[\"https:\/\/shopwcseu.com\/es\/producto\/havahart-1020\/\"]}]},{\"@type\":\"ImageObject\",\"inLanguage\":\"fr-FR\",\"@id\":\"https:\/\/shopwcseu.com\/es\/producto\/havahart-1020\/#primaryimage\",\"url\":\"https:\/\/shopwcseu.com\/wp-content\/uploads\/2018\/10\/Havahart_1020_1000px_540x540.jpg\",\"contentUrl\":\"https:\/\/shopwcseu.com\/wp-content\/uploads\/2018\/10\/Havahart_1020_1000px_540x540.jpg\",\"width\":540,\"height\":540},{\"@type\":\"BreadcrumbList\",\"@id\":\"https:\/\/shopwcseu.com\/es\/producto\/havahart-1020\/#breadcrumb\",\"itemListElement\":[{\"@type\":\"ListItem\",\"position\":1,\"name\":\"Home\",\"item\":\"https:\/\/shopwcseu.com\/es\/\"},{\"@type\":\"ListItem\",\"position\":2,\"name\":\"Productos\",\"item\":\"https:\/\/shopwcseu.com\/es\/products\/\"},{\"@type\":\"ListItem\",\"position\":3,\"name\":\"Havahart 1020 Live Animal Trap\"}]},{\"@type\":\"WebSite\",\"@id\":\"https:\/\/shopwcseu.com\/es\/#website\",\"url\":\"https:\/\/shopwcseu.com\/es\/\",\"name\":\"Wildlife Control Supplies EU\",\"description\":\"La tienda de suministros de material de captura m\u00e1s grande de Europa\",\"potentialAction\":[{\"@type\":\"SearchAction\",\"target\":{\"@type\":\"EntryPoint\",\"urlTemplate\":\"https:\/\/shopwcseu.com\/es\/?s={search_term_string}\"},\"query-input\":{\"@type\":\"PropertyValueSpecification\",\"valueRequired\":true,\"valueName\":\"search_term_string\"}}],\"inLanguage\":\"fr-FR\"}]}<\/script>\n<!-- \/ Yoast SEO plugin. -->","yoast_head_json":{"title":"Havahart 1020 Live Animal Trap - Wildlife Control Supplies EU","robots":{"index":"index","follow":"follow","max-snippet":"max-snippet:-1","max-image-preview":"max-image-preview:large","max-video-preview":"max-video-preview:-1"},"canonical":"https:\/\/shopwcseu.com\/es\/producto\/havahart-1020\/","og_locale":"fr_FR","og_type":"article","og_title":"Havahart 1020 Live Animal Trap - Wildlife Control Supplies EU","og_description":"[:en]Product Code: WCS1020  https:\/\/youtu.be\/LUst-VQCMYc[:es]C\u00f3digo del producto: WCS1020  https:\/\/www.youtube.com\/watch?v=LUst-VQCMYc[:fr]Code de produit: WCS1020  https:\/\/www.youtube.com\/watch?v=LUst-VQCMYc[:]","og_url":"https:\/\/shopwcseu.com\/es\/producto\/havahart-1020\/","og_site_name":"Wildlife Control Supplies EU","article_modified_time":"2023-12-05T06:36:15+00:00","og_image":[{"width":540,"height":540,"url":"https:\/\/shopwcseu.com\/wp-content\/uploads\/2018\/10\/Havahart_1020_1000px_540x540.jpg","type":"image\/jpeg"}],"twitter_card":"summary_large_image","twitter_misc":{"Dur\u00e9e de lecture estim\u00e9e":"1 minute"},"schema":{"@context":"https:\/\/schema.org","@graph":[{"@type":"WebPage","@id":"https:\/\/shopwcseu.com\/es\/producto\/havahart-1020\/","url":"https:\/\/shopwcseu.com\/es\/producto\/havahart-1020\/","name":"Havahart 1020 Live Animal Trap - Wildlife Control Supplies EU","isPartOf":{"@id":"https:\/\/shopwcseu.com\/es\/#website"},"primaryImageOfPage":{"@id":"https:\/\/shopwcseu.com\/es\/producto\/havahart-1020\/#primaryimage"},"image":{"@id":"https:\/\/shopwcseu.com\/es\/producto\/havahart-1020\/#primaryimage"},"thumbnailUrl":"https:\/\/shopwcseu.com\/wp-content\/uploads\/2018\/10\/Havahart_1020_1000px_540x540.jpg","datePublished":"2018-10-18T11:04:29+00:00","dateModified":"2023-12-05T06:36:15+00:00","breadcrumb":{"@id":"https:\/\/shopwcseu.com\/es\/producto\/havahart-1020\/#breadcrumb"},"inLanguage":"fr-FR","potentialAction":[{"@type":"ReadAction","target":["https:\/\/shopwcseu.com\/es\/producto\/havahart-1020\/"]}]},{"@type":"ImageObject","inLanguage":"fr-FR","@id":"https:\/\/shopwcseu.com\/es\/producto\/havahart-1020\/#primaryimage","url":"https:\/\/shopwcseu.com\/wp-content\/uploads\/2018\/10\/Havahart_1020_1000px_540x540.jpg","contentUrl":"https:\/\/shopwcseu.com\/wp-content\/uploads\/2018\/10\/Havahart_1020_1000px_540x540.jpg","width":540,"height":540},{"@type":"BreadcrumbList","@id":"https:\/\/shopwcseu.com\/es\/producto\/havahart-1020\/#breadcrumb","itemListElement":[{"@type":"ListItem","position":1,"name":"Home","item":"https:\/\/shopwcseu.com\/es\/"},{"@type":"ListItem","position":2,"name":"Productos","item":"https:\/\/shopwcseu.com\/es\/products\/"},{"@type":"ListItem","position":3,"name":"Havahart 1020 Live Animal Trap"}]},{"@type":"WebSite","@id":"https:\/\/shopwcseu.com\/es\/#website","url":"https:\/\/shopwcseu.com\/es\/","name":"Wildlife Control Supplies EU","description":"La tienda de suministros de material de captura m\u00e1s grande de Europa","potentialAction":[{"@type":"SearchAction","target":{"@type":"EntryPoint","urlTemplate":"https:\/\/shopwcseu.com\/es\/?s={search_term_string}"},"query-input":{"@type":"PropertyValueSpecification","valueRequired":true,"valueName":"search_term_string"}}],"inLanguage":"fr-FR"}]}},"_links":{"self":[{"href":"https:\/\/shopwcseu.com\/fr\/wp-json\/wp\/v2\/product\/695","targetHints":{"allow":["GET"]}}],"collection":[{"href":"https:\/\/shopwcseu.com\/fr\/wp-json\/wp\/v2\/product"}],"about":[{"href":"https:\/\/shopwcseu.com\/fr\/wp-json\/wp\/v2\/types\/product"}],"wp:featuredmedia":[{"embeddable":true,"href":"https:\/\/shopwcseu.com\/fr\/wp-json\/wp\/v2\/media\/1032"}],"wp:attachment":[{"href":"https:\/\/shopwcseu.com\/fr\/wp-json\/wp\/v2\/media?parent=695"}],"wp:term":[{"taxonomy":"product_brand","embeddable":true,"href":"https:\/\/shopwcseu.com\/fr\/wp-json\/wp\/v2\/product_brand?post=695"},{"taxonomy":"product_cat","embeddable":true,"href":"https:\/\/shopwcseu.com\/fr\/wp-json\/wp\/v2\/product_cat?post=695"},{"taxonomy":"product_tag","embeddable":true,"href":"https:\/\/shopwcseu.com\/fr\/wp-json\/wp\/v2\/product_tag?post=695"}],"curies":[{"name":"wp","href":"https:\/\/api.w.org\/{rel}","templated":true}]}}