{"id":693,"date":"2018-10-18T10:56:53","date_gmt":"2018-10-18T10:56:53","guid":{"rendered":"https:\/\/shopwcseu.com\/?post_type=product&#038;p=693"},"modified":"2023-12-05T06:36:31","modified_gmt":"2023-12-05T06:36:31","slug":"safeguard-51690","status":"publish","type":"product","link":"https:\/\/shopwcseu.com\/fr\/producto\/safeguard-51690\/","title":{"rendered":"Safeguard 51690 Cage Trap 30&Prime; x 11&Prime; x 12&Prime; &#8211; Front Release"},"content":{"rendered":"<p><strong>Pi\u00e8ge \u00e0 cage de s\u00e9curit\u00e9 avec d\u00e9clenchement avant<\/strong>. Ce pi\u00e8ge mesure 30 \u00ab\u00a0de long sur 11\u00a0\u00bb de large sur 12 \u00ab\u00a0de hauteur et est construit en treillis m\u00e9tallique de 1\u00a0\u00bb x 1 \u00ab\u00a0. Id\u00e9al pour la capture de moufette, de raton laveur, de marmotte d&rsquo;Am\u00e9rique, de tatou, de chats sauvages, etc.<\/p>","protected":false},"excerpt":{"rendered":"<p>Code de produit: NWS51690<\/p>\n","protected":false},"featured_media":1035,"template":"","meta":[],"product_brand":[],"product_cat":[38],"product_tag":[],"class_list":{"0":"post-693","1":"product","2":"type-product","3":"status-publish","4":"has-post-thumbnail","6":"product_cat-jaulas-trampa","8":"first","9":"instock","10":"shipping-taxable","11":"purchasable","12":"product-type-simple"},"yoast_head":"<!-- This site is optimized with the Yoast SEO plugin v27.0 - https:\/\/yoast.com\/product\/yoast-seo-wordpress\/ -->\n<title>Safeguard 51690 Cage Trap 30&quot; x 11&quot; x 12&quot; - Front Release - Wildlife Control Supplies EU<\/title>\n<meta name=\"robots\" content=\"index, follow, max-snippet:-1, max-image-preview:large, max-video-preview:-1\" \/>\n<link rel=\"canonical\" href=\"https:\/\/shopwcseu.com\/es\/producto\/safeguard-51690\/\" \/>\n<meta property=\"og:locale\" content=\"fr_FR\" \/>\n<meta property=\"og:type\" content=\"article\" \/>\n<meta property=\"og:title\" content=\"Safeguard 51690 Cage Trap 30&quot; x 11&quot; x 12&quot; - Front Release - Wildlife Control Supplies EU\" \/>\n<meta property=\"og:description\" content=\"[:en]Product Code: NWS51690[:es]C\u00f3digo de producto: NWS51690[:fr]Code de produit: NWS51690[:]\" \/>\n<meta property=\"og:url\" content=\"https:\/\/shopwcseu.com\/es\/producto\/safeguard-51690\/\" \/>\n<meta property=\"og:site_name\" content=\"Wildlife Control Supplies EU\" \/>\n<meta property=\"article:modified_time\" content=\"2023-12-05T06:36:31+00:00\" \/>\n<meta property=\"og:image\" content=\"https:\/\/shopwcseu.com\/wp-content\/uploads\/2018\/10\/Captura-de-pantalla-2019-05-13-a-las-10.26.12.png\" \/>\n\t<meta property=\"og:image:width\" content=\"294\" \/>\n\t<meta property=\"og:image:height\" content=\"229\" \/>\n\t<meta property=\"og:image:type\" content=\"image\/png\" \/>\n<meta name=\"twitter:card\" content=\"summary_large_image\" \/>\n<meta name=\"twitter:label1\" content=\"Dur\u00e9e de lecture estim\u00e9e\" \/>\n\t<meta name=\"twitter:data1\" content=\"1 minute\" \/>\n<script type=\"application\/ld+json\" class=\"yoast-schema-graph\">{\"@context\":\"https:\/\/schema.org\",\"@graph\":[{\"@type\":\"WebPage\",\"@id\":\"https:\/\/shopwcseu.com\/es\/producto\/safeguard-51690\/\",\"url\":\"https:\/\/shopwcseu.com\/es\/producto\/safeguard-51690\/\",\"name\":\"Safeguard 51690 Cage Trap 30\\\" x 11\\\" x 12\\\" - Front Release - Wildlife Control Supplies EU\",\"isPartOf\":{\"@id\":\"https:\/\/shopwcseu.com\/es\/#website\"},\"primaryImageOfPage\":{\"@id\":\"https:\/\/shopwcseu.com\/es\/producto\/safeguard-51690\/#primaryimage\"},\"image\":{\"@id\":\"https:\/\/shopwcseu.com\/es\/producto\/safeguard-51690\/#primaryimage\"},\"thumbnailUrl\":\"https:\/\/shopwcseu.com\/wp-content\/uploads\/2018\/10\/Captura-de-pantalla-2019-05-13-a-las-10.26.12.png\",\"datePublished\":\"2018-10-18T10:56:53+00:00\",\"dateModified\":\"2023-12-05T06:36:31+00:00\",\"breadcrumb\":{\"@id\":\"https:\/\/shopwcseu.com\/es\/producto\/safeguard-51690\/#breadcrumb\"},\"inLanguage\":\"fr-FR\",\"potentialAction\":[{\"@type\":\"ReadAction\",\"target\":[\"https:\/\/shopwcseu.com\/es\/producto\/safeguard-51690\/\"]}]},{\"@type\":\"ImageObject\",\"inLanguage\":\"fr-FR\",\"@id\":\"https:\/\/shopwcseu.com\/es\/producto\/safeguard-51690\/#primaryimage\",\"url\":\"https:\/\/shopwcseu.com\/wp-content\/uploads\/2018\/10\/Captura-de-pantalla-2019-05-13-a-las-10.26.12.png\",\"contentUrl\":\"https:\/\/shopwcseu.com\/wp-content\/uploads\/2018\/10\/Captura-de-pantalla-2019-05-13-a-las-10.26.12.png\",\"width\":294,\"height\":229},{\"@type\":\"BreadcrumbList\",\"@id\":\"https:\/\/shopwcseu.com\/es\/producto\/safeguard-51690\/#breadcrumb\",\"itemListElement\":[{\"@type\":\"ListItem\",\"position\":1,\"name\":\"Home\",\"item\":\"https:\/\/shopwcseu.com\/es\/\"},{\"@type\":\"ListItem\",\"position\":2,\"name\":\"Productos\",\"item\":\"https:\/\/shopwcseu.com\/es\/products\/\"},{\"@type\":\"ListItem\",\"position\":3,\"name\":\"Safeguard 51690 Cage Trap 30&#8243; x 11&#8243; x 12&#8243; &#8211; Front Release\"}]},{\"@type\":\"WebSite\",\"@id\":\"https:\/\/shopwcseu.com\/es\/#website\",\"url\":\"https:\/\/shopwcseu.com\/es\/\",\"name\":\"Wildlife Control Supplies EU\",\"description\":\"La tienda de suministros de material de captura m\u00e1s grande de Europa\",\"potentialAction\":[{\"@type\":\"SearchAction\",\"target\":{\"@type\":\"EntryPoint\",\"urlTemplate\":\"https:\/\/shopwcseu.com\/es\/?s={search_term_string}\"},\"query-input\":{\"@type\":\"PropertyValueSpecification\",\"valueRequired\":true,\"valueName\":\"search_term_string\"}}],\"inLanguage\":\"fr-FR\"}]}<\/script>\n<!-- \/ Yoast SEO plugin. -->","yoast_head_json":{"title":"Safeguard 51690 Cage Trap 30\" x 11\" x 12\" - Front Release - Wildlife Control Supplies EU","robots":{"index":"index","follow":"follow","max-snippet":"max-snippet:-1","max-image-preview":"max-image-preview:large","max-video-preview":"max-video-preview:-1"},"canonical":"https:\/\/shopwcseu.com\/es\/producto\/safeguard-51690\/","og_locale":"fr_FR","og_type":"article","og_title":"Safeguard 51690 Cage Trap 30\" x 11\" x 12\" - Front Release - Wildlife Control Supplies EU","og_description":"[:en]Product Code: NWS51690[:es]C\u00f3digo de producto: NWS51690[:fr]Code de produit: NWS51690[:]","og_url":"https:\/\/shopwcseu.com\/es\/producto\/safeguard-51690\/","og_site_name":"Wildlife Control Supplies EU","article_modified_time":"2023-12-05T06:36:31+00:00","og_image":[{"width":294,"height":229,"url":"https:\/\/shopwcseu.com\/wp-content\/uploads\/2018\/10\/Captura-de-pantalla-2019-05-13-a-las-10.26.12.png","type":"image\/png"}],"twitter_card":"summary_large_image","twitter_misc":{"Dur\u00e9e de lecture estim\u00e9e":"1 minute"},"schema":{"@context":"https:\/\/schema.org","@graph":[{"@type":"WebPage","@id":"https:\/\/shopwcseu.com\/es\/producto\/safeguard-51690\/","url":"https:\/\/shopwcseu.com\/es\/producto\/safeguard-51690\/","name":"Safeguard 51690 Cage Trap 30\" x 11\" x 12\" - Front Release - Wildlife Control Supplies EU","isPartOf":{"@id":"https:\/\/shopwcseu.com\/es\/#website"},"primaryImageOfPage":{"@id":"https:\/\/shopwcseu.com\/es\/producto\/safeguard-51690\/#primaryimage"},"image":{"@id":"https:\/\/shopwcseu.com\/es\/producto\/safeguard-51690\/#primaryimage"},"thumbnailUrl":"https:\/\/shopwcseu.com\/wp-content\/uploads\/2018\/10\/Captura-de-pantalla-2019-05-13-a-las-10.26.12.png","datePublished":"2018-10-18T10:56:53+00:00","dateModified":"2023-12-05T06:36:31+00:00","breadcrumb":{"@id":"https:\/\/shopwcseu.com\/es\/producto\/safeguard-51690\/#breadcrumb"},"inLanguage":"fr-FR","potentialAction":[{"@type":"ReadAction","target":["https:\/\/shopwcseu.com\/es\/producto\/safeguard-51690\/"]}]},{"@type":"ImageObject","inLanguage":"fr-FR","@id":"https:\/\/shopwcseu.com\/es\/producto\/safeguard-51690\/#primaryimage","url":"https:\/\/shopwcseu.com\/wp-content\/uploads\/2018\/10\/Captura-de-pantalla-2019-05-13-a-las-10.26.12.png","contentUrl":"https:\/\/shopwcseu.com\/wp-content\/uploads\/2018\/10\/Captura-de-pantalla-2019-05-13-a-las-10.26.12.png","width":294,"height":229},{"@type":"BreadcrumbList","@id":"https:\/\/shopwcseu.com\/es\/producto\/safeguard-51690\/#breadcrumb","itemListElement":[{"@type":"ListItem","position":1,"name":"Home","item":"https:\/\/shopwcseu.com\/es\/"},{"@type":"ListItem","position":2,"name":"Productos","item":"https:\/\/shopwcseu.com\/es\/products\/"},{"@type":"ListItem","position":3,"name":"Safeguard 51690 Cage Trap 30&#8243; x 11&#8243; x 12&#8243; &#8211; Front Release"}]},{"@type":"WebSite","@id":"https:\/\/shopwcseu.com\/es\/#website","url":"https:\/\/shopwcseu.com\/es\/","name":"Wildlife Control Supplies EU","description":"La tienda de suministros de material de captura m\u00e1s grande de Europa","potentialAction":[{"@type":"SearchAction","target":{"@type":"EntryPoint","urlTemplate":"https:\/\/shopwcseu.com\/es\/?s={search_term_string}"},"query-input":{"@type":"PropertyValueSpecification","valueRequired":true,"valueName":"search_term_string"}}],"inLanguage":"fr-FR"}]}},"_links":{"self":[{"href":"https:\/\/shopwcseu.com\/fr\/wp-json\/wp\/v2\/product\/693","targetHints":{"allow":["GET"]}}],"collection":[{"href":"https:\/\/shopwcseu.com\/fr\/wp-json\/wp\/v2\/product"}],"about":[{"href":"https:\/\/shopwcseu.com\/fr\/wp-json\/wp\/v2\/types\/product"}],"wp:featuredmedia":[{"embeddable":true,"href":"https:\/\/shopwcseu.com\/fr\/wp-json\/wp\/v2\/media\/1035"}],"wp:attachment":[{"href":"https:\/\/shopwcseu.com\/fr\/wp-json\/wp\/v2\/media?parent=693"}],"wp:term":[{"taxonomy":"product_brand","embeddable":true,"href":"https:\/\/shopwcseu.com\/fr\/wp-json\/wp\/v2\/product_brand?post=693"},{"taxonomy":"product_cat","embeddable":true,"href":"https:\/\/shopwcseu.com\/fr\/wp-json\/wp\/v2\/product_cat?post=693"},{"taxonomy":"product_tag","embeddable":true,"href":"https:\/\/shopwcseu.com\/fr\/wp-json\/wp\/v2\/product_tag?post=693"}],"curies":[{"name":"wp","href":"https:\/\/api.w.org\/{rel}","templated":true}]}}