{"id":67,"date":"2018-09-18T18:09:20","date_gmt":"2018-09-18T18:09:20","guid":{"rendered":"http:\/\/www.wildlifeeu.com.mialias.net\/?post_type=product&#038;p=67"},"modified":"2025-12-23T09:40:21","modified_gmt":"2025-12-23T09:40:21","slug":"collarum-live-canine-capture-method","status":"publish","type":"product","link":"https:\/\/shopwcseu.com\/fr\/producto\/collarum-live-canine-capture-method\/","title":{"rendered":"COLLARUM\u00ae live capture canine device (Fox Model)"},"content":{"rendered":"<p>Le mod\u00e8le <strong>Collarum\u00ae Fox<\/strong> a des bras d&rsquo;un pouce plus courts que le mod\u00e8le coyote pour s&rsquo;adapter \u00e0 la posture plus petite d&rsquo;un renard et utilise une boucle de c\u00e2ble de 9 \u00ab\u00a0pour les animaux pesant jusqu&rsquo;\u00e0 20 lb. ou avec une t\u00eate plus petite; le diam\u00e8tre de c\u00e2ble utilis\u00e9 pour le mod\u00e8le de renard est de 5\/32 \u00ab\u00a0avec un Shurlock de taille appropri\u00e9e. Le mod\u00e8le de renard Collarum\u00ae n\u00e9cessite \u00e9galement moins d&rsquo;espace pour le r\u00e9glage par rapport au mod\u00e8le de coyote.<\/p>\n<p><strong>Chaque kit comprend:<\/strong><\/p>\n<ul>\n<li>Collarum\u00ae lanceur<\/li>\n<li>C\u00e2ble Live Capture 5\/32 \u00ab\u00a0avec ressort de choc et pivot en ligne<\/li>\n<li>Clips suppl\u00e9mentaires<\/li>\n<\/ul>\n<p><strong>N&rsquo;INCLUT PAS LE SYST\u00c8ME D&rsquo;ANCRAGE<\/strong><\/p>\n<p>Acc\u00e9dez aux instructions en ligne via l&rsquo;onglet \u00ab\u00a0Vid\u00e9os\u00a0\u00bb<\/p>\n<p><strong><a title=\"Collarum Instructions\" href=\"http:\/\/www.wildlifecontrolsupplies.com\/pdf\/Collarum_Instructions.pdf\" target=\"_blank\" rel=\"noopener\">Cliquez ici pour les instructions du produit<\/a><\/strong><\/p>","protected":false},"excerpt":{"rendered":"<p>Code de produit: NWSCDM03<\/p>\n<p><iframe loading=\"lazy\" src=\"https:\/\/www.youtube.com\/embed\/CZ-m8TIS354?autoplay=0&#038;fs=0&#038;iv_load_policy=3&#038;showinfo=0&#038;rel=0&#038;cc_load_policy=0&#038;start=0&#038;end=0&#038;origin=https:\/\/youtubeembedcode.com\" width=\"788.54\" height=\"443\" frameborder=\"0\" marginwidth=\"0\" marginheight=\"0\" scrolling=\"no\"><\/iframe><\/p>\n","protected":false},"featured_media":68,"template":"","meta":[],"product_brand":[],"product_cat":[23],"product_tag":[],"class_list":{"0":"post-67","1":"product","2":"type-product","3":"status-publish","4":"has-post-thumbnail","6":"product_cat-trampas-de-retencion","8":"first","9":"instock","10":"shipping-taxable","11":"purchasable","12":"product-type-simple"},"yoast_head":"<!-- This site is optimized with the Yoast SEO plugin v27.0 - https:\/\/yoast.com\/product\/yoast-seo-wordpress\/ -->\n<title>COLLARUM\u00ae live capture canine device (Fox Model) - Wildlife Control Supplies EU<\/title>\n<meta name=\"robots\" content=\"index, follow, max-snippet:-1, max-image-preview:large, max-video-preview:-1\" \/>\n<link rel=\"canonical\" href=\"https:\/\/shopwcseu.com\/producto\/collarum-live-canine-capture-method\/\" \/>\n<meta property=\"og:locale\" content=\"fr_FR\" \/>\n<meta property=\"og:type\" content=\"article\" \/>\n<meta property=\"og:title\" content=\"COLLARUM\u00ae live capture canine device (Fox Model) - Wildlife Control Supplies EU\" \/>\n<meta property=\"og:description\" content=\"[:en]Product Code: NWSCDM03[:es]C\u00f3digo de producto: NWSCDM03&nbsp;[:fr]Code de produit: NWSCDM03  [:]\" \/>\n<meta property=\"og:url\" content=\"https:\/\/shopwcseu.com\/producto\/collarum-live-canine-capture-method\/\" \/>\n<meta property=\"og:site_name\" content=\"Wildlife Control Supplies EU\" \/>\n<meta property=\"article:modified_time\" content=\"2025-12-23T09:40:21+00:00\" \/>\n<meta property=\"og:image\" content=\"https:\/\/shopwcseu.com\/wp-content\/uploads\/2018\/09\/Fox_Collarum_Set_500px_wfox.jpg\" \/>\n\t<meta property=\"og:image:width\" content=\"500\" \/>\n\t<meta property=\"og:image:height\" content=\"500\" \/>\n\t<meta property=\"og:image:type\" content=\"image\/jpeg\" \/>\n<meta name=\"twitter:card\" content=\"summary_large_image\" \/>\n<meta name=\"twitter:label1\" content=\"Dur\u00e9e de lecture estim\u00e9e\" \/>\n\t<meta name=\"twitter:data1\" content=\"2 minutes\" \/>\n<script type=\"application\/ld+json\" class=\"yoast-schema-graph\">{\"@context\":\"https:\/\/schema.org\",\"@graph\":[{\"@type\":\"WebPage\",\"@id\":\"https:\/\/shopwcseu.com\/producto\/collarum-live-canine-capture-method\/\",\"url\":\"https:\/\/shopwcseu.com\/producto\/collarum-live-canine-capture-method\/\",\"name\":\"COLLARUM\u00ae live capture canine device (Fox Model) - Wildlife Control Supplies EU\",\"isPartOf\":{\"@id\":\"https:\/\/shopwcseu.com\/es\/#website\"},\"primaryImageOfPage\":{\"@id\":\"https:\/\/shopwcseu.com\/producto\/collarum-live-canine-capture-method\/#primaryimage\"},\"image\":{\"@id\":\"https:\/\/shopwcseu.com\/producto\/collarum-live-canine-capture-method\/#primaryimage\"},\"thumbnailUrl\":\"https:\/\/shopwcseu.com\/wp-content\/uploads\/2018\/09\/Fox_Collarum_Set_500px_wfox.jpg\",\"datePublished\":\"2018-09-18T18:09:20+00:00\",\"dateModified\":\"2025-12-23T09:40:21+00:00\",\"breadcrumb\":{\"@id\":\"https:\/\/shopwcseu.com\/producto\/collarum-live-canine-capture-method\/#breadcrumb\"},\"inLanguage\":\"fr-FR\",\"potentialAction\":[{\"@type\":\"ReadAction\",\"target\":[\"https:\/\/shopwcseu.com\/producto\/collarum-live-canine-capture-method\/\"]}]},{\"@type\":\"ImageObject\",\"inLanguage\":\"fr-FR\",\"@id\":\"https:\/\/shopwcseu.com\/producto\/collarum-live-canine-capture-method\/#primaryimage\",\"url\":\"https:\/\/shopwcseu.com\/wp-content\/uploads\/2018\/09\/Fox_Collarum_Set_500px_wfox.jpg\",\"contentUrl\":\"https:\/\/shopwcseu.com\/wp-content\/uploads\/2018\/09\/Fox_Collarum_Set_500px_wfox.jpg\",\"width\":500,\"height\":500},{\"@type\":\"BreadcrumbList\",\"@id\":\"https:\/\/shopwcseu.com\/producto\/collarum-live-canine-capture-method\/#breadcrumb\",\"itemListElement\":[{\"@type\":\"ListItem\",\"position\":1,\"name\":\"Home\",\"item\":\"https:\/\/shopwcseu.com\/es\/\"},{\"@type\":\"ListItem\",\"position\":2,\"name\":\"Productos\",\"item\":\"https:\/\/shopwcseu.com\/es\/products\/\"},{\"@type\":\"ListItem\",\"position\":3,\"name\":\"COLLARUM\u00ae live capture canine device (Fox Model)\"}]},{\"@type\":\"WebSite\",\"@id\":\"https:\/\/shopwcseu.com\/es\/#website\",\"url\":\"https:\/\/shopwcseu.com\/es\/\",\"name\":\"Wildlife Control Supplies EU\",\"description\":\"La tienda de suministros de material de captura m\u00e1s grande de Europa\",\"potentialAction\":[{\"@type\":\"SearchAction\",\"target\":{\"@type\":\"EntryPoint\",\"urlTemplate\":\"https:\/\/shopwcseu.com\/es\/?s={search_term_string}\"},\"query-input\":{\"@type\":\"PropertyValueSpecification\",\"valueRequired\":true,\"valueName\":\"search_term_string\"}}],\"inLanguage\":\"fr-FR\"}]}<\/script>\n<!-- \/ Yoast SEO plugin. -->","yoast_head_json":{"title":"COLLARUM\u00ae live capture canine device (Fox Model) - Wildlife Control Supplies EU","robots":{"index":"index","follow":"follow","max-snippet":"max-snippet:-1","max-image-preview":"max-image-preview:large","max-video-preview":"max-video-preview:-1"},"canonical":"https:\/\/shopwcseu.com\/producto\/collarum-live-canine-capture-method\/","og_locale":"fr_FR","og_type":"article","og_title":"COLLARUM\u00ae live capture canine device (Fox Model) - Wildlife Control Supplies EU","og_description":"[:en]Product Code: NWSCDM03[:es]C\u00f3digo de producto: NWSCDM03&nbsp;[:fr]Code de produit: NWSCDM03  [:]","og_url":"https:\/\/shopwcseu.com\/producto\/collarum-live-canine-capture-method\/","og_site_name":"Wildlife Control Supplies EU","article_modified_time":"2025-12-23T09:40:21+00:00","og_image":[{"width":500,"height":500,"url":"https:\/\/shopwcseu.com\/wp-content\/uploads\/2018\/09\/Fox_Collarum_Set_500px_wfox.jpg","type":"image\/jpeg"}],"twitter_card":"summary_large_image","twitter_misc":{"Dur\u00e9e de lecture estim\u00e9e":"2 minutes"},"schema":{"@context":"https:\/\/schema.org","@graph":[{"@type":"WebPage","@id":"https:\/\/shopwcseu.com\/producto\/collarum-live-canine-capture-method\/","url":"https:\/\/shopwcseu.com\/producto\/collarum-live-canine-capture-method\/","name":"COLLARUM\u00ae live capture canine device (Fox Model) - Wildlife Control Supplies EU","isPartOf":{"@id":"https:\/\/shopwcseu.com\/es\/#website"},"primaryImageOfPage":{"@id":"https:\/\/shopwcseu.com\/producto\/collarum-live-canine-capture-method\/#primaryimage"},"image":{"@id":"https:\/\/shopwcseu.com\/producto\/collarum-live-canine-capture-method\/#primaryimage"},"thumbnailUrl":"https:\/\/shopwcseu.com\/wp-content\/uploads\/2018\/09\/Fox_Collarum_Set_500px_wfox.jpg","datePublished":"2018-09-18T18:09:20+00:00","dateModified":"2025-12-23T09:40:21+00:00","breadcrumb":{"@id":"https:\/\/shopwcseu.com\/producto\/collarum-live-canine-capture-method\/#breadcrumb"},"inLanguage":"fr-FR","potentialAction":[{"@type":"ReadAction","target":["https:\/\/shopwcseu.com\/producto\/collarum-live-canine-capture-method\/"]}]},{"@type":"ImageObject","inLanguage":"fr-FR","@id":"https:\/\/shopwcseu.com\/producto\/collarum-live-canine-capture-method\/#primaryimage","url":"https:\/\/shopwcseu.com\/wp-content\/uploads\/2018\/09\/Fox_Collarum_Set_500px_wfox.jpg","contentUrl":"https:\/\/shopwcseu.com\/wp-content\/uploads\/2018\/09\/Fox_Collarum_Set_500px_wfox.jpg","width":500,"height":500},{"@type":"BreadcrumbList","@id":"https:\/\/shopwcseu.com\/producto\/collarum-live-canine-capture-method\/#breadcrumb","itemListElement":[{"@type":"ListItem","position":1,"name":"Home","item":"https:\/\/shopwcseu.com\/es\/"},{"@type":"ListItem","position":2,"name":"Productos","item":"https:\/\/shopwcseu.com\/es\/products\/"},{"@type":"ListItem","position":3,"name":"COLLARUM\u00ae live capture canine device (Fox Model)"}]},{"@type":"WebSite","@id":"https:\/\/shopwcseu.com\/es\/#website","url":"https:\/\/shopwcseu.com\/es\/","name":"Wildlife Control Supplies EU","description":"La tienda de suministros de material de captura m\u00e1s grande de Europa","potentialAction":[{"@type":"SearchAction","target":{"@type":"EntryPoint","urlTemplate":"https:\/\/shopwcseu.com\/es\/?s={search_term_string}"},"query-input":{"@type":"PropertyValueSpecification","valueRequired":true,"valueName":"search_term_string"}}],"inLanguage":"fr-FR"}]}},"_links":{"self":[{"href":"https:\/\/shopwcseu.com\/fr\/wp-json\/wp\/v2\/product\/67","targetHints":{"allow":["GET"]}}],"collection":[{"href":"https:\/\/shopwcseu.com\/fr\/wp-json\/wp\/v2\/product"}],"about":[{"href":"https:\/\/shopwcseu.com\/fr\/wp-json\/wp\/v2\/types\/product"}],"wp:featuredmedia":[{"embeddable":true,"href":"https:\/\/shopwcseu.com\/fr\/wp-json\/wp\/v2\/media\/68"}],"wp:attachment":[{"href":"https:\/\/shopwcseu.com\/fr\/wp-json\/wp\/v2\/media?parent=67"}],"wp:term":[{"taxonomy":"product_brand","embeddable":true,"href":"https:\/\/shopwcseu.com\/fr\/wp-json\/wp\/v2\/product_brand?post=67"},{"taxonomy":"product_cat","embeddable":true,"href":"https:\/\/shopwcseu.com\/fr\/wp-json\/wp\/v2\/product_cat?post=67"},{"taxonomy":"product_tag","embeddable":true,"href":"https:\/\/shopwcseu.com\/fr\/wp-json\/wp\/v2\/product_tag?post=67"}],"curies":[{"name":"wp","href":"https:\/\/api.w.org\/{rel}","templated":true}]}}