{"id":622,"date":"2018-10-10T19:58:54","date_gmt":"2018-10-10T19:58:54","guid":{"rendered":"http:\/\/shopwcseu.com\/?post_type=product&#038;p=622"},"modified":"2023-12-05T06:38:50","modified_gmt":"2023-12-05T06:38:50","slug":"jaula-de-manejo-modelo-305-sq","status":"publish","type":"product","link":"https:\/\/shopwcseu.com\/fr\/producto\/jaula-de-manejo-modelo-305-sq\/","title":{"rendered":"JAULA DE MANEJO MODELO 305 SQ"},"content":{"rendered":"<p>Jaula de manejo para animales de peque\u00f1o tama\u00f1o estilo must\u00e9lidos.<\/p>\n<p><strong>Tomahawk Squeeze Cage, Model 305SQ<\/strong>, is a budget saving choice for vaccinating and examining animals, and works just as well as the more pricey restraint module.<\/p>\n<p>La cage de compression Tomahawk, mod\u00e8le 305SQ, est un choix \u00e9conomique pour la vaccination et l\u2019examen des animaux. Elle fonctionne tout aussi bien que le module de contention le plus co\u00fbteux.<\/p>\n<p>&nbsp;<\/p>\n","protected":false},"excerpt":{"rendered":"<p>Jaula de manejo para animales de peque\u00f1o tama\u00f1o estilo must\u00e9lidos. Tomahawk Squeeze Cage, Model 305SQ, is a budget saving choice for vaccinating and examining animals, and works just as well as the more pricey restraint module. La cage de compression Tomahawk, mod\u00e8le 305SQ, est un choix \u00e9conomique pour la vaccination et l\u2019examen des animaux. Elle [&hellip;]<\/p>\n","protected":false},"featured_media":623,"template":"","meta":[],"product_brand":[],"product_cat":[39],"product_tag":[],"class_list":{"0":"post-622","1":"product","2":"type-product","3":"status-publish","4":"has-post-thumbnail","6":"product_cat-jaulas-de-manejo","8":"first","9":"instock","10":"shipping-taxable","11":"purchasable","12":"product-type-simple"},"yoast_head":"<!-- This site is optimized with the Yoast SEO plugin v27.0 - https:\/\/yoast.com\/product\/yoast-seo-wordpress\/ -->\n<title>JAULA DE MANEJO MODELO 305 SQ - Wildlife Control Supplies EU<\/title>\n<meta name=\"robots\" content=\"index, follow, max-snippet:-1, max-image-preview:large, max-video-preview:-1\" \/>\n<link rel=\"canonical\" href=\"https:\/\/shopwcseu.com\/producto\/jaula-de-manejo-modelo-305-sq\/\" \/>\n<meta property=\"og:locale\" content=\"fr_FR\" \/>\n<meta property=\"og:type\" content=\"article\" \/>\n<meta property=\"og:title\" content=\"JAULA DE MANEJO MODELO 305 SQ - Wildlife Control Supplies EU\" \/>\n<meta property=\"og:description\" content=\"Jaula de manejo para animales de peque\u00f1o tama\u00f1o estilo must\u00e9lidos. Tomahawk Squeeze Cage, Model 305SQ, is a budget saving choice for vaccinating and examining animals, and works just as well as the more pricey restraint module. La cage de compression Tomahawk, mod\u00e8le 305SQ, est un choix \u00e9conomique pour la vaccination et l\u2019examen des animaux. Elle [&hellip;]\" \/>\n<meta property=\"og:url\" content=\"https:\/\/shopwcseu.com\/producto\/jaula-de-manejo-modelo-305-sq\/\" \/>\n<meta property=\"og:site_name\" content=\"Wildlife Control Supplies EU\" \/>\n<meta property=\"article:modified_time\" content=\"2023-12-05T06:38:50+00:00\" \/>\n<meta property=\"og:image\" content=\"https:\/\/shopwcseu.com\/wp-content\/uploads\/2018\/10\/squeeze_242x185.jpg\" \/>\n\t<meta property=\"og:image:width\" content=\"242\" \/>\n\t<meta property=\"og:image:height\" content=\"185\" \/>\n\t<meta property=\"og:image:type\" content=\"image\/jpeg\" \/>\n<meta name=\"twitter:card\" content=\"summary_large_image\" \/>\n<script type=\"application\/ld+json\" class=\"yoast-schema-graph\">{\"@context\":\"https:\/\/schema.org\",\"@graph\":[{\"@type\":\"WebPage\",\"@id\":\"https:\/\/shopwcseu.com\/producto\/jaula-de-manejo-modelo-305-sq\/\",\"url\":\"https:\/\/shopwcseu.com\/producto\/jaula-de-manejo-modelo-305-sq\/\",\"name\":\"JAULA DE MANEJO MODELO 305 SQ - Wildlife Control Supplies EU\",\"isPartOf\":{\"@id\":\"https:\/\/shopwcseu.com\/es\/#website\"},\"primaryImageOfPage\":{\"@id\":\"https:\/\/shopwcseu.com\/producto\/jaula-de-manejo-modelo-305-sq\/#primaryimage\"},\"image\":{\"@id\":\"https:\/\/shopwcseu.com\/producto\/jaula-de-manejo-modelo-305-sq\/#primaryimage\"},\"thumbnailUrl\":\"https:\/\/shopwcseu.com\/wp-content\/uploads\/2018\/10\/squeeze_242x185.jpg\",\"datePublished\":\"2018-10-10T19:58:54+00:00\",\"dateModified\":\"2023-12-05T06:38:50+00:00\",\"breadcrumb\":{\"@id\":\"https:\/\/shopwcseu.com\/producto\/jaula-de-manejo-modelo-305-sq\/#breadcrumb\"},\"inLanguage\":\"fr-FR\",\"potentialAction\":[{\"@type\":\"ReadAction\",\"target\":[\"https:\/\/shopwcseu.com\/producto\/jaula-de-manejo-modelo-305-sq\/\"]}]},{\"@type\":\"ImageObject\",\"inLanguage\":\"fr-FR\",\"@id\":\"https:\/\/shopwcseu.com\/producto\/jaula-de-manejo-modelo-305-sq\/#primaryimage\",\"url\":\"https:\/\/shopwcseu.com\/wp-content\/uploads\/2018\/10\/squeeze_242x185.jpg\",\"contentUrl\":\"https:\/\/shopwcseu.com\/wp-content\/uploads\/2018\/10\/squeeze_242x185.jpg\",\"width\":242,\"height\":185},{\"@type\":\"BreadcrumbList\",\"@id\":\"https:\/\/shopwcseu.com\/producto\/jaula-de-manejo-modelo-305-sq\/#breadcrumb\",\"itemListElement\":[{\"@type\":\"ListItem\",\"position\":1,\"name\":\"Home\",\"item\":\"https:\/\/shopwcseu.com\/es\/\"},{\"@type\":\"ListItem\",\"position\":2,\"name\":\"Productos\",\"item\":\"https:\/\/shopwcseu.com\/es\/products\/\"},{\"@type\":\"ListItem\",\"position\":3,\"name\":\"JAULA DE MANEJO MODELO 305 SQ\"}]},{\"@type\":\"WebSite\",\"@id\":\"https:\/\/shopwcseu.com\/es\/#website\",\"url\":\"https:\/\/shopwcseu.com\/es\/\",\"name\":\"Wildlife Control Supplies EU\",\"description\":\"La tienda de suministros de material de captura m\u00e1s grande de Europa\",\"potentialAction\":[{\"@type\":\"SearchAction\",\"target\":{\"@type\":\"EntryPoint\",\"urlTemplate\":\"https:\/\/shopwcseu.com\/es\/?s={search_term_string}\"},\"query-input\":{\"@type\":\"PropertyValueSpecification\",\"valueRequired\":true,\"valueName\":\"search_term_string\"}}],\"inLanguage\":\"fr-FR\"}]}<\/script>\n<!-- \/ Yoast SEO plugin. -->","yoast_head_json":{"title":"JAULA DE MANEJO MODELO 305 SQ - Wildlife Control Supplies EU","robots":{"index":"index","follow":"follow","max-snippet":"max-snippet:-1","max-image-preview":"max-image-preview:large","max-video-preview":"max-video-preview:-1"},"canonical":"https:\/\/shopwcseu.com\/producto\/jaula-de-manejo-modelo-305-sq\/","og_locale":"fr_FR","og_type":"article","og_title":"JAULA DE MANEJO MODELO 305 SQ - Wildlife Control Supplies EU","og_description":"Jaula de manejo para animales de peque\u00f1o tama\u00f1o estilo must\u00e9lidos. Tomahawk Squeeze Cage, Model 305SQ, is a budget saving choice for vaccinating and examining animals, and works just as well as the more pricey restraint module. La cage de compression Tomahawk, mod\u00e8le 305SQ, est un choix \u00e9conomique pour la vaccination et l\u2019examen des animaux. Elle [&hellip;]","og_url":"https:\/\/shopwcseu.com\/producto\/jaula-de-manejo-modelo-305-sq\/","og_site_name":"Wildlife Control Supplies EU","article_modified_time":"2023-12-05T06:38:50+00:00","og_image":[{"width":242,"height":185,"url":"https:\/\/shopwcseu.com\/wp-content\/uploads\/2018\/10\/squeeze_242x185.jpg","type":"image\/jpeg"}],"twitter_card":"summary_large_image","schema":{"@context":"https:\/\/schema.org","@graph":[{"@type":"WebPage","@id":"https:\/\/shopwcseu.com\/producto\/jaula-de-manejo-modelo-305-sq\/","url":"https:\/\/shopwcseu.com\/producto\/jaula-de-manejo-modelo-305-sq\/","name":"JAULA DE MANEJO MODELO 305 SQ - Wildlife Control Supplies EU","isPartOf":{"@id":"https:\/\/shopwcseu.com\/es\/#website"},"primaryImageOfPage":{"@id":"https:\/\/shopwcseu.com\/producto\/jaula-de-manejo-modelo-305-sq\/#primaryimage"},"image":{"@id":"https:\/\/shopwcseu.com\/producto\/jaula-de-manejo-modelo-305-sq\/#primaryimage"},"thumbnailUrl":"https:\/\/shopwcseu.com\/wp-content\/uploads\/2018\/10\/squeeze_242x185.jpg","datePublished":"2018-10-10T19:58:54+00:00","dateModified":"2023-12-05T06:38:50+00:00","breadcrumb":{"@id":"https:\/\/shopwcseu.com\/producto\/jaula-de-manejo-modelo-305-sq\/#breadcrumb"},"inLanguage":"fr-FR","potentialAction":[{"@type":"ReadAction","target":["https:\/\/shopwcseu.com\/producto\/jaula-de-manejo-modelo-305-sq\/"]}]},{"@type":"ImageObject","inLanguage":"fr-FR","@id":"https:\/\/shopwcseu.com\/producto\/jaula-de-manejo-modelo-305-sq\/#primaryimage","url":"https:\/\/shopwcseu.com\/wp-content\/uploads\/2018\/10\/squeeze_242x185.jpg","contentUrl":"https:\/\/shopwcseu.com\/wp-content\/uploads\/2018\/10\/squeeze_242x185.jpg","width":242,"height":185},{"@type":"BreadcrumbList","@id":"https:\/\/shopwcseu.com\/producto\/jaula-de-manejo-modelo-305-sq\/#breadcrumb","itemListElement":[{"@type":"ListItem","position":1,"name":"Home","item":"https:\/\/shopwcseu.com\/es\/"},{"@type":"ListItem","position":2,"name":"Productos","item":"https:\/\/shopwcseu.com\/es\/products\/"},{"@type":"ListItem","position":3,"name":"JAULA DE MANEJO MODELO 305 SQ"}]},{"@type":"WebSite","@id":"https:\/\/shopwcseu.com\/es\/#website","url":"https:\/\/shopwcseu.com\/es\/","name":"Wildlife Control Supplies EU","description":"La tienda de suministros de material de captura m\u00e1s grande de Europa","potentialAction":[{"@type":"SearchAction","target":{"@type":"EntryPoint","urlTemplate":"https:\/\/shopwcseu.com\/es\/?s={search_term_string}"},"query-input":{"@type":"PropertyValueSpecification","valueRequired":true,"valueName":"search_term_string"}}],"inLanguage":"fr-FR"}]}},"_links":{"self":[{"href":"https:\/\/shopwcseu.com\/fr\/wp-json\/wp\/v2\/product\/622","targetHints":{"allow":["GET"]}}],"collection":[{"href":"https:\/\/shopwcseu.com\/fr\/wp-json\/wp\/v2\/product"}],"about":[{"href":"https:\/\/shopwcseu.com\/fr\/wp-json\/wp\/v2\/types\/product"}],"wp:featuredmedia":[{"embeddable":true,"href":"https:\/\/shopwcseu.com\/fr\/wp-json\/wp\/v2\/media\/623"}],"wp:attachment":[{"href":"https:\/\/shopwcseu.com\/fr\/wp-json\/wp\/v2\/media?parent=622"}],"wp:term":[{"taxonomy":"product_brand","embeddable":true,"href":"https:\/\/shopwcseu.com\/fr\/wp-json\/wp\/v2\/product_brand?post=622"},{"taxonomy":"product_cat","embeddable":true,"href":"https:\/\/shopwcseu.com\/fr\/wp-json\/wp\/v2\/product_cat?post=622"},{"taxonomy":"product_tag","embeddable":true,"href":"https:\/\/shopwcseu.com\/fr\/wp-json\/wp\/v2\/product_tag?post=622"}],"curies":[{"name":"wp","href":"https:\/\/api.w.org\/{rel}","templated":true}]}}