{"id":620,"date":"2018-10-10T19:57:07","date_gmt":"2018-10-10T19:57:07","guid":{"rendered":"http:\/\/shopwcseu.com\/?post_type=product&#038;p=620"},"modified":"2024-01-03T10:56:34","modified_gmt":"2024-01-03T10:56:34","slug":"jaulas-de-manejo","status":"publish","type":"product","link":"https:\/\/shopwcseu.com\/fr\/producto\/jaulas-de-manejo\/","title":{"rendered":"JAULAS DE MANEJO"},"content":{"rendered":"<p>Jaulas de manejo de distintos tama\u00f1os. Marca Tomahawk.<\/p>\n<p>Desde 170 + IVA . Calidad suprema.<\/p>\n<p>RM42 Restraint Module is specifically designed for the easy handling of animals during injections, examinations, or anytime absolute control of the animal is a must.<\/p>\n<p>Le module de retenue RM42 est sp\u00e9cialement con\u00e7u pour la manipulation facile des animaux lors d&rsquo;injections, d&rsquo;examens ou \u00e0 tout moment o\u00f9 un contr\u00f4le absolu de l&rsquo;animal est indispensable.<\/p>\n<p>&nbsp;<\/p>\n","protected":false},"excerpt":{"rendered":"<p>Jaulas de manejo de distintos tama\u00f1os. Marca Tomahawk. Desde 170 + IVA . Calidad suprema. RM42 Restraint Module is specifically designed for the easy handling of animals during injections, examinations, or anytime absolute control of the animal is a must. Le module de retenue RM42 est sp\u00e9cialement con\u00e7u pour la manipulation facile des animaux lors [&hellip;]<\/p>\n","protected":false},"featured_media":621,"template":"","meta":[],"product_brand":[],"product_cat":[39],"product_tag":[],"class_list":{"0":"post-620","1":"product","2":"type-product","3":"status-publish","4":"has-post-thumbnail","6":"product_cat-jaulas-de-manejo","8":"first","9":"instock","10":"shipping-taxable","11":"purchasable","12":"product-type-simple"},"yoast_head":"<!-- This site is optimized with the Yoast SEO plugin v27.0 - https:\/\/yoast.com\/product\/yoast-seo-wordpress\/ -->\n<title>JAULAS DE MANEJO - Wildlife Control Supplies EU<\/title>\n<meta name=\"robots\" content=\"index, follow, max-snippet:-1, max-image-preview:large, max-video-preview:-1\" \/>\n<link rel=\"canonical\" href=\"https:\/\/shopwcseu.com\/producto\/jaulas-de-manejo\/\" \/>\n<meta property=\"og:locale\" content=\"fr_FR\" \/>\n<meta property=\"og:type\" content=\"article\" \/>\n<meta property=\"og:title\" content=\"JAULAS DE MANEJO - Wildlife Control Supplies EU\" \/>\n<meta property=\"og:description\" content=\"Jaulas de manejo de distintos tama\u00f1os. Marca Tomahawk. Desde 170 + IVA . Calidad suprema. RM42 Restraint Module is specifically designed for the easy handling of animals during injections, examinations, or anytime absolute control of the animal is a must. Le module de retenue RM42 est sp\u00e9cialement con\u00e7u pour la manipulation facile des animaux lors [&hellip;]\" \/>\n<meta property=\"og:url\" content=\"https:\/\/shopwcseu.com\/producto\/jaulas-de-manejo\/\" \/>\n<meta property=\"og:site_name\" content=\"Wildlife Control Supplies EU\" \/>\n<meta property=\"article:modified_time\" content=\"2024-01-03T10:56:34+00:00\" \/>\n<meta property=\"og:image\" content=\"https:\/\/shopwcseu.com\/wp-content\/uploads\/2018\/10\/RM30_1000px_242x242.jpg\" \/>\n\t<meta property=\"og:image:width\" content=\"242\" \/>\n\t<meta property=\"og:image:height\" content=\"242\" \/>\n\t<meta property=\"og:image:type\" content=\"image\/jpeg\" \/>\n<meta name=\"twitter:card\" content=\"summary_large_image\" \/>\n<script type=\"application\/ld+json\" class=\"yoast-schema-graph\">{\"@context\":\"https:\/\/schema.org\",\"@graph\":[{\"@type\":\"WebPage\",\"@id\":\"https:\/\/shopwcseu.com\/producto\/jaulas-de-manejo\/\",\"url\":\"https:\/\/shopwcseu.com\/producto\/jaulas-de-manejo\/\",\"name\":\"JAULAS DE MANEJO - Wildlife Control Supplies EU\",\"isPartOf\":{\"@id\":\"https:\/\/shopwcseu.com\/es\/#website\"},\"primaryImageOfPage\":{\"@id\":\"https:\/\/shopwcseu.com\/producto\/jaulas-de-manejo\/#primaryimage\"},\"image\":{\"@id\":\"https:\/\/shopwcseu.com\/producto\/jaulas-de-manejo\/#primaryimage\"},\"thumbnailUrl\":\"https:\/\/shopwcseu.com\/wp-content\/uploads\/2018\/10\/RM30_1000px_242x242.jpg\",\"datePublished\":\"2018-10-10T19:57:07+00:00\",\"dateModified\":\"2024-01-03T10:56:34+00:00\",\"breadcrumb\":{\"@id\":\"https:\/\/shopwcseu.com\/producto\/jaulas-de-manejo\/#breadcrumb\"},\"inLanguage\":\"fr-FR\",\"potentialAction\":[{\"@type\":\"ReadAction\",\"target\":[\"https:\/\/shopwcseu.com\/producto\/jaulas-de-manejo\/\"]}]},{\"@type\":\"ImageObject\",\"inLanguage\":\"fr-FR\",\"@id\":\"https:\/\/shopwcseu.com\/producto\/jaulas-de-manejo\/#primaryimage\",\"url\":\"https:\/\/shopwcseu.com\/wp-content\/uploads\/2018\/10\/RM30_1000px_242x242.jpg\",\"contentUrl\":\"https:\/\/shopwcseu.com\/wp-content\/uploads\/2018\/10\/RM30_1000px_242x242.jpg\",\"width\":242,\"height\":242},{\"@type\":\"BreadcrumbList\",\"@id\":\"https:\/\/shopwcseu.com\/producto\/jaulas-de-manejo\/#breadcrumb\",\"itemListElement\":[{\"@type\":\"ListItem\",\"position\":1,\"name\":\"Home\",\"item\":\"https:\/\/shopwcseu.com\/es\/\"},{\"@type\":\"ListItem\",\"position\":2,\"name\":\"Productos\",\"item\":\"https:\/\/shopwcseu.com\/es\/products\/\"},{\"@type\":\"ListItem\",\"position\":3,\"name\":\"JAULAS DE MANEJO\"}]},{\"@type\":\"WebSite\",\"@id\":\"https:\/\/shopwcseu.com\/es\/#website\",\"url\":\"https:\/\/shopwcseu.com\/es\/\",\"name\":\"Wildlife Control Supplies EU\",\"description\":\"La tienda de suministros de material de captura m\u00e1s grande de Europa\",\"potentialAction\":[{\"@type\":\"SearchAction\",\"target\":{\"@type\":\"EntryPoint\",\"urlTemplate\":\"https:\/\/shopwcseu.com\/es\/?s={search_term_string}\"},\"query-input\":{\"@type\":\"PropertyValueSpecification\",\"valueRequired\":true,\"valueName\":\"search_term_string\"}}],\"inLanguage\":\"fr-FR\"}]}<\/script>\n<!-- \/ Yoast SEO plugin. -->","yoast_head_json":{"title":"JAULAS DE MANEJO - Wildlife Control Supplies EU","robots":{"index":"index","follow":"follow","max-snippet":"max-snippet:-1","max-image-preview":"max-image-preview:large","max-video-preview":"max-video-preview:-1"},"canonical":"https:\/\/shopwcseu.com\/producto\/jaulas-de-manejo\/","og_locale":"fr_FR","og_type":"article","og_title":"JAULAS DE MANEJO - Wildlife Control Supplies EU","og_description":"Jaulas de manejo de distintos tama\u00f1os. Marca Tomahawk. Desde 170 + IVA . Calidad suprema. RM42 Restraint Module is specifically designed for the easy handling of animals during injections, examinations, or anytime absolute control of the animal is a must. Le module de retenue RM42 est sp\u00e9cialement con\u00e7u pour la manipulation facile des animaux lors [&hellip;]","og_url":"https:\/\/shopwcseu.com\/producto\/jaulas-de-manejo\/","og_site_name":"Wildlife Control Supplies EU","article_modified_time":"2024-01-03T10:56:34+00:00","og_image":[{"width":242,"height":242,"url":"https:\/\/shopwcseu.com\/wp-content\/uploads\/2018\/10\/RM30_1000px_242x242.jpg","type":"image\/jpeg"}],"twitter_card":"summary_large_image","schema":{"@context":"https:\/\/schema.org","@graph":[{"@type":"WebPage","@id":"https:\/\/shopwcseu.com\/producto\/jaulas-de-manejo\/","url":"https:\/\/shopwcseu.com\/producto\/jaulas-de-manejo\/","name":"JAULAS DE MANEJO - Wildlife Control Supplies EU","isPartOf":{"@id":"https:\/\/shopwcseu.com\/es\/#website"},"primaryImageOfPage":{"@id":"https:\/\/shopwcseu.com\/producto\/jaulas-de-manejo\/#primaryimage"},"image":{"@id":"https:\/\/shopwcseu.com\/producto\/jaulas-de-manejo\/#primaryimage"},"thumbnailUrl":"https:\/\/shopwcseu.com\/wp-content\/uploads\/2018\/10\/RM30_1000px_242x242.jpg","datePublished":"2018-10-10T19:57:07+00:00","dateModified":"2024-01-03T10:56:34+00:00","breadcrumb":{"@id":"https:\/\/shopwcseu.com\/producto\/jaulas-de-manejo\/#breadcrumb"},"inLanguage":"fr-FR","potentialAction":[{"@type":"ReadAction","target":["https:\/\/shopwcseu.com\/producto\/jaulas-de-manejo\/"]}]},{"@type":"ImageObject","inLanguage":"fr-FR","@id":"https:\/\/shopwcseu.com\/producto\/jaulas-de-manejo\/#primaryimage","url":"https:\/\/shopwcseu.com\/wp-content\/uploads\/2018\/10\/RM30_1000px_242x242.jpg","contentUrl":"https:\/\/shopwcseu.com\/wp-content\/uploads\/2018\/10\/RM30_1000px_242x242.jpg","width":242,"height":242},{"@type":"BreadcrumbList","@id":"https:\/\/shopwcseu.com\/producto\/jaulas-de-manejo\/#breadcrumb","itemListElement":[{"@type":"ListItem","position":1,"name":"Home","item":"https:\/\/shopwcseu.com\/es\/"},{"@type":"ListItem","position":2,"name":"Productos","item":"https:\/\/shopwcseu.com\/es\/products\/"},{"@type":"ListItem","position":3,"name":"JAULAS DE MANEJO"}]},{"@type":"WebSite","@id":"https:\/\/shopwcseu.com\/es\/#website","url":"https:\/\/shopwcseu.com\/es\/","name":"Wildlife Control Supplies EU","description":"La tienda de suministros de material de captura m\u00e1s grande de Europa","potentialAction":[{"@type":"SearchAction","target":{"@type":"EntryPoint","urlTemplate":"https:\/\/shopwcseu.com\/es\/?s={search_term_string}"},"query-input":{"@type":"PropertyValueSpecification","valueRequired":true,"valueName":"search_term_string"}}],"inLanguage":"fr-FR"}]}},"_links":{"self":[{"href":"https:\/\/shopwcseu.com\/fr\/wp-json\/wp\/v2\/product\/620","targetHints":{"allow":["GET"]}}],"collection":[{"href":"https:\/\/shopwcseu.com\/fr\/wp-json\/wp\/v2\/product"}],"about":[{"href":"https:\/\/shopwcseu.com\/fr\/wp-json\/wp\/v2\/types\/product"}],"wp:featuredmedia":[{"embeddable":true,"href":"https:\/\/shopwcseu.com\/fr\/wp-json\/wp\/v2\/media\/621"}],"wp:attachment":[{"href":"https:\/\/shopwcseu.com\/fr\/wp-json\/wp\/v2\/media?parent=620"}],"wp:term":[{"taxonomy":"product_brand","embeddable":true,"href":"https:\/\/shopwcseu.com\/fr\/wp-json\/wp\/v2\/product_brand?post=620"},{"taxonomy":"product_cat","embeddable":true,"href":"https:\/\/shopwcseu.com\/fr\/wp-json\/wp\/v2\/product_cat?post=620"},{"taxonomy":"product_tag","embeddable":true,"href":"https:\/\/shopwcseu.com\/fr\/wp-json\/wp\/v2\/product_tag?post=620"}],"curies":[{"name":"wp","href":"https:\/\/api.w.org\/{rel}","templated":true}]}}