{"id":619,"date":"2018-10-10T19:46:08","date_gmt":"2018-10-10T19:46:08","guid":{"rendered":"http:\/\/shopwcseu.com\/?post_type=product&#038;p=619"},"modified":"2023-12-05T06:39:56","modified_gmt":"2023-12-05T06:39:56","slug":"tomahawk-200","status":"publish","type":"product","link":"https:\/\/shopwcseu.com\/fr\/producto\/tomahawk-200\/","title":{"rendered":"TOMAHAWK MP 200"},"content":{"rendered":"<p>Trampa plegable de USA . Doble entrada<\/p>\n<p>Cage piege made in USA Double entre\u00e9 .<\/p>\n<p>Dimensions: 40,64 x 12,7 x 12,7 cms.<\/p>\n<p><strong>Tomahawk Model 200<\/strong>\u00a0is a Original Series collapsible live trap with two trap doors for chipmunks, gophers, rats and similar size animals. This cage trap weighs three pounds and sets up to 16L x 5W x 5H when deployed. These traps come fully assembled and fold flat for easy storage and transportation with no tools required. It is constructed of 1\/2&Prime;x1&Prime; &#8211; 16 gauge, galvanized wire mesh and is an excellent all around trap for squirrels and other rodents.<\/p>\n<p>Le mod\u00e8le 200 de Tomahawk est un pi\u00e8ge vivant repliable de la s\u00e9rie Original avec deux trappes pour les tamias, les gaufres, les rats et les animaux de taille similaire. Ce pi\u00e8ge \u00e0 cage p\u00e8se trois livres et d\u00e9finit jusqu&rsquo;\u00e0 16L x 5W x 5H lorsqu&rsquo;il est d\u00e9ploy\u00e9. Ces pi\u00e8ges sont livr\u00e9s enti\u00e8rement assembl\u00e9s et se plient \u00e0 plat pour un stockage et un transport faciles sans outils. Il est construit en treillis m\u00e9tallique galvanis\u00e9 de calibre 16, 1\/2 \u00ab\u00a0x1\u00a0\u00bb &#8211; et constitue un excellent pi\u00e8ge polyvalent pour les \u00e9cureuils et autres rongeurs.<\/p>\n","protected":false},"excerpt":{"rendered":"<p>Trampa plegable de USA . Doble entrada Cage piege made in USA Double entre\u00e9 . Dimensions: 40,64 x 12,7 x 12,7 cms. Tomahawk Model 200\u00a0is a Original Series collapsible live trap with two trap doors for chipmunks, gophers, rats and similar size animals. This cage trap weighs three pounds and sets up to 16L x [&hellip;]<\/p>\n","protected":false},"featured_media":612,"template":"","meta":[],"product_brand":[],"product_cat":[38],"product_tag":[],"class_list":{"0":"post-619","1":"product","2":"type-product","3":"status-publish","4":"has-post-thumbnail","6":"product_cat-jaulas-trampa","8":"first","9":"instock","10":"shipping-taxable","11":"purchasable","12":"product-type-simple"},"yoast_head":"<!-- This site is optimized with the Yoast SEO plugin v27.0 - https:\/\/yoast.com\/product\/yoast-seo-wordpress\/ -->\n<title>TOMAHAWK MP 200 - Wildlife Control Supplies EU<\/title>\n<meta name=\"robots\" content=\"index, follow, max-snippet:-1, max-image-preview:large, max-video-preview:-1\" \/>\n<link rel=\"canonical\" href=\"https:\/\/shopwcseu.com\/producto\/tomahawk-200\/\" \/>\n<meta property=\"og:locale\" content=\"fr_FR\" \/>\n<meta property=\"og:type\" content=\"article\" \/>\n<meta property=\"og:title\" content=\"TOMAHAWK MP 200 - Wildlife Control Supplies EU\" \/>\n<meta property=\"og:description\" content=\"Trampa plegable de USA . Doble entrada Cage piege made in USA Double entre\u00e9 . Dimensions: 40,64 x 12,7 x 12,7 cms. Tomahawk Model 200\u00a0is a Original Series collapsible live trap with two trap doors for chipmunks, gophers, rats and similar size animals. This cage trap weighs three pounds and sets up to 16L x [&hellip;]\" \/>\n<meta property=\"og:url\" content=\"https:\/\/shopwcseu.com\/producto\/tomahawk-200\/\" \/>\n<meta property=\"og:site_name\" content=\"Wildlife Control Supplies EU\" \/>\n<meta property=\"article:modified_time\" content=\"2023-12-05T06:39:56+00:00\" \/>\n<meta property=\"og:image\" content=\"https:\/\/shopwcseu.com\/wp-content\/uploads\/2018\/10\/TLT208_1000_540x540.jpg\" \/>\n\t<meta property=\"og:image:width\" content=\"540\" \/>\n\t<meta property=\"og:image:height\" content=\"540\" \/>\n\t<meta property=\"og:image:type\" content=\"image\/jpeg\" \/>\n<meta name=\"twitter:card\" content=\"summary_large_image\" \/>\n<meta name=\"twitter:label1\" content=\"Dur\u00e9e de lecture estim\u00e9e\" \/>\n\t<meta name=\"twitter:data1\" content=\"1 minute\" \/>\n<script type=\"application\/ld+json\" class=\"yoast-schema-graph\">{\"@context\":\"https:\/\/schema.org\",\"@graph\":[{\"@type\":\"WebPage\",\"@id\":\"https:\/\/shopwcseu.com\/producto\/tomahawk-200\/\",\"url\":\"https:\/\/shopwcseu.com\/producto\/tomahawk-200\/\",\"name\":\"TOMAHAWK MP 200 - Wildlife Control Supplies EU\",\"isPartOf\":{\"@id\":\"https:\/\/shopwcseu.com\/es\/#website\"},\"primaryImageOfPage\":{\"@id\":\"https:\/\/shopwcseu.com\/producto\/tomahawk-200\/#primaryimage\"},\"image\":{\"@id\":\"https:\/\/shopwcseu.com\/producto\/tomahawk-200\/#primaryimage\"},\"thumbnailUrl\":\"https:\/\/shopwcseu.com\/wp-content\/uploads\/2018\/10\/TLT208_1000_540x540.jpg\",\"datePublished\":\"2018-10-10T19:46:08+00:00\",\"dateModified\":\"2023-12-05T06:39:56+00:00\",\"breadcrumb\":{\"@id\":\"https:\/\/shopwcseu.com\/producto\/tomahawk-200\/#breadcrumb\"},\"inLanguage\":\"fr-FR\",\"potentialAction\":[{\"@type\":\"ReadAction\",\"target\":[\"https:\/\/shopwcseu.com\/producto\/tomahawk-200\/\"]}]},{\"@type\":\"ImageObject\",\"inLanguage\":\"fr-FR\",\"@id\":\"https:\/\/shopwcseu.com\/producto\/tomahawk-200\/#primaryimage\",\"url\":\"https:\/\/shopwcseu.com\/wp-content\/uploads\/2018\/10\/TLT208_1000_540x540.jpg\",\"contentUrl\":\"https:\/\/shopwcseu.com\/wp-content\/uploads\/2018\/10\/TLT208_1000_540x540.jpg\",\"width\":540,\"height\":540},{\"@type\":\"BreadcrumbList\",\"@id\":\"https:\/\/shopwcseu.com\/producto\/tomahawk-200\/#breadcrumb\",\"itemListElement\":[{\"@type\":\"ListItem\",\"position\":1,\"name\":\"Home\",\"item\":\"https:\/\/shopwcseu.com\/es\/\"},{\"@type\":\"ListItem\",\"position\":2,\"name\":\"Productos\",\"item\":\"https:\/\/shopwcseu.com\/es\/products\/\"},{\"@type\":\"ListItem\",\"position\":3,\"name\":\"TOMAHAWK MP 200\"}]},{\"@type\":\"WebSite\",\"@id\":\"https:\/\/shopwcseu.com\/es\/#website\",\"url\":\"https:\/\/shopwcseu.com\/es\/\",\"name\":\"Wildlife Control Supplies EU\",\"description\":\"La tienda de suministros de material de captura m\u00e1s grande de Europa\",\"potentialAction\":[{\"@type\":\"SearchAction\",\"target\":{\"@type\":\"EntryPoint\",\"urlTemplate\":\"https:\/\/shopwcseu.com\/es\/?s={search_term_string}\"},\"query-input\":{\"@type\":\"PropertyValueSpecification\",\"valueRequired\":true,\"valueName\":\"search_term_string\"}}],\"inLanguage\":\"fr-FR\"}]}<\/script>\n<!-- \/ Yoast SEO plugin. -->","yoast_head_json":{"title":"TOMAHAWK MP 200 - Wildlife Control Supplies EU","robots":{"index":"index","follow":"follow","max-snippet":"max-snippet:-1","max-image-preview":"max-image-preview:large","max-video-preview":"max-video-preview:-1"},"canonical":"https:\/\/shopwcseu.com\/producto\/tomahawk-200\/","og_locale":"fr_FR","og_type":"article","og_title":"TOMAHAWK MP 200 - Wildlife Control Supplies EU","og_description":"Trampa plegable de USA . Doble entrada Cage piege made in USA Double entre\u00e9 . Dimensions: 40,64 x 12,7 x 12,7 cms. Tomahawk Model 200\u00a0is a Original Series collapsible live trap with two trap doors for chipmunks, gophers, rats and similar size animals. This cage trap weighs three pounds and sets up to 16L x [&hellip;]","og_url":"https:\/\/shopwcseu.com\/producto\/tomahawk-200\/","og_site_name":"Wildlife Control Supplies EU","article_modified_time":"2023-12-05T06:39:56+00:00","og_image":[{"width":540,"height":540,"url":"https:\/\/shopwcseu.com\/wp-content\/uploads\/2018\/10\/TLT208_1000_540x540.jpg","type":"image\/jpeg"}],"twitter_card":"summary_large_image","twitter_misc":{"Dur\u00e9e de lecture estim\u00e9e":"1 minute"},"schema":{"@context":"https:\/\/schema.org","@graph":[{"@type":"WebPage","@id":"https:\/\/shopwcseu.com\/producto\/tomahawk-200\/","url":"https:\/\/shopwcseu.com\/producto\/tomahawk-200\/","name":"TOMAHAWK MP 200 - Wildlife Control Supplies EU","isPartOf":{"@id":"https:\/\/shopwcseu.com\/es\/#website"},"primaryImageOfPage":{"@id":"https:\/\/shopwcseu.com\/producto\/tomahawk-200\/#primaryimage"},"image":{"@id":"https:\/\/shopwcseu.com\/producto\/tomahawk-200\/#primaryimage"},"thumbnailUrl":"https:\/\/shopwcseu.com\/wp-content\/uploads\/2018\/10\/TLT208_1000_540x540.jpg","datePublished":"2018-10-10T19:46:08+00:00","dateModified":"2023-12-05T06:39:56+00:00","breadcrumb":{"@id":"https:\/\/shopwcseu.com\/producto\/tomahawk-200\/#breadcrumb"},"inLanguage":"fr-FR","potentialAction":[{"@type":"ReadAction","target":["https:\/\/shopwcseu.com\/producto\/tomahawk-200\/"]}]},{"@type":"ImageObject","inLanguage":"fr-FR","@id":"https:\/\/shopwcseu.com\/producto\/tomahawk-200\/#primaryimage","url":"https:\/\/shopwcseu.com\/wp-content\/uploads\/2018\/10\/TLT208_1000_540x540.jpg","contentUrl":"https:\/\/shopwcseu.com\/wp-content\/uploads\/2018\/10\/TLT208_1000_540x540.jpg","width":540,"height":540},{"@type":"BreadcrumbList","@id":"https:\/\/shopwcseu.com\/producto\/tomahawk-200\/#breadcrumb","itemListElement":[{"@type":"ListItem","position":1,"name":"Home","item":"https:\/\/shopwcseu.com\/es\/"},{"@type":"ListItem","position":2,"name":"Productos","item":"https:\/\/shopwcseu.com\/es\/products\/"},{"@type":"ListItem","position":3,"name":"TOMAHAWK MP 200"}]},{"@type":"WebSite","@id":"https:\/\/shopwcseu.com\/es\/#website","url":"https:\/\/shopwcseu.com\/es\/","name":"Wildlife Control Supplies EU","description":"La tienda de suministros de material de captura m\u00e1s grande de Europa","potentialAction":[{"@type":"SearchAction","target":{"@type":"EntryPoint","urlTemplate":"https:\/\/shopwcseu.com\/es\/?s={search_term_string}"},"query-input":{"@type":"PropertyValueSpecification","valueRequired":true,"valueName":"search_term_string"}}],"inLanguage":"fr-FR"}]}},"_links":{"self":[{"href":"https:\/\/shopwcseu.com\/fr\/wp-json\/wp\/v2\/product\/619","targetHints":{"allow":["GET"]}}],"collection":[{"href":"https:\/\/shopwcseu.com\/fr\/wp-json\/wp\/v2\/product"}],"about":[{"href":"https:\/\/shopwcseu.com\/fr\/wp-json\/wp\/v2\/types\/product"}],"wp:featuredmedia":[{"embeddable":true,"href":"https:\/\/shopwcseu.com\/fr\/wp-json\/wp\/v2\/media\/612"}],"wp:attachment":[{"href":"https:\/\/shopwcseu.com\/fr\/wp-json\/wp\/v2\/media?parent=619"}],"wp:term":[{"taxonomy":"product_brand","embeddable":true,"href":"https:\/\/shopwcseu.com\/fr\/wp-json\/wp\/v2\/product_brand?post=619"},{"taxonomy":"product_cat","embeddable":true,"href":"https:\/\/shopwcseu.com\/fr\/wp-json\/wp\/v2\/product_cat?post=619"},{"taxonomy":"product_tag","embeddable":true,"href":"https:\/\/shopwcseu.com\/fr\/wp-json\/wp\/v2\/product_tag?post=619"}],"curies":[{"name":"wp","href":"https:\/\/api.w.org\/{rel}","templated":true}]}}