{"id":582,"date":"2018-10-04T15:37:13","date_gmt":"2018-10-04T15:37:13","guid":{"rendered":"http:\/\/shopwcseu.com\/?post_type=product&#038;p=582"},"modified":"2023-12-05T06:44:57","modified_gmt":"2023-12-05T06:44:57","slug":"lazo-de-manejo-diferentes-medidas-consultanos","status":"publish","type":"product","link":"https:\/\/shopwcseu.com\/fr\/producto\/lazo-de-manejo-diferentes-medidas-consultanos\/","title":{"rendered":"LAZO DE MANEJO"},"content":{"rendered":"<p>Lazos de manejo de distintas longitudes .<\/p>\n<p>99 cms.<\/p>\n<p>121 cms.<\/p>\n<p>150 cms.<\/p>\n<p>Consultar precios de los distintos modelos<\/p>\n<p>&nbsp;<\/p>\n<p>The\u00a0<strong>Standard Ketch-All Pole<\/strong>\u00a0is a quality constructed device crafted from aircraft aluminum, designed for the humane handling of animals while affording maximum protection to the handler. Used by animal handlers and wildlife control professionals in all 50 States and the District of Columbia, as well as many foreign countries.<\/p>\n<p>Highly endorsed by Humane Societies, Animal Shelters, Zoos, Veterinarians, Police and Sheriff departments, movie producers, etc. With normal care, the Ketch-all Poles will give the user years useful service. The other advantage of purchasing a Ketch-All quality pole is that ALL of the parts are replaceable. If the cable ever gets chewed or kinked by an aggressive animal, or the biteguard is damaged, or the handles become worn&#8230; They ALL are replaceable. No other pole offers this!<\/p>\n<p>Le Ketch-All Pole Standard est un dispositif de qualit\u00e9 fabriqu\u00e9 en aluminium d\u2019a\u00e9ronef, con\u00e7u pour la manipulation sans cruaut\u00e9 des animaux tout en offrant une protection maximale au conducteur. Utilis\u00e9 par les pr\u00e9pos\u00e9s aux animaux et les professionnels du contr\u00f4le de la faune dans les 50 \u00c9tats et le district f\u00e9d\u00e9ral de Columbia, ainsi que dans de nombreux pays \u00e9trangers.<\/p>\n<p>Fortement endoss\u00e9 par les soci\u00e9t\u00e9s humanitaires, les refuges pour animaux, les zoos, les v\u00e9t\u00e9rinaires, les services de police et de sh\u00e9rif, les producteurs de films, etc. Avec des soins normaux, les Ketch-all Polonais fourniront \u00e0 l&rsquo;utilisateur des ann\u00e9es de service utile. L\u2019autre avantage de l\u2019achat d\u2019un p\u00f4le de qualit\u00e9 Ketch-All est que TOUTES les pi\u00e8ces sont rempla\u00e7ables. Si le c\u00e2ble est m\u00e2ch\u00e9 ou pli\u00e9 par un animal agressif, si le prot\u00e8ge-dents est endommag\u00e9 ou si les poign\u00e9es sont us\u00e9es &#8230; Elles sont TOUTES rempla\u00e7ables. Aucun autre p\u00f4le n&rsquo;offre cela!<\/p>\n","protected":false},"excerpt":{"rendered":"<p>Lazos de manejo de distintas longitudes . 99 cms. 121 cms. 150 cms. Consultar precios de los distintos modelos &nbsp; The\u00a0Standard Ketch-All Pole\u00a0is a quality constructed device crafted from aircraft aluminum, designed for the humane handling of animals while affording maximum protection to the handler. Used by animal handlers and wildlife control professionals in all [&hellip;]<\/p>\n","protected":false},"featured_media":583,"template":"","meta":[],"product_brand":[],"product_cat":[36],"product_tag":[],"class_list":{"0":"post-582","1":"product","2":"type-product","3":"status-publish","4":"has-post-thumbnail","6":"product_cat-redes-y-lazos-de-manejo","8":"first","9":"instock","10":"shipping-taxable","11":"purchasable","12":"product-type-simple"},"yoast_head":"<!-- This site is optimized with the Yoast SEO plugin v27.0 - https:\/\/yoast.com\/product\/yoast-seo-wordpress\/ -->\n<title>LAZO DE MANEJO - Wildlife Control Supplies EU<\/title>\n<meta name=\"robots\" content=\"index, follow, max-snippet:-1, max-image-preview:large, max-video-preview:-1\" \/>\n<link rel=\"canonical\" href=\"https:\/\/shopwcseu.com\/producto\/lazo-de-manejo-diferentes-medidas-consultanos\/\" \/>\n<meta property=\"og:locale\" content=\"fr_FR\" \/>\n<meta property=\"og:type\" content=\"article\" \/>\n<meta property=\"og:title\" content=\"LAZO DE MANEJO - Wildlife Control Supplies EU\" \/>\n<meta property=\"og:description\" content=\"Lazos de manejo de distintas longitudes . 99 cms. 121 cms. 150 cms. Consultar precios de los distintos modelos &nbsp; The\u00a0Standard Ketch-All Pole\u00a0is a quality constructed device crafted from aircraft aluminum, designed for the humane handling of animals while affording maximum protection to the handler. Used by animal handlers and wildlife control professionals in all [&hellip;]\" \/>\n<meta property=\"og:url\" content=\"https:\/\/shopwcseu.com\/producto\/lazo-de-manejo-diferentes-medidas-consultanos\/\" \/>\n<meta property=\"og:site_name\" content=\"Wildlife Control Supplies EU\" \/>\n<meta property=\"article:modified_time\" content=\"2023-12-05T06:44:57+00:00\" \/>\n<meta property=\"og:image\" content=\"https:\/\/shopwcseu.com\/wp-content\/uploads\/2018\/10\/KR_500px.jpg\" \/>\n\t<meta property=\"og:image:width\" content=\"500\" \/>\n\t<meta property=\"og:image:height\" content=\"500\" \/>\n\t<meta property=\"og:image:type\" content=\"image\/jpeg\" \/>\n<meta name=\"twitter:card\" content=\"summary_large_image\" \/>\n<meta name=\"twitter:label1\" content=\"Dur\u00e9e de lecture estim\u00e9e\" \/>\n\t<meta name=\"twitter:data1\" content=\"2 minutes\" \/>\n<script type=\"application\/ld+json\" class=\"yoast-schema-graph\">{\"@context\":\"https:\/\/schema.org\",\"@graph\":[{\"@type\":\"WebPage\",\"@id\":\"https:\/\/shopwcseu.com\/producto\/lazo-de-manejo-diferentes-medidas-consultanos\/\",\"url\":\"https:\/\/shopwcseu.com\/producto\/lazo-de-manejo-diferentes-medidas-consultanos\/\",\"name\":\"LAZO DE MANEJO - Wildlife Control Supplies EU\",\"isPartOf\":{\"@id\":\"https:\/\/shopwcseu.com\/es\/#website\"},\"primaryImageOfPage\":{\"@id\":\"https:\/\/shopwcseu.com\/producto\/lazo-de-manejo-diferentes-medidas-consultanos\/#primaryimage\"},\"image\":{\"@id\":\"https:\/\/shopwcseu.com\/producto\/lazo-de-manejo-diferentes-medidas-consultanos\/#primaryimage\"},\"thumbnailUrl\":\"https:\/\/shopwcseu.com\/wp-content\/uploads\/2018\/10\/KR_500px.jpg\",\"datePublished\":\"2018-10-04T15:37:13+00:00\",\"dateModified\":\"2023-12-05T06:44:57+00:00\",\"breadcrumb\":{\"@id\":\"https:\/\/shopwcseu.com\/producto\/lazo-de-manejo-diferentes-medidas-consultanos\/#breadcrumb\"},\"inLanguage\":\"fr-FR\",\"potentialAction\":[{\"@type\":\"ReadAction\",\"target\":[\"https:\/\/shopwcseu.com\/producto\/lazo-de-manejo-diferentes-medidas-consultanos\/\"]}]},{\"@type\":\"ImageObject\",\"inLanguage\":\"fr-FR\",\"@id\":\"https:\/\/shopwcseu.com\/producto\/lazo-de-manejo-diferentes-medidas-consultanos\/#primaryimage\",\"url\":\"https:\/\/shopwcseu.com\/wp-content\/uploads\/2018\/10\/KR_500px.jpg\",\"contentUrl\":\"https:\/\/shopwcseu.com\/wp-content\/uploads\/2018\/10\/KR_500px.jpg\",\"width\":500,\"height\":500},{\"@type\":\"BreadcrumbList\",\"@id\":\"https:\/\/shopwcseu.com\/producto\/lazo-de-manejo-diferentes-medidas-consultanos\/#breadcrumb\",\"itemListElement\":[{\"@type\":\"ListItem\",\"position\":1,\"name\":\"Home\",\"item\":\"https:\/\/shopwcseu.com\/es\/\"},{\"@type\":\"ListItem\",\"position\":2,\"name\":\"Productos\",\"item\":\"https:\/\/shopwcseu.com\/es\/products\/\"},{\"@type\":\"ListItem\",\"position\":3,\"name\":\"LAZO DE MANEJO\"}]},{\"@type\":\"WebSite\",\"@id\":\"https:\/\/shopwcseu.com\/es\/#website\",\"url\":\"https:\/\/shopwcseu.com\/es\/\",\"name\":\"Wildlife Control Supplies EU\",\"description\":\"La tienda de suministros de material de captura m\u00e1s grande de Europa\",\"potentialAction\":[{\"@type\":\"SearchAction\",\"target\":{\"@type\":\"EntryPoint\",\"urlTemplate\":\"https:\/\/shopwcseu.com\/es\/?s={search_term_string}\"},\"query-input\":{\"@type\":\"PropertyValueSpecification\",\"valueRequired\":true,\"valueName\":\"search_term_string\"}}],\"inLanguage\":\"fr-FR\"}]}<\/script>\n<!-- \/ Yoast SEO plugin. -->","yoast_head_json":{"title":"LAZO DE MANEJO - Wildlife Control Supplies EU","robots":{"index":"index","follow":"follow","max-snippet":"max-snippet:-1","max-image-preview":"max-image-preview:large","max-video-preview":"max-video-preview:-1"},"canonical":"https:\/\/shopwcseu.com\/producto\/lazo-de-manejo-diferentes-medidas-consultanos\/","og_locale":"fr_FR","og_type":"article","og_title":"LAZO DE MANEJO - Wildlife Control Supplies EU","og_description":"Lazos de manejo de distintas longitudes . 99 cms. 121 cms. 150 cms. Consultar precios de los distintos modelos &nbsp; The\u00a0Standard Ketch-All Pole\u00a0is a quality constructed device crafted from aircraft aluminum, designed for the humane handling of animals while affording maximum protection to the handler. Used by animal handlers and wildlife control professionals in all [&hellip;]","og_url":"https:\/\/shopwcseu.com\/producto\/lazo-de-manejo-diferentes-medidas-consultanos\/","og_site_name":"Wildlife Control Supplies EU","article_modified_time":"2023-12-05T06:44:57+00:00","og_image":[{"width":500,"height":500,"url":"https:\/\/shopwcseu.com\/wp-content\/uploads\/2018\/10\/KR_500px.jpg","type":"image\/jpeg"}],"twitter_card":"summary_large_image","twitter_misc":{"Dur\u00e9e de lecture estim\u00e9e":"2 minutes"},"schema":{"@context":"https:\/\/schema.org","@graph":[{"@type":"WebPage","@id":"https:\/\/shopwcseu.com\/producto\/lazo-de-manejo-diferentes-medidas-consultanos\/","url":"https:\/\/shopwcseu.com\/producto\/lazo-de-manejo-diferentes-medidas-consultanos\/","name":"LAZO DE MANEJO - Wildlife Control Supplies EU","isPartOf":{"@id":"https:\/\/shopwcseu.com\/es\/#website"},"primaryImageOfPage":{"@id":"https:\/\/shopwcseu.com\/producto\/lazo-de-manejo-diferentes-medidas-consultanos\/#primaryimage"},"image":{"@id":"https:\/\/shopwcseu.com\/producto\/lazo-de-manejo-diferentes-medidas-consultanos\/#primaryimage"},"thumbnailUrl":"https:\/\/shopwcseu.com\/wp-content\/uploads\/2018\/10\/KR_500px.jpg","datePublished":"2018-10-04T15:37:13+00:00","dateModified":"2023-12-05T06:44:57+00:00","breadcrumb":{"@id":"https:\/\/shopwcseu.com\/producto\/lazo-de-manejo-diferentes-medidas-consultanos\/#breadcrumb"},"inLanguage":"fr-FR","potentialAction":[{"@type":"ReadAction","target":["https:\/\/shopwcseu.com\/producto\/lazo-de-manejo-diferentes-medidas-consultanos\/"]}]},{"@type":"ImageObject","inLanguage":"fr-FR","@id":"https:\/\/shopwcseu.com\/producto\/lazo-de-manejo-diferentes-medidas-consultanos\/#primaryimage","url":"https:\/\/shopwcseu.com\/wp-content\/uploads\/2018\/10\/KR_500px.jpg","contentUrl":"https:\/\/shopwcseu.com\/wp-content\/uploads\/2018\/10\/KR_500px.jpg","width":500,"height":500},{"@type":"BreadcrumbList","@id":"https:\/\/shopwcseu.com\/producto\/lazo-de-manejo-diferentes-medidas-consultanos\/#breadcrumb","itemListElement":[{"@type":"ListItem","position":1,"name":"Home","item":"https:\/\/shopwcseu.com\/es\/"},{"@type":"ListItem","position":2,"name":"Productos","item":"https:\/\/shopwcseu.com\/es\/products\/"},{"@type":"ListItem","position":3,"name":"LAZO DE MANEJO"}]},{"@type":"WebSite","@id":"https:\/\/shopwcseu.com\/es\/#website","url":"https:\/\/shopwcseu.com\/es\/","name":"Wildlife Control Supplies EU","description":"La tienda de suministros de material de captura m\u00e1s grande de Europa","potentialAction":[{"@type":"SearchAction","target":{"@type":"EntryPoint","urlTemplate":"https:\/\/shopwcseu.com\/es\/?s={search_term_string}"},"query-input":{"@type":"PropertyValueSpecification","valueRequired":true,"valueName":"search_term_string"}}],"inLanguage":"fr-FR"}]}},"_links":{"self":[{"href":"https:\/\/shopwcseu.com\/fr\/wp-json\/wp\/v2\/product\/582","targetHints":{"allow":["GET"]}}],"collection":[{"href":"https:\/\/shopwcseu.com\/fr\/wp-json\/wp\/v2\/product"}],"about":[{"href":"https:\/\/shopwcseu.com\/fr\/wp-json\/wp\/v2\/types\/product"}],"wp:featuredmedia":[{"embeddable":true,"href":"https:\/\/shopwcseu.com\/fr\/wp-json\/wp\/v2\/media\/583"}],"wp:attachment":[{"href":"https:\/\/shopwcseu.com\/fr\/wp-json\/wp\/v2\/media?parent=582"}],"wp:term":[{"taxonomy":"product_brand","embeddable":true,"href":"https:\/\/shopwcseu.com\/fr\/wp-json\/wp\/v2\/product_brand?post=582"},{"taxonomy":"product_cat","embeddable":true,"href":"https:\/\/shopwcseu.com\/fr\/wp-json\/wp\/v2\/product_cat?post=582"},{"taxonomy":"product_tag","embeddable":true,"href":"https:\/\/shopwcseu.com\/fr\/wp-json\/wp\/v2\/product_tag?post=582"}],"curies":[{"name":"wp","href":"https:\/\/api.w.org\/{rel}","templated":true}]}}