{"id":558,"date":"2018-10-04T08:55:55","date_gmt":"2018-10-04T08:55:55","guid":{"rendered":"http:\/\/shopwcseu.com\/?post_type=product&#038;p=558"},"modified":"2019-04-16T10:59:04","modified_gmt":"2019-04-16T10:59:04","slug":"havalon-baracuta-edge","status":"publish","type":"product","link":"https:\/\/shopwcseu.com\/fr\/producto\/havalon-baracuta-edge\/","title":{"rendered":"HAVALON BARACUTA EDGE"},"content":{"rendered":"<p>Ideal para pesca.<\/p>\n<p>The Baracuta-Edge is a top choice for hunters and anglers looking for a bigger knife that packs an extra punch. The Edge features our high-quality surgically sharp #127XT fillet blade, ideal for filleting and deboning fish and other wild game. It also fits our #115XT hunter\u2019s blade. With its unmatched 3-in-1 capability, the Edge is the most versatile and convenient fillet knife you\u2019ll ever use.<\/p>\n<p>\u25cf 5 additional stainless steel\u00a0<strong>#127XT<\/strong>\u00a0blades, 5&Prime;<br \/>\n\u25cf Also accepts\u00a0<strong>#115XT<\/strong>\u00a0and\u00a0<strong>#115SW<\/strong>\u00a0blades<br \/>\n\u25cf Rugged black military grade polymer handle<br \/>\n\u25cf Orange rubber grip inserts<br \/>\n\u25cf Overall length 11&Prime;<br \/>\n\u25cf Ambidextrous thumb studs<br \/>\n\u25cf Open back for easy cleaning<br \/>\n\u25cf Removable pocket clip<br \/>\n\u25cf Liner lock construction<br \/>\n\u25cf Includes nylon holster<\/p>\n<p>Le Baracuta-Edge est un choix de premier ordre pour les chasseurs et les p\u00eacheurs \u00e0 la recherche d&rsquo;un couteau plus gros et plus puissant. The Edge propose notre lame de filet # 127XT de haute qualit\u00e9, tranchante chirurgicalement, id\u00e9ale pour le filetage et le d\u00e9sossage de poissons et autres gibiers sauvages. Il convient \u00e9galement la lame de notre # 115XT chasseur. Avec sa capacit\u00e9 in\u00e9gal\u00e9e 3-en-1, le Edge est le couteau \u00e0 fileter le plus polyvalent et le plus pratique que vous n&rsquo;utiliserez jamais.<\/p>\n<p>\u25cf 5 acier inoxydable suppl\u00e9mentaires # lames de 127XT, 5&Prime;<br \/>\n\u25cf accepte \u00e9galement # 115XT et # 115SW lames<br \/>\n\u25cf Poign\u00e9e en polym\u00e8re noir de qualit\u00e9 militaire robuste<br \/>\n\u25cf Inserts en caoutchouc orange<br \/>\n\u25cf Longueur totale 11 \u00a0\u00bb<br \/>\n\u25cf Clous de pouce ambidextre<br \/>\n\u25cf Ouverture \u00e0 l&rsquo;arri\u00e8re pour un nettoyage facile<br \/>\n\u25cf Clip de poche amovible<br \/>\n\u25cf Construction de la gaine<br \/>\n\u25cf Comprend un \u00e9tui en nylon<\/p>\n","protected":false},"excerpt":{"rendered":"<p>https:\/\/youtu.be\/y3VbPmL-NPs<\/p>\n","protected":false},"featured_media":527,"template":"","meta":[],"product_brand":[],"product_cat":[26],"product_tag":[],"class_list":{"0":"post-558","1":"product","2":"type-product","3":"status-publish","4":"has-post-thumbnail","6":"product_cat-cuchillos","8":"first","9":"instock","10":"shipping-taxable","11":"purchasable","12":"product-type-simple"},"yoast_head":"<!-- This site is optimized with the Yoast SEO plugin v27.0 - https:\/\/yoast.com\/product\/yoast-seo-wordpress\/ -->\n<title>HAVALON BARACUTA EDGE - Wildlife Control Supplies EU<\/title>\n<meta name=\"robots\" content=\"index, follow, max-snippet:-1, max-image-preview:large, max-video-preview:-1\" \/>\n<link rel=\"canonical\" href=\"https:\/\/shopwcseu.com\/producto\/havalon-baracuta-edge\/\" \/>\n<meta property=\"og:locale\" content=\"fr_FR\" \/>\n<meta property=\"og:type\" content=\"article\" \/>\n<meta property=\"og:title\" content=\"HAVALON BARACUTA EDGE - Wildlife Control Supplies EU\" \/>\n<meta property=\"og:description\" content=\"https:\/\/youtu.be\/y3VbPmL-NPs\" \/>\n<meta property=\"og:url\" content=\"https:\/\/shopwcseu.com\/producto\/havalon-baracuta-edge\/\" \/>\n<meta property=\"og:site_name\" content=\"Wildlife Control Supplies EU\" \/>\n<meta property=\"article:modified_time\" content=\"2019-04-16T10:59:04+00:00\" \/>\n<meta property=\"og:image\" content=\"https:\/\/shopwcseu.com\/wp-content\/uploads\/2018\/10\/Barracuda_Edge_Open_500px_wtext_242x242.jpg\" \/>\n\t<meta property=\"og:image:width\" content=\"242\" \/>\n\t<meta property=\"og:image:height\" content=\"242\" \/>\n\t<meta property=\"og:image:type\" content=\"image\/jpeg\" \/>\n<meta name=\"twitter:card\" content=\"summary_large_image\" \/>\n<meta name=\"twitter:label1\" content=\"Dur\u00e9e de lecture estim\u00e9e\" \/>\n\t<meta name=\"twitter:data1\" content=\"1 minute\" \/>\n<script type=\"application\/ld+json\" class=\"yoast-schema-graph\">{\"@context\":\"https:\/\/schema.org\",\"@graph\":[{\"@type\":\"WebPage\",\"@id\":\"https:\/\/shopwcseu.com\/producto\/havalon-baracuta-edge\/\",\"url\":\"https:\/\/shopwcseu.com\/producto\/havalon-baracuta-edge\/\",\"name\":\"HAVALON BARACUTA EDGE - Wildlife Control Supplies EU\",\"isPartOf\":{\"@id\":\"https:\/\/shopwcseu.com\/es\/#website\"},\"primaryImageOfPage\":{\"@id\":\"https:\/\/shopwcseu.com\/producto\/havalon-baracuta-edge\/#primaryimage\"},\"image\":{\"@id\":\"https:\/\/shopwcseu.com\/producto\/havalon-baracuta-edge\/#primaryimage\"},\"thumbnailUrl\":\"https:\/\/shopwcseu.com\/wp-content\/uploads\/2018\/10\/Barracuda_Edge_Open_500px_wtext_242x242.jpg\",\"datePublished\":\"2018-10-04T08:55:55+00:00\",\"dateModified\":\"2019-04-16T10:59:04+00:00\",\"breadcrumb\":{\"@id\":\"https:\/\/shopwcseu.com\/producto\/havalon-baracuta-edge\/#breadcrumb\"},\"inLanguage\":\"fr-FR\",\"potentialAction\":[{\"@type\":\"ReadAction\",\"target\":[\"https:\/\/shopwcseu.com\/producto\/havalon-baracuta-edge\/\"]}]},{\"@type\":\"ImageObject\",\"inLanguage\":\"fr-FR\",\"@id\":\"https:\/\/shopwcseu.com\/producto\/havalon-baracuta-edge\/#primaryimage\",\"url\":\"https:\/\/shopwcseu.com\/wp-content\/uploads\/2018\/10\/Barracuda_Edge_Open_500px_wtext_242x242.jpg\",\"contentUrl\":\"https:\/\/shopwcseu.com\/wp-content\/uploads\/2018\/10\/Barracuda_Edge_Open_500px_wtext_242x242.jpg\",\"width\":242,\"height\":242},{\"@type\":\"BreadcrumbList\",\"@id\":\"https:\/\/shopwcseu.com\/producto\/havalon-baracuta-edge\/#breadcrumb\",\"itemListElement\":[{\"@type\":\"ListItem\",\"position\":1,\"name\":\"Home\",\"item\":\"https:\/\/shopwcseu.com\/es\/\"},{\"@type\":\"ListItem\",\"position\":2,\"name\":\"Productos\",\"item\":\"https:\/\/shopwcseu.com\/es\/products\/\"},{\"@type\":\"ListItem\",\"position\":3,\"name\":\"HAVALON BARACUTA EDGE\"}]},{\"@type\":\"WebSite\",\"@id\":\"https:\/\/shopwcseu.com\/es\/#website\",\"url\":\"https:\/\/shopwcseu.com\/es\/\",\"name\":\"Wildlife Control Supplies EU\",\"description\":\"La tienda de suministros de material de captura m\u00e1s grande de Europa\",\"potentialAction\":[{\"@type\":\"SearchAction\",\"target\":{\"@type\":\"EntryPoint\",\"urlTemplate\":\"https:\/\/shopwcseu.com\/es\/?s={search_term_string}\"},\"query-input\":{\"@type\":\"PropertyValueSpecification\",\"valueRequired\":true,\"valueName\":\"search_term_string\"}}],\"inLanguage\":\"fr-FR\"}]}<\/script>\n<!-- \/ Yoast SEO plugin. -->","yoast_head_json":{"title":"HAVALON BARACUTA EDGE - Wildlife Control Supplies EU","robots":{"index":"index","follow":"follow","max-snippet":"max-snippet:-1","max-image-preview":"max-image-preview:large","max-video-preview":"max-video-preview:-1"},"canonical":"https:\/\/shopwcseu.com\/producto\/havalon-baracuta-edge\/","og_locale":"fr_FR","og_type":"article","og_title":"HAVALON BARACUTA EDGE - Wildlife Control Supplies EU","og_description":"https:\/\/youtu.be\/y3VbPmL-NPs","og_url":"https:\/\/shopwcseu.com\/producto\/havalon-baracuta-edge\/","og_site_name":"Wildlife Control Supplies EU","article_modified_time":"2019-04-16T10:59:04+00:00","og_image":[{"width":242,"height":242,"url":"https:\/\/shopwcseu.com\/wp-content\/uploads\/2018\/10\/Barracuda_Edge_Open_500px_wtext_242x242.jpg","type":"image\/jpeg"}],"twitter_card":"summary_large_image","twitter_misc":{"Dur\u00e9e de lecture estim\u00e9e":"1 minute"},"schema":{"@context":"https:\/\/schema.org","@graph":[{"@type":"WebPage","@id":"https:\/\/shopwcseu.com\/producto\/havalon-baracuta-edge\/","url":"https:\/\/shopwcseu.com\/producto\/havalon-baracuta-edge\/","name":"HAVALON BARACUTA EDGE - Wildlife Control Supplies EU","isPartOf":{"@id":"https:\/\/shopwcseu.com\/es\/#website"},"primaryImageOfPage":{"@id":"https:\/\/shopwcseu.com\/producto\/havalon-baracuta-edge\/#primaryimage"},"image":{"@id":"https:\/\/shopwcseu.com\/producto\/havalon-baracuta-edge\/#primaryimage"},"thumbnailUrl":"https:\/\/shopwcseu.com\/wp-content\/uploads\/2018\/10\/Barracuda_Edge_Open_500px_wtext_242x242.jpg","datePublished":"2018-10-04T08:55:55+00:00","dateModified":"2019-04-16T10:59:04+00:00","breadcrumb":{"@id":"https:\/\/shopwcseu.com\/producto\/havalon-baracuta-edge\/#breadcrumb"},"inLanguage":"fr-FR","potentialAction":[{"@type":"ReadAction","target":["https:\/\/shopwcseu.com\/producto\/havalon-baracuta-edge\/"]}]},{"@type":"ImageObject","inLanguage":"fr-FR","@id":"https:\/\/shopwcseu.com\/producto\/havalon-baracuta-edge\/#primaryimage","url":"https:\/\/shopwcseu.com\/wp-content\/uploads\/2018\/10\/Barracuda_Edge_Open_500px_wtext_242x242.jpg","contentUrl":"https:\/\/shopwcseu.com\/wp-content\/uploads\/2018\/10\/Barracuda_Edge_Open_500px_wtext_242x242.jpg","width":242,"height":242},{"@type":"BreadcrumbList","@id":"https:\/\/shopwcseu.com\/producto\/havalon-baracuta-edge\/#breadcrumb","itemListElement":[{"@type":"ListItem","position":1,"name":"Home","item":"https:\/\/shopwcseu.com\/es\/"},{"@type":"ListItem","position":2,"name":"Productos","item":"https:\/\/shopwcseu.com\/es\/products\/"},{"@type":"ListItem","position":3,"name":"HAVALON BARACUTA EDGE"}]},{"@type":"WebSite","@id":"https:\/\/shopwcseu.com\/es\/#website","url":"https:\/\/shopwcseu.com\/es\/","name":"Wildlife Control Supplies EU","description":"La tienda de suministros de material de captura m\u00e1s grande de Europa","potentialAction":[{"@type":"SearchAction","target":{"@type":"EntryPoint","urlTemplate":"https:\/\/shopwcseu.com\/es\/?s={search_term_string}"},"query-input":{"@type":"PropertyValueSpecification","valueRequired":true,"valueName":"search_term_string"}}],"inLanguage":"fr-FR"}]}},"_links":{"self":[{"href":"https:\/\/shopwcseu.com\/fr\/wp-json\/wp\/v2\/product\/558","targetHints":{"allow":["GET"]}}],"collection":[{"href":"https:\/\/shopwcseu.com\/fr\/wp-json\/wp\/v2\/product"}],"about":[{"href":"https:\/\/shopwcseu.com\/fr\/wp-json\/wp\/v2\/types\/product"}],"wp:featuredmedia":[{"embeddable":true,"href":"https:\/\/shopwcseu.com\/fr\/wp-json\/wp\/v2\/media\/527"}],"wp:attachment":[{"href":"https:\/\/shopwcseu.com\/fr\/wp-json\/wp\/v2\/media?parent=558"}],"wp:term":[{"taxonomy":"product_brand","embeddable":true,"href":"https:\/\/shopwcseu.com\/fr\/wp-json\/wp\/v2\/product_brand?post=558"},{"taxonomy":"product_cat","embeddable":true,"href":"https:\/\/shopwcseu.com\/fr\/wp-json\/wp\/v2\/product_cat?post=558"},{"taxonomy":"product_tag","embeddable":true,"href":"https:\/\/shopwcseu.com\/fr\/wp-json\/wp\/v2\/product_tag?post=558"}],"curies":[{"name":"wp","href":"https:\/\/api.w.org\/{rel}","templated":true}]}}