{"id":523,"date":"2018-10-03T15:58:19","date_gmt":"2018-10-03T15:58:19","guid":{"rendered":"http:\/\/shopwcseu.com\/?post_type=product&#038;p=523"},"modified":"2023-12-05T07:00:34","modified_gmt":"2023-12-05T07:00:34","slug":"bridger-330-magnum","status":"publish","type":"product","link":"https:\/\/shopwcseu.com\/fr\/producto\/bridger-330-magnum\/","title":{"rendered":"BRIDGER 330 MAGNUM"},"content":{"rendered":"<p>Bridger 330 Magnum<\/p>\n<p>The<strong>\u00a0Bridger 330 Magnum Body Grip Trap<\/strong>\u00a0has a 10&Prime; x 9&Prime; jawspread, double springs and safety hooks.\u00a0\u00a0Used for capturing beaver, otter, etc.\u00a0 This\u00a0<strong>lethal<\/strong>trap captures the animal around the neck and body when the animal passes through it. Typically, this trap is meant to be fully submerged in water or in an enclosure minimizing the possibility of non-target captures.<\/p>\n<p>Le pi\u00e8ge en X Bridger 330 Magnum est dot\u00e9 d&rsquo;un \u00e9cartement des m\u00e2choires de 10 \u00ab\u00a0x 9\u00a0\u00bb, de doubles ressorts et de crochets de s\u00e9curit\u00e9. Utilis\u00e9 pour capturer le castor, la loutre, etc. Ce pi\u00e8ge mortel capture l&rsquo;animal autour du cou et du corps lorsque l&rsquo;animal le traverse. En r\u00e8gle g\u00e9n\u00e9rale, ce pi\u00e8ge est con\u00e7u pour \u00eatre enti\u00e8rement immerg\u00e9 dans de l&rsquo;eau ou dans une enceinte, ce qui minimise les risques de capture non cibl\u00e9e.<\/p>\n","protected":false},"excerpt":{"rendered":"<p>Bridger 330 Magnum The\u00a0Bridger 330 Magnum Body Grip Trap\u00a0has a 10&Prime; x 9&Prime; jawspread, double springs and safety hooks.\u00a0\u00a0Used for capturing beaver, otter, etc.\u00a0 This\u00a0lethaltrap captures the animal around the neck and body when the animal passes through it. Typically, this trap is meant to be fully submerged in water or in an enclosure minimizing [&hellip;]<\/p>\n","protected":false},"featured_media":520,"template":"","meta":[],"product_brand":[],"product_cat":[28],"product_tag":[],"class_list":{"0":"post-523","1":"product","2":"type-product","3":"status-publish","4":"has-post-thumbnail","6":"product_cat-body-grip-traps-trampas-de-muerte","8":"first","9":"instock","10":"shipping-taxable","11":"purchasable","12":"product-type-simple"},"yoast_head":"<!-- This site is optimized with the Yoast SEO plugin v27.0 - https:\/\/yoast.com\/product\/yoast-seo-wordpress\/ -->\n<title>BRIDGER 330 MAGNUM - Wildlife Control Supplies EU<\/title>\n<meta name=\"robots\" content=\"index, follow, max-snippet:-1, max-image-preview:large, max-video-preview:-1\" \/>\n<link rel=\"canonical\" href=\"https:\/\/shopwcseu.com\/producto\/bridger-330-magnum\/\" \/>\n<meta property=\"og:locale\" content=\"fr_FR\" \/>\n<meta property=\"og:type\" content=\"article\" \/>\n<meta property=\"og:title\" content=\"BRIDGER 330 MAGNUM - Wildlife Control Supplies EU\" \/>\n<meta property=\"og:description\" content=\"Bridger 330 Magnum The\u00a0Bridger 330 Magnum Body Grip Trap\u00a0has a 10&Prime; x 9&Prime; jawspread, double springs and safety hooks.\u00a0\u00a0Used for capturing beaver, otter, etc.\u00a0 This\u00a0lethaltrap captures the animal around the neck and body when the animal passes through it. Typically, this trap is meant to be fully submerged in water or in an enclosure minimizing [&hellip;]\" \/>\n<meta property=\"og:url\" content=\"https:\/\/shopwcseu.com\/producto\/bridger-330-magnum\/\" \/>\n<meta property=\"og:site_name\" content=\"Wildlife Control Supplies EU\" \/>\n<meta property=\"article:modified_time\" content=\"2023-12-05T07:00:34+00:00\" \/>\n<meta property=\"og:image\" content=\"https:\/\/shopwcseu.com\/wp-content\/uploads\/2018\/10\/Bridger_220_Magnum_500px_242x242.jpg\" \/>\n\t<meta property=\"og:image:width\" content=\"242\" \/>\n\t<meta property=\"og:image:height\" content=\"242\" \/>\n\t<meta property=\"og:image:type\" content=\"image\/jpeg\" \/>\n<meta name=\"twitter:card\" content=\"summary_large_image\" \/>\n<meta name=\"twitter:label1\" content=\"Dur\u00e9e de lecture estim\u00e9e\" \/>\n\t<meta name=\"twitter:data1\" content=\"1 minute\" \/>\n<script type=\"application\/ld+json\" class=\"yoast-schema-graph\">{\"@context\":\"https:\/\/schema.org\",\"@graph\":[{\"@type\":\"WebPage\",\"@id\":\"https:\/\/shopwcseu.com\/producto\/bridger-330-magnum\/\",\"url\":\"https:\/\/shopwcseu.com\/producto\/bridger-330-magnum\/\",\"name\":\"BRIDGER 330 MAGNUM - Wildlife Control Supplies EU\",\"isPartOf\":{\"@id\":\"https:\/\/shopwcseu.com\/es\/#website\"},\"primaryImageOfPage\":{\"@id\":\"https:\/\/shopwcseu.com\/producto\/bridger-330-magnum\/#primaryimage\"},\"image\":{\"@id\":\"https:\/\/shopwcseu.com\/producto\/bridger-330-magnum\/#primaryimage\"},\"thumbnailUrl\":\"https:\/\/shopwcseu.com\/wp-content\/uploads\/2018\/10\/Bridger_220_Magnum_500px_242x242.jpg\",\"datePublished\":\"2018-10-03T15:58:19+00:00\",\"dateModified\":\"2023-12-05T07:00:34+00:00\",\"breadcrumb\":{\"@id\":\"https:\/\/shopwcseu.com\/producto\/bridger-330-magnum\/#breadcrumb\"},\"inLanguage\":\"fr-FR\",\"potentialAction\":[{\"@type\":\"ReadAction\",\"target\":[\"https:\/\/shopwcseu.com\/producto\/bridger-330-magnum\/\"]}]},{\"@type\":\"ImageObject\",\"inLanguage\":\"fr-FR\",\"@id\":\"https:\/\/shopwcseu.com\/producto\/bridger-330-magnum\/#primaryimage\",\"url\":\"https:\/\/shopwcseu.com\/wp-content\/uploads\/2018\/10\/Bridger_220_Magnum_500px_242x242.jpg\",\"contentUrl\":\"https:\/\/shopwcseu.com\/wp-content\/uploads\/2018\/10\/Bridger_220_Magnum_500px_242x242.jpg\",\"width\":242,\"height\":242},{\"@type\":\"BreadcrumbList\",\"@id\":\"https:\/\/shopwcseu.com\/producto\/bridger-330-magnum\/#breadcrumb\",\"itemListElement\":[{\"@type\":\"ListItem\",\"position\":1,\"name\":\"Home\",\"item\":\"https:\/\/shopwcseu.com\/es\/\"},{\"@type\":\"ListItem\",\"position\":2,\"name\":\"Productos\",\"item\":\"https:\/\/shopwcseu.com\/es\/products\/\"},{\"@type\":\"ListItem\",\"position\":3,\"name\":\"BRIDGER 330 MAGNUM\"}]},{\"@type\":\"WebSite\",\"@id\":\"https:\/\/shopwcseu.com\/es\/#website\",\"url\":\"https:\/\/shopwcseu.com\/es\/\",\"name\":\"Wildlife Control Supplies EU\",\"description\":\"La tienda de suministros de material de captura m\u00e1s grande de Europa\",\"potentialAction\":[{\"@type\":\"SearchAction\",\"target\":{\"@type\":\"EntryPoint\",\"urlTemplate\":\"https:\/\/shopwcseu.com\/es\/?s={search_term_string}\"},\"query-input\":{\"@type\":\"PropertyValueSpecification\",\"valueRequired\":true,\"valueName\":\"search_term_string\"}}],\"inLanguage\":\"fr-FR\"}]}<\/script>\n<!-- \/ Yoast SEO plugin. -->","yoast_head_json":{"title":"BRIDGER 330 MAGNUM - Wildlife Control Supplies EU","robots":{"index":"index","follow":"follow","max-snippet":"max-snippet:-1","max-image-preview":"max-image-preview:large","max-video-preview":"max-video-preview:-1"},"canonical":"https:\/\/shopwcseu.com\/producto\/bridger-330-magnum\/","og_locale":"fr_FR","og_type":"article","og_title":"BRIDGER 330 MAGNUM - Wildlife Control Supplies EU","og_description":"Bridger 330 Magnum The\u00a0Bridger 330 Magnum Body Grip Trap\u00a0has a 10&Prime; x 9&Prime; jawspread, double springs and safety hooks.\u00a0\u00a0Used for capturing beaver, otter, etc.\u00a0 This\u00a0lethaltrap captures the animal around the neck and body when the animal passes through it. Typically, this trap is meant to be fully submerged in water or in an enclosure minimizing [&hellip;]","og_url":"https:\/\/shopwcseu.com\/producto\/bridger-330-magnum\/","og_site_name":"Wildlife Control Supplies EU","article_modified_time":"2023-12-05T07:00:34+00:00","og_image":[{"width":242,"height":242,"url":"https:\/\/shopwcseu.com\/wp-content\/uploads\/2018\/10\/Bridger_220_Magnum_500px_242x242.jpg","type":"image\/jpeg"}],"twitter_card":"summary_large_image","twitter_misc":{"Dur\u00e9e de lecture estim\u00e9e":"1 minute"},"schema":{"@context":"https:\/\/schema.org","@graph":[{"@type":"WebPage","@id":"https:\/\/shopwcseu.com\/producto\/bridger-330-magnum\/","url":"https:\/\/shopwcseu.com\/producto\/bridger-330-magnum\/","name":"BRIDGER 330 MAGNUM - Wildlife Control Supplies EU","isPartOf":{"@id":"https:\/\/shopwcseu.com\/es\/#website"},"primaryImageOfPage":{"@id":"https:\/\/shopwcseu.com\/producto\/bridger-330-magnum\/#primaryimage"},"image":{"@id":"https:\/\/shopwcseu.com\/producto\/bridger-330-magnum\/#primaryimage"},"thumbnailUrl":"https:\/\/shopwcseu.com\/wp-content\/uploads\/2018\/10\/Bridger_220_Magnum_500px_242x242.jpg","datePublished":"2018-10-03T15:58:19+00:00","dateModified":"2023-12-05T07:00:34+00:00","breadcrumb":{"@id":"https:\/\/shopwcseu.com\/producto\/bridger-330-magnum\/#breadcrumb"},"inLanguage":"fr-FR","potentialAction":[{"@type":"ReadAction","target":["https:\/\/shopwcseu.com\/producto\/bridger-330-magnum\/"]}]},{"@type":"ImageObject","inLanguage":"fr-FR","@id":"https:\/\/shopwcseu.com\/producto\/bridger-330-magnum\/#primaryimage","url":"https:\/\/shopwcseu.com\/wp-content\/uploads\/2018\/10\/Bridger_220_Magnum_500px_242x242.jpg","contentUrl":"https:\/\/shopwcseu.com\/wp-content\/uploads\/2018\/10\/Bridger_220_Magnum_500px_242x242.jpg","width":242,"height":242},{"@type":"BreadcrumbList","@id":"https:\/\/shopwcseu.com\/producto\/bridger-330-magnum\/#breadcrumb","itemListElement":[{"@type":"ListItem","position":1,"name":"Home","item":"https:\/\/shopwcseu.com\/es\/"},{"@type":"ListItem","position":2,"name":"Productos","item":"https:\/\/shopwcseu.com\/es\/products\/"},{"@type":"ListItem","position":3,"name":"BRIDGER 330 MAGNUM"}]},{"@type":"WebSite","@id":"https:\/\/shopwcseu.com\/es\/#website","url":"https:\/\/shopwcseu.com\/es\/","name":"Wildlife Control Supplies EU","description":"La tienda de suministros de material de captura m\u00e1s grande de Europa","potentialAction":[{"@type":"SearchAction","target":{"@type":"EntryPoint","urlTemplate":"https:\/\/shopwcseu.com\/es\/?s={search_term_string}"},"query-input":{"@type":"PropertyValueSpecification","valueRequired":true,"valueName":"search_term_string"}}],"inLanguage":"fr-FR"}]}},"_links":{"self":[{"href":"https:\/\/shopwcseu.com\/fr\/wp-json\/wp\/v2\/product\/523","targetHints":{"allow":["GET"]}}],"collection":[{"href":"https:\/\/shopwcseu.com\/fr\/wp-json\/wp\/v2\/product"}],"about":[{"href":"https:\/\/shopwcseu.com\/fr\/wp-json\/wp\/v2\/types\/product"}],"wp:featuredmedia":[{"embeddable":true,"href":"https:\/\/shopwcseu.com\/fr\/wp-json\/wp\/v2\/media\/520"}],"wp:attachment":[{"href":"https:\/\/shopwcseu.com\/fr\/wp-json\/wp\/v2\/media?parent=523"}],"wp:term":[{"taxonomy":"product_brand","embeddable":true,"href":"https:\/\/shopwcseu.com\/fr\/wp-json\/wp\/v2\/product_brand?post=523"},{"taxonomy":"product_cat","embeddable":true,"href":"https:\/\/shopwcseu.com\/fr\/wp-json\/wp\/v2\/product_cat?post=523"},{"taxonomy":"product_tag","embeddable":true,"href":"https:\/\/shopwcseu.com\/fr\/wp-json\/wp\/v2\/product_tag?post=523"}],"curies":[{"name":"wp","href":"https:\/\/api.w.org\/{rel}","templated":true}]}}