{"id":519,"date":"2018-10-03T15:54:33","date_gmt":"2018-10-03T15:54:33","guid":{"rendered":"http:\/\/shopwcseu.com\/?post_type=product&#038;p=519"},"modified":"2023-12-05T07:01:10","modified_gmt":"2023-12-05T07:01:10","slug":"bridger-160-magnum","status":"publish","type":"product","link":"https:\/\/shopwcseu.com\/fr\/producto\/bridger-160-magnum\/","title":{"rendered":"BRIDGER 160 MAGNUM"},"content":{"rendered":"<p>Bridger 160 Magnum<\/p>\n<p>The Bridger #160 Magnum Bodygrip Trap has an open jawspread measuring 6&Prime; x 6&Prime;, double springs, and safety hooks. Good for raccoon, skunk, marten, fisher, etc. This lethal trap captures the animal around the neck and body when the animal passes through it. Typically, this trap is meant to be submerged in water, in or on a structure or in an enclosed box, eliminating the possibility of non-target captures.<\/p>\n<p>Le pi\u00e8ge \u00e0 pince Bridger # 160 Magnum Bodygrip est dot\u00e9 d&rsquo;un \u00e9carteur de m\u00e2choires ouvert de 6 \u00ab\u00a0x 6\u00a0\u00bb, de doubles ressorts et de crochets de s\u00e9curit\u00e9. Bon pour le raton laveur, la moufette, la martre, le p\u00eacheur, etc. Ce pi\u00e8ge mortel capture l&rsquo;animal autour du cou et du corps lorsque l&rsquo;animal le traverse. En r\u00e8gle g\u00e9n\u00e9rale, ce pi\u00e8ge est destin\u00e9 \u00e0 \u00eatre immerg\u00e9 dans l&rsquo;eau, dans ou sur une structure ou dans une bo\u00eete ferm\u00e9e, ce qui \u00e9limine la possibilit\u00e9 de captures non cibl\u00e9es.<\/p>\n<p>&nbsp;<\/p>\n","protected":false},"excerpt":{"rendered":"<p>Bridger 160 Magnum The Bridger #160 Magnum Bodygrip Trap has an open jawspread measuring 6&Prime; x 6&Prime;, double springs, and safety hooks. Good for raccoon, skunk, marten, fisher, etc. This lethal trap captures the animal around the neck and body when the animal passes through it. Typically, this trap is meant to be submerged in [&hellip;]<\/p>\n","protected":false},"featured_media":520,"template":"","meta":[],"product_brand":[],"product_cat":[28],"product_tag":[],"class_list":{"0":"post-519","1":"product","2":"type-product","3":"status-publish","4":"has-post-thumbnail","6":"product_cat-body-grip-traps-trampas-de-muerte","8":"first","9":"instock","10":"shipping-taxable","11":"purchasable","12":"product-type-simple"},"yoast_head":"<!-- This site is optimized with the Yoast SEO plugin v27.0 - https:\/\/yoast.com\/product\/yoast-seo-wordpress\/ -->\n<title>BRIDGER 160 MAGNUM - Wildlife Control Supplies EU<\/title>\n<meta name=\"robots\" content=\"index, follow, max-snippet:-1, max-image-preview:large, max-video-preview:-1\" \/>\n<link rel=\"canonical\" href=\"https:\/\/shopwcseu.com\/producto\/bridger-160-magnum\/\" \/>\n<meta property=\"og:locale\" content=\"fr_FR\" \/>\n<meta property=\"og:type\" content=\"article\" \/>\n<meta property=\"og:title\" content=\"BRIDGER 160 MAGNUM - Wildlife Control Supplies EU\" \/>\n<meta property=\"og:description\" content=\"Bridger 160 Magnum The Bridger #160 Magnum Bodygrip Trap has an open jawspread measuring 6&Prime; x 6&Prime;, double springs, and safety hooks. Good for raccoon, skunk, marten, fisher, etc. This lethal trap captures the animal around the neck and body when the animal passes through it. Typically, this trap is meant to be submerged in [&hellip;]\" \/>\n<meta property=\"og:url\" content=\"https:\/\/shopwcseu.com\/producto\/bridger-160-magnum\/\" \/>\n<meta property=\"og:site_name\" content=\"Wildlife Control Supplies EU\" \/>\n<meta property=\"article:modified_time\" content=\"2023-12-05T07:01:10+00:00\" \/>\n<meta property=\"og:image\" content=\"https:\/\/shopwcseu.com\/wp-content\/uploads\/2018\/10\/Bridger_220_Magnum_500px_242x242.jpg\" \/>\n\t<meta property=\"og:image:width\" content=\"242\" \/>\n\t<meta property=\"og:image:height\" content=\"242\" \/>\n\t<meta property=\"og:image:type\" content=\"image\/jpeg\" \/>\n<meta name=\"twitter:card\" content=\"summary_large_image\" \/>\n<meta name=\"twitter:label1\" content=\"Dur\u00e9e de lecture estim\u00e9e\" \/>\n\t<meta name=\"twitter:data1\" content=\"1 minute\" \/>\n<script type=\"application\/ld+json\" class=\"yoast-schema-graph\">{\"@context\":\"https:\/\/schema.org\",\"@graph\":[{\"@type\":\"WebPage\",\"@id\":\"https:\/\/shopwcseu.com\/producto\/bridger-160-magnum\/\",\"url\":\"https:\/\/shopwcseu.com\/producto\/bridger-160-magnum\/\",\"name\":\"BRIDGER 160 MAGNUM - Wildlife Control Supplies EU\",\"isPartOf\":{\"@id\":\"https:\/\/shopwcseu.com\/es\/#website\"},\"primaryImageOfPage\":{\"@id\":\"https:\/\/shopwcseu.com\/producto\/bridger-160-magnum\/#primaryimage\"},\"image\":{\"@id\":\"https:\/\/shopwcseu.com\/producto\/bridger-160-magnum\/#primaryimage\"},\"thumbnailUrl\":\"https:\/\/shopwcseu.com\/wp-content\/uploads\/2018\/10\/Bridger_220_Magnum_500px_242x242.jpg\",\"datePublished\":\"2018-10-03T15:54:33+00:00\",\"dateModified\":\"2023-12-05T07:01:10+00:00\",\"breadcrumb\":{\"@id\":\"https:\/\/shopwcseu.com\/producto\/bridger-160-magnum\/#breadcrumb\"},\"inLanguage\":\"fr-FR\",\"potentialAction\":[{\"@type\":\"ReadAction\",\"target\":[\"https:\/\/shopwcseu.com\/producto\/bridger-160-magnum\/\"]}]},{\"@type\":\"ImageObject\",\"inLanguage\":\"fr-FR\",\"@id\":\"https:\/\/shopwcseu.com\/producto\/bridger-160-magnum\/#primaryimage\",\"url\":\"https:\/\/shopwcseu.com\/wp-content\/uploads\/2018\/10\/Bridger_220_Magnum_500px_242x242.jpg\",\"contentUrl\":\"https:\/\/shopwcseu.com\/wp-content\/uploads\/2018\/10\/Bridger_220_Magnum_500px_242x242.jpg\",\"width\":242,\"height\":242},{\"@type\":\"BreadcrumbList\",\"@id\":\"https:\/\/shopwcseu.com\/producto\/bridger-160-magnum\/#breadcrumb\",\"itemListElement\":[{\"@type\":\"ListItem\",\"position\":1,\"name\":\"Home\",\"item\":\"https:\/\/shopwcseu.com\/es\/\"},{\"@type\":\"ListItem\",\"position\":2,\"name\":\"Productos\",\"item\":\"https:\/\/shopwcseu.com\/es\/products\/\"},{\"@type\":\"ListItem\",\"position\":3,\"name\":\"BRIDGER 160 MAGNUM\"}]},{\"@type\":\"WebSite\",\"@id\":\"https:\/\/shopwcseu.com\/es\/#website\",\"url\":\"https:\/\/shopwcseu.com\/es\/\",\"name\":\"Wildlife Control Supplies EU\",\"description\":\"La tienda de suministros de material de captura m\u00e1s grande de Europa\",\"potentialAction\":[{\"@type\":\"SearchAction\",\"target\":{\"@type\":\"EntryPoint\",\"urlTemplate\":\"https:\/\/shopwcseu.com\/es\/?s={search_term_string}\"},\"query-input\":{\"@type\":\"PropertyValueSpecification\",\"valueRequired\":true,\"valueName\":\"search_term_string\"}}],\"inLanguage\":\"fr-FR\"}]}<\/script>\n<!-- \/ Yoast SEO plugin. -->","yoast_head_json":{"title":"BRIDGER 160 MAGNUM - Wildlife Control Supplies EU","robots":{"index":"index","follow":"follow","max-snippet":"max-snippet:-1","max-image-preview":"max-image-preview:large","max-video-preview":"max-video-preview:-1"},"canonical":"https:\/\/shopwcseu.com\/producto\/bridger-160-magnum\/","og_locale":"fr_FR","og_type":"article","og_title":"BRIDGER 160 MAGNUM - Wildlife Control Supplies EU","og_description":"Bridger 160 Magnum The Bridger #160 Magnum Bodygrip Trap has an open jawspread measuring 6&Prime; x 6&Prime;, double springs, and safety hooks. Good for raccoon, skunk, marten, fisher, etc. This lethal trap captures the animal around the neck and body when the animal passes through it. Typically, this trap is meant to be submerged in [&hellip;]","og_url":"https:\/\/shopwcseu.com\/producto\/bridger-160-magnum\/","og_site_name":"Wildlife Control Supplies EU","article_modified_time":"2023-12-05T07:01:10+00:00","og_image":[{"width":242,"height":242,"url":"https:\/\/shopwcseu.com\/wp-content\/uploads\/2018\/10\/Bridger_220_Magnum_500px_242x242.jpg","type":"image\/jpeg"}],"twitter_card":"summary_large_image","twitter_misc":{"Dur\u00e9e de lecture estim\u00e9e":"1 minute"},"schema":{"@context":"https:\/\/schema.org","@graph":[{"@type":"WebPage","@id":"https:\/\/shopwcseu.com\/producto\/bridger-160-magnum\/","url":"https:\/\/shopwcseu.com\/producto\/bridger-160-magnum\/","name":"BRIDGER 160 MAGNUM - Wildlife Control Supplies EU","isPartOf":{"@id":"https:\/\/shopwcseu.com\/es\/#website"},"primaryImageOfPage":{"@id":"https:\/\/shopwcseu.com\/producto\/bridger-160-magnum\/#primaryimage"},"image":{"@id":"https:\/\/shopwcseu.com\/producto\/bridger-160-magnum\/#primaryimage"},"thumbnailUrl":"https:\/\/shopwcseu.com\/wp-content\/uploads\/2018\/10\/Bridger_220_Magnum_500px_242x242.jpg","datePublished":"2018-10-03T15:54:33+00:00","dateModified":"2023-12-05T07:01:10+00:00","breadcrumb":{"@id":"https:\/\/shopwcseu.com\/producto\/bridger-160-magnum\/#breadcrumb"},"inLanguage":"fr-FR","potentialAction":[{"@type":"ReadAction","target":["https:\/\/shopwcseu.com\/producto\/bridger-160-magnum\/"]}]},{"@type":"ImageObject","inLanguage":"fr-FR","@id":"https:\/\/shopwcseu.com\/producto\/bridger-160-magnum\/#primaryimage","url":"https:\/\/shopwcseu.com\/wp-content\/uploads\/2018\/10\/Bridger_220_Magnum_500px_242x242.jpg","contentUrl":"https:\/\/shopwcseu.com\/wp-content\/uploads\/2018\/10\/Bridger_220_Magnum_500px_242x242.jpg","width":242,"height":242},{"@type":"BreadcrumbList","@id":"https:\/\/shopwcseu.com\/producto\/bridger-160-magnum\/#breadcrumb","itemListElement":[{"@type":"ListItem","position":1,"name":"Home","item":"https:\/\/shopwcseu.com\/es\/"},{"@type":"ListItem","position":2,"name":"Productos","item":"https:\/\/shopwcseu.com\/es\/products\/"},{"@type":"ListItem","position":3,"name":"BRIDGER 160 MAGNUM"}]},{"@type":"WebSite","@id":"https:\/\/shopwcseu.com\/es\/#website","url":"https:\/\/shopwcseu.com\/es\/","name":"Wildlife Control Supplies EU","description":"La tienda de suministros de material de captura m\u00e1s grande de Europa","potentialAction":[{"@type":"SearchAction","target":{"@type":"EntryPoint","urlTemplate":"https:\/\/shopwcseu.com\/es\/?s={search_term_string}"},"query-input":{"@type":"PropertyValueSpecification","valueRequired":true,"valueName":"search_term_string"}}],"inLanguage":"fr-FR"}]}},"_links":{"self":[{"href":"https:\/\/shopwcseu.com\/fr\/wp-json\/wp\/v2\/product\/519","targetHints":{"allow":["GET"]}}],"collection":[{"href":"https:\/\/shopwcseu.com\/fr\/wp-json\/wp\/v2\/product"}],"about":[{"href":"https:\/\/shopwcseu.com\/fr\/wp-json\/wp\/v2\/types\/product"}],"wp:featuredmedia":[{"embeddable":true,"href":"https:\/\/shopwcseu.com\/fr\/wp-json\/wp\/v2\/media\/520"}],"wp:attachment":[{"href":"https:\/\/shopwcseu.com\/fr\/wp-json\/wp\/v2\/media?parent=519"}],"wp:term":[{"taxonomy":"product_brand","embeddable":true,"href":"https:\/\/shopwcseu.com\/fr\/wp-json\/wp\/v2\/product_brand?post=519"},{"taxonomy":"product_cat","embeddable":true,"href":"https:\/\/shopwcseu.com\/fr\/wp-json\/wp\/v2\/product_cat?post=519"},{"taxonomy":"product_tag","embeddable":true,"href":"https:\/\/shopwcseu.com\/fr\/wp-json\/wp\/v2\/product_tag?post=519"}],"curies":[{"name":"wp","href":"https:\/\/api.w.org\/{rel}","templated":true}]}}