{"id":517,"date":"2018-10-03T15:53:27","date_gmt":"2018-10-03T15:53:27","guid":{"rendered":"http:\/\/shopwcseu.com\/?post_type=product&#038;p=517"},"modified":"2023-12-05T07:01:25","modified_gmt":"2023-12-05T07:01:25","slug":"bridger-150-magnum","status":"publish","type":"product","link":"https:\/\/shopwcseu.com\/fr\/producto\/bridger-150-magnum\/","title":{"rendered":"BRIDGER 150 MAGNUM"},"content":{"rendered":"<p>Bridger 150 Magnum<\/p>\n<p>The\u00a0Bridger #150 \u00ab\u00a0Magnum\u00a0\u00bb\u00a0features a 5&Prime; inside jaw spread. The small spring eyes keep the jaws closed tight when the trap is fired. A perfect trap where a slightly larger trap is needed for a muskrat run or mink trail set. An excellent dog and trigger that provides a nice crisp fire.<\/p>\n<p>The #110, #120, #150, and #155 Bridger Bodygrippers have been revamped with \u00ab\u00a0magnum\u00a0\u00bb style jaws. These traps are also now equipped with heat treated springs for added strength and extended life.<\/p>\n<p>Le Bridger # 150 \u00ab\u00a0Magnum\u00a0\u00bb pr\u00e9sente une ouverture de 5 \u00ab\u00a0entre les m\u00e2choires. Les petits yeux de printemps gardent les m\u00e2choires bien ferm\u00e9es lorsque le pi\u00e8ge est tir\u00e9. Un pi\u00e8ge parfait o\u00f9 un pi\u00e8ge l\u00e9g\u00e8rement plus grand est n\u00e9cessaire pour une course de rats musqu\u00e9s ou un sentier de vison. Un excellent chien et la g\u00e2chette qui fournit un joli feu croustillant.<\/p>\n<p>Les Bodygrippers Bridger Body # 110, # 120, # 150 et 155 ont \u00e9t\u00e9 revamp\u00e9s avec des m\u00e2choires de style \u00ab\u00a0magnum\u00a0\u00bb. Ces pi\u00e8ges sont \u00e9galement \u00e9quip\u00e9s de ressorts trait\u00e9s thermiquement pour une r\u00e9sistance accrue et une dur\u00e9e de vie prolong\u00e9e.<\/p>\n","protected":false},"excerpt":{"rendered":"<p>Bridger 150 Magnum The\u00a0Bridger #150 \u00ab\u00a0Magnum\u00a0\u00bb\u00a0features a 5&Prime; inside jaw spread. The small spring eyes keep the jaws closed tight when the trap is fired. A perfect trap where a slightly larger trap is needed for a muskrat run or mink trail set. An excellent dog and trigger that provides a nice crisp fire. The [&hellip;]<\/p>\n","protected":false},"featured_media":518,"template":"","meta":[],"product_brand":[],"product_cat":[28],"product_tag":[],"class_list":{"0":"post-517","1":"product","2":"type-product","3":"status-publish","4":"has-post-thumbnail","6":"product_cat-body-grip-traps-trampas-de-muerte","8":"first","9":"instock","10":"shipping-taxable","11":"purchasable","12":"product-type-simple"},"yoast_head":"<!-- This site is optimized with the Yoast SEO plugin v27.0 - https:\/\/yoast.com\/product\/yoast-seo-wordpress\/ -->\n<title>BRIDGER 150 MAGNUM - Wildlife Control Supplies EU<\/title>\n<meta name=\"robots\" content=\"index, follow, max-snippet:-1, max-image-preview:large, max-video-preview:-1\" \/>\n<link rel=\"canonical\" href=\"https:\/\/shopwcseu.com\/producto\/bridger-150-magnum\/\" \/>\n<meta property=\"og:locale\" content=\"fr_FR\" \/>\n<meta property=\"og:type\" content=\"article\" \/>\n<meta property=\"og:title\" content=\"BRIDGER 150 MAGNUM - Wildlife Control Supplies EU\" \/>\n<meta property=\"og:description\" content=\"Bridger 150 Magnum The\u00a0Bridger #150 \u00ab\u00a0Magnum\u00a0\u00bb\u00a0features a 5&Prime; inside jaw spread. The small spring eyes keep the jaws closed tight when the trap is fired. A perfect trap where a slightly larger trap is needed for a muskrat run or mink trail set. An excellent dog and trigger that provides a nice crisp fire. The [&hellip;]\" \/>\n<meta property=\"og:url\" content=\"https:\/\/shopwcseu.com\/producto\/bridger-150-magnum\/\" \/>\n<meta property=\"og:site_name\" content=\"Wildlife Control Supplies EU\" \/>\n<meta property=\"article:modified_time\" content=\"2023-12-05T07:01:25+00:00\" \/>\n<meta property=\"og:image\" content=\"https:\/\/shopwcseu.com\/wp-content\/uploads\/2018\/10\/Bridger_150_Magnum_Set_1000px_242x242.jpg\" \/>\n\t<meta property=\"og:image:width\" content=\"242\" \/>\n\t<meta property=\"og:image:height\" content=\"242\" \/>\n\t<meta property=\"og:image:type\" content=\"image\/jpeg\" \/>\n<meta name=\"twitter:card\" content=\"summary_large_image\" \/>\n<meta name=\"twitter:label1\" content=\"Dur\u00e9e de lecture estim\u00e9e\" \/>\n\t<meta name=\"twitter:data1\" content=\"1 minute\" \/>\n<script type=\"application\/ld+json\" class=\"yoast-schema-graph\">{\"@context\":\"https:\/\/schema.org\",\"@graph\":[{\"@type\":\"WebPage\",\"@id\":\"https:\/\/shopwcseu.com\/producto\/bridger-150-magnum\/\",\"url\":\"https:\/\/shopwcseu.com\/producto\/bridger-150-magnum\/\",\"name\":\"BRIDGER 150 MAGNUM - Wildlife Control Supplies EU\",\"isPartOf\":{\"@id\":\"https:\/\/shopwcseu.com\/es\/#website\"},\"primaryImageOfPage\":{\"@id\":\"https:\/\/shopwcseu.com\/producto\/bridger-150-magnum\/#primaryimage\"},\"image\":{\"@id\":\"https:\/\/shopwcseu.com\/producto\/bridger-150-magnum\/#primaryimage\"},\"thumbnailUrl\":\"https:\/\/shopwcseu.com\/wp-content\/uploads\/2018\/10\/Bridger_150_Magnum_Set_1000px_242x242.jpg\",\"datePublished\":\"2018-10-03T15:53:27+00:00\",\"dateModified\":\"2023-12-05T07:01:25+00:00\",\"breadcrumb\":{\"@id\":\"https:\/\/shopwcseu.com\/producto\/bridger-150-magnum\/#breadcrumb\"},\"inLanguage\":\"fr-FR\",\"potentialAction\":[{\"@type\":\"ReadAction\",\"target\":[\"https:\/\/shopwcseu.com\/producto\/bridger-150-magnum\/\"]}]},{\"@type\":\"ImageObject\",\"inLanguage\":\"fr-FR\",\"@id\":\"https:\/\/shopwcseu.com\/producto\/bridger-150-magnum\/#primaryimage\",\"url\":\"https:\/\/shopwcseu.com\/wp-content\/uploads\/2018\/10\/Bridger_150_Magnum_Set_1000px_242x242.jpg\",\"contentUrl\":\"https:\/\/shopwcseu.com\/wp-content\/uploads\/2018\/10\/Bridger_150_Magnum_Set_1000px_242x242.jpg\",\"width\":242,\"height\":242},{\"@type\":\"BreadcrumbList\",\"@id\":\"https:\/\/shopwcseu.com\/producto\/bridger-150-magnum\/#breadcrumb\",\"itemListElement\":[{\"@type\":\"ListItem\",\"position\":1,\"name\":\"Home\",\"item\":\"https:\/\/shopwcseu.com\/es\/\"},{\"@type\":\"ListItem\",\"position\":2,\"name\":\"Productos\",\"item\":\"https:\/\/shopwcseu.com\/es\/products\/\"},{\"@type\":\"ListItem\",\"position\":3,\"name\":\"BRIDGER 150 MAGNUM\"}]},{\"@type\":\"WebSite\",\"@id\":\"https:\/\/shopwcseu.com\/es\/#website\",\"url\":\"https:\/\/shopwcseu.com\/es\/\",\"name\":\"Wildlife Control Supplies EU\",\"description\":\"La tienda de suministros de material de captura m\u00e1s grande de Europa\",\"potentialAction\":[{\"@type\":\"SearchAction\",\"target\":{\"@type\":\"EntryPoint\",\"urlTemplate\":\"https:\/\/shopwcseu.com\/es\/?s={search_term_string}\"},\"query-input\":{\"@type\":\"PropertyValueSpecification\",\"valueRequired\":true,\"valueName\":\"search_term_string\"}}],\"inLanguage\":\"fr-FR\"}]}<\/script>\n<!-- \/ Yoast SEO plugin. -->","yoast_head_json":{"title":"BRIDGER 150 MAGNUM - Wildlife Control Supplies EU","robots":{"index":"index","follow":"follow","max-snippet":"max-snippet:-1","max-image-preview":"max-image-preview:large","max-video-preview":"max-video-preview:-1"},"canonical":"https:\/\/shopwcseu.com\/producto\/bridger-150-magnum\/","og_locale":"fr_FR","og_type":"article","og_title":"BRIDGER 150 MAGNUM - Wildlife Control Supplies EU","og_description":"Bridger 150 Magnum The\u00a0Bridger #150 \u00ab\u00a0Magnum\u00a0\u00bb\u00a0features a 5&Prime; inside jaw spread. The small spring eyes keep the jaws closed tight when the trap is fired. A perfect trap where a slightly larger trap is needed for a muskrat run or mink trail set. An excellent dog and trigger that provides a nice crisp fire. The [&hellip;]","og_url":"https:\/\/shopwcseu.com\/producto\/bridger-150-magnum\/","og_site_name":"Wildlife Control Supplies EU","article_modified_time":"2023-12-05T07:01:25+00:00","og_image":[{"width":242,"height":242,"url":"https:\/\/shopwcseu.com\/wp-content\/uploads\/2018\/10\/Bridger_150_Magnum_Set_1000px_242x242.jpg","type":"image\/jpeg"}],"twitter_card":"summary_large_image","twitter_misc":{"Dur\u00e9e de lecture estim\u00e9e":"1 minute"},"schema":{"@context":"https:\/\/schema.org","@graph":[{"@type":"WebPage","@id":"https:\/\/shopwcseu.com\/producto\/bridger-150-magnum\/","url":"https:\/\/shopwcseu.com\/producto\/bridger-150-magnum\/","name":"BRIDGER 150 MAGNUM - Wildlife Control Supplies EU","isPartOf":{"@id":"https:\/\/shopwcseu.com\/es\/#website"},"primaryImageOfPage":{"@id":"https:\/\/shopwcseu.com\/producto\/bridger-150-magnum\/#primaryimage"},"image":{"@id":"https:\/\/shopwcseu.com\/producto\/bridger-150-magnum\/#primaryimage"},"thumbnailUrl":"https:\/\/shopwcseu.com\/wp-content\/uploads\/2018\/10\/Bridger_150_Magnum_Set_1000px_242x242.jpg","datePublished":"2018-10-03T15:53:27+00:00","dateModified":"2023-12-05T07:01:25+00:00","breadcrumb":{"@id":"https:\/\/shopwcseu.com\/producto\/bridger-150-magnum\/#breadcrumb"},"inLanguage":"fr-FR","potentialAction":[{"@type":"ReadAction","target":["https:\/\/shopwcseu.com\/producto\/bridger-150-magnum\/"]}]},{"@type":"ImageObject","inLanguage":"fr-FR","@id":"https:\/\/shopwcseu.com\/producto\/bridger-150-magnum\/#primaryimage","url":"https:\/\/shopwcseu.com\/wp-content\/uploads\/2018\/10\/Bridger_150_Magnum_Set_1000px_242x242.jpg","contentUrl":"https:\/\/shopwcseu.com\/wp-content\/uploads\/2018\/10\/Bridger_150_Magnum_Set_1000px_242x242.jpg","width":242,"height":242},{"@type":"BreadcrumbList","@id":"https:\/\/shopwcseu.com\/producto\/bridger-150-magnum\/#breadcrumb","itemListElement":[{"@type":"ListItem","position":1,"name":"Home","item":"https:\/\/shopwcseu.com\/es\/"},{"@type":"ListItem","position":2,"name":"Productos","item":"https:\/\/shopwcseu.com\/es\/products\/"},{"@type":"ListItem","position":3,"name":"BRIDGER 150 MAGNUM"}]},{"@type":"WebSite","@id":"https:\/\/shopwcseu.com\/es\/#website","url":"https:\/\/shopwcseu.com\/es\/","name":"Wildlife Control Supplies EU","description":"La tienda de suministros de material de captura m\u00e1s grande de Europa","potentialAction":[{"@type":"SearchAction","target":{"@type":"EntryPoint","urlTemplate":"https:\/\/shopwcseu.com\/es\/?s={search_term_string}"},"query-input":{"@type":"PropertyValueSpecification","valueRequired":true,"valueName":"search_term_string"}}],"inLanguage":"fr-FR"}]}},"_links":{"self":[{"href":"https:\/\/shopwcseu.com\/fr\/wp-json\/wp\/v2\/product\/517","targetHints":{"allow":["GET"]}}],"collection":[{"href":"https:\/\/shopwcseu.com\/fr\/wp-json\/wp\/v2\/product"}],"about":[{"href":"https:\/\/shopwcseu.com\/fr\/wp-json\/wp\/v2\/types\/product"}],"wp:featuredmedia":[{"embeddable":true,"href":"https:\/\/shopwcseu.com\/fr\/wp-json\/wp\/v2\/media\/518"}],"wp:attachment":[{"href":"https:\/\/shopwcseu.com\/fr\/wp-json\/wp\/v2\/media?parent=517"}],"wp:term":[{"taxonomy":"product_brand","embeddable":true,"href":"https:\/\/shopwcseu.com\/fr\/wp-json\/wp\/v2\/product_brand?post=517"},{"taxonomy":"product_cat","embeddable":true,"href":"https:\/\/shopwcseu.com\/fr\/wp-json\/wp\/v2\/product_cat?post=517"},{"taxonomy":"product_tag","embeddable":true,"href":"https:\/\/shopwcseu.com\/fr\/wp-json\/wp\/v2\/product_tag?post=517"}],"curies":[{"name":"wp","href":"https:\/\/api.w.org\/{rel}","templated":true}]}}