{"id":514,"date":"2018-10-03T15:48:21","date_gmt":"2018-10-03T15:48:21","guid":{"rendered":"http:\/\/shopwcseu.com\/?post_type=product&#038;p=514"},"modified":"2023-12-05T07:02:30","modified_gmt":"2023-12-05T07:02:30","slug":"belisle-160-super-x","status":"publish","type":"product","link":"https:\/\/shopwcseu.com\/fr\/producto\/belisle-160-super-x\/","title":{"rendered":"BELISLE 160 SUPER X"},"content":{"rendered":"<p>Les pi\u00e8ges \u00e0 poign\u00e9e de corps <strong>Belisle # 160 Super X<\/strong> ont une nouvelle m\u00e2choire arrondie sp\u00e9ciale qui permet une fermeture compl\u00e8te de style magnum. Ces pi\u00e8ges ont une g\u00e2chette monobloc, des crochets de s\u00e9curit\u00e9 qui restent en place, soud\u00e9s \u00e0 la main. Un produit de qualit\u00e9 fabriqu\u00e9 au Canada. Le B\u00e9lisle 160 Super-X est dot\u00e9 d\u2019une \u00e9talage de m\u00e2choires de 6 1\/4 \u00ab\u00a0H x 6 1\/8\u00a0\u00bb W, avec un double ressort. Bon pour p\u00eacheur, raton laveur, etc.<\/p>\n<p>PI\u00c8GE UNIQUE<\/p>\n<p><strong>N&rsquo;INCLUT PAS LE SYST\u00c8ME D&rsquo;ANCRAGE<\/strong><\/p>","protected":false},"excerpt":{"rendered":"<p>Code de produit: WCS160X-1<\/p>\n","protected":false},"featured_media":1021,"template":"","meta":[],"product_brand":[],"product_cat":[28],"product_tag":[],"class_list":{"0":"post-514","1":"product","2":"type-product","3":"status-publish","4":"has-post-thumbnail","6":"product_cat-body-grip-traps-trampas-de-muerte","8":"first","9":"instock","10":"shipping-taxable","11":"purchasable","12":"product-type-simple"},"yoast_head":"<!-- This site is optimized with the Yoast SEO plugin v27.0 - https:\/\/yoast.com\/product\/yoast-seo-wordpress\/ -->\n<title>BELISLE 160 SUPER X - Wildlife Control Supplies EU<\/title>\n<meta name=\"robots\" content=\"index, follow, max-snippet:-1, max-image-preview:large, max-video-preview:-1\" \/>\n<link rel=\"canonical\" href=\"https:\/\/shopwcseu.com\/fr\/producto\/belisle-160-super-x\/\" \/>\n<meta property=\"og:locale\" content=\"fr_FR\" \/>\n<meta property=\"og:type\" content=\"article\" \/>\n<meta property=\"og:title\" content=\"BELISLE 160 SUPER X - Wildlife Control Supplies EU\" \/>\n<meta property=\"og:description\" content=\"[:en]Product Code: WCS160X-1[:es]C\u00f3digo de producto: WCS160X-1[:fr]Code de produit: WCS160X-1[:]\" \/>\n<meta property=\"og:url\" content=\"https:\/\/shopwcseu.com\/fr\/producto\/belisle-160-super-x\/\" \/>\n<meta property=\"og:site_name\" content=\"Wildlife Control Supplies EU\" \/>\n<meta property=\"article:modified_time\" content=\"2023-12-05T07:02:30+00:00\" \/>\n<meta property=\"og:image\" content=\"https:\/\/shopwcseu.com\/wp-content\/uploads\/2018\/10\/Belisle_120_1000px_540x540-1.jpg\" \/>\n\t<meta property=\"og:image:width\" content=\"540\" \/>\n\t<meta property=\"og:image:height\" content=\"540\" \/>\n\t<meta property=\"og:image:type\" content=\"image\/jpeg\" \/>\n<meta name=\"twitter:card\" content=\"summary_large_image\" \/>\n<meta name=\"twitter:label1\" content=\"Dur\u00e9e de lecture estim\u00e9e\" \/>\n\t<meta name=\"twitter:data1\" content=\"1 minute\" \/>\n<script type=\"application\/ld+json\" class=\"yoast-schema-graph\">{\"@context\":\"https:\/\/schema.org\",\"@graph\":[{\"@type\":\"WebPage\",\"@id\":\"https:\/\/shopwcseu.com\/fr\/producto\/belisle-160-super-x\/\",\"url\":\"https:\/\/shopwcseu.com\/fr\/producto\/belisle-160-super-x\/\",\"name\":\"BELISLE 160 SUPER X - Wildlife Control Supplies EU\",\"isPartOf\":{\"@id\":\"https:\/\/shopwcseu.com\/es\/#website\"},\"primaryImageOfPage\":{\"@id\":\"https:\/\/shopwcseu.com\/fr\/producto\/belisle-160-super-x\/#primaryimage\"},\"image\":{\"@id\":\"https:\/\/shopwcseu.com\/fr\/producto\/belisle-160-super-x\/#primaryimage\"},\"thumbnailUrl\":\"https:\/\/shopwcseu.com\/wp-content\/uploads\/2018\/10\/Belisle_120_1000px_540x540-1.jpg\",\"datePublished\":\"2018-10-03T15:48:21+00:00\",\"dateModified\":\"2023-12-05T07:02:30+00:00\",\"breadcrumb\":{\"@id\":\"https:\/\/shopwcseu.com\/fr\/producto\/belisle-160-super-x\/#breadcrumb\"},\"inLanguage\":\"fr-FR\",\"potentialAction\":[{\"@type\":\"ReadAction\",\"target\":[\"https:\/\/shopwcseu.com\/fr\/producto\/belisle-160-super-x\/\"]}]},{\"@type\":\"ImageObject\",\"inLanguage\":\"fr-FR\",\"@id\":\"https:\/\/shopwcseu.com\/fr\/producto\/belisle-160-super-x\/#primaryimage\",\"url\":\"https:\/\/shopwcseu.com\/wp-content\/uploads\/2018\/10\/Belisle_120_1000px_540x540-1.jpg\",\"contentUrl\":\"https:\/\/shopwcseu.com\/wp-content\/uploads\/2018\/10\/Belisle_120_1000px_540x540-1.jpg\",\"width\":540,\"height\":540},{\"@type\":\"BreadcrumbList\",\"@id\":\"https:\/\/shopwcseu.com\/fr\/producto\/belisle-160-super-x\/#breadcrumb\",\"itemListElement\":[{\"@type\":\"ListItem\",\"position\":1,\"name\":\"Home\",\"item\":\"https:\/\/shopwcseu.com\/es\/\"},{\"@type\":\"ListItem\",\"position\":2,\"name\":\"Productos\",\"item\":\"https:\/\/shopwcseu.com\/es\/products\/\"},{\"@type\":\"ListItem\",\"position\":3,\"name\":\"BELISLE 160 SUPER X\"}]},{\"@type\":\"WebSite\",\"@id\":\"https:\/\/shopwcseu.com\/es\/#website\",\"url\":\"https:\/\/shopwcseu.com\/es\/\",\"name\":\"Wildlife Control Supplies EU\",\"description\":\"La tienda de suministros de material de captura m\u00e1s grande de Europa\",\"potentialAction\":[{\"@type\":\"SearchAction\",\"target\":{\"@type\":\"EntryPoint\",\"urlTemplate\":\"https:\/\/shopwcseu.com\/es\/?s={search_term_string}\"},\"query-input\":{\"@type\":\"PropertyValueSpecification\",\"valueRequired\":true,\"valueName\":\"search_term_string\"}}],\"inLanguage\":\"fr-FR\"}]}<\/script>\n<!-- \/ Yoast SEO plugin. -->","yoast_head_json":{"title":"BELISLE 160 SUPER X - Wildlife Control Supplies EU","robots":{"index":"index","follow":"follow","max-snippet":"max-snippet:-1","max-image-preview":"max-image-preview:large","max-video-preview":"max-video-preview:-1"},"canonical":"https:\/\/shopwcseu.com\/fr\/producto\/belisle-160-super-x\/","og_locale":"fr_FR","og_type":"article","og_title":"BELISLE 160 SUPER X - Wildlife Control Supplies EU","og_description":"[:en]Product Code: WCS160X-1[:es]C\u00f3digo de producto: WCS160X-1[:fr]Code de produit: WCS160X-1[:]","og_url":"https:\/\/shopwcseu.com\/fr\/producto\/belisle-160-super-x\/","og_site_name":"Wildlife Control Supplies EU","article_modified_time":"2023-12-05T07:02:30+00:00","og_image":[{"width":540,"height":540,"url":"https:\/\/shopwcseu.com\/wp-content\/uploads\/2018\/10\/Belisle_120_1000px_540x540-1.jpg","type":"image\/jpeg"}],"twitter_card":"summary_large_image","twitter_misc":{"Dur\u00e9e de lecture estim\u00e9e":"1 minute"},"schema":{"@context":"https:\/\/schema.org","@graph":[{"@type":"WebPage","@id":"https:\/\/shopwcseu.com\/fr\/producto\/belisle-160-super-x\/","url":"https:\/\/shopwcseu.com\/fr\/producto\/belisle-160-super-x\/","name":"BELISLE 160 SUPER X - Wildlife Control Supplies EU","isPartOf":{"@id":"https:\/\/shopwcseu.com\/es\/#website"},"primaryImageOfPage":{"@id":"https:\/\/shopwcseu.com\/fr\/producto\/belisle-160-super-x\/#primaryimage"},"image":{"@id":"https:\/\/shopwcseu.com\/fr\/producto\/belisle-160-super-x\/#primaryimage"},"thumbnailUrl":"https:\/\/shopwcseu.com\/wp-content\/uploads\/2018\/10\/Belisle_120_1000px_540x540-1.jpg","datePublished":"2018-10-03T15:48:21+00:00","dateModified":"2023-12-05T07:02:30+00:00","breadcrumb":{"@id":"https:\/\/shopwcseu.com\/fr\/producto\/belisle-160-super-x\/#breadcrumb"},"inLanguage":"fr-FR","potentialAction":[{"@type":"ReadAction","target":["https:\/\/shopwcseu.com\/fr\/producto\/belisle-160-super-x\/"]}]},{"@type":"ImageObject","inLanguage":"fr-FR","@id":"https:\/\/shopwcseu.com\/fr\/producto\/belisle-160-super-x\/#primaryimage","url":"https:\/\/shopwcseu.com\/wp-content\/uploads\/2018\/10\/Belisle_120_1000px_540x540-1.jpg","contentUrl":"https:\/\/shopwcseu.com\/wp-content\/uploads\/2018\/10\/Belisle_120_1000px_540x540-1.jpg","width":540,"height":540},{"@type":"BreadcrumbList","@id":"https:\/\/shopwcseu.com\/fr\/producto\/belisle-160-super-x\/#breadcrumb","itemListElement":[{"@type":"ListItem","position":1,"name":"Home","item":"https:\/\/shopwcseu.com\/es\/"},{"@type":"ListItem","position":2,"name":"Productos","item":"https:\/\/shopwcseu.com\/es\/products\/"},{"@type":"ListItem","position":3,"name":"BELISLE 160 SUPER X"}]},{"@type":"WebSite","@id":"https:\/\/shopwcseu.com\/es\/#website","url":"https:\/\/shopwcseu.com\/es\/","name":"Wildlife Control Supplies EU","description":"La tienda de suministros de material de captura m\u00e1s grande de Europa","potentialAction":[{"@type":"SearchAction","target":{"@type":"EntryPoint","urlTemplate":"https:\/\/shopwcseu.com\/es\/?s={search_term_string}"},"query-input":{"@type":"PropertyValueSpecification","valueRequired":true,"valueName":"search_term_string"}}],"inLanguage":"fr-FR"}]}},"_links":{"self":[{"href":"https:\/\/shopwcseu.com\/fr\/wp-json\/wp\/v2\/product\/514","targetHints":{"allow":["GET"]}}],"collection":[{"href":"https:\/\/shopwcseu.com\/fr\/wp-json\/wp\/v2\/product"}],"about":[{"href":"https:\/\/shopwcseu.com\/fr\/wp-json\/wp\/v2\/types\/product"}],"wp:featuredmedia":[{"embeddable":true,"href":"https:\/\/shopwcseu.com\/fr\/wp-json\/wp\/v2\/media\/1021"}],"wp:attachment":[{"href":"https:\/\/shopwcseu.com\/fr\/wp-json\/wp\/v2\/media?parent=514"}],"wp:term":[{"taxonomy":"product_brand","embeddable":true,"href":"https:\/\/shopwcseu.com\/fr\/wp-json\/wp\/v2\/product_brand?post=514"},{"taxonomy":"product_cat","embeddable":true,"href":"https:\/\/shopwcseu.com\/fr\/wp-json\/wp\/v2\/product_cat?post=514"},{"taxonomy":"product_tag","embeddable":true,"href":"https:\/\/shopwcseu.com\/fr\/wp-json\/wp\/v2\/product_tag?post=514"}],"curies":[{"name":"wp","href":"https:\/\/api.w.org\/{rel}","templated":true}]}}