{"id":508,"date":"2018-10-03T15:41:35","date_gmt":"2018-10-03T15:41:35","guid":{"rendered":"http:\/\/shopwcseu.com\/?post_type=product&#038;p=508"},"modified":"2024-01-03T10:56:33","modified_gmt":"2024-01-03T10:56:33","slug":"belisle-110-super-x","status":"publish","type":"product","link":"https:\/\/shopwcseu.com\/fr\/producto\/belisle-110-super-x\/","title":{"rendered":"Belisle 110 Super X Body Grip Trap"},"content":{"rendered":"<p>Les pi\u00e8ges \u00e0 poign\u00e9es Belisle # 110 Super X ont une nouvelle m\u00e2choire arrondie sp\u00e9ciale qui permet une fermeture de style magnum. Ces pi\u00e8ges ont une g\u00e2chette en une pi\u00e8ce et sont soud\u00e9s \u00e0 la main. Un produit de qualit\u00e9 fabriqu\u00e9 au Canada. Le Belisle 110 a une m\u00e2choire de 4,5 \u00ab\u00a0x 4,5\u00a0\u00bb, avec un seul ressort puissant. Bon pour le rat musqu\u00e9, le vison, la martre, etc.<\/p>\n<p>Pi\u00e8ge individuel<\/p>\n<p><strong>N&rsquo;INCLUT PAS LE SYST\u00c8ME D&rsquo;ANCRAGE<\/strong><\/p>","protected":false},"excerpt":{"rendered":"<p>Code de produit: WCS110X-1<\/p>\n","protected":false},"featured_media":1017,"template":"","meta":[],"product_brand":[],"product_cat":[28],"product_tag":[],"class_list":{"0":"post-508","1":"product","2":"type-product","3":"status-publish","4":"has-post-thumbnail","6":"product_cat-body-grip-traps-trampas-de-muerte","8":"first","9":"instock","10":"shipping-taxable","11":"purchasable","12":"product-type-simple"},"yoast_head":"<!-- This site is optimized with the Yoast SEO plugin v27.0 - https:\/\/yoast.com\/product\/yoast-seo-wordpress\/ -->\n<title>Belisle 110 Super X Body Grip Trap - Wildlife Control Supplies EU<\/title>\n<meta name=\"robots\" content=\"index, follow, max-snippet:-1, max-image-preview:large, max-video-preview:-1\" \/>\n<link rel=\"canonical\" href=\"https:\/\/shopwcseu.com\/producto\/belisle-110-super-x\/\" \/>\n<meta property=\"og:locale\" content=\"fr_FR\" \/>\n<meta property=\"og:type\" content=\"article\" \/>\n<meta property=\"og:title\" content=\"Belisle 110 Super X Body Grip Trap - Wildlife Control Supplies EU\" \/>\n<meta property=\"og:description\" content=\"[:en]Product Code: WCS110X-1[:es]Product Code: WCS110X-1[:fr]Code de produit: WCS110X-1[:]\" \/>\n<meta property=\"og:url\" content=\"https:\/\/shopwcseu.com\/producto\/belisle-110-super-x\/\" \/>\n<meta property=\"og:site_name\" content=\"Wildlife Control Supplies EU\" \/>\n<meta property=\"article:modified_time\" content=\"2024-01-03T10:56:33+00:00\" \/>\n<meta property=\"og:image\" content=\"https:\/\/shopwcseu.com\/wp-content\/uploads\/2018\/10\/Belisle_110_Set_1000px_540x540.jpg\" \/>\n\t<meta property=\"og:image:width\" content=\"540\" \/>\n\t<meta property=\"og:image:height\" content=\"540\" \/>\n\t<meta property=\"og:image:type\" content=\"image\/jpeg\" \/>\n<meta name=\"twitter:card\" content=\"summary_large_image\" \/>\n<meta name=\"twitter:label1\" content=\"Dur\u00e9e de lecture estim\u00e9e\" \/>\n\t<meta name=\"twitter:data1\" content=\"1 minute\" \/>\n<script type=\"application\/ld+json\" class=\"yoast-schema-graph\">{\"@context\":\"https:\/\/schema.org\",\"@graph\":[{\"@type\":\"WebPage\",\"@id\":\"https:\/\/shopwcseu.com\/producto\/belisle-110-super-x\/\",\"url\":\"https:\/\/shopwcseu.com\/producto\/belisle-110-super-x\/\",\"name\":\"Belisle 110 Super X Body Grip Trap - Wildlife Control Supplies EU\",\"isPartOf\":{\"@id\":\"https:\/\/shopwcseu.com\/es\/#website\"},\"primaryImageOfPage\":{\"@id\":\"https:\/\/shopwcseu.com\/producto\/belisle-110-super-x\/#primaryimage\"},\"image\":{\"@id\":\"https:\/\/shopwcseu.com\/producto\/belisle-110-super-x\/#primaryimage\"},\"thumbnailUrl\":\"https:\/\/shopwcseu.com\/wp-content\/uploads\/2018\/10\/Belisle_110_Set_1000px_540x540.jpg\",\"datePublished\":\"2018-10-03T15:41:35+00:00\",\"dateModified\":\"2024-01-03T10:56:33+00:00\",\"breadcrumb\":{\"@id\":\"https:\/\/shopwcseu.com\/producto\/belisle-110-super-x\/#breadcrumb\"},\"inLanguage\":\"fr-FR\",\"potentialAction\":[{\"@type\":\"ReadAction\",\"target\":[\"https:\/\/shopwcseu.com\/producto\/belisle-110-super-x\/\"]}]},{\"@type\":\"ImageObject\",\"inLanguage\":\"fr-FR\",\"@id\":\"https:\/\/shopwcseu.com\/producto\/belisle-110-super-x\/#primaryimage\",\"url\":\"https:\/\/shopwcseu.com\/wp-content\/uploads\/2018\/10\/Belisle_110_Set_1000px_540x540.jpg\",\"contentUrl\":\"https:\/\/shopwcseu.com\/wp-content\/uploads\/2018\/10\/Belisle_110_Set_1000px_540x540.jpg\",\"width\":540,\"height\":540},{\"@type\":\"BreadcrumbList\",\"@id\":\"https:\/\/shopwcseu.com\/producto\/belisle-110-super-x\/#breadcrumb\",\"itemListElement\":[{\"@type\":\"ListItem\",\"position\":1,\"name\":\"Home\",\"item\":\"https:\/\/shopwcseu.com\/es\/\"},{\"@type\":\"ListItem\",\"position\":2,\"name\":\"Productos\",\"item\":\"https:\/\/shopwcseu.com\/es\/products\/\"},{\"@type\":\"ListItem\",\"position\":3,\"name\":\"Belisle 110 Super X Body Grip Trap\"}]},{\"@type\":\"WebSite\",\"@id\":\"https:\/\/shopwcseu.com\/es\/#website\",\"url\":\"https:\/\/shopwcseu.com\/es\/\",\"name\":\"Wildlife Control Supplies EU\",\"description\":\"La tienda de suministros de material de captura m\u00e1s grande de Europa\",\"potentialAction\":[{\"@type\":\"SearchAction\",\"target\":{\"@type\":\"EntryPoint\",\"urlTemplate\":\"https:\/\/shopwcseu.com\/es\/?s={search_term_string}\"},\"query-input\":{\"@type\":\"PropertyValueSpecification\",\"valueRequired\":true,\"valueName\":\"search_term_string\"}}],\"inLanguage\":\"fr-FR\"}]}<\/script>\n<!-- \/ Yoast SEO plugin. -->","yoast_head_json":{"title":"Belisle 110 Super X Body Grip Trap - Wildlife Control Supplies EU","robots":{"index":"index","follow":"follow","max-snippet":"max-snippet:-1","max-image-preview":"max-image-preview:large","max-video-preview":"max-video-preview:-1"},"canonical":"https:\/\/shopwcseu.com\/producto\/belisle-110-super-x\/","og_locale":"fr_FR","og_type":"article","og_title":"Belisle 110 Super X Body Grip Trap - Wildlife Control Supplies EU","og_description":"[:en]Product Code: WCS110X-1[:es]Product Code: WCS110X-1[:fr]Code de produit: WCS110X-1[:]","og_url":"https:\/\/shopwcseu.com\/producto\/belisle-110-super-x\/","og_site_name":"Wildlife Control Supplies EU","article_modified_time":"2024-01-03T10:56:33+00:00","og_image":[{"width":540,"height":540,"url":"https:\/\/shopwcseu.com\/wp-content\/uploads\/2018\/10\/Belisle_110_Set_1000px_540x540.jpg","type":"image\/jpeg"}],"twitter_card":"summary_large_image","twitter_misc":{"Dur\u00e9e de lecture estim\u00e9e":"1 minute"},"schema":{"@context":"https:\/\/schema.org","@graph":[{"@type":"WebPage","@id":"https:\/\/shopwcseu.com\/producto\/belisle-110-super-x\/","url":"https:\/\/shopwcseu.com\/producto\/belisle-110-super-x\/","name":"Belisle 110 Super X Body Grip Trap - Wildlife Control Supplies EU","isPartOf":{"@id":"https:\/\/shopwcseu.com\/es\/#website"},"primaryImageOfPage":{"@id":"https:\/\/shopwcseu.com\/producto\/belisle-110-super-x\/#primaryimage"},"image":{"@id":"https:\/\/shopwcseu.com\/producto\/belisle-110-super-x\/#primaryimage"},"thumbnailUrl":"https:\/\/shopwcseu.com\/wp-content\/uploads\/2018\/10\/Belisle_110_Set_1000px_540x540.jpg","datePublished":"2018-10-03T15:41:35+00:00","dateModified":"2024-01-03T10:56:33+00:00","breadcrumb":{"@id":"https:\/\/shopwcseu.com\/producto\/belisle-110-super-x\/#breadcrumb"},"inLanguage":"fr-FR","potentialAction":[{"@type":"ReadAction","target":["https:\/\/shopwcseu.com\/producto\/belisle-110-super-x\/"]}]},{"@type":"ImageObject","inLanguage":"fr-FR","@id":"https:\/\/shopwcseu.com\/producto\/belisle-110-super-x\/#primaryimage","url":"https:\/\/shopwcseu.com\/wp-content\/uploads\/2018\/10\/Belisle_110_Set_1000px_540x540.jpg","contentUrl":"https:\/\/shopwcseu.com\/wp-content\/uploads\/2018\/10\/Belisle_110_Set_1000px_540x540.jpg","width":540,"height":540},{"@type":"BreadcrumbList","@id":"https:\/\/shopwcseu.com\/producto\/belisle-110-super-x\/#breadcrumb","itemListElement":[{"@type":"ListItem","position":1,"name":"Home","item":"https:\/\/shopwcseu.com\/es\/"},{"@type":"ListItem","position":2,"name":"Productos","item":"https:\/\/shopwcseu.com\/es\/products\/"},{"@type":"ListItem","position":3,"name":"Belisle 110 Super X Body Grip Trap"}]},{"@type":"WebSite","@id":"https:\/\/shopwcseu.com\/es\/#website","url":"https:\/\/shopwcseu.com\/es\/","name":"Wildlife Control Supplies EU","description":"La tienda de suministros de material de captura m\u00e1s grande de Europa","potentialAction":[{"@type":"SearchAction","target":{"@type":"EntryPoint","urlTemplate":"https:\/\/shopwcseu.com\/es\/?s={search_term_string}"},"query-input":{"@type":"PropertyValueSpecification","valueRequired":true,"valueName":"search_term_string"}}],"inLanguage":"fr-FR"}]}},"_links":{"self":[{"href":"https:\/\/shopwcseu.com\/fr\/wp-json\/wp\/v2\/product\/508","targetHints":{"allow":["GET"]}}],"collection":[{"href":"https:\/\/shopwcseu.com\/fr\/wp-json\/wp\/v2\/product"}],"about":[{"href":"https:\/\/shopwcseu.com\/fr\/wp-json\/wp\/v2\/types\/product"}],"wp:featuredmedia":[{"embeddable":true,"href":"https:\/\/shopwcseu.com\/fr\/wp-json\/wp\/v2\/media\/1017"}],"wp:attachment":[{"href":"https:\/\/shopwcseu.com\/fr\/wp-json\/wp\/v2\/media?parent=508"}],"wp:term":[{"taxonomy":"product_brand","embeddable":true,"href":"https:\/\/shopwcseu.com\/fr\/wp-json\/wp\/v2\/product_brand?post=508"},{"taxonomy":"product_cat","embeddable":true,"href":"https:\/\/shopwcseu.com\/fr\/wp-json\/wp\/v2\/product_cat?post=508"},{"taxonomy":"product_tag","embeddable":true,"href":"https:\/\/shopwcseu.com\/fr\/wp-json\/wp\/v2\/product_tag?post=508"}],"curies":[{"name":"wp","href":"https:\/\/api.w.org\/{rel}","templated":true}]}}