{"id":474,"date":"2018-10-03T11:55:20","date_gmt":"2018-10-03T11:55:20","guid":{"rendered":"http:\/\/shopwcseu.com\/?post_type=product&#038;p=474"},"modified":"2023-12-05T07:03:03","modified_gmt":"2023-12-05T07:03:03","slug":"vet-pro-magnum","status":"publish","type":"product","link":"https:\/\/shopwcseu.com\/fr\/producto\/vet-pro-magnum\/","title":{"rendered":"VET-PRO MAGNUM"},"content":{"rendered":"<p>Protecci\u00f3n m\u00e1xima. Forrados por m\u00e1s de 400 cables interiormente. Impiden la perforaci\u00f3n.<\/p>\n<p>Dise\u00f1ados especialmente para el manejo de primates.<\/p>\n<p><strong>Vet-Pro\u2122 Magnum Gloves\u00a0<\/strong>provide superior puncture resistance and crushing protection with 400 stainless steel safety bars built into the\u00a0hand, clinched on the back and front of the fingers, to disperse force and shield against penetration. Initially developed for handling primates, these gloves offer the greatest bite protection while still maintaining an ample amount of dexterity.<\/p>\n<p><strong>\u00ab\u00a0MADE in the USA\u00a0\u00bb<\/strong><\/p>\n<p>Les gants Vet-Pro \u2122 Magnum offrent une r\u00e9sistance sup\u00e9rieure \u00e0 la perforation et une protection contre l&rsquo;\u00e9crasement gr\u00e2ce \u00e0 400 barres de s\u00e9curit\u00e9 en acier inoxydable int\u00e9gr\u00e9es \u00e0 la main, retaill\u00e9es au dos et sur le devant des doigts, permettant de disperser la force et de vous prot\u00e9ger de la p\u00e9n\u00e9tration. Initialement mis au point pour la manipulation des primates, ces gants offrent la plus grande protection contre les morsures tout en maintenant une grande dext\u00e9rit\u00e9.<br \/>\n\u00ab\u00a0Fabriqu\u00e9 aux Etats-Unis\u00a0\u00bb<\/p>\n","protected":false},"excerpt":{"rendered":"<p>Protecci\u00f3n m\u00e1xima. Forrados por m\u00e1s de 400 cables interiormente. Impiden la perforaci\u00f3n. Dise\u00f1ados especialmente para el manejo de primates. Vet-Pro\u2122 Magnum Gloves\u00a0provide superior puncture resistance and crushing protection with 400 stainless steel safety bars built into the\u00a0hand, clinched on the back and front of the fingers, to disperse force and shield against penetration. Initially developed [&hellip;]<\/p>\n","protected":false},"featured_media":457,"template":"","meta":[],"product_brand":[],"product_cat":[31],"product_tag":[],"class_list":{"0":"post-474","1":"product","2":"type-product","3":"status-publish","4":"has-post-thumbnail","6":"product_cat-guantes","8":"first","9":"instock","10":"shipping-taxable","11":"purchasable","12":"product-type-simple"},"yoast_head":"<!-- This site is optimized with the Yoast SEO plugin v27.0 - https:\/\/yoast.com\/product\/yoast-seo-wordpress\/ -->\n<title>VET-PRO MAGNUM - Wildlife Control Supplies EU<\/title>\n<meta name=\"robots\" content=\"index, follow, max-snippet:-1, max-image-preview:large, max-video-preview:-1\" \/>\n<link rel=\"canonical\" href=\"https:\/\/shopwcseu.com\/producto\/vet-pro-magnum\/\" \/>\n<meta property=\"og:locale\" content=\"fr_FR\" \/>\n<meta property=\"og:type\" content=\"article\" \/>\n<meta property=\"og:title\" content=\"VET-PRO MAGNUM - Wildlife Control Supplies EU\" \/>\n<meta property=\"og:description\" content=\"Protecci\u00f3n m\u00e1xima. Forrados por m\u00e1s de 400 cables interiormente. Impiden la perforaci\u00f3n. Dise\u00f1ados especialmente para el manejo de primates. Vet-Pro\u2122 Magnum Gloves\u00a0provide superior puncture resistance and crushing protection with 400 stainless steel safety bars built into the\u00a0hand, clinched on the back and front of the fingers, to disperse force and shield against penetration. Initially developed [&hellip;]\" \/>\n<meta property=\"og:url\" content=\"https:\/\/shopwcseu.com\/producto\/vet-pro-magnum\/\" \/>\n<meta property=\"og:site_name\" content=\"Wildlife Control Supplies EU\" \/>\n<meta property=\"article:modified_time\" content=\"2023-12-05T07:03:03+00:00\" \/>\n<meta property=\"og:image\" content=\"https:\/\/shopwcseu.com\/wp-content\/uploads\/2018\/10\/Magnum_Gloves_v2_1000px.jpg\" \/>\n\t<meta property=\"og:image:width\" content=\"1000\" \/>\n\t<meta property=\"og:image:height\" content=\"1000\" \/>\n\t<meta property=\"og:image:type\" content=\"image\/jpeg\" \/>\n<meta name=\"twitter:card\" content=\"summary_large_image\" \/>\n<meta name=\"twitter:label1\" content=\"Dur\u00e9e de lecture estim\u00e9e\" \/>\n\t<meta name=\"twitter:data1\" content=\"1 minute\" \/>\n<script type=\"application\/ld+json\" class=\"yoast-schema-graph\">{\"@context\":\"https:\/\/schema.org\",\"@graph\":[{\"@type\":\"WebPage\",\"@id\":\"https:\/\/shopwcseu.com\/producto\/vet-pro-magnum\/\",\"url\":\"https:\/\/shopwcseu.com\/producto\/vet-pro-magnum\/\",\"name\":\"VET-PRO MAGNUM - Wildlife Control Supplies EU\",\"isPartOf\":{\"@id\":\"https:\/\/shopwcseu.com\/es\/#website\"},\"primaryImageOfPage\":{\"@id\":\"https:\/\/shopwcseu.com\/producto\/vet-pro-magnum\/#primaryimage\"},\"image\":{\"@id\":\"https:\/\/shopwcseu.com\/producto\/vet-pro-magnum\/#primaryimage\"},\"thumbnailUrl\":\"https:\/\/shopwcseu.com\/wp-content\/uploads\/2018\/10\/Magnum_Gloves_v2_1000px.jpg\",\"datePublished\":\"2018-10-03T11:55:20+00:00\",\"dateModified\":\"2023-12-05T07:03:03+00:00\",\"breadcrumb\":{\"@id\":\"https:\/\/shopwcseu.com\/producto\/vet-pro-magnum\/#breadcrumb\"},\"inLanguage\":\"fr-FR\",\"potentialAction\":[{\"@type\":\"ReadAction\",\"target\":[\"https:\/\/shopwcseu.com\/producto\/vet-pro-magnum\/\"]}]},{\"@type\":\"ImageObject\",\"inLanguage\":\"fr-FR\",\"@id\":\"https:\/\/shopwcseu.com\/producto\/vet-pro-magnum\/#primaryimage\",\"url\":\"https:\/\/shopwcseu.com\/wp-content\/uploads\/2018\/10\/Magnum_Gloves_v2_1000px.jpg\",\"contentUrl\":\"https:\/\/shopwcseu.com\/wp-content\/uploads\/2018\/10\/Magnum_Gloves_v2_1000px.jpg\",\"width\":1000,\"height\":1000},{\"@type\":\"BreadcrumbList\",\"@id\":\"https:\/\/shopwcseu.com\/producto\/vet-pro-magnum\/#breadcrumb\",\"itemListElement\":[{\"@type\":\"ListItem\",\"position\":1,\"name\":\"Home\",\"item\":\"https:\/\/shopwcseu.com\/es\/\"},{\"@type\":\"ListItem\",\"position\":2,\"name\":\"Productos\",\"item\":\"https:\/\/shopwcseu.com\/es\/products\/\"},{\"@type\":\"ListItem\",\"position\":3,\"name\":\"VET-PRO MAGNUM\"}]},{\"@type\":\"WebSite\",\"@id\":\"https:\/\/shopwcseu.com\/es\/#website\",\"url\":\"https:\/\/shopwcseu.com\/es\/\",\"name\":\"Wildlife Control Supplies EU\",\"description\":\"La tienda de suministros de material de captura m\u00e1s grande de Europa\",\"potentialAction\":[{\"@type\":\"SearchAction\",\"target\":{\"@type\":\"EntryPoint\",\"urlTemplate\":\"https:\/\/shopwcseu.com\/es\/?s={search_term_string}\"},\"query-input\":{\"@type\":\"PropertyValueSpecification\",\"valueRequired\":true,\"valueName\":\"search_term_string\"}}],\"inLanguage\":\"fr-FR\"}]}<\/script>\n<!-- \/ Yoast SEO plugin. -->","yoast_head_json":{"title":"VET-PRO MAGNUM - Wildlife Control Supplies EU","robots":{"index":"index","follow":"follow","max-snippet":"max-snippet:-1","max-image-preview":"max-image-preview:large","max-video-preview":"max-video-preview:-1"},"canonical":"https:\/\/shopwcseu.com\/producto\/vet-pro-magnum\/","og_locale":"fr_FR","og_type":"article","og_title":"VET-PRO MAGNUM - Wildlife Control Supplies EU","og_description":"Protecci\u00f3n m\u00e1xima. Forrados por m\u00e1s de 400 cables interiormente. Impiden la perforaci\u00f3n. Dise\u00f1ados especialmente para el manejo de primates. Vet-Pro\u2122 Magnum Gloves\u00a0provide superior puncture resistance and crushing protection with 400 stainless steel safety bars built into the\u00a0hand, clinched on the back and front of the fingers, to disperse force and shield against penetration. Initially developed [&hellip;]","og_url":"https:\/\/shopwcseu.com\/producto\/vet-pro-magnum\/","og_site_name":"Wildlife Control Supplies EU","article_modified_time":"2023-12-05T07:03:03+00:00","og_image":[{"width":1000,"height":1000,"url":"https:\/\/shopwcseu.com\/wp-content\/uploads\/2018\/10\/Magnum_Gloves_v2_1000px.jpg","type":"image\/jpeg"}],"twitter_card":"summary_large_image","twitter_misc":{"Dur\u00e9e de lecture estim\u00e9e":"1 minute"},"schema":{"@context":"https:\/\/schema.org","@graph":[{"@type":"WebPage","@id":"https:\/\/shopwcseu.com\/producto\/vet-pro-magnum\/","url":"https:\/\/shopwcseu.com\/producto\/vet-pro-magnum\/","name":"VET-PRO MAGNUM - Wildlife Control Supplies EU","isPartOf":{"@id":"https:\/\/shopwcseu.com\/es\/#website"},"primaryImageOfPage":{"@id":"https:\/\/shopwcseu.com\/producto\/vet-pro-magnum\/#primaryimage"},"image":{"@id":"https:\/\/shopwcseu.com\/producto\/vet-pro-magnum\/#primaryimage"},"thumbnailUrl":"https:\/\/shopwcseu.com\/wp-content\/uploads\/2018\/10\/Magnum_Gloves_v2_1000px.jpg","datePublished":"2018-10-03T11:55:20+00:00","dateModified":"2023-12-05T07:03:03+00:00","breadcrumb":{"@id":"https:\/\/shopwcseu.com\/producto\/vet-pro-magnum\/#breadcrumb"},"inLanguage":"fr-FR","potentialAction":[{"@type":"ReadAction","target":["https:\/\/shopwcseu.com\/producto\/vet-pro-magnum\/"]}]},{"@type":"ImageObject","inLanguage":"fr-FR","@id":"https:\/\/shopwcseu.com\/producto\/vet-pro-magnum\/#primaryimage","url":"https:\/\/shopwcseu.com\/wp-content\/uploads\/2018\/10\/Magnum_Gloves_v2_1000px.jpg","contentUrl":"https:\/\/shopwcseu.com\/wp-content\/uploads\/2018\/10\/Magnum_Gloves_v2_1000px.jpg","width":1000,"height":1000},{"@type":"BreadcrumbList","@id":"https:\/\/shopwcseu.com\/producto\/vet-pro-magnum\/#breadcrumb","itemListElement":[{"@type":"ListItem","position":1,"name":"Home","item":"https:\/\/shopwcseu.com\/es\/"},{"@type":"ListItem","position":2,"name":"Productos","item":"https:\/\/shopwcseu.com\/es\/products\/"},{"@type":"ListItem","position":3,"name":"VET-PRO MAGNUM"}]},{"@type":"WebSite","@id":"https:\/\/shopwcseu.com\/es\/#website","url":"https:\/\/shopwcseu.com\/es\/","name":"Wildlife Control Supplies EU","description":"La tienda de suministros de material de captura m\u00e1s grande de Europa","potentialAction":[{"@type":"SearchAction","target":{"@type":"EntryPoint","urlTemplate":"https:\/\/shopwcseu.com\/es\/?s={search_term_string}"},"query-input":{"@type":"PropertyValueSpecification","valueRequired":true,"valueName":"search_term_string"}}],"inLanguage":"fr-FR"}]}},"_links":{"self":[{"href":"https:\/\/shopwcseu.com\/fr\/wp-json\/wp\/v2\/product\/474","targetHints":{"allow":["GET"]}}],"collection":[{"href":"https:\/\/shopwcseu.com\/fr\/wp-json\/wp\/v2\/product"}],"about":[{"href":"https:\/\/shopwcseu.com\/fr\/wp-json\/wp\/v2\/types\/product"}],"wp:featuredmedia":[{"embeddable":true,"href":"https:\/\/shopwcseu.com\/fr\/wp-json\/wp\/v2\/media\/457"}],"wp:attachment":[{"href":"https:\/\/shopwcseu.com\/fr\/wp-json\/wp\/v2\/media?parent=474"}],"wp:term":[{"taxonomy":"product_brand","embeddable":true,"href":"https:\/\/shopwcseu.com\/fr\/wp-json\/wp\/v2\/product_brand?post=474"},{"taxonomy":"product_cat","embeddable":true,"href":"https:\/\/shopwcseu.com\/fr\/wp-json\/wp\/v2\/product_cat?post=474"},{"taxonomy":"product_tag","embeddable":true,"href":"https:\/\/shopwcseu.com\/fr\/wp-json\/wp\/v2\/product_tag?post=474"}],"curies":[{"name":"wp","href":"https:\/\/api.w.org\/{rel}","templated":true}]}}