{"id":470,"date":"2018-10-03T11:48:02","date_gmt":"2018-10-03T11:48:02","guid":{"rendered":"http:\/\/shopwcseu.com\/?post_type=product&#038;p=470"},"modified":"2023-08-11T07:13:41","modified_gmt":"2023-08-11T07:13:41","slug":"vet-pro-trapper-gloves","status":"publish","type":"product","link":"https:\/\/shopwcseu.com\/fr\/producto\/vet-pro-trapper-gloves\/","title":{"rendered":"Vet-Pro\u2122 Trapper Gloves"},"content":{"rendered":"<p>Cobertura extra para los mordiscos.<\/p>\n<p><strong>Vet-Pro\u2122 Trapper Gloves<\/strong>\u00a023&Prime; (Large only) These gloves are made of\u00a0 split-grain Palomino leather and are lined with Ballistic\u00a0 Dupont Kevlar felt for\u00a0<strong>puncture resistance<\/strong>. Similar in design to the WARDEN glove. Has extra wide bell cuff with nylon take-up strap to be worn over heavy shirt and coat sleeves worn by trappers and field personnel.<\/p>\n<p><strong>PLEASE NOTE:<\/strong>\u00a0These gloves are\u00a0<strong>puncture resistant<\/strong>, NOT PUNCTURE PROOF. It is\u00a0<em><strong>possible\u00a0<\/strong><\/em>for an animal such as an adult gray squirrel to puncture the leather of the glove. There is a trade-off between puncture resistance and dexterity of the glove. The more puncture resistant a glove becomes the less flexible it is, and dexterous in handling small objects such as animals.<\/p>\n<p>Trappers, EPA Inspectors, animal rescue teams, SPCA officers, animal control officers love these gloves.<\/p>\n<p>Gants Vet-Pro \u2122 Trapper 23 \u00ab\u00a0(Grand seulement) Ces gants sont en cuir Palomino \u00e0 grain crois\u00e9 et sont doubl\u00e9s de feutre Ballistic Dupont Kevlar pour la r\u00e9sistance \u00e0 la perforation. De conception similaire au gant WARDEN. Manchette extra large avec prise en nylon sangle \u00e0 porter sur la lourde chemise et les manches de manteau des trappeurs et du personnel sur le terrain.<\/p>\n<p>VEUILLEZ NOTER: Ces gants sont r\u00e9sistants \u00e0 la perforation, PAS \u00c0 LA PERFORATION. Il est possible qu&rsquo;un animal tel qu&rsquo;un \u00e9cureuil gris adulte perfore le cuir du gant. Il existe un compromis entre r\u00e9sistance \u00e0 la perforation et dext\u00e9rit\u00e9 du gant. Plus un gant est r\u00e9sistant \u00e0 la perforation, moins il est souple et adroit dans la manipulation de petits objets tels que des animaux.<\/p>\n<p>Les trappeurs, les inspecteurs de l&rsquo;EPA, les \u00e9quipes de sauvetage des animaux, les agents de la SPCA et les agents de contr\u00f4le des animaux adorent ces gants.<\/p>\n<p>&nbsp;<\/p>","protected":false},"excerpt":{"rendered":"<p>Code de produit: WCSVP01L<\/p>\n","protected":false},"featured_media":1039,"template":"","meta":[],"product_brand":[],"product_cat":[31],"product_tag":[],"class_list":{"0":"post-470","1":"product","2":"type-product","3":"status-publish","4":"has-post-thumbnail","6":"product_cat-guantes","8":"first","9":"instock","10":"shipping-taxable","11":"purchasable","12":"product-type-simple"},"yoast_head":"<!-- This site is optimized with the Yoast SEO plugin v27.0 - https:\/\/yoast.com\/product\/yoast-seo-wordpress\/ -->\n<title>Vet-Pro\u2122 Trapper Gloves - Wildlife Control Supplies EU<\/title>\n<meta name=\"robots\" content=\"index, follow, max-snippet:-1, max-image-preview:large, max-video-preview:-1\" \/>\n<link rel=\"canonical\" href=\"https:\/\/shopwcseu.com\/producto\/vet-pro-trapper-gloves\/\" \/>\n<meta property=\"og:locale\" content=\"fr_FR\" \/>\n<meta property=\"og:type\" content=\"article\" \/>\n<meta property=\"og:title\" content=\"Vet-Pro\u2122 Trapper Gloves - Wildlife Control Supplies EU\" \/>\n<meta property=\"og:description\" content=\"[:en]Product Code: WCSVP01L[:es]C\u00f3digo de producto: WCSVP01L[:fr]Code de produit: WCSVP01L[:]\" \/>\n<meta property=\"og:url\" content=\"https:\/\/shopwcseu.com\/producto\/vet-pro-trapper-gloves\/\" \/>\n<meta property=\"og:site_name\" content=\"Wildlife Control Supplies EU\" \/>\n<meta property=\"article:modified_time\" content=\"2023-08-11T07:13:41+00:00\" \/>\n<meta property=\"og:image\" content=\"https:\/\/shopwcseu.com\/wp-content\/uploads\/2018\/10\/Vet-Pro_Trapper_Gloves_Pair_wLogo_1000px_540x540.jpg\" \/>\n\t<meta property=\"og:image:width\" content=\"540\" \/>\n\t<meta property=\"og:image:height\" content=\"540\" \/>\n\t<meta property=\"og:image:type\" content=\"image\/jpeg\" \/>\n<meta name=\"twitter:card\" content=\"summary_large_image\" \/>\n<meta name=\"twitter:label1\" content=\"Dur\u00e9e de lecture estim\u00e9e\" \/>\n\t<meta name=\"twitter:data1\" content=\"4 minutes\" \/>\n<script type=\"application\/ld+json\" class=\"yoast-schema-graph\">{\"@context\":\"https:\/\/schema.org\",\"@graph\":[{\"@type\":\"WebPage\",\"@id\":\"https:\/\/shopwcseu.com\/producto\/vet-pro-trapper-gloves\/\",\"url\":\"https:\/\/shopwcseu.com\/producto\/vet-pro-trapper-gloves\/\",\"name\":\"Vet-Pro\u2122 Trapper Gloves - Wildlife Control Supplies EU\",\"isPartOf\":{\"@id\":\"https:\/\/shopwcseu.com\/es\/#website\"},\"primaryImageOfPage\":{\"@id\":\"https:\/\/shopwcseu.com\/producto\/vet-pro-trapper-gloves\/#primaryimage\"},\"image\":{\"@id\":\"https:\/\/shopwcseu.com\/producto\/vet-pro-trapper-gloves\/#primaryimage\"},\"thumbnailUrl\":\"https:\/\/shopwcseu.com\/wp-content\/uploads\/2018\/10\/Vet-Pro_Trapper_Gloves_Pair_wLogo_1000px_540x540.jpg\",\"datePublished\":\"2018-10-03T11:48:02+00:00\",\"dateModified\":\"2023-08-11T07:13:41+00:00\",\"breadcrumb\":{\"@id\":\"https:\/\/shopwcseu.com\/producto\/vet-pro-trapper-gloves\/#breadcrumb\"},\"inLanguage\":\"fr-FR\",\"potentialAction\":[{\"@type\":\"ReadAction\",\"target\":[\"https:\/\/shopwcseu.com\/producto\/vet-pro-trapper-gloves\/\"]}]},{\"@type\":\"ImageObject\",\"inLanguage\":\"fr-FR\",\"@id\":\"https:\/\/shopwcseu.com\/producto\/vet-pro-trapper-gloves\/#primaryimage\",\"url\":\"https:\/\/shopwcseu.com\/wp-content\/uploads\/2018\/10\/Vet-Pro_Trapper_Gloves_Pair_wLogo_1000px_540x540.jpg\",\"contentUrl\":\"https:\/\/shopwcseu.com\/wp-content\/uploads\/2018\/10\/Vet-Pro_Trapper_Gloves_Pair_wLogo_1000px_540x540.jpg\",\"width\":540,\"height\":540},{\"@type\":\"BreadcrumbList\",\"@id\":\"https:\/\/shopwcseu.com\/producto\/vet-pro-trapper-gloves\/#breadcrumb\",\"itemListElement\":[{\"@type\":\"ListItem\",\"position\":1,\"name\":\"Home\",\"item\":\"https:\/\/shopwcseu.com\/es\/\"},{\"@type\":\"ListItem\",\"position\":2,\"name\":\"Productos\",\"item\":\"https:\/\/shopwcseu.com\/es\/products\/\"},{\"@type\":\"ListItem\",\"position\":3,\"name\":\"Vet-Pro\u2122 Trapper Gloves\"}]},{\"@type\":\"WebSite\",\"@id\":\"https:\/\/shopwcseu.com\/es\/#website\",\"url\":\"https:\/\/shopwcseu.com\/es\/\",\"name\":\"Wildlife Control Supplies EU\",\"description\":\"La tienda de suministros de material de captura m\u00e1s grande de Europa\",\"potentialAction\":[{\"@type\":\"SearchAction\",\"target\":{\"@type\":\"EntryPoint\",\"urlTemplate\":\"https:\/\/shopwcseu.com\/es\/?s={search_term_string}\"},\"query-input\":{\"@type\":\"PropertyValueSpecification\",\"valueRequired\":true,\"valueName\":\"search_term_string\"}}],\"inLanguage\":\"fr-FR\"}]}<\/script>\n<!-- \/ Yoast SEO plugin. -->","yoast_head_json":{"title":"Vet-Pro\u2122 Trapper Gloves - Wildlife Control Supplies EU","robots":{"index":"index","follow":"follow","max-snippet":"max-snippet:-1","max-image-preview":"max-image-preview:large","max-video-preview":"max-video-preview:-1"},"canonical":"https:\/\/shopwcseu.com\/producto\/vet-pro-trapper-gloves\/","og_locale":"fr_FR","og_type":"article","og_title":"Vet-Pro\u2122 Trapper Gloves - Wildlife Control Supplies EU","og_description":"[:en]Product Code: WCSVP01L[:es]C\u00f3digo de producto: WCSVP01L[:fr]Code de produit: WCSVP01L[:]","og_url":"https:\/\/shopwcseu.com\/producto\/vet-pro-trapper-gloves\/","og_site_name":"Wildlife Control Supplies EU","article_modified_time":"2023-08-11T07:13:41+00:00","og_image":[{"width":540,"height":540,"url":"https:\/\/shopwcseu.com\/wp-content\/uploads\/2018\/10\/Vet-Pro_Trapper_Gloves_Pair_wLogo_1000px_540x540.jpg","type":"image\/jpeg"}],"twitter_card":"summary_large_image","twitter_misc":{"Dur\u00e9e de lecture estim\u00e9e":"4 minutes"},"schema":{"@context":"https:\/\/schema.org","@graph":[{"@type":"WebPage","@id":"https:\/\/shopwcseu.com\/producto\/vet-pro-trapper-gloves\/","url":"https:\/\/shopwcseu.com\/producto\/vet-pro-trapper-gloves\/","name":"Vet-Pro\u2122 Trapper Gloves - Wildlife Control Supplies EU","isPartOf":{"@id":"https:\/\/shopwcseu.com\/es\/#website"},"primaryImageOfPage":{"@id":"https:\/\/shopwcseu.com\/producto\/vet-pro-trapper-gloves\/#primaryimage"},"image":{"@id":"https:\/\/shopwcseu.com\/producto\/vet-pro-trapper-gloves\/#primaryimage"},"thumbnailUrl":"https:\/\/shopwcseu.com\/wp-content\/uploads\/2018\/10\/Vet-Pro_Trapper_Gloves_Pair_wLogo_1000px_540x540.jpg","datePublished":"2018-10-03T11:48:02+00:00","dateModified":"2023-08-11T07:13:41+00:00","breadcrumb":{"@id":"https:\/\/shopwcseu.com\/producto\/vet-pro-trapper-gloves\/#breadcrumb"},"inLanguage":"fr-FR","potentialAction":[{"@type":"ReadAction","target":["https:\/\/shopwcseu.com\/producto\/vet-pro-trapper-gloves\/"]}]},{"@type":"ImageObject","inLanguage":"fr-FR","@id":"https:\/\/shopwcseu.com\/producto\/vet-pro-trapper-gloves\/#primaryimage","url":"https:\/\/shopwcseu.com\/wp-content\/uploads\/2018\/10\/Vet-Pro_Trapper_Gloves_Pair_wLogo_1000px_540x540.jpg","contentUrl":"https:\/\/shopwcseu.com\/wp-content\/uploads\/2018\/10\/Vet-Pro_Trapper_Gloves_Pair_wLogo_1000px_540x540.jpg","width":540,"height":540},{"@type":"BreadcrumbList","@id":"https:\/\/shopwcseu.com\/producto\/vet-pro-trapper-gloves\/#breadcrumb","itemListElement":[{"@type":"ListItem","position":1,"name":"Home","item":"https:\/\/shopwcseu.com\/es\/"},{"@type":"ListItem","position":2,"name":"Productos","item":"https:\/\/shopwcseu.com\/es\/products\/"},{"@type":"ListItem","position":3,"name":"Vet-Pro\u2122 Trapper Gloves"}]},{"@type":"WebSite","@id":"https:\/\/shopwcseu.com\/es\/#website","url":"https:\/\/shopwcseu.com\/es\/","name":"Wildlife Control Supplies EU","description":"La tienda de suministros de material de captura m\u00e1s grande de Europa","potentialAction":[{"@type":"SearchAction","target":{"@type":"EntryPoint","urlTemplate":"https:\/\/shopwcseu.com\/es\/?s={search_term_string}"},"query-input":{"@type":"PropertyValueSpecification","valueRequired":true,"valueName":"search_term_string"}}],"inLanguage":"fr-FR"}]}},"_links":{"self":[{"href":"https:\/\/shopwcseu.com\/fr\/wp-json\/wp\/v2\/product\/470","targetHints":{"allow":["GET"]}}],"collection":[{"href":"https:\/\/shopwcseu.com\/fr\/wp-json\/wp\/v2\/product"}],"about":[{"href":"https:\/\/shopwcseu.com\/fr\/wp-json\/wp\/v2\/types\/product"}],"wp:featuredmedia":[{"embeddable":true,"href":"https:\/\/shopwcseu.com\/fr\/wp-json\/wp\/v2\/media\/1039"}],"wp:attachment":[{"href":"https:\/\/shopwcseu.com\/fr\/wp-json\/wp\/v2\/media?parent=470"}],"wp:term":[{"taxonomy":"product_brand","embeddable":true,"href":"https:\/\/shopwcseu.com\/fr\/wp-json\/wp\/v2\/product_brand?post=470"},{"taxonomy":"product_cat","embeddable":true,"href":"https:\/\/shopwcseu.com\/fr\/wp-json\/wp\/v2\/product_cat?post=470"},{"taxonomy":"product_tag","embeddable":true,"href":"https:\/\/shopwcseu.com\/fr\/wp-json\/wp\/v2\/product_tag?post=470"}],"curies":[{"name":"wp","href":"https:\/\/api.w.org\/{rel}","templated":true}]}}