{"id":468,"date":"2018-10-03T11:41:16","date_gmt":"2018-10-03T11:41:16","guid":{"rendered":"http:\/\/shopwcseu.com\/?post_type=product&#038;p=468"},"modified":"2023-12-05T07:04:18","modified_gmt":"2023-12-05T07:04:18","slug":"vet-pro-warden-pro-max","status":"publish","type":"product","link":"https:\/\/shopwcseu.com\/fr\/producto\/vet-pro-warden-pro-max\/","title":{"rendered":"Vet-Pro\u2122 Warden Pro-Max Gloves"},"content":{"rendered":"<p><strong>Les gants Vet-Pro \u2122 Warden Pro-Max<\/strong> ont \u00e9t\u00e9 d\u00e9velopp\u00e9s pour \u00eatre utilis\u00e9s avec des chats sauvages, des serpents, des chiens, des reptiles et des animaux enrag\u00e9s. Doubl\u00e9 \u00e0 la main et au poignet. Doublure de feutre plus lourde utilis\u00e9e avec une bonne dext\u00e9rit\u00e9.<\/p>\n<p><strong>GRAND SEULEMENT. La couleur du cuir du bras peut varier de celle illustr\u00e9e<\/strong><\/p>\n<p>Tous les gants Vet-Pro sont fabriqu\u00e9s \u00e0 partir de cuir de palomino taill\u00e9 \u00e0 la main et de doublure balistique en feutre DuPont Kevlar. Contrairement aux versions tricot\u00e9es ou tiss\u00e9es, le feutre de Kevlar est \u00e9troitement emball\u00e9 pour une r\u00e9sistance maximale \u00e0 la perforation. Double couture avec fil de Kevlar, coupe ample pour la dext\u00e9rit\u00e9 et le retrait d&rsquo;urgence. Ces gants sont r\u00e9sistants aux perforations, PAS \u00c0 LA PERFORATION!<\/p>","protected":false},"excerpt":{"rendered":"<p>Code de produit: WCSVP05-L<\/p>\n","protected":false},"featured_media":1036,"template":"","meta":[],"product_brand":[],"product_cat":[31],"product_tag":[],"class_list":{"0":"post-468","1":"product","2":"type-product","3":"status-publish","4":"has-post-thumbnail","6":"product_cat-guantes","8":"first","9":"instock","10":"shipping-taxable","11":"purchasable","12":"product-type-simple"},"yoast_head":"<!-- This site is optimized with the Yoast SEO plugin v27.0 - https:\/\/yoast.com\/product\/yoast-seo-wordpress\/ -->\n<title>Vet-Pro\u2122 Warden Pro-Max Gloves - Wildlife Control Supplies EU<\/title>\n<meta name=\"robots\" content=\"index, follow, max-snippet:-1, max-image-preview:large, max-video-preview:-1\" \/>\n<link rel=\"canonical\" href=\"https:\/\/shopwcseu.com\/producto\/vet-pro-warden-pro-max\/\" \/>\n<meta property=\"og:locale\" content=\"fr_FR\" \/>\n<meta property=\"og:type\" content=\"article\" \/>\n<meta property=\"og:title\" content=\"Vet-Pro\u2122 Warden Pro-Max Gloves - Wildlife Control Supplies EU\" \/>\n<meta property=\"og:description\" content=\"[:en]Product Code: WCSVP05-L[:es]C\u00f3digo del producto: WCSVP05-L[:fr]Code de produit: WCSVP05-L[:]\" \/>\n<meta property=\"og:url\" content=\"https:\/\/shopwcseu.com\/producto\/vet-pro-warden-pro-max\/\" \/>\n<meta property=\"og:site_name\" content=\"Wildlife Control Supplies EU\" \/>\n<meta property=\"article:modified_time\" content=\"2023-12-05T07:04:18+00:00\" \/>\n<meta property=\"og:image\" content=\"https:\/\/shopwcseu.com\/wp-content\/uploads\/2018\/10\/Warden_Pro_Max_wLogo_1000px_3_540x540.jpg\" \/>\n\t<meta property=\"og:image:width\" content=\"540\" \/>\n\t<meta property=\"og:image:height\" content=\"540\" \/>\n\t<meta property=\"og:image:type\" content=\"image\/jpeg\" \/>\n<meta name=\"twitter:card\" content=\"summary_large_image\" \/>\n<meta name=\"twitter:label1\" content=\"Dur\u00e9e de lecture estim\u00e9e\" \/>\n\t<meta name=\"twitter:data1\" content=\"2 minutes\" \/>\n<script type=\"application\/ld+json\" class=\"yoast-schema-graph\">{\"@context\":\"https:\/\/schema.org\",\"@graph\":[{\"@type\":\"WebPage\",\"@id\":\"https:\/\/shopwcseu.com\/producto\/vet-pro-warden-pro-max\/\",\"url\":\"https:\/\/shopwcseu.com\/producto\/vet-pro-warden-pro-max\/\",\"name\":\"Vet-Pro\u2122 Warden Pro-Max Gloves - Wildlife Control Supplies EU\",\"isPartOf\":{\"@id\":\"https:\/\/shopwcseu.com\/es\/#website\"},\"primaryImageOfPage\":{\"@id\":\"https:\/\/shopwcseu.com\/producto\/vet-pro-warden-pro-max\/#primaryimage\"},\"image\":{\"@id\":\"https:\/\/shopwcseu.com\/producto\/vet-pro-warden-pro-max\/#primaryimage\"},\"thumbnailUrl\":\"https:\/\/shopwcseu.com\/wp-content\/uploads\/2018\/10\/Warden_Pro_Max_wLogo_1000px_3_540x540.jpg\",\"datePublished\":\"2018-10-03T11:41:16+00:00\",\"dateModified\":\"2023-12-05T07:04:18+00:00\",\"breadcrumb\":{\"@id\":\"https:\/\/shopwcseu.com\/producto\/vet-pro-warden-pro-max\/#breadcrumb\"},\"inLanguage\":\"fr-FR\",\"potentialAction\":[{\"@type\":\"ReadAction\",\"target\":[\"https:\/\/shopwcseu.com\/producto\/vet-pro-warden-pro-max\/\"]}]},{\"@type\":\"ImageObject\",\"inLanguage\":\"fr-FR\",\"@id\":\"https:\/\/shopwcseu.com\/producto\/vet-pro-warden-pro-max\/#primaryimage\",\"url\":\"https:\/\/shopwcseu.com\/wp-content\/uploads\/2018\/10\/Warden_Pro_Max_wLogo_1000px_3_540x540.jpg\",\"contentUrl\":\"https:\/\/shopwcseu.com\/wp-content\/uploads\/2018\/10\/Warden_Pro_Max_wLogo_1000px_3_540x540.jpg\",\"width\":540,\"height\":540},{\"@type\":\"BreadcrumbList\",\"@id\":\"https:\/\/shopwcseu.com\/producto\/vet-pro-warden-pro-max\/#breadcrumb\",\"itemListElement\":[{\"@type\":\"ListItem\",\"position\":1,\"name\":\"Home\",\"item\":\"https:\/\/shopwcseu.com\/es\/\"},{\"@type\":\"ListItem\",\"position\":2,\"name\":\"Productos\",\"item\":\"https:\/\/shopwcseu.com\/es\/products\/\"},{\"@type\":\"ListItem\",\"position\":3,\"name\":\"Vet-Pro\u2122 Warden Pro-Max Gloves\"}]},{\"@type\":\"WebSite\",\"@id\":\"https:\/\/shopwcseu.com\/es\/#website\",\"url\":\"https:\/\/shopwcseu.com\/es\/\",\"name\":\"Wildlife Control Supplies EU\",\"description\":\"La tienda de suministros de material de captura m\u00e1s grande de Europa\",\"potentialAction\":[{\"@type\":\"SearchAction\",\"target\":{\"@type\":\"EntryPoint\",\"urlTemplate\":\"https:\/\/shopwcseu.com\/es\/?s={search_term_string}\"},\"query-input\":{\"@type\":\"PropertyValueSpecification\",\"valueRequired\":true,\"valueName\":\"search_term_string\"}}],\"inLanguage\":\"fr-FR\"}]}<\/script>\n<!-- \/ Yoast SEO plugin. -->","yoast_head_json":{"title":"Vet-Pro\u2122 Warden Pro-Max Gloves - Wildlife Control Supplies EU","robots":{"index":"index","follow":"follow","max-snippet":"max-snippet:-1","max-image-preview":"max-image-preview:large","max-video-preview":"max-video-preview:-1"},"canonical":"https:\/\/shopwcseu.com\/producto\/vet-pro-warden-pro-max\/","og_locale":"fr_FR","og_type":"article","og_title":"Vet-Pro\u2122 Warden Pro-Max Gloves - Wildlife Control Supplies EU","og_description":"[:en]Product Code: WCSVP05-L[:es]C\u00f3digo del producto: WCSVP05-L[:fr]Code de produit: WCSVP05-L[:]","og_url":"https:\/\/shopwcseu.com\/producto\/vet-pro-warden-pro-max\/","og_site_name":"Wildlife Control Supplies EU","article_modified_time":"2023-12-05T07:04:18+00:00","og_image":[{"width":540,"height":540,"url":"https:\/\/shopwcseu.com\/wp-content\/uploads\/2018\/10\/Warden_Pro_Max_wLogo_1000px_3_540x540.jpg","type":"image\/jpeg"}],"twitter_card":"summary_large_image","twitter_misc":{"Dur\u00e9e de lecture estim\u00e9e":"2 minutes"},"schema":{"@context":"https:\/\/schema.org","@graph":[{"@type":"WebPage","@id":"https:\/\/shopwcseu.com\/producto\/vet-pro-warden-pro-max\/","url":"https:\/\/shopwcseu.com\/producto\/vet-pro-warden-pro-max\/","name":"Vet-Pro\u2122 Warden Pro-Max Gloves - Wildlife Control Supplies EU","isPartOf":{"@id":"https:\/\/shopwcseu.com\/es\/#website"},"primaryImageOfPage":{"@id":"https:\/\/shopwcseu.com\/producto\/vet-pro-warden-pro-max\/#primaryimage"},"image":{"@id":"https:\/\/shopwcseu.com\/producto\/vet-pro-warden-pro-max\/#primaryimage"},"thumbnailUrl":"https:\/\/shopwcseu.com\/wp-content\/uploads\/2018\/10\/Warden_Pro_Max_wLogo_1000px_3_540x540.jpg","datePublished":"2018-10-03T11:41:16+00:00","dateModified":"2023-12-05T07:04:18+00:00","breadcrumb":{"@id":"https:\/\/shopwcseu.com\/producto\/vet-pro-warden-pro-max\/#breadcrumb"},"inLanguage":"fr-FR","potentialAction":[{"@type":"ReadAction","target":["https:\/\/shopwcseu.com\/producto\/vet-pro-warden-pro-max\/"]}]},{"@type":"ImageObject","inLanguage":"fr-FR","@id":"https:\/\/shopwcseu.com\/producto\/vet-pro-warden-pro-max\/#primaryimage","url":"https:\/\/shopwcseu.com\/wp-content\/uploads\/2018\/10\/Warden_Pro_Max_wLogo_1000px_3_540x540.jpg","contentUrl":"https:\/\/shopwcseu.com\/wp-content\/uploads\/2018\/10\/Warden_Pro_Max_wLogo_1000px_3_540x540.jpg","width":540,"height":540},{"@type":"BreadcrumbList","@id":"https:\/\/shopwcseu.com\/producto\/vet-pro-warden-pro-max\/#breadcrumb","itemListElement":[{"@type":"ListItem","position":1,"name":"Home","item":"https:\/\/shopwcseu.com\/es\/"},{"@type":"ListItem","position":2,"name":"Productos","item":"https:\/\/shopwcseu.com\/es\/products\/"},{"@type":"ListItem","position":3,"name":"Vet-Pro\u2122 Warden Pro-Max Gloves"}]},{"@type":"WebSite","@id":"https:\/\/shopwcseu.com\/es\/#website","url":"https:\/\/shopwcseu.com\/es\/","name":"Wildlife Control Supplies EU","description":"La tienda de suministros de material de captura m\u00e1s grande de Europa","potentialAction":[{"@type":"SearchAction","target":{"@type":"EntryPoint","urlTemplate":"https:\/\/shopwcseu.com\/es\/?s={search_term_string}"},"query-input":{"@type":"PropertyValueSpecification","valueRequired":true,"valueName":"search_term_string"}}],"inLanguage":"fr-FR"}]}},"_links":{"self":[{"href":"https:\/\/shopwcseu.com\/fr\/wp-json\/wp\/v2\/product\/468","targetHints":{"allow":["GET"]}}],"collection":[{"href":"https:\/\/shopwcseu.com\/fr\/wp-json\/wp\/v2\/product"}],"about":[{"href":"https:\/\/shopwcseu.com\/fr\/wp-json\/wp\/v2\/types\/product"}],"wp:featuredmedia":[{"embeddable":true,"href":"https:\/\/shopwcseu.com\/fr\/wp-json\/wp\/v2\/media\/1036"}],"wp:attachment":[{"href":"https:\/\/shopwcseu.com\/fr\/wp-json\/wp\/v2\/media?parent=468"}],"wp:term":[{"taxonomy":"product_brand","embeddable":true,"href":"https:\/\/shopwcseu.com\/fr\/wp-json\/wp\/v2\/product_brand?post=468"},{"taxonomy":"product_cat","embeddable":true,"href":"https:\/\/shopwcseu.com\/fr\/wp-json\/wp\/v2\/product_cat?post=468"},{"taxonomy":"product_tag","embeddable":true,"href":"https:\/\/shopwcseu.com\/fr\/wp-json\/wp\/v2\/product_tag?post=468"}],"curies":[{"name":"wp","href":"https:\/\/api.w.org\/{rel}","templated":true}]}}