{"id":467,"date":"2018-10-03T11:39:23","date_gmt":"2018-10-03T11:39:23","guid":{"rendered":"http:\/\/shopwcseu.com\/?post_type=product&#038;p=467"},"modified":"2023-12-05T07:05:09","modified_gmt":"2023-12-05T07:05:09","slug":"trapping-gloves","status":"publish","type":"product","link":"https:\/\/shopwcseu.com\/fr\/producto\/trapping-gloves\/","title":{"rendered":"TRAPPING GLOVES"},"content":{"rendered":"<p>Water trapping gloves<\/p>\n<p>Guantes de trampeo para agua. Cubre hasta la axila.<\/p>\n<p><strong>WCS\u2122 Full Length Insulated Trapping Gloves\u00a0<\/strong>are 32&Prime; long and a great water trapping glove. \u00a0These gloves are constructed of rubber, not PVC or neoprene. They will not become stiff in cold weather. The hands are textured for a secure grip and the added sleeve grommets can be threaded for\u00a0easy \u00ab\u00a0over the shoulder\u00a0\u00bb transport.\u00a0These gloves are waterproof, rugged, and designed to keep you dry and warm.<\/p>\n<p>Les gants de pi\u00e9geage isol\u00e9s pleine longueur WCS \u2122 mesurent 32 po de long et sont parfaits pour retenir l&rsquo;eau. Ces gants sont fabriqu\u00e9s en caoutchouc, pas en PVC ni en n\u00e9opr\u00e8ne. Ils ne deviendront pas raides par temps froid. Les mains sont textur\u00e9es pour une prise s\u00fbre. les \u0153illets de la manche peuvent \u00eatre enfil\u00e9s pour un transport ais\u00e9 sur l&rsquo;\u00e9paule. Ces gants sont imperm\u00e9ables, robustes et con\u00e7us pour vous garder au chaud et au sec.<\/p>\n","protected":false},"excerpt":{"rendered":"<p>Water trapping gloves Guantes de trampeo para agua. Cubre hasta la axila. WCS\u2122 Full Length Insulated Trapping Gloves\u00a0are 32&Prime; long and a great water trapping glove. \u00a0These gloves are constructed of rubber, not PVC or neoprene. They will not become stiff in cold weather. The hands are textured for a secure grip and the added [&hellip;]<\/p>\n","protected":false},"featured_media":465,"template":"","meta":[],"product_brand":[],"product_cat":[31],"product_tag":[],"class_list":{"0":"post-467","1":"product","2":"type-product","3":"status-publish","4":"has-post-thumbnail","6":"product_cat-guantes","8":"first","9":"instock","10":"shipping-taxable","11":"purchasable","12":"product-type-simple"},"yoast_head":"<!-- This site is optimized with the Yoast SEO plugin v27.0 - https:\/\/yoast.com\/product\/yoast-seo-wordpress\/ -->\n<title>TRAPPING GLOVES - Wildlife Control Supplies EU<\/title>\n<meta name=\"robots\" content=\"index, follow, max-snippet:-1, max-image-preview:large, max-video-preview:-1\" \/>\n<link rel=\"canonical\" href=\"https:\/\/shopwcseu.com\/producto\/trapping-gloves\/\" \/>\n<meta property=\"og:locale\" content=\"fr_FR\" \/>\n<meta property=\"og:type\" content=\"article\" \/>\n<meta property=\"og:title\" content=\"TRAPPING GLOVES - Wildlife Control Supplies EU\" \/>\n<meta property=\"og:description\" content=\"Water trapping gloves Guantes de trampeo para agua. Cubre hasta la axila. WCS\u2122 Full Length Insulated Trapping Gloves\u00a0are 32&Prime; long and a great water trapping glove. \u00a0These gloves are constructed of rubber, not PVC or neoprene. They will not become stiff in cold weather. The hands are textured for a secure grip and the added [&hellip;]\" \/>\n<meta property=\"og:url\" content=\"https:\/\/shopwcseu.com\/producto\/trapping-gloves\/\" \/>\n<meta property=\"og:site_name\" content=\"Wildlife Control Supplies EU\" \/>\n<meta property=\"article:modified_time\" content=\"2023-12-05T07:05:09+00:00\" \/>\n<meta property=\"og:image\" content=\"https:\/\/shopwcseu.com\/wp-content\/uploads\/2018\/10\/WCS_FL_Gauntlets_500px.jpg\" \/>\n\t<meta property=\"og:image:width\" content=\"500\" \/>\n\t<meta property=\"og:image:height\" content=\"500\" \/>\n\t<meta property=\"og:image:type\" content=\"image\/jpeg\" \/>\n<meta name=\"twitter:card\" content=\"summary_large_image\" \/>\n<meta name=\"twitter:label1\" content=\"Dur\u00e9e de lecture estim\u00e9e\" \/>\n\t<meta name=\"twitter:data1\" content=\"1 minute\" \/>\n<script type=\"application\/ld+json\" class=\"yoast-schema-graph\">{\"@context\":\"https:\/\/schema.org\",\"@graph\":[{\"@type\":\"WebPage\",\"@id\":\"https:\/\/shopwcseu.com\/producto\/trapping-gloves\/\",\"url\":\"https:\/\/shopwcseu.com\/producto\/trapping-gloves\/\",\"name\":\"TRAPPING GLOVES - Wildlife Control Supplies EU\",\"isPartOf\":{\"@id\":\"https:\/\/shopwcseu.com\/es\/#website\"},\"primaryImageOfPage\":{\"@id\":\"https:\/\/shopwcseu.com\/producto\/trapping-gloves\/#primaryimage\"},\"image\":{\"@id\":\"https:\/\/shopwcseu.com\/producto\/trapping-gloves\/#primaryimage\"},\"thumbnailUrl\":\"https:\/\/shopwcseu.com\/wp-content\/uploads\/2018\/10\/WCS_FL_Gauntlets_500px.jpg\",\"datePublished\":\"2018-10-03T11:39:23+00:00\",\"dateModified\":\"2023-12-05T07:05:09+00:00\",\"breadcrumb\":{\"@id\":\"https:\/\/shopwcseu.com\/producto\/trapping-gloves\/#breadcrumb\"},\"inLanguage\":\"fr-FR\",\"potentialAction\":[{\"@type\":\"ReadAction\",\"target\":[\"https:\/\/shopwcseu.com\/producto\/trapping-gloves\/\"]}]},{\"@type\":\"ImageObject\",\"inLanguage\":\"fr-FR\",\"@id\":\"https:\/\/shopwcseu.com\/producto\/trapping-gloves\/#primaryimage\",\"url\":\"https:\/\/shopwcseu.com\/wp-content\/uploads\/2018\/10\/WCS_FL_Gauntlets_500px.jpg\",\"contentUrl\":\"https:\/\/shopwcseu.com\/wp-content\/uploads\/2018\/10\/WCS_FL_Gauntlets_500px.jpg\",\"width\":500,\"height\":500},{\"@type\":\"BreadcrumbList\",\"@id\":\"https:\/\/shopwcseu.com\/producto\/trapping-gloves\/#breadcrumb\",\"itemListElement\":[{\"@type\":\"ListItem\",\"position\":1,\"name\":\"Home\",\"item\":\"https:\/\/shopwcseu.com\/es\/\"},{\"@type\":\"ListItem\",\"position\":2,\"name\":\"Productos\",\"item\":\"https:\/\/shopwcseu.com\/es\/products\/\"},{\"@type\":\"ListItem\",\"position\":3,\"name\":\"TRAPPING GLOVES\"}]},{\"@type\":\"WebSite\",\"@id\":\"https:\/\/shopwcseu.com\/es\/#website\",\"url\":\"https:\/\/shopwcseu.com\/es\/\",\"name\":\"Wildlife Control Supplies EU\",\"description\":\"La tienda de suministros de material de captura m\u00e1s grande de Europa\",\"potentialAction\":[{\"@type\":\"SearchAction\",\"target\":{\"@type\":\"EntryPoint\",\"urlTemplate\":\"https:\/\/shopwcseu.com\/es\/?s={search_term_string}\"},\"query-input\":{\"@type\":\"PropertyValueSpecification\",\"valueRequired\":true,\"valueName\":\"search_term_string\"}}],\"inLanguage\":\"fr-FR\"}]}<\/script>\n<!-- \/ Yoast SEO plugin. -->","yoast_head_json":{"title":"TRAPPING GLOVES - Wildlife Control Supplies EU","robots":{"index":"index","follow":"follow","max-snippet":"max-snippet:-1","max-image-preview":"max-image-preview:large","max-video-preview":"max-video-preview:-1"},"canonical":"https:\/\/shopwcseu.com\/producto\/trapping-gloves\/","og_locale":"fr_FR","og_type":"article","og_title":"TRAPPING GLOVES - Wildlife Control Supplies EU","og_description":"Water trapping gloves Guantes de trampeo para agua. Cubre hasta la axila. WCS\u2122 Full Length Insulated Trapping Gloves\u00a0are 32&Prime; long and a great water trapping glove. \u00a0These gloves are constructed of rubber, not PVC or neoprene. They will not become stiff in cold weather. The hands are textured for a secure grip and the added [&hellip;]","og_url":"https:\/\/shopwcseu.com\/producto\/trapping-gloves\/","og_site_name":"Wildlife Control Supplies EU","article_modified_time":"2023-12-05T07:05:09+00:00","og_image":[{"width":500,"height":500,"url":"https:\/\/shopwcseu.com\/wp-content\/uploads\/2018\/10\/WCS_FL_Gauntlets_500px.jpg","type":"image\/jpeg"}],"twitter_card":"summary_large_image","twitter_misc":{"Dur\u00e9e de lecture estim\u00e9e":"1 minute"},"schema":{"@context":"https:\/\/schema.org","@graph":[{"@type":"WebPage","@id":"https:\/\/shopwcseu.com\/producto\/trapping-gloves\/","url":"https:\/\/shopwcseu.com\/producto\/trapping-gloves\/","name":"TRAPPING GLOVES - Wildlife Control Supplies EU","isPartOf":{"@id":"https:\/\/shopwcseu.com\/es\/#website"},"primaryImageOfPage":{"@id":"https:\/\/shopwcseu.com\/producto\/trapping-gloves\/#primaryimage"},"image":{"@id":"https:\/\/shopwcseu.com\/producto\/trapping-gloves\/#primaryimage"},"thumbnailUrl":"https:\/\/shopwcseu.com\/wp-content\/uploads\/2018\/10\/WCS_FL_Gauntlets_500px.jpg","datePublished":"2018-10-03T11:39:23+00:00","dateModified":"2023-12-05T07:05:09+00:00","breadcrumb":{"@id":"https:\/\/shopwcseu.com\/producto\/trapping-gloves\/#breadcrumb"},"inLanguage":"fr-FR","potentialAction":[{"@type":"ReadAction","target":["https:\/\/shopwcseu.com\/producto\/trapping-gloves\/"]}]},{"@type":"ImageObject","inLanguage":"fr-FR","@id":"https:\/\/shopwcseu.com\/producto\/trapping-gloves\/#primaryimage","url":"https:\/\/shopwcseu.com\/wp-content\/uploads\/2018\/10\/WCS_FL_Gauntlets_500px.jpg","contentUrl":"https:\/\/shopwcseu.com\/wp-content\/uploads\/2018\/10\/WCS_FL_Gauntlets_500px.jpg","width":500,"height":500},{"@type":"BreadcrumbList","@id":"https:\/\/shopwcseu.com\/producto\/trapping-gloves\/#breadcrumb","itemListElement":[{"@type":"ListItem","position":1,"name":"Home","item":"https:\/\/shopwcseu.com\/es\/"},{"@type":"ListItem","position":2,"name":"Productos","item":"https:\/\/shopwcseu.com\/es\/products\/"},{"@type":"ListItem","position":3,"name":"TRAPPING GLOVES"}]},{"@type":"WebSite","@id":"https:\/\/shopwcseu.com\/es\/#website","url":"https:\/\/shopwcseu.com\/es\/","name":"Wildlife Control Supplies EU","description":"La tienda de suministros de material de captura m\u00e1s grande de Europa","potentialAction":[{"@type":"SearchAction","target":{"@type":"EntryPoint","urlTemplate":"https:\/\/shopwcseu.com\/es\/?s={search_term_string}"},"query-input":{"@type":"PropertyValueSpecification","valueRequired":true,"valueName":"search_term_string"}}],"inLanguage":"fr-FR"}]}},"_links":{"self":[{"href":"https:\/\/shopwcseu.com\/fr\/wp-json\/wp\/v2\/product\/467","targetHints":{"allow":["GET"]}}],"collection":[{"href":"https:\/\/shopwcseu.com\/fr\/wp-json\/wp\/v2\/product"}],"about":[{"href":"https:\/\/shopwcseu.com\/fr\/wp-json\/wp\/v2\/types\/product"}],"wp:featuredmedia":[{"embeddable":true,"href":"https:\/\/shopwcseu.com\/fr\/wp-json\/wp\/v2\/media\/465"}],"wp:attachment":[{"href":"https:\/\/shopwcseu.com\/fr\/wp-json\/wp\/v2\/media?parent=467"}],"wp:term":[{"taxonomy":"product_brand","embeddable":true,"href":"https:\/\/shopwcseu.com\/fr\/wp-json\/wp\/v2\/product_brand?post=467"},{"taxonomy":"product_cat","embeddable":true,"href":"https:\/\/shopwcseu.com\/fr\/wp-json\/wp\/v2\/product_cat?post=467"},{"taxonomy":"product_tag","embeddable":true,"href":"https:\/\/shopwcseu.com\/fr\/wp-json\/wp\/v2\/product_tag?post=467"}],"curies":[{"name":"wp","href":"https:\/\/api.w.org\/{rel}","templated":true}]}}