{"id":444,"date":"2018-10-03T11:37:46","date_gmt":"2018-10-03T11:37:46","guid":{"rendered":"http:\/\/shopwcseu.com\/?post_type=product&#038;p=444"},"modified":"2023-12-05T07:04:52","modified_gmt":"2023-12-05T07:04:52","slug":"wildlife-handling-gloves","status":"publish","type":"product","link":"https:\/\/shopwcseu.com\/fr\/producto\/wildlife-handling-gloves\/","title":{"rendered":"Wildlife Handling Gloves 21&Prime;"},"content":{"rendered":"<p>Black , resistant and adapted to your arm.<\/p>\n<p>Resistentes y adaptables a tu mano . Ideales para manejo de fauna salvaje en centros zool\u00f3gicos.<\/p>\n<ul>\n<li>21&Prime; glove with Triple-Layer cuff<\/li>\n<li>Exclusive 3-D Kontour\u2122 Patterns provides exceptional fit and dexterity<\/li>\n<li>Supple yet durable Ovis-Hide\u2122 palm with dual-layer fingertip<\/li>\n<li>Boarhide\u00ae reinforcements on palm and back provide extra durability<\/li>\n<li>Sewn with 100% 3 ply Kevlar\u00ae thread<\/li>\n<\/ul>\n<p>These are an economical wildlife handling glove that provides protection and puncture resistance. The puncture resistant material on the cuff is pig split leather, 2 layers of leather and canvas. Pig split leather provides puncture resistance due to its naturally tight fibers. It\u2019s also used on the back of hand and palm patches (charcoal colored leather throughout the glove). 3 ply Kevlar thread is used in the stitching throughout the glove.<\/p>\n<p>Gant de 21 \u00ab\u00a0avec manchette triple couche<br \/>\nLes mod\u00e8les Kontour \u2122 3-D exclusifs offrent un ajustement et une dext\u00e9rit\u00e9 exceptionnels<br \/>\nPaume en Ovis-Hide \u2122 souple et durable avec un doigt \u00e0 double couche<br \/>\nLes renforts Boarhide\u00ae sur la paume et le dos offrent une durabilit\u00e9 accrue<br \/>\nCousu avec du fil Kevlar\u00ae 100% \u00e0 3 plis<br \/>\nIl s\u2019agit d\u2019un gant \u00e9conomique pour le traitement de la faune sauvage qui offre une protection et une r\u00e9sistance \u00e0 la perforation. Le mat\u00e9riau r\u00e9sistant aux perforations sur le poignet est un cuir fendu de porc, deux couches de cuir et une toile. Le cuir cro\u00fbte de porc offre une r\u00e9sistance \u00e0 la perforation gr\u00e2ce \u00e0 ses fibres naturellement tendues. Il est \u00e9galement utilis\u00e9 sur le dos des pattes pour les mains et les paumes (cuir de couleur anthracite dans le gant). Du fil de Kevlar \u00e0 3 \u00e9paisseurs est utilis\u00e9 pour la couture dans tout le gant.<\/p>\n<p>&nbsp;<\/p>","protected":false},"excerpt":{"rendered":"<p>Code de produit: WCSWHG-21<\/p>\n","protected":false},"featured_media":1041,"template":"","meta":[],"product_brand":[],"product_cat":[31],"product_tag":[],"class_list":{"0":"post-444","1":"product","2":"type-product","3":"status-publish","4":"has-post-thumbnail","6":"product_cat-guantes","8":"first","9":"instock","10":"shipping-taxable","11":"purchasable","12":"product-type-simple"},"yoast_head":"<!-- This site is optimized with the Yoast SEO plugin v27.0 - https:\/\/yoast.com\/product\/yoast-seo-wordpress\/ -->\n<title>Wildlife Handling Gloves 21&quot; - Wildlife Control Supplies EU<\/title>\n<meta name=\"robots\" content=\"index, follow, max-snippet:-1, max-image-preview:large, max-video-preview:-1\" \/>\n<link rel=\"canonical\" href=\"https:\/\/shopwcseu.com\/producto\/wildlife-handling-gloves\/\" \/>\n<meta property=\"og:locale\" content=\"fr_FR\" \/>\n<meta property=\"og:type\" content=\"article\" \/>\n<meta property=\"og:title\" content=\"Wildlife Handling Gloves 21&quot; - Wildlife Control Supplies EU\" \/>\n<meta property=\"og:description\" content=\"[:en]Product Code: WCSWHG-21[:es]C\u00f3digo de producto: WCSWHG-21[:fr]Code de produit: WCSWHG-21[:]\" \/>\n<meta property=\"og:url\" content=\"https:\/\/shopwcseu.com\/producto\/wildlife-handling-gloves\/\" \/>\n<meta property=\"og:site_name\" content=\"Wildlife Control Supplies EU\" \/>\n<meta property=\"article:modified_time\" content=\"2023-12-05T07:04:52+00:00\" \/>\n<meta property=\"og:image\" content=\"https:\/\/shopwcseu.com\/wp-content\/uploads\/2018\/10\/WHG_1000px_540x540.jpg\" \/>\n\t<meta property=\"og:image:width\" content=\"540\" \/>\n\t<meta property=\"og:image:height\" content=\"540\" \/>\n\t<meta property=\"og:image:type\" content=\"image\/jpeg\" \/>\n<meta name=\"twitter:card\" content=\"summary_large_image\" \/>\n<meta name=\"twitter:label1\" content=\"Dur\u00e9e de lecture estim\u00e9e\" \/>\n\t<meta name=\"twitter:data1\" content=\"3 minutes\" \/>\n<script type=\"application\/ld+json\" class=\"yoast-schema-graph\">{\"@context\":\"https:\/\/schema.org\",\"@graph\":[{\"@type\":\"WebPage\",\"@id\":\"https:\/\/shopwcseu.com\/producto\/wildlife-handling-gloves\/\",\"url\":\"https:\/\/shopwcseu.com\/producto\/wildlife-handling-gloves\/\",\"name\":\"Wildlife Handling Gloves 21\\\" - Wildlife Control Supplies EU\",\"isPartOf\":{\"@id\":\"https:\/\/shopwcseu.com\/es\/#website\"},\"primaryImageOfPage\":{\"@id\":\"https:\/\/shopwcseu.com\/producto\/wildlife-handling-gloves\/#primaryimage\"},\"image\":{\"@id\":\"https:\/\/shopwcseu.com\/producto\/wildlife-handling-gloves\/#primaryimage\"},\"thumbnailUrl\":\"https:\/\/shopwcseu.com\/wp-content\/uploads\/2018\/10\/WHG_1000px_540x540.jpg\",\"datePublished\":\"2018-10-03T11:37:46+00:00\",\"dateModified\":\"2023-12-05T07:04:52+00:00\",\"breadcrumb\":{\"@id\":\"https:\/\/shopwcseu.com\/producto\/wildlife-handling-gloves\/#breadcrumb\"},\"inLanguage\":\"fr-FR\",\"potentialAction\":[{\"@type\":\"ReadAction\",\"target\":[\"https:\/\/shopwcseu.com\/producto\/wildlife-handling-gloves\/\"]}]},{\"@type\":\"ImageObject\",\"inLanguage\":\"fr-FR\",\"@id\":\"https:\/\/shopwcseu.com\/producto\/wildlife-handling-gloves\/#primaryimage\",\"url\":\"https:\/\/shopwcseu.com\/wp-content\/uploads\/2018\/10\/WHG_1000px_540x540.jpg\",\"contentUrl\":\"https:\/\/shopwcseu.com\/wp-content\/uploads\/2018\/10\/WHG_1000px_540x540.jpg\",\"width\":540,\"height\":540},{\"@type\":\"BreadcrumbList\",\"@id\":\"https:\/\/shopwcseu.com\/producto\/wildlife-handling-gloves\/#breadcrumb\",\"itemListElement\":[{\"@type\":\"ListItem\",\"position\":1,\"name\":\"Home\",\"item\":\"https:\/\/shopwcseu.com\/es\/\"},{\"@type\":\"ListItem\",\"position\":2,\"name\":\"Productos\",\"item\":\"https:\/\/shopwcseu.com\/es\/products\/\"},{\"@type\":\"ListItem\",\"position\":3,\"name\":\"Wildlife Handling Gloves 21&#8243;\"}]},{\"@type\":\"WebSite\",\"@id\":\"https:\/\/shopwcseu.com\/es\/#website\",\"url\":\"https:\/\/shopwcseu.com\/es\/\",\"name\":\"Wildlife Control Supplies EU\",\"description\":\"La tienda de suministros de material de captura m\u00e1s grande de Europa\",\"potentialAction\":[{\"@type\":\"SearchAction\",\"target\":{\"@type\":\"EntryPoint\",\"urlTemplate\":\"https:\/\/shopwcseu.com\/es\/?s={search_term_string}\"},\"query-input\":{\"@type\":\"PropertyValueSpecification\",\"valueRequired\":true,\"valueName\":\"search_term_string\"}}],\"inLanguage\":\"fr-FR\"}]}<\/script>\n<!-- \/ Yoast SEO plugin. -->","yoast_head_json":{"title":"Wildlife Handling Gloves 21\" - Wildlife Control Supplies EU","robots":{"index":"index","follow":"follow","max-snippet":"max-snippet:-1","max-image-preview":"max-image-preview:large","max-video-preview":"max-video-preview:-1"},"canonical":"https:\/\/shopwcseu.com\/producto\/wildlife-handling-gloves\/","og_locale":"fr_FR","og_type":"article","og_title":"Wildlife Handling Gloves 21\" - Wildlife Control Supplies EU","og_description":"[:en]Product Code: WCSWHG-21[:es]C\u00f3digo de producto: WCSWHG-21[:fr]Code de produit: WCSWHG-21[:]","og_url":"https:\/\/shopwcseu.com\/producto\/wildlife-handling-gloves\/","og_site_name":"Wildlife Control Supplies EU","article_modified_time":"2023-12-05T07:04:52+00:00","og_image":[{"width":540,"height":540,"url":"https:\/\/shopwcseu.com\/wp-content\/uploads\/2018\/10\/WHG_1000px_540x540.jpg","type":"image\/jpeg"}],"twitter_card":"summary_large_image","twitter_misc":{"Dur\u00e9e de lecture estim\u00e9e":"3 minutes"},"schema":{"@context":"https:\/\/schema.org","@graph":[{"@type":"WebPage","@id":"https:\/\/shopwcseu.com\/producto\/wildlife-handling-gloves\/","url":"https:\/\/shopwcseu.com\/producto\/wildlife-handling-gloves\/","name":"Wildlife Handling Gloves 21\" - Wildlife Control Supplies EU","isPartOf":{"@id":"https:\/\/shopwcseu.com\/es\/#website"},"primaryImageOfPage":{"@id":"https:\/\/shopwcseu.com\/producto\/wildlife-handling-gloves\/#primaryimage"},"image":{"@id":"https:\/\/shopwcseu.com\/producto\/wildlife-handling-gloves\/#primaryimage"},"thumbnailUrl":"https:\/\/shopwcseu.com\/wp-content\/uploads\/2018\/10\/WHG_1000px_540x540.jpg","datePublished":"2018-10-03T11:37:46+00:00","dateModified":"2023-12-05T07:04:52+00:00","breadcrumb":{"@id":"https:\/\/shopwcseu.com\/producto\/wildlife-handling-gloves\/#breadcrumb"},"inLanguage":"fr-FR","potentialAction":[{"@type":"ReadAction","target":["https:\/\/shopwcseu.com\/producto\/wildlife-handling-gloves\/"]}]},{"@type":"ImageObject","inLanguage":"fr-FR","@id":"https:\/\/shopwcseu.com\/producto\/wildlife-handling-gloves\/#primaryimage","url":"https:\/\/shopwcseu.com\/wp-content\/uploads\/2018\/10\/WHG_1000px_540x540.jpg","contentUrl":"https:\/\/shopwcseu.com\/wp-content\/uploads\/2018\/10\/WHG_1000px_540x540.jpg","width":540,"height":540},{"@type":"BreadcrumbList","@id":"https:\/\/shopwcseu.com\/producto\/wildlife-handling-gloves\/#breadcrumb","itemListElement":[{"@type":"ListItem","position":1,"name":"Home","item":"https:\/\/shopwcseu.com\/es\/"},{"@type":"ListItem","position":2,"name":"Productos","item":"https:\/\/shopwcseu.com\/es\/products\/"},{"@type":"ListItem","position":3,"name":"Wildlife Handling Gloves 21&#8243;"}]},{"@type":"WebSite","@id":"https:\/\/shopwcseu.com\/es\/#website","url":"https:\/\/shopwcseu.com\/es\/","name":"Wildlife Control Supplies EU","description":"La tienda de suministros de material de captura m\u00e1s grande de Europa","potentialAction":[{"@type":"SearchAction","target":{"@type":"EntryPoint","urlTemplate":"https:\/\/shopwcseu.com\/es\/?s={search_term_string}"},"query-input":{"@type":"PropertyValueSpecification","valueRequired":true,"valueName":"search_term_string"}}],"inLanguage":"fr-FR"}]}},"_links":{"self":[{"href":"https:\/\/shopwcseu.com\/fr\/wp-json\/wp\/v2\/product\/444","targetHints":{"allow":["GET"]}}],"collection":[{"href":"https:\/\/shopwcseu.com\/fr\/wp-json\/wp\/v2\/product"}],"about":[{"href":"https:\/\/shopwcseu.com\/fr\/wp-json\/wp\/v2\/types\/product"}],"wp:featuredmedia":[{"embeddable":true,"href":"https:\/\/shopwcseu.com\/fr\/wp-json\/wp\/v2\/media\/1041"}],"wp:attachment":[{"href":"https:\/\/shopwcseu.com\/fr\/wp-json\/wp\/v2\/media?parent=444"}],"wp:term":[{"taxonomy":"product_brand","embeddable":true,"href":"https:\/\/shopwcseu.com\/fr\/wp-json\/wp\/v2\/product_brand?post=444"},{"taxonomy":"product_cat","embeddable":true,"href":"https:\/\/shopwcseu.com\/fr\/wp-json\/wp\/v2\/product_cat?post=444"},{"taxonomy":"product_tag","embeddable":true,"href":"https:\/\/shopwcseu.com\/fr\/wp-json\/wp\/v2\/product_tag?post=444"}],"curies":[{"name":"wp","href":"https:\/\/api.w.org\/{rel}","templated":true}]}}