{"id":415,"date":"2018-10-02T16:18:11","date_gmt":"2018-10-02T16:18:11","guid":{"rendered":"http:\/\/shopwcseu.com\/?post_type=product&#038;p=415"},"modified":"2024-01-03T10:56:39","modified_gmt":"2024-01-03T10:56:39","slug":"evo-circuit-6-boxes","status":"publish","type":"product","link":"https:\/\/shopwcseu.com\/fr\/producto\/evo-circuit-6-boxes\/","title":{"rendered":"Station d&rsquo;app\u00e2ts Circecto EVO de Protecta &#8211; Caja de SEIS"},"content":{"rendered":"<p>Le <strong>Protecta EVO\u00ae CIRCUIT \u2122<\/strong> est la conception id\u00e9ale pour des r\u00e9sultats professionnels. Il comprend des connecteurs simul\u00e9s qui glissent sur les c\u00f4t\u00e9s de la station, le faisant appara\u00eetre comme un bo\u00eetier \u00e9lectrique. Parfait pour les comptes sensibles o\u00f9 la discr\u00e9tion est essentielle, l&rsquo;EVO\u00ae CIRCUIT \u2122 est sous-estim\u00e9 pour une raison.<\/p>\n<p>Con\u00e7u pour une utilisation \u00e0 l&rsquo;int\u00e9rieur ou \u00e0 l&rsquo;ext\u00e9rieur, ce poste d&rsquo;app\u00e2t polyvalent peut \u00eatre positionn\u00e9 horizontalement ou verticalement pour contenir des pi\u00e8ges ou des app\u00e2ts. Il est livr\u00e9 avec des cannes de fixation d&rsquo;app\u00e2ts de deux tailles, en fonction de l&rsquo;utilisation du poste. Install\u00e9 \u00e0 la verticale sur les murs, le Protecta EVO CIRCUIT peut en contenir huit. (28g) amorcer BLOX sur quatre longues tiges. Pos\u00e9e horizontalement sur le sol ou le sol, la station peut contenir quatre unit\u00e9s de 1 oz. (28g) d\u2019app\u00e2t BLOX sur les cannes les plus courtes, le pi\u00e8ge \u00e0 rats T-REX Rat ou le MINI-REX de la taille d\u2019une souris. Les tiges des app\u00e2ts se verrouillent dans la station et ne tomberont pas pendant l&rsquo;entretien.<\/p>\n<p>Discret. Rapide et simple d&rsquo;utilisation. Inviolable pour une tranquillit\u00e9 d&rsquo;esprit avec les enfants et les animaux domestiques. Plusieurs options pour amorcer et pi\u00e9ger.<\/p>","protected":false},"excerpt":{"rendered":"<p>Code de produit: WCSECC<\/p>\n<p><strong>SERVICE DE LOCATION, CONSULTER<\/strong><\/p>\n","protected":false},"featured_media":802,"template":"","meta":[],"product_brand":[],"product_cat":[33],"product_tag":[],"class_list":{"0":"post-415","1":"product","2":"type-product","3":"status-publish","4":"has-post-thumbnail","6":"product_cat-trampas-para-roedores","8":"first","9":"instock","10":"shipping-taxable","11":"purchasable","12":"product-type-simple"},"yoast_head":"<!-- This site is optimized with the Yoast SEO plugin v27.0 - https:\/\/yoast.com\/product\/yoast-seo-wordpress\/ -->\n<title>Station d&#039;app\u00e2ts Circecto EVO de Protecta - Caja de SEIS - Wildlife Control Supplies EU<\/title>\n<meta name=\"robots\" content=\"index, follow, max-snippet:-1, max-image-preview:large, max-video-preview:-1\" \/>\n<link rel=\"canonical\" href=\"https:\/\/shopwcseu.com\/producto\/evo-circuit-6-boxes\/\" \/>\n<meta property=\"og:locale\" content=\"fr_FR\" \/>\n<meta property=\"og:type\" content=\"article\" \/>\n<meta property=\"og:title\" content=\"Station d&#039;app\u00e2ts Circecto EVO de Protecta - Caja de SEIS - Wildlife Control Supplies EU\" \/>\n<meta property=\"og:description\" content=\"[:en]Product Code: WCSECC  RENTAL SERVICE, CONSULT US[:es]C\u00f3digo del producto: WCSECC  SERVICIO DE ALQUILER, CONSULTANOS.[:fr]Code de produit: WCSECC  SERVICE DE LOCATION, CONSULTER[:]\" \/>\n<meta property=\"og:url\" content=\"https:\/\/shopwcseu.com\/producto\/evo-circuit-6-boxes\/\" \/>\n<meta property=\"og:site_name\" content=\"Wildlife Control Supplies EU\" \/>\n<meta property=\"article:modified_time\" content=\"2024-01-03T10:56:39+00:00\" \/>\n<meta property=\"og:image\" content=\"https:\/\/shopwcseu.com\/wp-content\/uploads\/2018\/10\/EVO_Circuit_Collage_500px-1.jpg\" \/>\n\t<meta property=\"og:image:width\" content=\"500\" \/>\n\t<meta property=\"og:image:height\" content=\"500\" \/>\n\t<meta property=\"og:image:type\" content=\"image\/jpeg\" \/>\n<meta name=\"twitter:card\" content=\"summary_large_image\" \/>\n<meta name=\"twitter:label1\" content=\"Dur\u00e9e de lecture estim\u00e9e\" \/>\n\t<meta name=\"twitter:data1\" content=\"3 minutes\" \/>\n<script type=\"application\/ld+json\" class=\"yoast-schema-graph\">{\"@context\":\"https:\/\/schema.org\",\"@graph\":[{\"@type\":\"WebPage\",\"@id\":\"https:\/\/shopwcseu.com\/producto\/evo-circuit-6-boxes\/\",\"url\":\"https:\/\/shopwcseu.com\/producto\/evo-circuit-6-boxes\/\",\"name\":\"Station d'app\u00e2ts Circecto EVO de Protecta - Caja de SEIS - Wildlife Control Supplies EU\",\"isPartOf\":{\"@id\":\"https:\/\/shopwcseu.com\/es\/#website\"},\"primaryImageOfPage\":{\"@id\":\"https:\/\/shopwcseu.com\/producto\/evo-circuit-6-boxes\/#primaryimage\"},\"image\":{\"@id\":\"https:\/\/shopwcseu.com\/producto\/evo-circuit-6-boxes\/#primaryimage\"},\"thumbnailUrl\":\"https:\/\/shopwcseu.com\/wp-content\/uploads\/2018\/10\/EVO_Circuit_Collage_500px-1.jpg\",\"datePublished\":\"2018-10-02T16:18:11+00:00\",\"dateModified\":\"2024-01-03T10:56:39+00:00\",\"breadcrumb\":{\"@id\":\"https:\/\/shopwcseu.com\/producto\/evo-circuit-6-boxes\/#breadcrumb\"},\"inLanguage\":\"fr-FR\",\"potentialAction\":[{\"@type\":\"ReadAction\",\"target\":[\"https:\/\/shopwcseu.com\/producto\/evo-circuit-6-boxes\/\"]}]},{\"@type\":\"ImageObject\",\"inLanguage\":\"fr-FR\",\"@id\":\"https:\/\/shopwcseu.com\/producto\/evo-circuit-6-boxes\/#primaryimage\",\"url\":\"https:\/\/shopwcseu.com\/wp-content\/uploads\/2018\/10\/EVO_Circuit_Collage_500px-1.jpg\",\"contentUrl\":\"https:\/\/shopwcseu.com\/wp-content\/uploads\/2018\/10\/EVO_Circuit_Collage_500px-1.jpg\",\"width\":500,\"height\":500},{\"@type\":\"BreadcrumbList\",\"@id\":\"https:\/\/shopwcseu.com\/producto\/evo-circuit-6-boxes\/#breadcrumb\",\"itemListElement\":[{\"@type\":\"ListItem\",\"position\":1,\"name\":\"Home\",\"item\":\"https:\/\/shopwcseu.com\/es\/\"},{\"@type\":\"ListItem\",\"position\":2,\"name\":\"Productos\",\"item\":\"https:\/\/shopwcseu.com\/es\/products\/\"},{\"@type\":\"ListItem\",\"position\":3,\"name\":\"Protecta EVO Circuit Bait Station &#8211; Case of SIX\"}]},{\"@type\":\"WebSite\",\"@id\":\"https:\/\/shopwcseu.com\/es\/#website\",\"url\":\"https:\/\/shopwcseu.com\/es\/\",\"name\":\"Wildlife Control Supplies EU\",\"description\":\"La tienda de suministros de material de captura m\u00e1s grande de Europa\",\"potentialAction\":[{\"@type\":\"SearchAction\",\"target\":{\"@type\":\"EntryPoint\",\"urlTemplate\":\"https:\/\/shopwcseu.com\/es\/?s={search_term_string}\"},\"query-input\":{\"@type\":\"PropertyValueSpecification\",\"valueRequired\":true,\"valueName\":\"search_term_string\"}}],\"inLanguage\":\"fr-FR\"}]}<\/script>\n<!-- \/ Yoast SEO plugin. -->","yoast_head_json":{"title":"Station d'app\u00e2ts Circecto EVO de Protecta - Caja de SEIS - Wildlife Control Supplies EU","robots":{"index":"index","follow":"follow","max-snippet":"max-snippet:-1","max-image-preview":"max-image-preview:large","max-video-preview":"max-video-preview:-1"},"canonical":"https:\/\/shopwcseu.com\/producto\/evo-circuit-6-boxes\/","og_locale":"fr_FR","og_type":"article","og_title":"Station d'app\u00e2ts Circecto EVO de Protecta - Caja de SEIS - Wildlife Control Supplies EU","og_description":"[:en]Product Code: WCSECC  RENTAL SERVICE, CONSULT US[:es]C\u00f3digo del producto: WCSECC  SERVICIO DE ALQUILER, CONSULTANOS.[:fr]Code de produit: WCSECC  SERVICE DE LOCATION, CONSULTER[:]","og_url":"https:\/\/shopwcseu.com\/producto\/evo-circuit-6-boxes\/","og_site_name":"Wildlife Control Supplies EU","article_modified_time":"2024-01-03T10:56:39+00:00","og_image":[{"width":500,"height":500,"url":"https:\/\/shopwcseu.com\/wp-content\/uploads\/2018\/10\/EVO_Circuit_Collage_500px-1.jpg","type":"image\/jpeg"}],"twitter_card":"summary_large_image","twitter_misc":{"Dur\u00e9e de lecture estim\u00e9e":"3 minutes"},"schema":{"@context":"https:\/\/schema.org","@graph":[{"@type":"WebPage","@id":"https:\/\/shopwcseu.com\/producto\/evo-circuit-6-boxes\/","url":"https:\/\/shopwcseu.com\/producto\/evo-circuit-6-boxes\/","name":"Station d'app\u00e2ts Circecto EVO de Protecta - Caja de SEIS - Wildlife Control Supplies EU","isPartOf":{"@id":"https:\/\/shopwcseu.com\/es\/#website"},"primaryImageOfPage":{"@id":"https:\/\/shopwcseu.com\/producto\/evo-circuit-6-boxes\/#primaryimage"},"image":{"@id":"https:\/\/shopwcseu.com\/producto\/evo-circuit-6-boxes\/#primaryimage"},"thumbnailUrl":"https:\/\/shopwcseu.com\/wp-content\/uploads\/2018\/10\/EVO_Circuit_Collage_500px-1.jpg","datePublished":"2018-10-02T16:18:11+00:00","dateModified":"2024-01-03T10:56:39+00:00","breadcrumb":{"@id":"https:\/\/shopwcseu.com\/producto\/evo-circuit-6-boxes\/#breadcrumb"},"inLanguage":"fr-FR","potentialAction":[{"@type":"ReadAction","target":["https:\/\/shopwcseu.com\/producto\/evo-circuit-6-boxes\/"]}]},{"@type":"ImageObject","inLanguage":"fr-FR","@id":"https:\/\/shopwcseu.com\/producto\/evo-circuit-6-boxes\/#primaryimage","url":"https:\/\/shopwcseu.com\/wp-content\/uploads\/2018\/10\/EVO_Circuit_Collage_500px-1.jpg","contentUrl":"https:\/\/shopwcseu.com\/wp-content\/uploads\/2018\/10\/EVO_Circuit_Collage_500px-1.jpg","width":500,"height":500},{"@type":"BreadcrumbList","@id":"https:\/\/shopwcseu.com\/producto\/evo-circuit-6-boxes\/#breadcrumb","itemListElement":[{"@type":"ListItem","position":1,"name":"Home","item":"https:\/\/shopwcseu.com\/es\/"},{"@type":"ListItem","position":2,"name":"Productos","item":"https:\/\/shopwcseu.com\/es\/products\/"},{"@type":"ListItem","position":3,"name":"Protecta EVO Circuit Bait Station &#8211; Case of SIX"}]},{"@type":"WebSite","@id":"https:\/\/shopwcseu.com\/es\/#website","url":"https:\/\/shopwcseu.com\/es\/","name":"Wildlife Control Supplies EU","description":"La tienda de suministros de material de captura m\u00e1s grande de Europa","potentialAction":[{"@type":"SearchAction","target":{"@type":"EntryPoint","urlTemplate":"https:\/\/shopwcseu.com\/es\/?s={search_term_string}"},"query-input":{"@type":"PropertyValueSpecification","valueRequired":true,"valueName":"search_term_string"}}],"inLanguage":"fr-FR"}]}},"_links":{"self":[{"href":"https:\/\/shopwcseu.com\/fr\/wp-json\/wp\/v2\/product\/415","targetHints":{"allow":["GET"]}}],"collection":[{"href":"https:\/\/shopwcseu.com\/fr\/wp-json\/wp\/v2\/product"}],"about":[{"href":"https:\/\/shopwcseu.com\/fr\/wp-json\/wp\/v2\/types\/product"}],"wp:featuredmedia":[{"embeddable":true,"href":"https:\/\/shopwcseu.com\/fr\/wp-json\/wp\/v2\/media\/802"}],"wp:attachment":[{"href":"https:\/\/shopwcseu.com\/fr\/wp-json\/wp\/v2\/media?parent=415"}],"wp:term":[{"taxonomy":"product_brand","embeddable":true,"href":"https:\/\/shopwcseu.com\/fr\/wp-json\/wp\/v2\/product_brand?post=415"},{"taxonomy":"product_cat","embeddable":true,"href":"https:\/\/shopwcseu.com\/fr\/wp-json\/wp\/v2\/product_cat?post=415"},{"taxonomy":"product_tag","embeddable":true,"href":"https:\/\/shopwcseu.com\/fr\/wp-json\/wp\/v2\/product_tag?post=415"}],"curies":[{"name":"wp","href":"https:\/\/api.w.org\/{rel}","templated":true}]}}