{"id":335,"date":"2018-10-02T14:43:53","date_gmt":"2018-10-02T14:43:53","guid":{"rendered":"http:\/\/shopwcseu.com\/?post_type=product&#038;p=335"},"modified":"2023-12-05T07:08:33","modified_gmt":"2023-12-05T07:08:33","slug":"electronic-mouse-trap","status":"publish","type":"product","link":"https:\/\/shopwcseu.com\/fr\/producto\/electronic-mouse-trap\/","title":{"rendered":"Victor\u00ae Electronic Mouse Trap"},"content":{"rendered":"<p><strong>NOT FOR SALE IN: NM,PR<\/strong><\/p>\n<p>Le <strong>pi\u00e8ge \u00e0 souris Victor\u00ae Electronic<\/strong> ne contient ni poison ni colle et se vide sans contact humain. Il \u00e9limine les souris de mani\u00e8re s\u00fbre et humaine, en produisant une charge haute tension \u00e0 partir de quatre piles AA (non incluses), pour un taux de destruction efficace de 100% sans poisons, doigts cass\u00e9s ou colles salissantes. Pr\u00e9parez votre propre app\u00e2t pour l&rsquo;attirer \u00e0 travers le tunnel d\u00e9rout\u00e9; quand il touche les deux plaques de m\u00e9tal sous l&rsquo;app\u00e2t, il est rapidement \u00e9limin\u00e9. Ouvrez la porte \u00e0 charni\u00e8re pour une \u00e9limination sans contact. Coffre-fort autour des enfants et des animaux domestiques. Interrupteur marche \/ arr\u00eat.<\/p>\n<p><strong>Remarque: UNIQUEMENT POUR USAGE INT\u00c9RIEUR.<\/strong><\/p>","protected":false},"excerpt":{"rendered":"<p>Code de produit: NWSM2524<\/p>\n","protected":false},"featured_media":798,"template":"","meta":[],"product_brand":[],"product_cat":[33],"product_tag":[],"class_list":{"0":"post-335","1":"product","2":"type-product","3":"status-publish","4":"has-post-thumbnail","6":"product_cat-trampas-para-roedores","8":"first","9":"instock","10":"shipping-taxable","11":"purchasable","12":"product-type-simple"},"yoast_head":"<!-- This site is optimized with the Yoast SEO plugin v27.0 - https:\/\/yoast.com\/product\/yoast-seo-wordpress\/ -->\n<title>Victor\u00ae Electronic Mouse Trap - Wildlife Control Supplies EU<\/title>\n<meta name=\"robots\" content=\"index, follow, max-snippet:-1, max-image-preview:large, max-video-preview:-1\" \/>\n<link rel=\"canonical\" href=\"https:\/\/shopwcseu.com\/producto\/electronic-mouse-trap\/\" \/>\n<meta property=\"og:locale\" content=\"fr_FR\" \/>\n<meta property=\"og:type\" content=\"article\" \/>\n<meta property=\"og:title\" content=\"Victor\u00ae Electronic Mouse Trap - Wildlife Control Supplies EU\" \/>\n<meta property=\"og:description\" content=\"[:en]Product Code: NWSM2524[:es]C\u00f3digo de producto: NWSM2524[:fr]Code de produit: NWSM2524[:]\" \/>\n<meta property=\"og:url\" content=\"https:\/\/shopwcseu.com\/producto\/electronic-mouse-trap\/\" \/>\n<meta property=\"og:site_name\" content=\"Wildlife Control Supplies EU\" \/>\n<meta property=\"article:modified_time\" content=\"2023-12-05T07:08:33+00:00\" \/>\n<meta property=\"og:image\" content=\"https:\/\/shopwcseu.com\/wp-content\/uploads\/2018\/10\/ElectronicMouse_M2524_1000px_540x540.jpg\" \/>\n\t<meta property=\"og:image:width\" content=\"540\" \/>\n\t<meta property=\"og:image:height\" content=\"540\" \/>\n\t<meta property=\"og:image:type\" content=\"image\/jpeg\" \/>\n<meta name=\"twitter:card\" content=\"summary_large_image\" \/>\n<meta name=\"twitter:label1\" content=\"Dur\u00e9e de lecture estim\u00e9e\" \/>\n\t<meta name=\"twitter:data1\" content=\"2 minutes\" \/>\n<script type=\"application\/ld+json\" class=\"yoast-schema-graph\">{\"@context\":\"https:\/\/schema.org\",\"@graph\":[{\"@type\":\"WebPage\",\"@id\":\"https:\/\/shopwcseu.com\/producto\/electronic-mouse-trap\/\",\"url\":\"https:\/\/shopwcseu.com\/producto\/electronic-mouse-trap\/\",\"name\":\"Victor\u00ae Electronic Mouse Trap - Wildlife Control Supplies EU\",\"isPartOf\":{\"@id\":\"https:\/\/shopwcseu.com\/es\/#website\"},\"primaryImageOfPage\":{\"@id\":\"https:\/\/shopwcseu.com\/producto\/electronic-mouse-trap\/#primaryimage\"},\"image\":{\"@id\":\"https:\/\/shopwcseu.com\/producto\/electronic-mouse-trap\/#primaryimage\"},\"thumbnailUrl\":\"https:\/\/shopwcseu.com\/wp-content\/uploads\/2018\/10\/ElectronicMouse_M2524_1000px_540x540.jpg\",\"datePublished\":\"2018-10-02T14:43:53+00:00\",\"dateModified\":\"2023-12-05T07:08:33+00:00\",\"breadcrumb\":{\"@id\":\"https:\/\/shopwcseu.com\/producto\/electronic-mouse-trap\/#breadcrumb\"},\"inLanguage\":\"fr-FR\",\"potentialAction\":[{\"@type\":\"ReadAction\",\"target\":[\"https:\/\/shopwcseu.com\/producto\/electronic-mouse-trap\/\"]}]},{\"@type\":\"ImageObject\",\"inLanguage\":\"fr-FR\",\"@id\":\"https:\/\/shopwcseu.com\/producto\/electronic-mouse-trap\/#primaryimage\",\"url\":\"https:\/\/shopwcseu.com\/wp-content\/uploads\/2018\/10\/ElectronicMouse_M2524_1000px_540x540.jpg\",\"contentUrl\":\"https:\/\/shopwcseu.com\/wp-content\/uploads\/2018\/10\/ElectronicMouse_M2524_1000px_540x540.jpg\",\"width\":540,\"height\":540},{\"@type\":\"BreadcrumbList\",\"@id\":\"https:\/\/shopwcseu.com\/producto\/electronic-mouse-trap\/#breadcrumb\",\"itemListElement\":[{\"@type\":\"ListItem\",\"position\":1,\"name\":\"Home\",\"item\":\"https:\/\/shopwcseu.com\/es\/\"},{\"@type\":\"ListItem\",\"position\":2,\"name\":\"Productos\",\"item\":\"https:\/\/shopwcseu.com\/es\/products\/\"},{\"@type\":\"ListItem\",\"position\":3,\"name\":\"Victor\u00ae Electronic Mouse Trap\"}]},{\"@type\":\"WebSite\",\"@id\":\"https:\/\/shopwcseu.com\/es\/#website\",\"url\":\"https:\/\/shopwcseu.com\/es\/\",\"name\":\"Wildlife Control Supplies EU\",\"description\":\"La tienda de suministros de material de captura m\u00e1s grande de Europa\",\"potentialAction\":[{\"@type\":\"SearchAction\",\"target\":{\"@type\":\"EntryPoint\",\"urlTemplate\":\"https:\/\/shopwcseu.com\/es\/?s={search_term_string}\"},\"query-input\":{\"@type\":\"PropertyValueSpecification\",\"valueRequired\":true,\"valueName\":\"search_term_string\"}}],\"inLanguage\":\"fr-FR\"}]}<\/script>\n<!-- \/ Yoast SEO plugin. -->","yoast_head_json":{"title":"Victor\u00ae Electronic Mouse Trap - Wildlife Control Supplies EU","robots":{"index":"index","follow":"follow","max-snippet":"max-snippet:-1","max-image-preview":"max-image-preview:large","max-video-preview":"max-video-preview:-1"},"canonical":"https:\/\/shopwcseu.com\/producto\/electronic-mouse-trap\/","og_locale":"fr_FR","og_type":"article","og_title":"Victor\u00ae Electronic Mouse Trap - Wildlife Control Supplies EU","og_description":"[:en]Product Code: NWSM2524[:es]C\u00f3digo de producto: NWSM2524[:fr]Code de produit: NWSM2524[:]","og_url":"https:\/\/shopwcseu.com\/producto\/electronic-mouse-trap\/","og_site_name":"Wildlife Control Supplies EU","article_modified_time":"2023-12-05T07:08:33+00:00","og_image":[{"width":540,"height":540,"url":"https:\/\/shopwcseu.com\/wp-content\/uploads\/2018\/10\/ElectronicMouse_M2524_1000px_540x540.jpg","type":"image\/jpeg"}],"twitter_card":"summary_large_image","twitter_misc":{"Dur\u00e9e de lecture estim\u00e9e":"2 minutes"},"schema":{"@context":"https:\/\/schema.org","@graph":[{"@type":"WebPage","@id":"https:\/\/shopwcseu.com\/producto\/electronic-mouse-trap\/","url":"https:\/\/shopwcseu.com\/producto\/electronic-mouse-trap\/","name":"Victor\u00ae Electronic Mouse Trap - Wildlife Control Supplies EU","isPartOf":{"@id":"https:\/\/shopwcseu.com\/es\/#website"},"primaryImageOfPage":{"@id":"https:\/\/shopwcseu.com\/producto\/electronic-mouse-trap\/#primaryimage"},"image":{"@id":"https:\/\/shopwcseu.com\/producto\/electronic-mouse-trap\/#primaryimage"},"thumbnailUrl":"https:\/\/shopwcseu.com\/wp-content\/uploads\/2018\/10\/ElectronicMouse_M2524_1000px_540x540.jpg","datePublished":"2018-10-02T14:43:53+00:00","dateModified":"2023-12-05T07:08:33+00:00","breadcrumb":{"@id":"https:\/\/shopwcseu.com\/producto\/electronic-mouse-trap\/#breadcrumb"},"inLanguage":"fr-FR","potentialAction":[{"@type":"ReadAction","target":["https:\/\/shopwcseu.com\/producto\/electronic-mouse-trap\/"]}]},{"@type":"ImageObject","inLanguage":"fr-FR","@id":"https:\/\/shopwcseu.com\/producto\/electronic-mouse-trap\/#primaryimage","url":"https:\/\/shopwcseu.com\/wp-content\/uploads\/2018\/10\/ElectronicMouse_M2524_1000px_540x540.jpg","contentUrl":"https:\/\/shopwcseu.com\/wp-content\/uploads\/2018\/10\/ElectronicMouse_M2524_1000px_540x540.jpg","width":540,"height":540},{"@type":"BreadcrumbList","@id":"https:\/\/shopwcseu.com\/producto\/electronic-mouse-trap\/#breadcrumb","itemListElement":[{"@type":"ListItem","position":1,"name":"Home","item":"https:\/\/shopwcseu.com\/es\/"},{"@type":"ListItem","position":2,"name":"Productos","item":"https:\/\/shopwcseu.com\/es\/products\/"},{"@type":"ListItem","position":3,"name":"Victor\u00ae Electronic Mouse Trap"}]},{"@type":"WebSite","@id":"https:\/\/shopwcseu.com\/es\/#website","url":"https:\/\/shopwcseu.com\/es\/","name":"Wildlife Control Supplies EU","description":"La tienda de suministros de material de captura m\u00e1s grande de Europa","potentialAction":[{"@type":"SearchAction","target":{"@type":"EntryPoint","urlTemplate":"https:\/\/shopwcseu.com\/es\/?s={search_term_string}"},"query-input":{"@type":"PropertyValueSpecification","valueRequired":true,"valueName":"search_term_string"}}],"inLanguage":"fr-FR"}]}},"_links":{"self":[{"href":"https:\/\/shopwcseu.com\/fr\/wp-json\/wp\/v2\/product\/335","targetHints":{"allow":["GET"]}}],"collection":[{"href":"https:\/\/shopwcseu.com\/fr\/wp-json\/wp\/v2\/product"}],"about":[{"href":"https:\/\/shopwcseu.com\/fr\/wp-json\/wp\/v2\/types\/product"}],"wp:featuredmedia":[{"embeddable":true,"href":"https:\/\/shopwcseu.com\/fr\/wp-json\/wp\/v2\/media\/798"}],"wp:attachment":[{"href":"https:\/\/shopwcseu.com\/fr\/wp-json\/wp\/v2\/media?parent=335"}],"wp:term":[{"taxonomy":"product_brand","embeddable":true,"href":"https:\/\/shopwcseu.com\/fr\/wp-json\/wp\/v2\/product_brand?post=335"},{"taxonomy":"product_cat","embeddable":true,"href":"https:\/\/shopwcseu.com\/fr\/wp-json\/wp\/v2\/product_cat?post=335"},{"taxonomy":"product_tag","embeddable":true,"href":"https:\/\/shopwcseu.com\/fr\/wp-json\/wp\/v2\/product_tag?post=335"}],"curies":[{"name":"wp","href":"https:\/\/api.w.org\/{rel}","templated":true}]}}