{"id":314,"date":"2018-10-02T14:23:20","date_gmt":"2018-10-02T14:23:20","guid":{"rendered":"http:\/\/shopwcseu.com\/?post_type=product&#038;p=314"},"modified":"2019-04-24T08:39:25","modified_gmt":"2019-04-24T08:39:25","slug":"tunnel-mole-trap","status":"publish","type":"product","link":"https:\/\/shopwcseu.com\/fr\/producto\/tunnel-mole-trap\/","title":{"rendered":"Tunnel Mole Trap"},"content":{"rendered":"<p>Le pi\u00e8ge \u00e0 taupes tunnel, \u00e9galement appel\u00e9 \u00abpi\u00e8ge \u00e0 taupes demi-baril\u00bb, est une solution tr\u00e8s traditionnelle \u00e0 un probl\u00e8me de jardin commun. Le pi\u00e8ge est plac\u00e9 \u00e0 l&rsquo;endroit o\u00f9 la taupe passe et s&rsquo;active lorsque la taupe le traverse, le tuant instantan\u00e9ment. Facile \u00e0 configurer: id\u00e9al pour les professionnels ou les amateurs. D\u00e9velopp\u00e9 avec des v\u00e9t\u00e9rinaires et des r\u00e9cepteurs \u00e0 pois exp\u00e9riment\u00e9s aux \u00c9tats-Unis. UU Offrir la mort la plus humaine.<\/p>\n<p>Nouveau ressort am\u00e9lior\u00e9 &#8211; 30% plus fort. Fabriqu\u00e9 en acier galvanis\u00e9 pour emp\u00eacher la corrosion. Le double r\u00e9glage signifie que le pi\u00e8ge se d\u00e9clenche depuis la direction dans laquelle la taupe entre.<br \/>\nMode d&#8217;emploi:<\/p>\n<p>Avoir le pi\u00e8ge mis et pr\u00eat \u00e0 \u00eatre plac\u00e9 dans le sol avant d&rsquo;ouvrir le tunnel de taupe.<\/p>\n<p>1. Localisez la taupe et creusez un trou juste assez grand pour que le pi\u00e8ge puisse s&rsquo;y glisser.<\/p>\n<p>2. Appuyez doucement sur l&rsquo;un des bras de r\u00e9glage pour qu&rsquo;il touche le toit du pi\u00e8ge.<\/p>\n<p>3. Localisez le crochet sur le bras de r\u00e9glage.<\/p>\n<p>4. Redressez la bague de d\u00e9clenchement de sorte que le bras de r\u00e9glage soit tenu par son crochet.<\/p>\n<p>5. R\u00e9p\u00e9tez le processus avec le deuxi\u00e8me bras de r\u00e9glage.<\/p>\n<p>6. Positionnez le pi\u00e8ge dans le parcours, en suivant la ligne du parcours, et assurez-vous de laisser suffisamment d&rsquo;espace pour que les ressorts du pi\u00e8ge puissent fonctionner pleinement.<\/p>","protected":false},"excerpt":{"rendered":"<p>Code de produit: PSTMOLE<\/p>\n","protected":false},"featured_media":986,"template":"","meta":[],"product_brand":[],"product_cat":[35],"product_tag":[],"class_list":{"0":"post-314","1":"product","2":"type-product","3":"status-publish","4":"has-post-thumbnail","6":"product_cat-trampas-para-topos","8":"first","9":"instock","10":"shipping-taxable","11":"purchasable","12":"product-type-simple"},"yoast_head":"<!-- This site is optimized with the Yoast SEO plugin v27.0 - https:\/\/yoast.com\/product\/yoast-seo-wordpress\/ -->\n<title>Tunnel Mole Trap - Wildlife Control Supplies EU<\/title>\n<meta name=\"robots\" content=\"index, follow, max-snippet:-1, max-image-preview:large, max-video-preview:-1\" \/>\n<link rel=\"canonical\" href=\"https:\/\/shopwcseu.com\/producto\/tunnel-mole-trap\/\" \/>\n<meta property=\"og:locale\" content=\"fr_FR\" \/>\n<meta property=\"og:type\" content=\"article\" \/>\n<meta property=\"og:title\" content=\"Tunnel Mole Trap - Wildlife Control Supplies EU\" \/>\n<meta property=\"og:description\" content=\"[:en]Product Code: PSTMOLE[:es]C\u00f3digo del producto: PSTMOLE[:fr]Code de produit: PSTMOLE[:]\" \/>\n<meta property=\"og:url\" content=\"https:\/\/shopwcseu.com\/producto\/tunnel-mole-trap\/\" \/>\n<meta property=\"og:site_name\" content=\"Wildlife Control Supplies EU\" \/>\n<meta property=\"article:modified_time\" content=\"2019-04-24T08:39:25+00:00\" \/>\n<meta property=\"og:image\" content=\"https:\/\/shopwcseu.com\/wp-content\/uploads\/2018\/10\/Tunnel_Mole_Trap_Profile_Unset_500px.jpg\" \/>\n\t<meta property=\"og:image:width\" content=\"500\" \/>\n\t<meta property=\"og:image:height\" content=\"500\" \/>\n\t<meta property=\"og:image:type\" content=\"image\/jpeg\" \/>\n<meta name=\"twitter:card\" content=\"summary_large_image\" \/>\n<meta name=\"twitter:label1\" content=\"Dur\u00e9e de lecture estim\u00e9e\" \/>\n\t<meta name=\"twitter:data1\" content=\"4 minutes\" \/>\n<script type=\"application\/ld+json\" class=\"yoast-schema-graph\">{\"@context\":\"https:\/\/schema.org\",\"@graph\":[{\"@type\":\"WebPage\",\"@id\":\"https:\/\/shopwcseu.com\/producto\/tunnel-mole-trap\/\",\"url\":\"https:\/\/shopwcseu.com\/producto\/tunnel-mole-trap\/\",\"name\":\"Tunnel Mole Trap - Wildlife Control Supplies EU\",\"isPartOf\":{\"@id\":\"https:\/\/shopwcseu.com\/es\/#website\"},\"primaryImageOfPage\":{\"@id\":\"https:\/\/shopwcseu.com\/producto\/tunnel-mole-trap\/#primaryimage\"},\"image\":{\"@id\":\"https:\/\/shopwcseu.com\/producto\/tunnel-mole-trap\/#primaryimage\"},\"thumbnailUrl\":\"https:\/\/shopwcseu.com\/wp-content\/uploads\/2018\/10\/Tunnel_Mole_Trap_Profile_Unset_500px.jpg\",\"datePublished\":\"2018-10-02T14:23:20+00:00\",\"dateModified\":\"2019-04-24T08:39:25+00:00\",\"breadcrumb\":{\"@id\":\"https:\/\/shopwcseu.com\/producto\/tunnel-mole-trap\/#breadcrumb\"},\"inLanguage\":\"fr-FR\",\"potentialAction\":[{\"@type\":\"ReadAction\",\"target\":[\"https:\/\/shopwcseu.com\/producto\/tunnel-mole-trap\/\"]}]},{\"@type\":\"ImageObject\",\"inLanguage\":\"fr-FR\",\"@id\":\"https:\/\/shopwcseu.com\/producto\/tunnel-mole-trap\/#primaryimage\",\"url\":\"https:\/\/shopwcseu.com\/wp-content\/uploads\/2018\/10\/Tunnel_Mole_Trap_Profile_Unset_500px.jpg\",\"contentUrl\":\"https:\/\/shopwcseu.com\/wp-content\/uploads\/2018\/10\/Tunnel_Mole_Trap_Profile_Unset_500px.jpg\",\"width\":500,\"height\":500},{\"@type\":\"BreadcrumbList\",\"@id\":\"https:\/\/shopwcseu.com\/producto\/tunnel-mole-trap\/#breadcrumb\",\"itemListElement\":[{\"@type\":\"ListItem\",\"position\":1,\"name\":\"Home\",\"item\":\"https:\/\/shopwcseu.com\/es\/\"},{\"@type\":\"ListItem\",\"position\":2,\"name\":\"Productos\",\"item\":\"https:\/\/shopwcseu.com\/es\/products\/\"},{\"@type\":\"ListItem\",\"position\":3,\"name\":\"Tunnel Mole Trap\"}]},{\"@type\":\"WebSite\",\"@id\":\"https:\/\/shopwcseu.com\/es\/#website\",\"url\":\"https:\/\/shopwcseu.com\/es\/\",\"name\":\"Wildlife Control Supplies EU\",\"description\":\"La tienda de suministros de material de captura m\u00e1s grande de Europa\",\"potentialAction\":[{\"@type\":\"SearchAction\",\"target\":{\"@type\":\"EntryPoint\",\"urlTemplate\":\"https:\/\/shopwcseu.com\/es\/?s={search_term_string}\"},\"query-input\":{\"@type\":\"PropertyValueSpecification\",\"valueRequired\":true,\"valueName\":\"search_term_string\"}}],\"inLanguage\":\"fr-FR\"}]}<\/script>\n<!-- \/ Yoast SEO plugin. -->","yoast_head_json":{"title":"Tunnel Mole Trap - Wildlife Control Supplies EU","robots":{"index":"index","follow":"follow","max-snippet":"max-snippet:-1","max-image-preview":"max-image-preview:large","max-video-preview":"max-video-preview:-1"},"canonical":"https:\/\/shopwcseu.com\/producto\/tunnel-mole-trap\/","og_locale":"fr_FR","og_type":"article","og_title":"Tunnel Mole Trap - Wildlife Control Supplies EU","og_description":"[:en]Product Code: PSTMOLE[:es]C\u00f3digo del producto: PSTMOLE[:fr]Code de produit: PSTMOLE[:]","og_url":"https:\/\/shopwcseu.com\/producto\/tunnel-mole-trap\/","og_site_name":"Wildlife Control Supplies EU","article_modified_time":"2019-04-24T08:39:25+00:00","og_image":[{"width":500,"height":500,"url":"https:\/\/shopwcseu.com\/wp-content\/uploads\/2018\/10\/Tunnel_Mole_Trap_Profile_Unset_500px.jpg","type":"image\/jpeg"}],"twitter_card":"summary_large_image","twitter_misc":{"Dur\u00e9e de lecture estim\u00e9e":"4 minutes"},"schema":{"@context":"https:\/\/schema.org","@graph":[{"@type":"WebPage","@id":"https:\/\/shopwcseu.com\/producto\/tunnel-mole-trap\/","url":"https:\/\/shopwcseu.com\/producto\/tunnel-mole-trap\/","name":"Tunnel Mole Trap - Wildlife Control Supplies EU","isPartOf":{"@id":"https:\/\/shopwcseu.com\/es\/#website"},"primaryImageOfPage":{"@id":"https:\/\/shopwcseu.com\/producto\/tunnel-mole-trap\/#primaryimage"},"image":{"@id":"https:\/\/shopwcseu.com\/producto\/tunnel-mole-trap\/#primaryimage"},"thumbnailUrl":"https:\/\/shopwcseu.com\/wp-content\/uploads\/2018\/10\/Tunnel_Mole_Trap_Profile_Unset_500px.jpg","datePublished":"2018-10-02T14:23:20+00:00","dateModified":"2019-04-24T08:39:25+00:00","breadcrumb":{"@id":"https:\/\/shopwcseu.com\/producto\/tunnel-mole-trap\/#breadcrumb"},"inLanguage":"fr-FR","potentialAction":[{"@type":"ReadAction","target":["https:\/\/shopwcseu.com\/producto\/tunnel-mole-trap\/"]}]},{"@type":"ImageObject","inLanguage":"fr-FR","@id":"https:\/\/shopwcseu.com\/producto\/tunnel-mole-trap\/#primaryimage","url":"https:\/\/shopwcseu.com\/wp-content\/uploads\/2018\/10\/Tunnel_Mole_Trap_Profile_Unset_500px.jpg","contentUrl":"https:\/\/shopwcseu.com\/wp-content\/uploads\/2018\/10\/Tunnel_Mole_Trap_Profile_Unset_500px.jpg","width":500,"height":500},{"@type":"BreadcrumbList","@id":"https:\/\/shopwcseu.com\/producto\/tunnel-mole-trap\/#breadcrumb","itemListElement":[{"@type":"ListItem","position":1,"name":"Home","item":"https:\/\/shopwcseu.com\/es\/"},{"@type":"ListItem","position":2,"name":"Productos","item":"https:\/\/shopwcseu.com\/es\/products\/"},{"@type":"ListItem","position":3,"name":"Tunnel Mole Trap"}]},{"@type":"WebSite","@id":"https:\/\/shopwcseu.com\/es\/#website","url":"https:\/\/shopwcseu.com\/es\/","name":"Wildlife Control Supplies EU","description":"La tienda de suministros de material de captura m\u00e1s grande de Europa","potentialAction":[{"@type":"SearchAction","target":{"@type":"EntryPoint","urlTemplate":"https:\/\/shopwcseu.com\/es\/?s={search_term_string}"},"query-input":{"@type":"PropertyValueSpecification","valueRequired":true,"valueName":"search_term_string"}}],"inLanguage":"fr-FR"}]}},"_links":{"self":[{"href":"https:\/\/shopwcseu.com\/fr\/wp-json\/wp\/v2\/product\/314","targetHints":{"allow":["GET"]}}],"collection":[{"href":"https:\/\/shopwcseu.com\/fr\/wp-json\/wp\/v2\/product"}],"about":[{"href":"https:\/\/shopwcseu.com\/fr\/wp-json\/wp\/v2\/types\/product"}],"wp:featuredmedia":[{"embeddable":true,"href":"https:\/\/shopwcseu.com\/fr\/wp-json\/wp\/v2\/media\/986"}],"wp:attachment":[{"href":"https:\/\/shopwcseu.com\/fr\/wp-json\/wp\/v2\/media?parent=314"}],"wp:term":[{"taxonomy":"product_brand","embeddable":true,"href":"https:\/\/shopwcseu.com\/fr\/wp-json\/wp\/v2\/product_brand?post=314"},{"taxonomy":"product_cat","embeddable":true,"href":"https:\/\/shopwcseu.com\/fr\/wp-json\/wp\/v2\/product_cat?post=314"},{"taxonomy":"product_tag","embeddable":true,"href":"https:\/\/shopwcseu.com\/fr\/wp-json\/wp\/v2\/product_tag?post=314"}],"curies":[{"name":"wp","href":"https:\/\/api.w.org\/{rel}","templated":true}]}}