{"id":109,"date":"2018-09-18T18:46:42","date_gmt":"2018-09-18T18:46:42","guid":{"rendered":"http:\/\/www.wildlifeeu.com.mialias.net\/?post_type=product&#038;p=109"},"modified":"2022-07-11T13:39:53","modified_gmt":"2022-07-11T13:39:53","slug":"belisle-8-pouces","status":"publish","type":"product","link":"https:\/\/shopwcseu.com\/fr\/producto\/belisle-8-pouces\/","title":{"rendered":"Belisle Foot Snare &#8211; 8&Prime;"},"content":{"rendered":"<p><strong>Le mod\u00e8le Belisle Foot Snare 8 \u00a0\u00bb\u00a0<\/strong>pour loup et lion de montagne fonctionne tr\u00e8s bien comme un pi\u00e8ge \u00e0 pied traditionnel qui agit comme un lanceur pour la boucle de c\u00e2ble qui reste sur la patte de l&rsquo;animal captur\u00e9, une fois que le dispositif est d\u00e9clench\u00e9. la casserole et active l&rsquo;appareil, les m\u00e2choires se ferment, lasso la patte et le lanceur se d\u00e9tache de l&rsquo;animal.La seule chose qui reste sur l&rsquo;animal captur\u00e9 est la boucle de c\u00e2ble.<\/p>\n<p><strong><a title=\"Belisle Foot Snare Instructions\" href=\"http:\/\/www.wildlifecontrolsupplies.com\/pdf\/Belisle_Foot_Snare_Instructions.pdf\" target=\"_blank\" rel=\"noopener\">Cliquez ici pour les instructions du produit<\/a><\/strong><\/p>\n<p>&nbsp;<\/p>","protected":false},"excerpt":{"rendered":"<p>Code de produit: WCSBFS8<\/p>\n<p>*SERVICE DE LOCATION<\/p>\n<p>https:\/\/youtu.be\/GE2hh_JYZOA<\/p>\n<p>https:\/\/youtu.be\/xQAEIznKMiA<\/p>\n","protected":false},"featured_media":977,"template":"","meta":[],"product_brand":[],"product_cat":[17,23],"product_tag":[],"class_list":{"0":"post-109","1":"product","2":"type-product","3":"status-publish","4":"has-post-thumbnail","6":"product_cat-sin-categoria","7":"product_cat-trampas-de-retencion","9":"first","10":"instock","11":"shipping-taxable","12":"purchasable","13":"product-type-simple"},"yoast_head":"<!-- This site is optimized with the Yoast SEO plugin v27.0 - https:\/\/yoast.com\/product\/yoast-seo-wordpress\/ -->\n<title>Belisle Foot Snare - 8&quot; - Wildlife Control Supplies EU<\/title>\n<meta name=\"robots\" content=\"index, follow, max-snippet:-1, max-image-preview:large, max-video-preview:-1\" \/>\n<link rel=\"canonical\" href=\"https:\/\/shopwcseu.com\/producto\/belisle-8-pouces\/\" \/>\n<meta property=\"og:locale\" content=\"fr_FR\" \/>\n<meta property=\"og:type\" content=\"article\" \/>\n<meta property=\"og:title\" content=\"Belisle Foot Snare - 8&quot; - Wildlife Control Supplies EU\" \/>\n<meta property=\"og:description\" content=\"[:en]Product Code: WCSBFS8     *RENTAL SERVICE      https:\/\/youtu.be\/GE2hh_JYZOA  https:\/\/youtu.be\/xQAEIznKMiA[:es]C\u00f3digo de producto: WCSBFS8&nbsp;https:\/\/youtu.be\/GE2hh_JYZOAhttps:\/\/youtu.be\/xQAEIznKMiA[:fr]Code de produit: WCSBFS8  *SERVICE DE LOCATION  https:\/\/youtu.be\/GE2hh_JYZOA  https:\/\/youtu.be\/xQAEIznKMiA[:]\" \/>\n<meta property=\"og:url\" content=\"https:\/\/shopwcseu.com\/producto\/belisle-8-pouces\/\" \/>\n<meta property=\"og:site_name\" content=\"Wildlife Control Supplies EU\" \/>\n<meta property=\"article:modified_time\" content=\"2022-07-11T13:39:53+00:00\" \/>\n<meta property=\"og:image\" content=\"https:\/\/shopwcseu.com\/wp-content\/uploads\/2018\/09\/Belisle_6inch_footsnare_1000px_540x540-1.jpg\" \/>\n\t<meta property=\"og:image:width\" content=\"540\" \/>\n\t<meta property=\"og:image:height\" content=\"540\" \/>\n\t<meta property=\"og:image:type\" content=\"image\/jpeg\" \/>\n<meta name=\"twitter:card\" content=\"summary_large_image\" \/>\n<meta name=\"twitter:label1\" content=\"Dur\u00e9e de lecture estim\u00e9e\" \/>\n\t<meta name=\"twitter:data1\" content=\"1 minute\" \/>\n<script type=\"application\/ld+json\" class=\"yoast-schema-graph\">{\"@context\":\"https:\/\/schema.org\",\"@graph\":[{\"@type\":\"WebPage\",\"@id\":\"https:\/\/shopwcseu.com\/producto\/belisle-8-pouces\/\",\"url\":\"https:\/\/shopwcseu.com\/producto\/belisle-8-pouces\/\",\"name\":\"Belisle Foot Snare - 8\\\" - Wildlife Control Supplies EU\",\"isPartOf\":{\"@id\":\"https:\/\/shopwcseu.com\/es\/#website\"},\"primaryImageOfPage\":{\"@id\":\"https:\/\/shopwcseu.com\/producto\/belisle-8-pouces\/#primaryimage\"},\"image\":{\"@id\":\"https:\/\/shopwcseu.com\/producto\/belisle-8-pouces\/#primaryimage\"},\"thumbnailUrl\":\"https:\/\/shopwcseu.com\/wp-content\/uploads\/2018\/09\/Belisle_6inch_footsnare_1000px_540x540-1.jpg\",\"datePublished\":\"2018-09-18T18:46:42+00:00\",\"dateModified\":\"2022-07-11T13:39:53+00:00\",\"breadcrumb\":{\"@id\":\"https:\/\/shopwcseu.com\/producto\/belisle-8-pouces\/#breadcrumb\"},\"inLanguage\":\"fr-FR\",\"potentialAction\":[{\"@type\":\"ReadAction\",\"target\":[\"https:\/\/shopwcseu.com\/producto\/belisle-8-pouces\/\"]}]},{\"@type\":\"ImageObject\",\"inLanguage\":\"fr-FR\",\"@id\":\"https:\/\/shopwcseu.com\/producto\/belisle-8-pouces\/#primaryimage\",\"url\":\"https:\/\/shopwcseu.com\/wp-content\/uploads\/2018\/09\/Belisle_6inch_footsnare_1000px_540x540-1.jpg\",\"contentUrl\":\"https:\/\/shopwcseu.com\/wp-content\/uploads\/2018\/09\/Belisle_6inch_footsnare_1000px_540x540-1.jpg\",\"width\":540,\"height\":540},{\"@type\":\"BreadcrumbList\",\"@id\":\"https:\/\/shopwcseu.com\/producto\/belisle-8-pouces\/#breadcrumb\",\"itemListElement\":[{\"@type\":\"ListItem\",\"position\":1,\"name\":\"Home\",\"item\":\"https:\/\/shopwcseu.com\/es\/\"},{\"@type\":\"ListItem\",\"position\":2,\"name\":\"Productos\",\"item\":\"https:\/\/shopwcseu.com\/es\/products\/\"},{\"@type\":\"ListItem\",\"position\":3,\"name\":\"Belisle Foot Snare &#8211; 8&#8243;\"}]},{\"@type\":\"WebSite\",\"@id\":\"https:\/\/shopwcseu.com\/es\/#website\",\"url\":\"https:\/\/shopwcseu.com\/es\/\",\"name\":\"Wildlife Control Supplies EU\",\"description\":\"La tienda de suministros de material de captura m\u00e1s grande de Europa\",\"potentialAction\":[{\"@type\":\"SearchAction\",\"target\":{\"@type\":\"EntryPoint\",\"urlTemplate\":\"https:\/\/shopwcseu.com\/es\/?s={search_term_string}\"},\"query-input\":{\"@type\":\"PropertyValueSpecification\",\"valueRequired\":true,\"valueName\":\"search_term_string\"}}],\"inLanguage\":\"fr-FR\"}]}<\/script>\n<!-- \/ Yoast SEO plugin. -->","yoast_head_json":{"title":"Belisle Foot Snare - 8\" - Wildlife Control Supplies EU","robots":{"index":"index","follow":"follow","max-snippet":"max-snippet:-1","max-image-preview":"max-image-preview:large","max-video-preview":"max-video-preview:-1"},"canonical":"https:\/\/shopwcseu.com\/producto\/belisle-8-pouces\/","og_locale":"fr_FR","og_type":"article","og_title":"Belisle Foot Snare - 8\" - Wildlife Control Supplies EU","og_description":"[:en]Product Code: WCSBFS8     *RENTAL SERVICE      https:\/\/youtu.be\/GE2hh_JYZOA  https:\/\/youtu.be\/xQAEIznKMiA[:es]C\u00f3digo de producto: WCSBFS8&nbsp;https:\/\/youtu.be\/GE2hh_JYZOAhttps:\/\/youtu.be\/xQAEIznKMiA[:fr]Code de produit: WCSBFS8  *SERVICE DE LOCATION  https:\/\/youtu.be\/GE2hh_JYZOA  https:\/\/youtu.be\/xQAEIznKMiA[:]","og_url":"https:\/\/shopwcseu.com\/producto\/belisle-8-pouces\/","og_site_name":"Wildlife Control Supplies EU","article_modified_time":"2022-07-11T13:39:53+00:00","og_image":[{"width":540,"height":540,"url":"https:\/\/shopwcseu.com\/wp-content\/uploads\/2018\/09\/Belisle_6inch_footsnare_1000px_540x540-1.jpg","type":"image\/jpeg"}],"twitter_card":"summary_large_image","twitter_misc":{"Dur\u00e9e de lecture estim\u00e9e":"1 minute"},"schema":{"@context":"https:\/\/schema.org","@graph":[{"@type":"WebPage","@id":"https:\/\/shopwcseu.com\/producto\/belisle-8-pouces\/","url":"https:\/\/shopwcseu.com\/producto\/belisle-8-pouces\/","name":"Belisle Foot Snare - 8\" - Wildlife Control Supplies EU","isPartOf":{"@id":"https:\/\/shopwcseu.com\/es\/#website"},"primaryImageOfPage":{"@id":"https:\/\/shopwcseu.com\/producto\/belisle-8-pouces\/#primaryimage"},"image":{"@id":"https:\/\/shopwcseu.com\/producto\/belisle-8-pouces\/#primaryimage"},"thumbnailUrl":"https:\/\/shopwcseu.com\/wp-content\/uploads\/2018\/09\/Belisle_6inch_footsnare_1000px_540x540-1.jpg","datePublished":"2018-09-18T18:46:42+00:00","dateModified":"2022-07-11T13:39:53+00:00","breadcrumb":{"@id":"https:\/\/shopwcseu.com\/producto\/belisle-8-pouces\/#breadcrumb"},"inLanguage":"fr-FR","potentialAction":[{"@type":"ReadAction","target":["https:\/\/shopwcseu.com\/producto\/belisle-8-pouces\/"]}]},{"@type":"ImageObject","inLanguage":"fr-FR","@id":"https:\/\/shopwcseu.com\/producto\/belisle-8-pouces\/#primaryimage","url":"https:\/\/shopwcseu.com\/wp-content\/uploads\/2018\/09\/Belisle_6inch_footsnare_1000px_540x540-1.jpg","contentUrl":"https:\/\/shopwcseu.com\/wp-content\/uploads\/2018\/09\/Belisle_6inch_footsnare_1000px_540x540-1.jpg","width":540,"height":540},{"@type":"BreadcrumbList","@id":"https:\/\/shopwcseu.com\/producto\/belisle-8-pouces\/#breadcrumb","itemListElement":[{"@type":"ListItem","position":1,"name":"Home","item":"https:\/\/shopwcseu.com\/es\/"},{"@type":"ListItem","position":2,"name":"Productos","item":"https:\/\/shopwcseu.com\/es\/products\/"},{"@type":"ListItem","position":3,"name":"Belisle Foot Snare &#8211; 8&#8243;"}]},{"@type":"WebSite","@id":"https:\/\/shopwcseu.com\/es\/#website","url":"https:\/\/shopwcseu.com\/es\/","name":"Wildlife Control Supplies EU","description":"La tienda de suministros de material de captura m\u00e1s grande de Europa","potentialAction":[{"@type":"SearchAction","target":{"@type":"EntryPoint","urlTemplate":"https:\/\/shopwcseu.com\/es\/?s={search_term_string}"},"query-input":{"@type":"PropertyValueSpecification","valueRequired":true,"valueName":"search_term_string"}}],"inLanguage":"fr-FR"}]}},"_links":{"self":[{"href":"https:\/\/shopwcseu.com\/fr\/wp-json\/wp\/v2\/product\/109","targetHints":{"allow":["GET"]}}],"collection":[{"href":"https:\/\/shopwcseu.com\/fr\/wp-json\/wp\/v2\/product"}],"about":[{"href":"https:\/\/shopwcseu.com\/fr\/wp-json\/wp\/v2\/types\/product"}],"wp:featuredmedia":[{"embeddable":true,"href":"https:\/\/shopwcseu.com\/fr\/wp-json\/wp\/v2\/media\/977"}],"wp:attachment":[{"href":"https:\/\/shopwcseu.com\/fr\/wp-json\/wp\/v2\/media?parent=109"}],"wp:term":[{"taxonomy":"product_brand","embeddable":true,"href":"https:\/\/shopwcseu.com\/fr\/wp-json\/wp\/v2\/product_brand?post=109"},{"taxonomy":"product_cat","embeddable":true,"href":"https:\/\/shopwcseu.com\/fr\/wp-json\/wp\/v2\/product_cat?post=109"},{"taxonomy":"product_tag","embeddable":true,"href":"https:\/\/shopwcseu.com\/fr\/wp-json\/wp\/v2\/product_tag?post=109"}],"curies":[{"name":"wp","href":"https:\/\/api.w.org\/{rel}","templated":true}]}}