{"id":1013,"date":"2019-05-07T08:16:45","date_gmt":"2019-05-07T08:16:45","guid":{"rendered":"https:\/\/shopwcseu.com\/?post_type=product&#038;p=1013"},"modified":"2024-01-02T19:53:12","modified_gmt":"2024-01-02T19:53:12","slug":"wcs-tube-trap-rust-resistant","status":"publish","type":"product","link":"https:\/\/shopwcseu.com\/fr\/producto\/wcs-tube-trap-rust-resistant\/","title":{"rendered":"WCS\u2122 Tube Trap\u2122 &#8211; Rust Resistant"},"content":{"rendered":"<p>WCS est heureux d\u2019offrir le nouveau et am\u00e9lior\u00e9 Tube Trap \u2122 ARMOR-COATED. Le tube Trap est trait\u00e9 avec un proc\u00e9d\u00e9 de galvanoplastie de couleur olive terne et hautement r\u00e9sistant \u00e0 la rouille. Pas besoin de tremper, teindre ou vaporiser ces pi\u00e8ges. Il suffit de les sortir de la bo\u00eete et de les utiliser. Durera pendant des ann\u00e9es.<\/p>\n<p>Ce pi\u00e8ge en forme de tunnel est un pi\u00e8ge tr\u00e8s efficace pour \u00e9cureuils et rongeurs. Construit en acier de calibre 21, le pi\u00e8ge a un diam\u00e8tre de 4,5 pouces et une longueur de 15 pouces. Il est aliment\u00e9 par un puissant ressort \u00e0 double torsion. Utilis\u00e9 avec ou sans app\u00e2t, le Tube Trap est un attractif naturel pour les \u00e9cureuils qui veulent se faufiler ou se cacher dedans. Une fois que l&rsquo;\u00e9cureuil a atteint le plateau de d\u00e9clenchement au milieu du pi\u00e8ge, le ressort \u00e0 double torsion d\u00e9clenche la barre de frappe. Lorsqu&rsquo;une capture est faite, l&rsquo;\u00e9cureuil est g\u00e9n\u00e9ralement cach\u00e9 de la vue du public. Le pi\u00e8ge \u00e0 tubes r\u00e9sistant \u00e0 la rouille WCS \u2122 est livr\u00e9 avec un loquet de s\u00e9curit\u00e9 int\u00e9gr\u00e9 pour emp\u00eacher le pi\u00e8ge de se d\u00e9clencher pr\u00e9matur\u00e9ment lors du r\u00e9glage.<\/p>\n<p>Attention: Le pi\u00e8ge \u00e0 tubes est un pi\u00e8ge mortel, faites particuli\u00e8rement attention quand et o\u00f9 vous le mettez.<\/p>\n<p>&nbsp;<\/p>","protected":false},"excerpt":{"rendered":"<p>Code de produit: WCSTUBERR<\/p>\n","protected":false},"featured_media":1014,"template":"","meta":[],"product_brand":[],"product_cat":[17],"product_tag":[],"class_list":{"0":"post-1013","1":"product","2":"type-product","3":"status-publish","4":"has-post-thumbnail","6":"product_cat-sin-categoria","8":"first","9":"instock","10":"shipping-taxable","11":"purchasable","12":"product-type-simple"},"yoast_head":"<!-- This site is optimized with the Yoast SEO plugin v27.0 - https:\/\/yoast.com\/product\/yoast-seo-wordpress\/ -->\n<title>WCS\u2122 Tube Trap\u2122 - Rust Resistant - Wildlife Control Supplies EU<\/title>\n<meta name=\"robots\" content=\"index, follow, max-snippet:-1, max-image-preview:large, max-video-preview:-1\" \/>\n<link rel=\"canonical\" href=\"https:\/\/shopwcseu.com\/producto\/wcs-tube-trap-rust-resistant\/\" \/>\n<meta property=\"og:locale\" content=\"fr_FR\" \/>\n<meta property=\"og:type\" content=\"article\" \/>\n<meta property=\"og:title\" content=\"WCS\u2122 Tube Trap\u2122 - Rust Resistant - Wildlife Control Supplies EU\" \/>\n<meta property=\"og:description\" content=\"[:en]Product Code: WCSTUBERR[:es]Code de produit: WCSTUBERR[:fr]Code de produit: WCSTUBERR[:]\" \/>\n<meta property=\"og:url\" content=\"https:\/\/shopwcseu.com\/producto\/wcs-tube-trap-rust-resistant\/\" \/>\n<meta property=\"og:site_name\" content=\"Wildlife Control Supplies EU\" \/>\n<meta property=\"article:modified_time\" content=\"2024-01-02T19:53:12+00:00\" \/>\n<meta property=\"og:image\" content=\"https:\/\/shopwcseu.com\/wp-content\/uploads\/2019\/05\/RR_Tube_Trap_Profile_500px.jpg\" \/>\n\t<meta property=\"og:image:width\" content=\"500\" \/>\n\t<meta property=\"og:image:height\" content=\"500\" \/>\n\t<meta property=\"og:image:type\" content=\"image\/jpeg\" \/>\n<meta name=\"twitter:card\" content=\"summary_large_image\" \/>\n<meta name=\"twitter:label1\" content=\"Dur\u00e9e de lecture estim\u00e9e\" \/>\n\t<meta name=\"twitter:data1\" content=\"3 minutes\" \/>\n<script type=\"application\/ld+json\" class=\"yoast-schema-graph\">{\"@context\":\"https:\/\/schema.org\",\"@graph\":[{\"@type\":\"WebPage\",\"@id\":\"https:\/\/shopwcseu.com\/producto\/wcs-tube-trap-rust-resistant\/\",\"url\":\"https:\/\/shopwcseu.com\/producto\/wcs-tube-trap-rust-resistant\/\",\"name\":\"WCS\u2122 Tube Trap\u2122 - Rust Resistant - Wildlife Control Supplies EU\",\"isPartOf\":{\"@id\":\"https:\/\/shopwcseu.com\/es\/#website\"},\"primaryImageOfPage\":{\"@id\":\"https:\/\/shopwcseu.com\/producto\/wcs-tube-trap-rust-resistant\/#primaryimage\"},\"image\":{\"@id\":\"https:\/\/shopwcseu.com\/producto\/wcs-tube-trap-rust-resistant\/#primaryimage\"},\"thumbnailUrl\":\"https:\/\/shopwcseu.com\/wp-content\/uploads\/2019\/05\/RR_Tube_Trap_Profile_500px.jpg\",\"datePublished\":\"2019-05-07T08:16:45+00:00\",\"dateModified\":\"2024-01-02T19:53:12+00:00\",\"breadcrumb\":{\"@id\":\"https:\/\/shopwcseu.com\/producto\/wcs-tube-trap-rust-resistant\/#breadcrumb\"},\"inLanguage\":\"fr-FR\",\"potentialAction\":[{\"@type\":\"ReadAction\",\"target\":[\"https:\/\/shopwcseu.com\/producto\/wcs-tube-trap-rust-resistant\/\"]}]},{\"@type\":\"ImageObject\",\"inLanguage\":\"fr-FR\",\"@id\":\"https:\/\/shopwcseu.com\/producto\/wcs-tube-trap-rust-resistant\/#primaryimage\",\"url\":\"https:\/\/shopwcseu.com\/wp-content\/uploads\/2019\/05\/RR_Tube_Trap_Profile_500px.jpg\",\"contentUrl\":\"https:\/\/shopwcseu.com\/wp-content\/uploads\/2019\/05\/RR_Tube_Trap_Profile_500px.jpg\",\"width\":500,\"height\":500},{\"@type\":\"BreadcrumbList\",\"@id\":\"https:\/\/shopwcseu.com\/producto\/wcs-tube-trap-rust-resistant\/#breadcrumb\",\"itemListElement\":[{\"@type\":\"ListItem\",\"position\":1,\"name\":\"Home\",\"item\":\"https:\/\/shopwcseu.com\/es\/\"},{\"@type\":\"ListItem\",\"position\":2,\"name\":\"Productos\",\"item\":\"https:\/\/shopwcseu.com\/es\/products\/\"},{\"@type\":\"ListItem\",\"position\":3,\"name\":\"WCS\u2122 Tube Trap\u2122 &#8211; Rust Resistant\"}]},{\"@type\":\"WebSite\",\"@id\":\"https:\/\/shopwcseu.com\/es\/#website\",\"url\":\"https:\/\/shopwcseu.com\/es\/\",\"name\":\"Wildlife Control Supplies EU\",\"description\":\"La tienda de suministros de material de captura m\u00e1s grande de Europa\",\"potentialAction\":[{\"@type\":\"SearchAction\",\"target\":{\"@type\":\"EntryPoint\",\"urlTemplate\":\"https:\/\/shopwcseu.com\/es\/?s={search_term_string}\"},\"query-input\":{\"@type\":\"PropertyValueSpecification\",\"valueRequired\":true,\"valueName\":\"search_term_string\"}}],\"inLanguage\":\"fr-FR\"}]}<\/script>\n<!-- \/ Yoast SEO plugin. -->","yoast_head_json":{"title":"WCS\u2122 Tube Trap\u2122 - Rust Resistant - Wildlife Control Supplies EU","robots":{"index":"index","follow":"follow","max-snippet":"max-snippet:-1","max-image-preview":"max-image-preview:large","max-video-preview":"max-video-preview:-1"},"canonical":"https:\/\/shopwcseu.com\/producto\/wcs-tube-trap-rust-resistant\/","og_locale":"fr_FR","og_type":"article","og_title":"WCS\u2122 Tube Trap\u2122 - Rust Resistant - Wildlife Control Supplies EU","og_description":"[:en]Product Code: WCSTUBERR[:es]Code de produit: WCSTUBERR[:fr]Code de produit: WCSTUBERR[:]","og_url":"https:\/\/shopwcseu.com\/producto\/wcs-tube-trap-rust-resistant\/","og_site_name":"Wildlife Control Supplies EU","article_modified_time":"2024-01-02T19:53:12+00:00","og_image":[{"width":500,"height":500,"url":"https:\/\/shopwcseu.com\/wp-content\/uploads\/2019\/05\/RR_Tube_Trap_Profile_500px.jpg","type":"image\/jpeg"}],"twitter_card":"summary_large_image","twitter_misc":{"Dur\u00e9e de lecture estim\u00e9e":"3 minutes"},"schema":{"@context":"https:\/\/schema.org","@graph":[{"@type":"WebPage","@id":"https:\/\/shopwcseu.com\/producto\/wcs-tube-trap-rust-resistant\/","url":"https:\/\/shopwcseu.com\/producto\/wcs-tube-trap-rust-resistant\/","name":"WCS\u2122 Tube Trap\u2122 - Rust Resistant - Wildlife Control Supplies EU","isPartOf":{"@id":"https:\/\/shopwcseu.com\/es\/#website"},"primaryImageOfPage":{"@id":"https:\/\/shopwcseu.com\/producto\/wcs-tube-trap-rust-resistant\/#primaryimage"},"image":{"@id":"https:\/\/shopwcseu.com\/producto\/wcs-tube-trap-rust-resistant\/#primaryimage"},"thumbnailUrl":"https:\/\/shopwcseu.com\/wp-content\/uploads\/2019\/05\/RR_Tube_Trap_Profile_500px.jpg","datePublished":"2019-05-07T08:16:45+00:00","dateModified":"2024-01-02T19:53:12+00:00","breadcrumb":{"@id":"https:\/\/shopwcseu.com\/producto\/wcs-tube-trap-rust-resistant\/#breadcrumb"},"inLanguage":"fr-FR","potentialAction":[{"@type":"ReadAction","target":["https:\/\/shopwcseu.com\/producto\/wcs-tube-trap-rust-resistant\/"]}]},{"@type":"ImageObject","inLanguage":"fr-FR","@id":"https:\/\/shopwcseu.com\/producto\/wcs-tube-trap-rust-resistant\/#primaryimage","url":"https:\/\/shopwcseu.com\/wp-content\/uploads\/2019\/05\/RR_Tube_Trap_Profile_500px.jpg","contentUrl":"https:\/\/shopwcseu.com\/wp-content\/uploads\/2019\/05\/RR_Tube_Trap_Profile_500px.jpg","width":500,"height":500},{"@type":"BreadcrumbList","@id":"https:\/\/shopwcseu.com\/producto\/wcs-tube-trap-rust-resistant\/#breadcrumb","itemListElement":[{"@type":"ListItem","position":1,"name":"Home","item":"https:\/\/shopwcseu.com\/es\/"},{"@type":"ListItem","position":2,"name":"Productos","item":"https:\/\/shopwcseu.com\/es\/products\/"},{"@type":"ListItem","position":3,"name":"WCS\u2122 Tube Trap\u2122 &#8211; Rust Resistant"}]},{"@type":"WebSite","@id":"https:\/\/shopwcseu.com\/es\/#website","url":"https:\/\/shopwcseu.com\/es\/","name":"Wildlife Control Supplies EU","description":"La tienda de suministros de material de captura m\u00e1s grande de Europa","potentialAction":[{"@type":"SearchAction","target":{"@type":"EntryPoint","urlTemplate":"https:\/\/shopwcseu.com\/es\/?s={search_term_string}"},"query-input":{"@type":"PropertyValueSpecification","valueRequired":true,"valueName":"search_term_string"}}],"inLanguage":"fr-FR"}]}},"_links":{"self":[{"href":"https:\/\/shopwcseu.com\/fr\/wp-json\/wp\/v2\/product\/1013","targetHints":{"allow":["GET"]}}],"collection":[{"href":"https:\/\/shopwcseu.com\/fr\/wp-json\/wp\/v2\/product"}],"about":[{"href":"https:\/\/shopwcseu.com\/fr\/wp-json\/wp\/v2\/types\/product"}],"wp:featuredmedia":[{"embeddable":true,"href":"https:\/\/shopwcseu.com\/fr\/wp-json\/wp\/v2\/media\/1014"}],"wp:attachment":[{"href":"https:\/\/shopwcseu.com\/fr\/wp-json\/wp\/v2\/media?parent=1013"}],"wp:term":[{"taxonomy":"product_brand","embeddable":true,"href":"https:\/\/shopwcseu.com\/fr\/wp-json\/wp\/v2\/product_brand?post=1013"},{"taxonomy":"product_cat","embeddable":true,"href":"https:\/\/shopwcseu.com\/fr\/wp-json\/wp\/v2\/product_cat?post=1013"},{"taxonomy":"product_tag","embeddable":true,"href":"https:\/\/shopwcseu.com\/fr\/wp-json\/wp\/v2\/product_tag?post=1013"}],"curies":[{"name":"wp","href":"https:\/\/api.w.org\/{rel}","templated":true}]}}