{"id":587,"date":"2018-10-09T10:50:42","date_gmt":"2018-10-09T10:50:42","guid":{"rendered":"http:\/\/shopwcseu.com\/?page_id=587"},"modified":"2022-03-12T11:23:09","modified_gmt":"2022-03-12T11:23:09","slug":"purchase-process","status":"publish","type":"page","link":"https:\/\/shopwcseu.com\/fr\/purchase-process\/","title":{"rendered":"Processus d&rsquo;achat"},"content":{"rendered":"<p>[et_pb_section bb_built=\u00a0\u00bb1&Prime; fullwidth=\u00a0\u00bbon\u00a0\u00bb specialty=\u00a0\u00bboff\u00a0\u00bb next_background_color=\u00a0\u00bb#000000&Prime; _builder_version=\u00a0\u00bb3.3.1&Prime;][et_pb_fullwidth_post_title _builder_version=\u00a0\u00bb3.3.1&Prime; background_image=\u00a0\u00bbhttp:\/\/shopwcseu.com\/wp-content\/uploads\/2018\/09\/header-banner.png\u00a0\u00bb custom_padding=\u00a0\u00bb40px||40px|\u00a0\u00bb \/][\/et_pb_section][et_pb_section bb_built=\u00a0\u00bb1&Prime; prev_background_color=\u00a0\u00bb#000000&Prime;][et_pb_row][et_pb_column type=\u00a0\u00bb4_4&Prime;][et_pb_text _builder_version=\u00a0\u00bb3.3.1&Prime;]<\/p>\n<p>Le processus d&rsquo;achat sur notre site Web est simple, confortable et personnalis\u00e9.<\/p>\n<p>La premi\u00e8re chose \u00e0 faire est de regarder en d\u00e9tail nos produits et de choisir celui qui convient le mieux \u00e0 vos besoins.<br \/>\nUne fois que vous avez choisi, vous pouvez nous contacter par notre courrier ou par nos t\u00e9l\u00e9phones que vous trouverez dans la section <a href=\"http:\/\/shopwcseu.com\/fr\/contact\/\">CONTACTEZ-NOUS<\/a>.<br \/>\nEnsuite, nous vous ferons parvenir un devis dans lequel vous trouverez le prix d\u00e9finitif (TVA et frais d&rsquo;exp\u00e9dition inclus) et les m\u00e9thodes de paiement de notre soci\u00e9t\u00e9 (PayPal ou virement bancaire).<\/p>\n<p>Le paiement sera toujours effectu\u00e9 \u00e0 l&rsquo;avance et, une fois re\u00e7u, nous proc\u00e9derons \u00e0 l&rsquo;exp\u00e9dition du mat\u00e9riel et vous recevrez votre achat dans un d\u00e9lai de deux tiers des jours ouvrables.<\/p>\n<p>Pour toute r\u00e9clamation, vous disposez de 15 jours \u00e0 compter de la date de r\u00e9ception de la commande.<\/p>\n<p>[\/et_pb_text][\/et_pb_column][\/et_pb_row][\/et_pb_section]<\/p>","protected":false},"excerpt":{"rendered":"<p>[et_pb_section bb_built=\u00a0\u00bb1&Prime; fullwidth=\u00a0\u00bbon\u00a0\u00bb specialty=\u00a0\u00bboff\u00a0\u00bb next_background_color=\u00a0\u00bb#000000&Prime; _builder_version=\u00a0\u00bb3.3.1&Prime;][et_pb_fullwidth_post_title _builder_version=\u00a0\u00bb3.3.1&Prime; background_image=\u00a0\u00bbhttp:\/\/shopwcseu.com\/wp-content\/uploads\/2018\/09\/header-banner.png\u00a0\u00bb custom_padding=\u00a0\u00bb40px||40px|\u00a0\u00bb \/][\/et_pb_section][et_pb_section bb_built=\u00a0\u00bb1&Prime; prev_background_color=\u00a0\u00bb#000000&Prime;][et_pb_row][et_pb_column type=\u00a0\u00bb4_4&Prime;][et_pb_text _builder_version=\u00a0\u00bb3.3.1&Prime;] Le processus d&rsquo;achat sur notre site Web est simple, confortable et personnalis\u00e9. La premi\u00e8re chose \u00e0 faire est de regarder en d\u00e9tail nos produits et de choisir celui qui convient le mieux \u00e0 vos besoins. Une fois que vous avez choisi, [&hellip;]<\/p>\n","protected":false},"author":1,"featured_media":0,"parent":0,"menu_order":0,"comment_status":"closed","ping_status":"closed","template":"","meta":{"footnotes":""},"class_list":["post-587","page","type-page","status-publish","hentry"],"yoast_head":"<!-- This site is optimized with the Yoast SEO plugin v27.0 - https:\/\/yoast.com\/product\/yoast-seo-wordpress\/ -->\n<title>Processus d&#039;achat - Wildlife Control Supplies EU<\/title>\n<meta name=\"robots\" content=\"index, follow, max-snippet:-1, max-image-preview:large, max-video-preview:-1\" \/>\n<link rel=\"canonical\" href=\"https:\/\/shopwcseu.com\/purchase-process\/\" \/>\n<meta property=\"og:locale\" content=\"fr_FR\" \/>\n<meta property=\"og:type\" content=\"article\" \/>\n<meta property=\"og:title\" content=\"Processus d&#039;achat - Wildlife Control Supplies EU\" \/>\n<meta property=\"og:description\" content=\"[et_pb_section bb_built=\u00a0\u00bb1&Prime; fullwidth=\u00a0\u00bbon\u00a0\u00bb specialty=\u00a0\u00bboff\u00a0\u00bb next_background_color=\u00a0\u00bb#000000&Prime; _builder_version=\u00a0\u00bb3.3.1&Prime;][et_pb_fullwidth_post_title _builder_version=\u00a0\u00bb3.3.1&Prime; background_image=\u00a0\u00bbhttp:\/\/shopwcseu.com\/wp-content\/uploads\/2018\/09\/header-banner.png\u00a0\u00bb custom_padding=\u00a0\u00bb40px||40px|\u00a0\u00bb \/][\/et_pb_section][et_pb_section bb_built=\u00a0\u00bb1&Prime; prev_background_color=\u00a0\u00bb#000000&Prime;][et_pb_row][et_pb_column type=\u00a0\u00bb4_4&Prime;][et_pb_text _builder_version=\u00a0\u00bb3.3.1&Prime;] Le processus d&rsquo;achat sur notre site Web est simple, confortable et personnalis\u00e9. La premi\u00e8re chose \u00e0 faire est de regarder en d\u00e9tail nos produits et de choisir celui qui convient le mieux \u00e0 vos besoins. Une fois que vous avez choisi, [&hellip;]\" \/>\n<meta property=\"og:url\" content=\"https:\/\/shopwcseu.com\/purchase-process\/\" \/>\n<meta property=\"og:site_name\" content=\"Wildlife Control Supplies EU\" \/>\n<meta property=\"article:modified_time\" content=\"2022-03-12T11:23:09+00:00\" \/>\n<meta name=\"twitter:card\" content=\"summary_large_image\" \/>\n<meta name=\"twitter:label1\" content=\"Dur\u00e9e de lecture estim\u00e9e\" \/>\n\t<meta name=\"twitter:data1\" content=\"3 minutes\" \/>\n<script type=\"application\/ld+json\" class=\"yoast-schema-graph\">{\"@context\":\"https:\/\/schema.org\",\"@graph\":[{\"@type\":\"WebPage\",\"@id\":\"https:\/\/shopwcseu.com\/purchase-process\/\",\"url\":\"https:\/\/shopwcseu.com\/purchase-process\/\",\"name\":\"Processus d'achat - Wildlife Control Supplies EU\",\"isPartOf\":{\"@id\":\"https:\/\/shopwcseu.com\/es\/#website\"},\"datePublished\":\"2018-10-09T10:50:42+00:00\",\"dateModified\":\"2022-03-12T11:23:09+00:00\",\"breadcrumb\":{\"@id\":\"https:\/\/shopwcseu.com\/purchase-process\/#breadcrumb\"},\"inLanguage\":\"fr-FR\",\"potentialAction\":[{\"@type\":\"ReadAction\",\"target\":[\"https:\/\/shopwcseu.com\/purchase-process\/\"]}]},{\"@type\":\"BreadcrumbList\",\"@id\":\"https:\/\/shopwcseu.com\/purchase-process\/#breadcrumb\",\"itemListElement\":[{\"@type\":\"ListItem\",\"position\":1,\"name\":\"Home\",\"item\":\"https:\/\/shopwcseu.com\/es\/\"},{\"@type\":\"ListItem\",\"position\":2,\"name\":\"Purchase process\"}]},{\"@type\":\"WebSite\",\"@id\":\"https:\/\/shopwcseu.com\/es\/#website\",\"url\":\"https:\/\/shopwcseu.com\/es\/\",\"name\":\"Wildlife Control Supplies EU\",\"description\":\"La tienda de suministros de material de captura m\u00e1s grande de Europa\",\"potentialAction\":[{\"@type\":\"SearchAction\",\"target\":{\"@type\":\"EntryPoint\",\"urlTemplate\":\"https:\/\/shopwcseu.com\/es\/?s={search_term_string}\"},\"query-input\":{\"@type\":\"PropertyValueSpecification\",\"valueRequired\":true,\"valueName\":\"search_term_string\"}}],\"inLanguage\":\"fr-FR\"}]}<\/script>\n<!-- \/ Yoast SEO plugin. -->","yoast_head_json":{"title":"Processus d'achat - Wildlife Control Supplies EU","robots":{"index":"index","follow":"follow","max-snippet":"max-snippet:-1","max-image-preview":"max-image-preview:large","max-video-preview":"max-video-preview:-1"},"canonical":"https:\/\/shopwcseu.com\/purchase-process\/","og_locale":"fr_FR","og_type":"article","og_title":"Processus d'achat - Wildlife Control Supplies EU","og_description":"[et_pb_section bb_built=\u00a0\u00bb1&Prime; fullwidth=\u00a0\u00bbon\u00a0\u00bb specialty=\u00a0\u00bboff\u00a0\u00bb next_background_color=\u00a0\u00bb#000000&Prime; _builder_version=\u00a0\u00bb3.3.1&Prime;][et_pb_fullwidth_post_title _builder_version=\u00a0\u00bb3.3.1&Prime; background_image=\u00a0\u00bbhttp:\/\/shopwcseu.com\/wp-content\/uploads\/2018\/09\/header-banner.png\u00a0\u00bb custom_padding=\u00a0\u00bb40px||40px|\u00a0\u00bb \/][\/et_pb_section][et_pb_section bb_built=\u00a0\u00bb1&Prime; prev_background_color=\u00a0\u00bb#000000&Prime;][et_pb_row][et_pb_column type=\u00a0\u00bb4_4&Prime;][et_pb_text _builder_version=\u00a0\u00bb3.3.1&Prime;] Le processus d&rsquo;achat sur notre site Web est simple, confortable et personnalis\u00e9. La premi\u00e8re chose \u00e0 faire est de regarder en d\u00e9tail nos produits et de choisir celui qui convient le mieux \u00e0 vos besoins. Une fois que vous avez choisi, [&hellip;]","og_url":"https:\/\/shopwcseu.com\/purchase-process\/","og_site_name":"Wildlife Control Supplies EU","article_modified_time":"2022-03-12T11:23:09+00:00","twitter_card":"summary_large_image","twitter_misc":{"Dur\u00e9e de lecture estim\u00e9e":"3 minutes"},"schema":{"@context":"https:\/\/schema.org","@graph":[{"@type":"WebPage","@id":"https:\/\/shopwcseu.com\/purchase-process\/","url":"https:\/\/shopwcseu.com\/purchase-process\/","name":"Processus d'achat - Wildlife Control Supplies EU","isPartOf":{"@id":"https:\/\/shopwcseu.com\/es\/#website"},"datePublished":"2018-10-09T10:50:42+00:00","dateModified":"2022-03-12T11:23:09+00:00","breadcrumb":{"@id":"https:\/\/shopwcseu.com\/purchase-process\/#breadcrumb"},"inLanguage":"fr-FR","potentialAction":[{"@type":"ReadAction","target":["https:\/\/shopwcseu.com\/purchase-process\/"]}]},{"@type":"BreadcrumbList","@id":"https:\/\/shopwcseu.com\/purchase-process\/#breadcrumb","itemListElement":[{"@type":"ListItem","position":1,"name":"Home","item":"https:\/\/shopwcseu.com\/es\/"},{"@type":"ListItem","position":2,"name":"Purchase process"}]},{"@type":"WebSite","@id":"https:\/\/shopwcseu.com\/es\/#website","url":"https:\/\/shopwcseu.com\/es\/","name":"Wildlife Control Supplies EU","description":"La tienda de suministros de material de captura m\u00e1s grande de Europa","potentialAction":[{"@type":"SearchAction","target":{"@type":"EntryPoint","urlTemplate":"https:\/\/shopwcseu.com\/es\/?s={search_term_string}"},"query-input":{"@type":"PropertyValueSpecification","valueRequired":true,"valueName":"search_term_string"}}],"inLanguage":"fr-FR"}]}},"_links":{"self":[{"href":"https:\/\/shopwcseu.com\/fr\/wp-json\/wp\/v2\/pages\/587","targetHints":{"allow":["GET"]}}],"collection":[{"href":"https:\/\/shopwcseu.com\/fr\/wp-json\/wp\/v2\/pages"}],"about":[{"href":"https:\/\/shopwcseu.com\/fr\/wp-json\/wp\/v2\/types\/page"}],"author":[{"embeddable":true,"href":"https:\/\/shopwcseu.com\/fr\/wp-json\/wp\/v2\/users\/1"}],"replies":[{"embeddable":true,"href":"https:\/\/shopwcseu.com\/fr\/wp-json\/wp\/v2\/comments?post=587"}],"version-history":[{"count":10,"href":"https:\/\/shopwcseu.com\/fr\/wp-json\/wp\/v2\/pages\/587\/revisions"}],"predecessor-version":[{"id":679,"href":"https:\/\/shopwcseu.com\/fr\/wp-json\/wp\/v2\/pages\/587\/revisions\/679"}],"wp:attachment":[{"href":"https:\/\/shopwcseu.com\/fr\/wp-json\/wp\/v2\/media?parent=587"}],"curies":[{"name":"wp","href":"https:\/\/api.w.org\/{rel}","templated":true}]}}