{"id":2,"date":"2018-09-04T18:40:48","date_gmt":"2018-09-04T18:40:48","guid":{"rendered":"http:\/\/www.wildlifeeu.com.mialias.net\/?page_id=2"},"modified":"2022-03-12T11:22:41","modified_gmt":"2022-03-12T11:22:41","slug":"wildlife-control-supplies-eu","status":"publish","type":"page","link":"https:\/\/shopwcseu.com\/fr\/","title":{"rendered":"Home"},"content":{"rendered":"<p>[et_pb_section bb_built=\u00a0\u00bb1&Prime; fullwidth=\u00a0\u00bbon\u00a0\u00bb specialty=\u00a0\u00bboff\u00a0\u00bb next_background_color=\u00a0\u00bb#dadada\u00a0\u00bb][et_pb_fullwidth_slider _builder_version=\u00a0\u00bb3.3.1&Prime;][et_pb_slide _builder_version=\u00a0\u00bb3.3.1&Prime; heading=\u00a0\u00bbVisitez notre magasin\u00a0\u00bb button_text=\u00a0\u00bbVoir les produits\u00a0\u00bb button_link=\u00a0\u00bbhttp:\/\/shopwcseu.com\/fr\/products\/\u00a0\u00bb background_color=\u00a0\u00bbrgba(122,122,122,0)\u00a0\u00bb use_background_color_gradient=\u00a0\u00bboff\u00a0\u00bb background_color_gradient_start=\u00a0\u00bb#2b87da\u00a0\u00bb background_color_gradient_end=\u00a0\u00bb#29c4a9&Prime; background_color_gradient_type=\u00a0\u00bblinear\u00a0\u00bb background_color_gradient_direction=\u00a0\u00bb180deg\u00a0\u00bb background_color_gradient_direction_radial=\u00a0\u00bbcenter\u00a0\u00bb background_color_gradient_start_position=\u00a0\u00bb0%\u00a0\u00bb background_color_gradient_end_position=\u00a0\u00bb100%\u00a0\u00bb background_color_gradient_overlays_image=\u00a0\u00bboff\u00a0\u00bb parallax=\u00a0\u00bboff\u00a0\u00bb parallax_method=\u00a0\u00bbon\u00a0\u00bb background_size=\u00a0\u00bbcover\u00a0\u00bb background_position=\u00a0\u00bbcenter\u00a0\u00bb background_repeat=\u00a0\u00bbno-repeat\u00a0\u00bb background_blend=\u00a0\u00bbnormal\u00a0\u00bb allow_player_pause=\u00a0\u00bboff\u00a0\u00bb background_video_pause_outside_viewport=\u00a0\u00bbon\u00a0\u00bb use_bg_overlay=\u00a0\u00bboff\u00a0\u00bb use_text_overlay=\u00a0\u00bboff\u00a0\u00bb text_border_radius=\u00a0\u00bb3&Prime; alignment=\u00a0\u00bbcenter\u00a0\u00bb child_filter_hue_rotate=\u00a0\u00bb0deg\u00a0\u00bb child_filter_saturate=\u00a0\u00bb100%\u00a0\u00bb child_filter_brightness=\u00a0\u00bb100%\u00a0\u00bb child_filter_contrast=\u00a0\u00bb100%\u00a0\u00bb child_filter_invert=\u00a0\u00bb0%\u00a0\u00bb child_filter_sepia=\u00a0\u00bb0%\u00a0\u00bb child_filter_opacity=\u00a0\u00bb100%\u00a0\u00bb child_filter_blur=\u00a0\u00bb0px\u00a0\u00bb child_mix_blend_mode=\u00a0\u00bbnormal\u00a0\u00bb background_layout=\u00a0\u00bbdark\u00a0\u00bb text_shadow_style=\u00a0\u00bbnone\u00a0\u00bb header_text_shadow_style=\u00a0\u00bbnone\u00a0\u00bb body_text_shadow_style=\u00a0\u00bbnone\u00a0\u00bb button_text_shadow_style=\u00a0\u00bbnone\u00a0\u00bb box_shadow_style_button=\u00a0\u00bbnone\u00a0\u00bb text_shadow_horizontal_length=\u00a0\u00bb0em\u00a0\u00bb text_shadow_vertical_length=\u00a0\u00bb0em\u00a0\u00bb text_shadow_blur_strength=\u00a0\u00bb0em\u00a0\u00bb header_text_shadow_horizontal_length=\u00a0\u00bb0em\u00a0\u00bb header_text_shadow_vertical_length=\u00a0\u00bb0em\u00a0\u00bb header_text_shadow_blur_strength=\u00a0\u00bb0em\u00a0\u00bb body_text_shadow_horizontal_length=\u00a0\u00bb0em\u00a0\u00bb body_text_shadow_vertical_length=\u00a0\u00bb0em\u00a0\u00bb body_text_shadow_blur_strength=\u00a0\u00bb0em\u00a0\u00bb button_text_shadow_horizontal_length=\u00a0\u00bb0em\u00a0\u00bb button_text_shadow_vertical_length=\u00a0\u00bb0em\u00a0\u00bb button_text_shadow_blur_strength=\u00a0\u00bb0em\u00a0\u00bb background_image=\u00a0\u00bbhttp:\/\/shopwcseu.com\/wp-content\/uploads\/2018\/10\/IMG_20161120_083401-1.jpg\u00a0\u00bb custom_button=\u00a0\u00bboff\u00a0\u00bb button_bg_use_color_gradient=\u00a0\u00bboff\u00a0\u00bb button_bg_color_gradient_overlays_image=\u00a0\u00bboff\u00a0\u00bb button_use_icon=\u00a0\u00bbon\u00a0\u00bb button_on_hover=\u00a0\u00bbon\u00a0\u00bb]<\/p>\n<p style=\"text-align: center;\">et trouvez le produit qui s&rsquo;adapte \u00e0 vos besoins<\/p>\n<p>[\/et_pb_slide][et_pb_slide _builder_version=\u00a0\u00bb3.3.1&Prime; heading=\u00a0\u00bbTu as besoin d&rsquo;aide?\u00a0\u00bb button_text=\u00a0\u00bbContactez nous!\u00a0\u00bb button_link=\u00a0\u00bbhttp:\/\/shopwcseu.com\/fr\/contact\/\u00a0\u00bb background_color=\u00a0\u00bbrgba(122,122,122,0)\u00a0\u00bb use_background_color_gradient=\u00a0\u00bboff\u00a0\u00bb background_color_gradient_start=\u00a0\u00bb#2b87da\u00a0\u00bb background_color_gradient_end=\u00a0\u00bb#29c4a9&Prime; background_color_gradient_type=\u00a0\u00bblinear\u00a0\u00bb background_color_gradient_direction=\u00a0\u00bb180deg\u00a0\u00bb background_color_gradient_direction_radial=\u00a0\u00bbcenter\u00a0\u00bb background_color_gradient_start_position=\u00a0\u00bb0%\u00a0\u00bb background_color_gradient_end_position=\u00a0\u00bb100%\u00a0\u00bb background_color_gradient_overlays_image=\u00a0\u00bboff\u00a0\u00bb parallax=\u00a0\u00bboff\u00a0\u00bb parallax_method=\u00a0\u00bbon\u00a0\u00bb background_size=\u00a0\u00bbcover\u00a0\u00bb background_position=\u00a0\u00bbcenter\u00a0\u00bb background_repeat=\u00a0\u00bbno-repeat\u00a0\u00bb background_blend=\u00a0\u00bbnormal\u00a0\u00bb allow_player_pause=\u00a0\u00bboff\u00a0\u00bb background_video_pause_outside_viewport=\u00a0\u00bbon\u00a0\u00bb use_bg_overlay=\u00a0\u00bboff\u00a0\u00bb use_text_overlay=\u00a0\u00bboff\u00a0\u00bb text_border_radius=\u00a0\u00bb3&Prime; alignment=\u00a0\u00bbcenter\u00a0\u00bb child_filter_hue_rotate=\u00a0\u00bb0deg\u00a0\u00bb child_filter_saturate=\u00a0\u00bb100%\u00a0\u00bb child_filter_brightness=\u00a0\u00bb100%\u00a0\u00bb child_filter_contrast=\u00a0\u00bb100%\u00a0\u00bb child_filter_invert=\u00a0\u00bb0%\u00a0\u00bb child_filter_sepia=\u00a0\u00bb0%\u00a0\u00bb child_filter_opacity=\u00a0\u00bb100%\u00a0\u00bb child_filter_blur=\u00a0\u00bb0px\u00a0\u00bb child_mix_blend_mode=\u00a0\u00bbnormal\u00a0\u00bb background_layout=\u00a0\u00bbdark\u00a0\u00bb text_shadow_style=\u00a0\u00bbnone\u00a0\u00bb header_text_shadow_style=\u00a0\u00bbnone\u00a0\u00bb body_text_shadow_style=\u00a0\u00bbnone\u00a0\u00bb custom_button=\u00a0\u00bboff\u00a0\u00bb button_bg_use_color_gradient=\u00a0\u00bboff\u00a0\u00bb button_bg_color_gradient_overlays_image=\u00a0\u00bboff\u00a0\u00bb button_use_icon=\u00a0\u00bbon\u00a0\u00bb button_on_hover=\u00a0\u00bbon\u00a0\u00bb button_text_shadow_style=\u00a0\u00bbnone\u00a0\u00bb box_shadow_style_button=\u00a0\u00bbnone\u00a0\u00bb text_shadow_horizontal_length=\u00a0\u00bb0em\u00a0\u00bb text_shadow_vertical_length=\u00a0\u00bb0em\u00a0\u00bb text_shadow_blur_strength=\u00a0\u00bb0em\u00a0\u00bb header_text_shadow_horizontal_length=\u00a0\u00bb0em\u00a0\u00bb header_text_shadow_vertical_length=\u00a0\u00bb0em\u00a0\u00bb header_text_shadow_blur_strength=\u00a0\u00bb0em\u00a0\u00bb body_text_shadow_horizontal_length=\u00a0\u00bb0em\u00a0\u00bb body_text_shadow_vertical_length=\u00a0\u00bb0em\u00a0\u00bb body_text_shadow_blur_strength=\u00a0\u00bb0em\u00a0\u00bb button_text_shadow_horizontal_length=\u00a0\u00bb0em\u00a0\u00bb button_text_shadow_vertical_length=\u00a0\u00bb0em\u00a0\u00bb button_text_shadow_blur_strength=\u00a0\u00bb0em\u00a0\u00bb background_image=\u00a0\u00bbhttp:\/\/shopwcseu.com\/wp-content\/uploads\/2018\/10\/IMG_20161120_082916-1.jpg\u00a0\u00bb]<\/p>\n<p style=\"text-align: center;\">Envoyez-nous un message ou un appel t\u00e9l\u00e9phonique et nous vous aiderons!<\/p>\n<p>[\/et_pb_slide][\/et_pb_fullwidth_slider][\/et_pb_section][et_pb_section bb_built=\u00a0\u00bb1&Prime; specialty=\u00a0\u00bboff\u00a0\u00bb prev_background_color=\u00a0\u00bb#ffffff\u00a0\u00bb _builder_version=\u00a0\u00bb3.3.1&Prime; background_color=\u00a0\u00bb#dadada\u00a0\u00bb next_background_color=\u00a0\u00bb#ffffff\u00a0\u00bb][et_pb_row _builder_version=\u00a0\u00bb3.3.1&Prime;][et_pb_column type=\u00a0\u00bb4_4&Prime;][et_pb_text _builder_version=\u00a0\u00bb3.3.1&Prime;]<\/p>\n<h2 style=\"text-align: center;\">TELECHARGEZ NOTRE CATALOGUE<\/h2>\n<p style=\"text-align: center;\">Et voir notre liste de produits disponibles hors ligne de n&rsquo;importe o\u00f9<\/p>\n<p>[\/et_pb_text][et_pb_button _builder_version=\u00a0\u00bb3.3.1&Prime; button_text=\u00a0\u00bbT\u00e9l\u00e9charger le catalogue\u00a0\u00bb button_url=\u00a0\u00bbhttp:\/\/shopwcseu.com\/wp-content\/uploads\/2018\/09\/CATALOGO-TOTAL_2018.pdf\u00a0\u00bb button_alignment=\u00a0\u00bbcenter\u00a0\u00bb \/][\/et_pb_column][\/et_pb_row][\/et_pb_section][et_pb_section bb_built=\u00a0\u00bb1&Prime; prev_background_color=\u00a0\u00bb#dadada\u00a0\u00bb next_background_color=\u00a0\u00bb#dadada\u00a0\u00bb _builder_version=\u00a0\u00bb3.3.1&Prime; background_image=\u00a0\u00bbhttp:\/\/shopwcseu.com\/wp-content\/uploads\/2018\/10\/IMG_0373-1.jpg\u00a0\u00bb][et_pb_row _builder_version=\u00a0\u00bb3.3.1&Prime; custom_padding=\u00a0\u00bb80px||80px|\u00a0\u00bb][et_pb_column type=\u00a0\u00bb4_4&Prime;][et_pb_text _builder_version=\u00a0\u00bb3.3.1&Prime;]<\/p>\n<h2 style=\"color: #fff; text-align: center; max-width: 650px; margin: 0 auto; line-height: 1.5; text-shadow: 0 2px 5px #000;\">Nous sommes une soci\u00e9t\u00e9 de distribution de mat\u00e9riel de capture, de gestion et de r\u00e9pulsion de la faune.<\/h2>\n<p style=\"color: #fff; text-align: center; max-width: 650px; margin: 40px auto 0 auto; line-height: 2; text-shadow: 0 2px 5px #000; font-size: 18px;\">Nous distribuons du mat\u00e9riel WCS des \u00c9tats-Unis. En plus de vendre les produits, nous sommes des professionnels de la capture depuis 22 ans. Lorsque vous achetez un de nos produits, vous obtenez \u00e9galement des conseils, de la qualit\u00e9, oubliez les proc\u00e9dures douani\u00e8res et, surtout, que pendant le processus d&rsquo;achat jusqu&rsquo;\u00e0 ce que le produit arrive chez vous, vous serez assist\u00e9 en tout temps sans avoir \u00e0 vous soucier de l&rsquo;endroit o\u00f9 votre argent est ou votre marchandise.<\/p>\n<p>[\/et_pb_text][\/et_pb_column][\/et_pb_row][\/et_pb_section][et_pb_section bb_built=\u00a0\u00bb1&Prime; specialty=\u00a0\u00bboff\u00a0\u00bb prev_background_color=\u00a0\u00bb#ffffff\u00a0\u00bb _builder_version=\u00a0\u00bb3.3.1&Prime; background_color=\u00a0\u00bb#dadada\u00a0\u00bb][et_pb_row _builder_version=\u00a0\u00bb3.3.1&Prime;][et_pb_column type=\u00a0\u00bb4_4&Prime;][et_pb_text _builder_version=\u00a0\u00bb3.3.1&Prime;]<\/p>\n<h2 style=\"text-align: center;\">Tu veux plus?<\/h2>\n<p style=\"text-align: center;\">Vous pouvez voir notre liste de produits en ligne!<\/p>\n<p>[\/et_pb_text][et_pb_button _builder_version=\u00a0\u00bb3.3.1&Prime; button_text=\u00a0\u00bbJetez un coup d&rsquo;oeil!\u00a0\u00bb button_url=\u00a0\u00bbhttps:\/\/shopwcseu.com\/fr\/products\/\u00a0\u00bb button_alignment=\u00a0\u00bbcenter\u00a0\u00bb \/][\/et_pb_column][\/et_pb_row][\/et_pb_section]<\/p>","protected":false},"excerpt":{"rendered":"<p>[et_pb_section bb_built=\u00a0\u00bb1&Prime; fullwidth=\u00a0\u00bbon\u00a0\u00bb specialty=\u00a0\u00bboff\u00a0\u00bb next_background_color=\u00a0\u00bb#dadada\u00a0\u00bb][et_pb_fullwidth_slider _builder_version=\u00a0\u00bb3.3.1&Prime;][et_pb_slide _builder_version=\u00a0\u00bb3.3.1&Prime; heading=\u00a0\u00bbVisitez notre magasin\u00a0\u00bb button_text=\u00a0\u00bbVoir les produits\u00a0\u00bb button_link=\u00a0\u00bbhttp:\/\/shopwcseu.com\/fr\/products\/\u00a0\u00bb background_color=\u00a0\u00bbrgba(122,122,122,0)\u00a0\u00bb use_background_color_gradient=\u00a0\u00bboff\u00a0\u00bb background_color_gradient_start=\u00a0\u00bb#2b87da\u00a0\u00bb background_color_gradient_end=\u00a0\u00bb#29c4a9&Prime; background_color_gradient_type=\u00a0\u00bblinear\u00a0\u00bb background_color_gradient_direction=\u00a0\u00bb180deg\u00a0\u00bb background_color_gradient_direction_radial=\u00a0\u00bbcenter\u00a0\u00bb background_color_gradient_start_position=\u00a0\u00bb0%\u00a0\u00bb background_color_gradient_end_position=\u00a0\u00bb100%\u00a0\u00bb background_color_gradient_overlays_image=\u00a0\u00bboff\u00a0\u00bb parallax=\u00a0\u00bboff\u00a0\u00bb parallax_method=\u00a0\u00bbon\u00a0\u00bb background_size=\u00a0\u00bbcover\u00a0\u00bb background_position=\u00a0\u00bbcenter\u00a0\u00bb background_repeat=\u00a0\u00bbno-repeat\u00a0\u00bb background_blend=\u00a0\u00bbnormal\u00a0\u00bb allow_player_pause=\u00a0\u00bboff\u00a0\u00bb background_video_pause_outside_viewport=\u00a0\u00bbon\u00a0\u00bb use_bg_overlay=\u00a0\u00bboff\u00a0\u00bb use_text_overlay=\u00a0\u00bboff\u00a0\u00bb text_border_radius=\u00a0\u00bb3&Prime; alignment=\u00a0\u00bbcenter\u00a0\u00bb child_filter_hue_rotate=\u00a0\u00bb0deg\u00a0\u00bb child_filter_saturate=\u00a0\u00bb100%\u00a0\u00bb child_filter_brightness=\u00a0\u00bb100%\u00a0\u00bb child_filter_contrast=\u00a0\u00bb100%\u00a0\u00bb child_filter_invert=\u00a0\u00bb0%\u00a0\u00bb child_filter_sepia=\u00a0\u00bb0%\u00a0\u00bb child_filter_opacity=\u00a0\u00bb100%\u00a0\u00bb child_filter_blur=\u00a0\u00bb0px\u00a0\u00bb child_mix_blend_mode=\u00a0\u00bbnormal\u00a0\u00bb background_layout=\u00a0\u00bbdark\u00a0\u00bb text_shadow_style=\u00a0\u00bbnone\u00a0\u00bb header_text_shadow_style=\u00a0\u00bbnone\u00a0\u00bb body_text_shadow_style=\u00a0\u00bbnone\u00a0\u00bb button_text_shadow_style=\u00a0\u00bbnone\u00a0\u00bb box_shadow_style_button=\u00a0\u00bbnone\u00a0\u00bb text_shadow_horizontal_length=\u00a0\u00bb0em\u00a0\u00bb text_shadow_vertical_length=\u00a0\u00bb0em\u00a0\u00bb text_shadow_blur_strength=\u00a0\u00bb0em\u00a0\u00bb header_text_shadow_horizontal_length=\u00a0\u00bb0em\u00a0\u00bb [&hellip;]<\/p>\n","protected":false},"author":1,"featured_media":0,"parent":0,"menu_order":0,"comment_status":"closed","ping_status":"closed","template":"","meta":{"footnotes":""},"class_list":["post-2","page","type-page","status-publish","hentry"],"yoast_head":"<!-- This site is optimized with the Yoast SEO plugin v27.0 - https:\/\/yoast.com\/product\/yoast-seo-wordpress\/ -->\n<title>Home - Wildlife Control Supplies EU<\/title>\n<meta name=\"description\" content=\"(English) Wildlife Control Supplies EU - Marketing, distribution, manufacture, import, and export of traps and material for the capture and management of wildlife.\" \/>\n<meta name=\"robots\" content=\"index, follow, max-snippet:-1, max-image-preview:large, max-video-preview:-1\" \/>\n<link rel=\"canonical\" href=\"https:\/\/shopwcseu.com\/es\/\" \/>\n<meta property=\"og:locale\" content=\"fr_FR\" \/>\n<meta property=\"og:type\" content=\"article\" \/>\n<meta property=\"og:title\" content=\"Home - Wildlife Control Supplies EU\" \/>\n<meta property=\"og:description\" content=\"(English) Wildlife Control Supplies EU - Marketing, distribution, manufacture, import, and export of traps and material for the capture and management of wildlife.\" \/>\n<meta property=\"og:url\" content=\"https:\/\/shopwcseu.com\/es\/\" \/>\n<meta property=\"og:site_name\" content=\"Wildlife Control Supplies EU\" \/>\n<meta property=\"article:modified_time\" content=\"2022-03-12T11:22:41+00:00\" \/>\n<meta name=\"twitter:card\" content=\"summary_large_image\" \/>\n<meta name=\"twitter:label1\" content=\"Dur\u00e9e de lecture estim\u00e9e\" \/>\n\t<meta name=\"twitter:data1\" content=\"13 minutes\" \/>\n<script type=\"application\/ld+json\" class=\"yoast-schema-graph\">{\"@context\":\"https:\/\/schema.org\",\"@graph\":[{\"@type\":\"WebPage\",\"@id\":\"https:\/\/shopwcseu.com\/es\/\",\"url\":\"https:\/\/shopwcseu.com\/es\/\",\"name\":\"Home - Wildlife Control Supplies EU\",\"isPartOf\":{\"@id\":\"https:\/\/shopwcseu.com\/es\/#website\"},\"datePublished\":\"2018-09-04T18:40:48+00:00\",\"dateModified\":\"2022-03-12T11:22:41+00:00\",\"description\":\"(English) Wildlife Control Supplies EU - Marketing, distribution, manufacture, import, and export of traps and material for the capture and management of wildlife.\",\"breadcrumb\":{\"@id\":\"https:\/\/shopwcseu.com\/es\/#breadcrumb\"},\"inLanguage\":\"fr-FR\",\"potentialAction\":[{\"@type\":\"ReadAction\",\"target\":[\"https:\/\/shopwcseu.com\/es\/\"]}]},{\"@type\":\"BreadcrumbList\",\"@id\":\"https:\/\/shopwcseu.com\/es\/#breadcrumb\",\"itemListElement\":[{\"@type\":\"ListItem\",\"position\":1,\"name\":\"Home\",\"item\":\"https:\/\/shopwcseu.com\/es\/\"},{\"@type\":\"ListItem\",\"position\":2,\"name\":\"Home\"}]},{\"@type\":\"WebSite\",\"@id\":\"https:\/\/shopwcseu.com\/es\/#website\",\"url\":\"https:\/\/shopwcseu.com\/es\/\",\"name\":\"Wildlife Control Supplies EU\",\"description\":\"La tienda de suministros de material de captura m\u00e1s grande de Europa\",\"potentialAction\":[{\"@type\":\"SearchAction\",\"target\":{\"@type\":\"EntryPoint\",\"urlTemplate\":\"https:\/\/shopwcseu.com\/es\/?s={search_term_string}\"},\"query-input\":{\"@type\":\"PropertyValueSpecification\",\"valueRequired\":true,\"valueName\":\"search_term_string\"}}],\"inLanguage\":\"fr-FR\"}]}<\/script>\n<!-- \/ Yoast SEO plugin. -->","yoast_head_json":{"title":"Home - Wildlife Control Supplies EU","description":"(English) Wildlife Control Supplies EU - Marketing, distribution, manufacture, import, and export of traps and material for the capture and management of wildlife.","robots":{"index":"index","follow":"follow","max-snippet":"max-snippet:-1","max-image-preview":"max-image-preview:large","max-video-preview":"max-video-preview:-1"},"canonical":"https:\/\/shopwcseu.com\/es\/","og_locale":"fr_FR","og_type":"article","og_title":"Home - Wildlife Control Supplies EU","og_description":"(English) Wildlife Control Supplies EU - Marketing, distribution, manufacture, import, and export of traps and material for the capture and management of wildlife.","og_url":"https:\/\/shopwcseu.com\/es\/","og_site_name":"Wildlife Control Supplies EU","article_modified_time":"2022-03-12T11:22:41+00:00","twitter_card":"summary_large_image","twitter_misc":{"Dur\u00e9e de lecture estim\u00e9e":"13 minutes"},"schema":{"@context":"https:\/\/schema.org","@graph":[{"@type":"WebPage","@id":"https:\/\/shopwcseu.com\/es\/","url":"https:\/\/shopwcseu.com\/es\/","name":"Home - Wildlife Control Supplies EU","isPartOf":{"@id":"https:\/\/shopwcseu.com\/es\/#website"},"datePublished":"2018-09-04T18:40:48+00:00","dateModified":"2022-03-12T11:22:41+00:00","description":"(English) Wildlife Control Supplies EU - Marketing, distribution, manufacture, import, and export of traps and material for the capture and management of wildlife.","breadcrumb":{"@id":"https:\/\/shopwcseu.com\/es\/#breadcrumb"},"inLanguage":"fr-FR","potentialAction":[{"@type":"ReadAction","target":["https:\/\/shopwcseu.com\/es\/"]}]},{"@type":"BreadcrumbList","@id":"https:\/\/shopwcseu.com\/es\/#breadcrumb","itemListElement":[{"@type":"ListItem","position":1,"name":"Home","item":"https:\/\/shopwcseu.com\/es\/"},{"@type":"ListItem","position":2,"name":"Home"}]},{"@type":"WebSite","@id":"https:\/\/shopwcseu.com\/es\/#website","url":"https:\/\/shopwcseu.com\/es\/","name":"Wildlife Control Supplies EU","description":"La tienda de suministros de material de captura m\u00e1s grande de Europa","potentialAction":[{"@type":"SearchAction","target":{"@type":"EntryPoint","urlTemplate":"https:\/\/shopwcseu.com\/es\/?s={search_term_string}"},"query-input":{"@type":"PropertyValueSpecification","valueRequired":true,"valueName":"search_term_string"}}],"inLanguage":"fr-FR"}]}},"_links":{"self":[{"href":"https:\/\/shopwcseu.com\/fr\/wp-json\/wp\/v2\/pages\/2","targetHints":{"allow":["GET"]}}],"collection":[{"href":"https:\/\/shopwcseu.com\/fr\/wp-json\/wp\/v2\/pages"}],"about":[{"href":"https:\/\/shopwcseu.com\/fr\/wp-json\/wp\/v2\/types\/page"}],"author":[{"embeddable":true,"href":"https:\/\/shopwcseu.com\/fr\/wp-json\/wp\/v2\/users\/1"}],"replies":[{"embeddable":true,"href":"https:\/\/shopwcseu.com\/fr\/wp-json\/wp\/v2\/comments?post=2"}],"version-history":[{"count":69,"href":"https:\/\/shopwcseu.com\/fr\/wp-json\/wp\/v2\/pages\/2\/revisions"}],"predecessor-version":[{"id":1070,"href":"https:\/\/shopwcseu.com\/fr\/wp-json\/wp\/v2\/pages\/2\/revisions\/1070"}],"wp:attachment":[{"href":"https:\/\/shopwcseu.com\/fr\/wp-json\/wp\/v2\/media?parent=2"}],"curies":[{"name":"wp","href":"https:\/\/api.w.org\/{rel}","templated":true}]}}