{"id":904,"date":"2019-04-01T07:55:37","date_gmt":"2019-04-01T07:55:37","guid":{"rendered":"https:\/\/shopwcseu.com\/?post_type=product&#038;p=904"},"modified":"2019-04-16T11:11:50","modified_gmt":"2019-04-16T11:11:50","slug":"cahaba-snake-trap-collapsible","status":"publish","type":"product","link":"https:\/\/shopwcseu.com\/es\/producto\/cahaba-snake-trap-collapsible\/","title":{"rendered":"Cahaba Snake Trap &#8211; Collapsible"},"content":{"rendered":"<p>Trampa de serpientes Cahaba: plegable es la trampa de serpientes que la gente ha estado esperando. Durable y reutilizable, la trampa de serpiente plegable de Cahaba est\u00e1 hecha de Coroplast (pl\u00e1stico corrugado) y se puede usar en el interior y el exterior repetidamente. La forma plegable de la trampa de serpiente Cahaba mide 32 \u00abL x 9.5\u00bb W x 2.5 \u00abH cuando se configura. Se env\u00eda plana y se puede ensamblar en solo un par de minutos. Se completa con una inserci\u00f3n de almohadilla de pegamento gigante, que se inserta f\u00e1cilmente y \/ o reemplazado. Para un f\u00e1cil almacenamiento, la trampa de serpientes Cahaba se puede plegar completamente despu\u00e9s de su uso.<\/p>","protected":false},"excerpt":{"rendered":"<p>C\u00f3digo de producto: WCSCCST<\/p>\n","protected":false},"featured_media":905,"template":"","meta":[],"product_brand":[],"product_cat":[34],"product_tag":[],"class_list":{"0":"post-904","1":"product","2":"type-product","3":"status-publish","4":"has-post-thumbnail","6":"product_cat-manejos-de-serpientes","8":"first","9":"instock","10":"shipping-taxable","11":"purchasable","12":"product-type-simple"},"yoast_head":"<!-- This site is optimized with the Yoast SEO plugin v27.0 - https:\/\/yoast.com\/product\/yoast-seo-wordpress\/ -->\n<title>Cahaba Snake Trap - Collapsible - Wildlife Control Supplies EU<\/title>\n<meta name=\"robots\" content=\"index, follow, max-snippet:-1, max-image-preview:large, max-video-preview:-1\" \/>\n<link rel=\"canonical\" href=\"https:\/\/shopwcseu.com\/producto\/cahaba-snake-trap-collapsible\/\" \/>\n<meta property=\"og:locale\" content=\"es_ES\" \/>\n<meta property=\"og:type\" content=\"article\" \/>\n<meta property=\"og:title\" content=\"Cahaba Snake Trap - Collapsible - Wildlife Control Supplies EU\" \/>\n<meta property=\"og:description\" content=\"[:en]Product Code: WCSCCST[:es]C\u00f3digo de producto: WCSCCST[:fr]Code de produit: WCSCCST[:]\" \/>\n<meta property=\"og:url\" content=\"https:\/\/shopwcseu.com\/producto\/cahaba-snake-trap-collapsible\/\" \/>\n<meta property=\"og:site_name\" content=\"Wildlife Control Supplies EU\" \/>\n<meta property=\"article:modified_time\" content=\"2019-04-16T11:11:50+00:00\" \/>\n<meta property=\"og:image\" content=\"https:\/\/shopwcseu.com\/wp-content\/uploads\/2019\/04\/Cahaba_Collapsible_Snake_Trap_Open_End1000px_2_540x540.jpg\" \/>\n\t<meta property=\"og:image:width\" content=\"540\" \/>\n\t<meta property=\"og:image:height\" content=\"540\" \/>\n\t<meta property=\"og:image:type\" content=\"image\/jpeg\" \/>\n<meta name=\"twitter:card\" content=\"summary_large_image\" \/>\n<meta name=\"twitter:label1\" content=\"Tiempo de lectura\" \/>\n\t<meta name=\"twitter:data1\" content=\"2 minutos\" \/>\n<script type=\"application\/ld+json\" class=\"yoast-schema-graph\">{\"@context\":\"https:\/\/schema.org\",\"@graph\":[{\"@type\":\"WebPage\",\"@id\":\"https:\/\/shopwcseu.com\/producto\/cahaba-snake-trap-collapsible\/\",\"url\":\"https:\/\/shopwcseu.com\/producto\/cahaba-snake-trap-collapsible\/\",\"name\":\"Cahaba Snake Trap - Collapsible - Wildlife Control Supplies EU\",\"isPartOf\":{\"@id\":\"https:\/\/shopwcseu.com\/es\/#website\"},\"primaryImageOfPage\":{\"@id\":\"https:\/\/shopwcseu.com\/producto\/cahaba-snake-trap-collapsible\/#primaryimage\"},\"image\":{\"@id\":\"https:\/\/shopwcseu.com\/producto\/cahaba-snake-trap-collapsible\/#primaryimage\"},\"thumbnailUrl\":\"https:\/\/shopwcseu.com\/wp-content\/uploads\/2019\/04\/Cahaba_Collapsible_Snake_Trap_Open_End1000px_2_540x540.jpg\",\"datePublished\":\"2019-04-01T07:55:37+00:00\",\"dateModified\":\"2019-04-16T11:11:50+00:00\",\"breadcrumb\":{\"@id\":\"https:\/\/shopwcseu.com\/producto\/cahaba-snake-trap-collapsible\/#breadcrumb\"},\"inLanguage\":\"es\",\"potentialAction\":[{\"@type\":\"ReadAction\",\"target\":[\"https:\/\/shopwcseu.com\/producto\/cahaba-snake-trap-collapsible\/\"]}]},{\"@type\":\"ImageObject\",\"inLanguage\":\"es\",\"@id\":\"https:\/\/shopwcseu.com\/producto\/cahaba-snake-trap-collapsible\/#primaryimage\",\"url\":\"https:\/\/shopwcseu.com\/wp-content\/uploads\/2019\/04\/Cahaba_Collapsible_Snake_Trap_Open_End1000px_2_540x540.jpg\",\"contentUrl\":\"https:\/\/shopwcseu.com\/wp-content\/uploads\/2019\/04\/Cahaba_Collapsible_Snake_Trap_Open_End1000px_2_540x540.jpg\",\"width\":540,\"height\":540},{\"@type\":\"BreadcrumbList\",\"@id\":\"https:\/\/shopwcseu.com\/producto\/cahaba-snake-trap-collapsible\/#breadcrumb\",\"itemListElement\":[{\"@type\":\"ListItem\",\"position\":1,\"name\":\"Home\",\"item\":\"https:\/\/shopwcseu.com\/es\/\"},{\"@type\":\"ListItem\",\"position\":2,\"name\":\"Productos\",\"item\":\"https:\/\/shopwcseu.com\/es\/products\/\"},{\"@type\":\"ListItem\",\"position\":3,\"name\":\"Cahaba Snake Trap &#8211; Collapsible\"}]},{\"@type\":\"WebSite\",\"@id\":\"https:\/\/shopwcseu.com\/es\/#website\",\"url\":\"https:\/\/shopwcseu.com\/es\/\",\"name\":\"Wildlife Control Supplies EU\",\"description\":\"La tienda de suministros de material de captura m\u00e1s grande de Europa\",\"potentialAction\":[{\"@type\":\"SearchAction\",\"target\":{\"@type\":\"EntryPoint\",\"urlTemplate\":\"https:\/\/shopwcseu.com\/es\/?s={search_term_string}\"},\"query-input\":{\"@type\":\"PropertyValueSpecification\",\"valueRequired\":true,\"valueName\":\"search_term_string\"}}],\"inLanguage\":\"es\"}]}<\/script>\n<!-- \/ Yoast SEO plugin. -->","yoast_head_json":{"title":"Cahaba Snake Trap - Collapsible - Wildlife Control Supplies EU","robots":{"index":"index","follow":"follow","max-snippet":"max-snippet:-1","max-image-preview":"max-image-preview:large","max-video-preview":"max-video-preview:-1"},"canonical":"https:\/\/shopwcseu.com\/producto\/cahaba-snake-trap-collapsible\/","og_locale":"es_ES","og_type":"article","og_title":"Cahaba Snake Trap - Collapsible - Wildlife Control Supplies EU","og_description":"[:en]Product Code: WCSCCST[:es]C\u00f3digo de producto: WCSCCST[:fr]Code de produit: WCSCCST[:]","og_url":"https:\/\/shopwcseu.com\/producto\/cahaba-snake-trap-collapsible\/","og_site_name":"Wildlife Control Supplies EU","article_modified_time":"2019-04-16T11:11:50+00:00","og_image":[{"width":540,"height":540,"url":"https:\/\/shopwcseu.com\/wp-content\/uploads\/2019\/04\/Cahaba_Collapsible_Snake_Trap_Open_End1000px_2_540x540.jpg","type":"image\/jpeg"}],"twitter_card":"summary_large_image","twitter_misc":{"Tiempo de lectura":"2 minutos"},"schema":{"@context":"https:\/\/schema.org","@graph":[{"@type":"WebPage","@id":"https:\/\/shopwcseu.com\/producto\/cahaba-snake-trap-collapsible\/","url":"https:\/\/shopwcseu.com\/producto\/cahaba-snake-trap-collapsible\/","name":"Cahaba Snake Trap - Collapsible - Wildlife Control Supplies EU","isPartOf":{"@id":"https:\/\/shopwcseu.com\/es\/#website"},"primaryImageOfPage":{"@id":"https:\/\/shopwcseu.com\/producto\/cahaba-snake-trap-collapsible\/#primaryimage"},"image":{"@id":"https:\/\/shopwcseu.com\/producto\/cahaba-snake-trap-collapsible\/#primaryimage"},"thumbnailUrl":"https:\/\/shopwcseu.com\/wp-content\/uploads\/2019\/04\/Cahaba_Collapsible_Snake_Trap_Open_End1000px_2_540x540.jpg","datePublished":"2019-04-01T07:55:37+00:00","dateModified":"2019-04-16T11:11:50+00:00","breadcrumb":{"@id":"https:\/\/shopwcseu.com\/producto\/cahaba-snake-trap-collapsible\/#breadcrumb"},"inLanguage":"es","potentialAction":[{"@type":"ReadAction","target":["https:\/\/shopwcseu.com\/producto\/cahaba-snake-trap-collapsible\/"]}]},{"@type":"ImageObject","inLanguage":"es","@id":"https:\/\/shopwcseu.com\/producto\/cahaba-snake-trap-collapsible\/#primaryimage","url":"https:\/\/shopwcseu.com\/wp-content\/uploads\/2019\/04\/Cahaba_Collapsible_Snake_Trap_Open_End1000px_2_540x540.jpg","contentUrl":"https:\/\/shopwcseu.com\/wp-content\/uploads\/2019\/04\/Cahaba_Collapsible_Snake_Trap_Open_End1000px_2_540x540.jpg","width":540,"height":540},{"@type":"BreadcrumbList","@id":"https:\/\/shopwcseu.com\/producto\/cahaba-snake-trap-collapsible\/#breadcrumb","itemListElement":[{"@type":"ListItem","position":1,"name":"Home","item":"https:\/\/shopwcseu.com\/es\/"},{"@type":"ListItem","position":2,"name":"Productos","item":"https:\/\/shopwcseu.com\/es\/products\/"},{"@type":"ListItem","position":3,"name":"Cahaba Snake Trap &#8211; Collapsible"}]},{"@type":"WebSite","@id":"https:\/\/shopwcseu.com\/es\/#website","url":"https:\/\/shopwcseu.com\/es\/","name":"Wildlife Control Supplies EU","description":"La tienda de suministros de material de captura m\u00e1s grande de Europa","potentialAction":[{"@type":"SearchAction","target":{"@type":"EntryPoint","urlTemplate":"https:\/\/shopwcseu.com\/es\/?s={search_term_string}"},"query-input":{"@type":"PropertyValueSpecification","valueRequired":true,"valueName":"search_term_string"}}],"inLanguage":"es"}]}},"_links":{"self":[{"href":"https:\/\/shopwcseu.com\/es\/wp-json\/wp\/v2\/product\/904","targetHints":{"allow":["GET"]}}],"collection":[{"href":"https:\/\/shopwcseu.com\/es\/wp-json\/wp\/v2\/product"}],"about":[{"href":"https:\/\/shopwcseu.com\/es\/wp-json\/wp\/v2\/types\/product"}],"wp:featuredmedia":[{"embeddable":true,"href":"https:\/\/shopwcseu.com\/es\/wp-json\/wp\/v2\/media\/905"}],"wp:attachment":[{"href":"https:\/\/shopwcseu.com\/es\/wp-json\/wp\/v2\/media?parent=904"}],"wp:term":[{"taxonomy":"product_brand","embeddable":true,"href":"https:\/\/shopwcseu.com\/es\/wp-json\/wp\/v2\/product_brand?post=904"},{"taxonomy":"product_cat","embeddable":true,"href":"https:\/\/shopwcseu.com\/es\/wp-json\/wp\/v2\/product_cat?post=904"},{"taxonomy":"product_tag","embeddable":true,"href":"https:\/\/shopwcseu.com\/es\/wp-json\/wp\/v2\/product_tag?post=904"}],"curies":[{"name":"wp","href":"https:\/\/api.w.org\/{rel}","templated":true}]}}