{"id":902,"date":"2019-03-28T08:39:13","date_gmt":"2019-03-28T08:39:13","guid":{"rendered":"https:\/\/shopwcseu.com\/?post_type=product&#038;p=902"},"modified":"2023-12-05T06:30:24","modified_gmt":"2023-12-05T06:30:24","slug":"ketch-all-standard-pole-3","status":"publish","type":"product","link":"https:\/\/shopwcseu.com\/es\/producto\/ketch-all-standard-pole-3\/","title":{"rendered":"Ketch-All Standard Pole &#8211; 3&#8242;"},"content":{"rendered":"<p><strong>El Standard Ketch-All Pole<\/strong> es un dispositivo de calidad construido a partir de aluminio para aeronaves, dise\u00f1ado para el manejo humano de los animales al tiempo que ofrece la m\u00e1xima protecci\u00f3n al operario. Utilizado por cuidadores de animales y profesionales de control de vida silvestre en los 50 estados y el Distrito de Columbia, as\u00ed como en muchos pa\u00edses extranjeros.<\/p>\n<p><strong><a title=\"Ketch-All Pole Instructions\" href=\"http:\/\/www.wildlifecontrolsupplies.com\/pdf\/Ketch-All_Instructions.pdf\" target=\"_blank\" rel=\"noopener\">Haga clic aqu\u00ed para obtener instrucciones del producto<\/a><\/strong><\/p>\n<p>Respaldados por las sociedades humanitarias, los refugios de animales, los zool\u00f3gicos, los veterinarios, los departamentos de polic\u00eda y del sheriff, los productores de pel\u00edculas, etc. Con el cuidado normal, los polacos de Ketch-all brindar\u00e1n al usuario un servicio \u00fatil durante a\u00f1os. La otra ventaja de comprar un palo de calidad Ketch-All es que TODAS las piezas son reemplazables. Si el cable es masticado o retorcido por un animal agresivo, si el protector de bits est\u00e1 da\u00f1ado, o si los mangos se desgastan &#8230; TODOS son reemplazables. \u00a1Ning\u00fan otro polo ofrece esto!<\/p>","protected":false},"excerpt":{"rendered":"<p>C\u00f3digo de producto: NWS0901<\/p>\n","protected":false},"featured_media":951,"template":"","meta":[],"product_brand":[],"product_cat":[36],"product_tag":[],"class_list":{"0":"post-902","1":"product","2":"type-product","3":"status-publish","4":"has-post-thumbnail","6":"product_cat-redes-y-lazos-de-manejo","8":"first","9":"instock","10":"shipping-taxable","11":"purchasable","12":"product-type-simple"},"yoast_head":"<!-- This site is optimized with the Yoast SEO plugin v27.0 - https:\/\/yoast.com\/product\/yoast-seo-wordpress\/ -->\n<title>Ketch-All Standard Pole - 3&#039; - Wildlife Control Supplies EU<\/title>\n<meta name=\"robots\" content=\"index, follow, max-snippet:-1, max-image-preview:large, max-video-preview:-1\" \/>\n<link rel=\"canonical\" href=\"https:\/\/shopwcseu.com\/producto\/ketch-all-standard-pole-3\/\" \/>\n<meta property=\"og:locale\" content=\"es_ES\" \/>\n<meta property=\"og:type\" content=\"article\" \/>\n<meta property=\"og:title\" content=\"Ketch-All Standard Pole - 3&#039; - Wildlife Control Supplies EU\" \/>\n<meta property=\"og:description\" content=\"[:en]Product Code: NWS0901[:es]C\u00f3digo de producto: NWS0901[:fr]Code de produit: NWS0901[:]\" \/>\n<meta property=\"og:url\" content=\"https:\/\/shopwcseu.com\/producto\/ketch-all-standard-pole-3\/\" \/>\n<meta property=\"og:site_name\" content=\"Wildlife Control Supplies EU\" \/>\n<meta property=\"article:modified_time\" content=\"2023-12-05T06:30:24+00:00\" \/>\n<meta property=\"og:image\" content=\"https:\/\/shopwcseu.com\/wp-content\/uploads\/2019\/03\/ketch-all_all_3_500px.jpg\" \/>\n\t<meta property=\"og:image:width\" content=\"500\" \/>\n\t<meta property=\"og:image:height\" content=\"500\" \/>\n\t<meta property=\"og:image:type\" content=\"image\/jpeg\" \/>\n<meta name=\"twitter:card\" content=\"summary_large_image\" \/>\n<meta name=\"twitter:label1\" content=\"Tiempo de lectura\" \/>\n\t<meta name=\"twitter:data1\" content=\"2 minutos\" \/>\n<script type=\"application\/ld+json\" class=\"yoast-schema-graph\">{\"@context\":\"https:\/\/schema.org\",\"@graph\":[{\"@type\":\"WebPage\",\"@id\":\"https:\/\/shopwcseu.com\/producto\/ketch-all-standard-pole-3\/\",\"url\":\"https:\/\/shopwcseu.com\/producto\/ketch-all-standard-pole-3\/\",\"name\":\"Ketch-All Standard Pole - 3' - Wildlife Control Supplies EU\",\"isPartOf\":{\"@id\":\"https:\/\/shopwcseu.com\/es\/#website\"},\"primaryImageOfPage\":{\"@id\":\"https:\/\/shopwcseu.com\/producto\/ketch-all-standard-pole-3\/#primaryimage\"},\"image\":{\"@id\":\"https:\/\/shopwcseu.com\/producto\/ketch-all-standard-pole-3\/#primaryimage\"},\"thumbnailUrl\":\"https:\/\/shopwcseu.com\/wp-content\/uploads\/2019\/03\/ketch-all_all_3_500px.jpg\",\"datePublished\":\"2019-03-28T08:39:13+00:00\",\"dateModified\":\"2023-12-05T06:30:24+00:00\",\"breadcrumb\":{\"@id\":\"https:\/\/shopwcseu.com\/producto\/ketch-all-standard-pole-3\/#breadcrumb\"},\"inLanguage\":\"es\",\"potentialAction\":[{\"@type\":\"ReadAction\",\"target\":[\"https:\/\/shopwcseu.com\/producto\/ketch-all-standard-pole-3\/\"]}]},{\"@type\":\"ImageObject\",\"inLanguage\":\"es\",\"@id\":\"https:\/\/shopwcseu.com\/producto\/ketch-all-standard-pole-3\/#primaryimage\",\"url\":\"https:\/\/shopwcseu.com\/wp-content\/uploads\/2019\/03\/ketch-all_all_3_500px.jpg\",\"contentUrl\":\"https:\/\/shopwcseu.com\/wp-content\/uploads\/2019\/03\/ketch-all_all_3_500px.jpg\",\"width\":500,\"height\":500},{\"@type\":\"BreadcrumbList\",\"@id\":\"https:\/\/shopwcseu.com\/producto\/ketch-all-standard-pole-3\/#breadcrumb\",\"itemListElement\":[{\"@type\":\"ListItem\",\"position\":1,\"name\":\"Home\",\"item\":\"https:\/\/shopwcseu.com\/es\/\"},{\"@type\":\"ListItem\",\"position\":2,\"name\":\"Productos\",\"item\":\"https:\/\/shopwcseu.com\/es\/products\/\"},{\"@type\":\"ListItem\",\"position\":3,\"name\":\"Ketch-All Standard Pole &#8211; 3&#8242;\"}]},{\"@type\":\"WebSite\",\"@id\":\"https:\/\/shopwcseu.com\/es\/#website\",\"url\":\"https:\/\/shopwcseu.com\/es\/\",\"name\":\"Wildlife Control Supplies EU\",\"description\":\"La tienda de suministros de material de captura m\u00e1s grande de Europa\",\"potentialAction\":[{\"@type\":\"SearchAction\",\"target\":{\"@type\":\"EntryPoint\",\"urlTemplate\":\"https:\/\/shopwcseu.com\/es\/?s={search_term_string}\"},\"query-input\":{\"@type\":\"PropertyValueSpecification\",\"valueRequired\":true,\"valueName\":\"search_term_string\"}}],\"inLanguage\":\"es\"}]}<\/script>\n<!-- \/ Yoast SEO plugin. -->","yoast_head_json":{"title":"Ketch-All Standard Pole - 3' - Wildlife Control Supplies EU","robots":{"index":"index","follow":"follow","max-snippet":"max-snippet:-1","max-image-preview":"max-image-preview:large","max-video-preview":"max-video-preview:-1"},"canonical":"https:\/\/shopwcseu.com\/producto\/ketch-all-standard-pole-3\/","og_locale":"es_ES","og_type":"article","og_title":"Ketch-All Standard Pole - 3' - Wildlife Control Supplies EU","og_description":"[:en]Product Code: NWS0901[:es]C\u00f3digo de producto: NWS0901[:fr]Code de produit: NWS0901[:]","og_url":"https:\/\/shopwcseu.com\/producto\/ketch-all-standard-pole-3\/","og_site_name":"Wildlife Control Supplies EU","article_modified_time":"2023-12-05T06:30:24+00:00","og_image":[{"width":500,"height":500,"url":"https:\/\/shopwcseu.com\/wp-content\/uploads\/2019\/03\/ketch-all_all_3_500px.jpg","type":"image\/jpeg"}],"twitter_card":"summary_large_image","twitter_misc":{"Tiempo de lectura":"2 minutos"},"schema":{"@context":"https:\/\/schema.org","@graph":[{"@type":"WebPage","@id":"https:\/\/shopwcseu.com\/producto\/ketch-all-standard-pole-3\/","url":"https:\/\/shopwcseu.com\/producto\/ketch-all-standard-pole-3\/","name":"Ketch-All Standard Pole - 3' - Wildlife Control Supplies EU","isPartOf":{"@id":"https:\/\/shopwcseu.com\/es\/#website"},"primaryImageOfPage":{"@id":"https:\/\/shopwcseu.com\/producto\/ketch-all-standard-pole-3\/#primaryimage"},"image":{"@id":"https:\/\/shopwcseu.com\/producto\/ketch-all-standard-pole-3\/#primaryimage"},"thumbnailUrl":"https:\/\/shopwcseu.com\/wp-content\/uploads\/2019\/03\/ketch-all_all_3_500px.jpg","datePublished":"2019-03-28T08:39:13+00:00","dateModified":"2023-12-05T06:30:24+00:00","breadcrumb":{"@id":"https:\/\/shopwcseu.com\/producto\/ketch-all-standard-pole-3\/#breadcrumb"},"inLanguage":"es","potentialAction":[{"@type":"ReadAction","target":["https:\/\/shopwcseu.com\/producto\/ketch-all-standard-pole-3\/"]}]},{"@type":"ImageObject","inLanguage":"es","@id":"https:\/\/shopwcseu.com\/producto\/ketch-all-standard-pole-3\/#primaryimage","url":"https:\/\/shopwcseu.com\/wp-content\/uploads\/2019\/03\/ketch-all_all_3_500px.jpg","contentUrl":"https:\/\/shopwcseu.com\/wp-content\/uploads\/2019\/03\/ketch-all_all_3_500px.jpg","width":500,"height":500},{"@type":"BreadcrumbList","@id":"https:\/\/shopwcseu.com\/producto\/ketch-all-standard-pole-3\/#breadcrumb","itemListElement":[{"@type":"ListItem","position":1,"name":"Home","item":"https:\/\/shopwcseu.com\/es\/"},{"@type":"ListItem","position":2,"name":"Productos","item":"https:\/\/shopwcseu.com\/es\/products\/"},{"@type":"ListItem","position":3,"name":"Ketch-All Standard Pole &#8211; 3&#8242;"}]},{"@type":"WebSite","@id":"https:\/\/shopwcseu.com\/es\/#website","url":"https:\/\/shopwcseu.com\/es\/","name":"Wildlife Control Supplies EU","description":"La tienda de suministros de material de captura m\u00e1s grande de Europa","potentialAction":[{"@type":"SearchAction","target":{"@type":"EntryPoint","urlTemplate":"https:\/\/shopwcseu.com\/es\/?s={search_term_string}"},"query-input":{"@type":"PropertyValueSpecification","valueRequired":true,"valueName":"search_term_string"}}],"inLanguage":"es"}]}},"_links":{"self":[{"href":"https:\/\/shopwcseu.com\/es\/wp-json\/wp\/v2\/product\/902","targetHints":{"allow":["GET"]}}],"collection":[{"href":"https:\/\/shopwcseu.com\/es\/wp-json\/wp\/v2\/product"}],"about":[{"href":"https:\/\/shopwcseu.com\/es\/wp-json\/wp\/v2\/types\/product"}],"wp:featuredmedia":[{"embeddable":true,"href":"https:\/\/shopwcseu.com\/es\/wp-json\/wp\/v2\/media\/951"}],"wp:attachment":[{"href":"https:\/\/shopwcseu.com\/es\/wp-json\/wp\/v2\/media?parent=902"}],"wp:term":[{"taxonomy":"product_brand","embeddable":true,"href":"https:\/\/shopwcseu.com\/es\/wp-json\/wp\/v2\/product_brand?post=902"},{"taxonomy":"product_cat","embeddable":true,"href":"https:\/\/shopwcseu.com\/es\/wp-json\/wp\/v2\/product_cat?post=902"},{"taxonomy":"product_tag","embeddable":true,"href":"https:\/\/shopwcseu.com\/es\/wp-json\/wp\/v2\/product_tag?post=902"}],"curies":[{"name":"wp","href":"https:\/\/api.w.org\/{rel}","templated":true}]}}