{"id":819,"date":"2019-03-11T09:04:41","date_gmt":"2019-03-11T09:04:41","guid":{"rendered":"https:\/\/shopwcseu.com\/?post_type=product&#038;p=819"},"modified":"2023-12-05T06:33:24","modified_gmt":"2023-12-05T06:33:24","slug":"victor-0631-out-o-sight-mole-trap","status":"publish","type":"product","link":"https:\/\/shopwcseu.com\/es\/producto\/victor-0631-out-o-sight-mole-trap\/","title":{"rendered":"Victor 0631 Out O&#8217; Sight Mole Trap"},"content":{"rendered":"<p>\u00a1La trampa de mole de Victor\u00ae Out O &#8216;Sight\u00ae como se ve en numerosos videos y en libros! Esta trampa es muy efectiva en todas las especies de mole y es muy buena desde la perspectiva de las relaciones con el cliente (sin lanzas). Esta trampa se encuentra justo en el t\u00fanel de los mole (s) y funciona en forma de tijera. Aproximadamente el 50% del perfil de la trampa permanece sobre la superficie del c\u00e9sped. Esto los hace muy f\u00e1ciles de localizar. La trampa viene completa con un par de pinzas de ajuste para configurar y manejar f\u00e1cilmente las trampas. Setters incluidos.<\/p>\n<p>Haga clic aqu\u00ed para obtener <strong><a title=\"Out O'Site Instructions\" href=\"http:\/\/www.wildlifecontrolsupplies.com\/pdf\/victor_out_o_sight_mole_trap_instructions.pdf\" target=\"_blank\" rel=\"noopener\">instrucciones del producto<\/a><\/strong><\/p>\n<p>&nbsp;<\/p>\n<p>&nbsp;<\/p>","protected":false},"excerpt":{"rendered":"<p>C\u00f3digo del producto: NWS0600<\/p>\n","protected":false},"featured_media":820,"template":"","meta":[],"product_brand":[],"product_cat":[35],"product_tag":[],"class_list":{"0":"post-819","1":"product","2":"type-product","3":"status-publish","4":"has-post-thumbnail","6":"product_cat-trampas-para-topos","8":"first","9":"instock","10":"shipping-taxable","11":"purchasable","12":"product-type-simple"},"yoast_head":"<!-- This site is optimized with the Yoast SEO plugin v27.0 - https:\/\/yoast.com\/product\/yoast-seo-wordpress\/ -->\n<title>Victor 0631 Out O&#039; Sight Mole Trap - Wildlife Control Supplies EU<\/title>\n<meta name=\"robots\" content=\"index, follow, max-snippet:-1, max-image-preview:large, max-video-preview:-1\" \/>\n<link rel=\"canonical\" href=\"https:\/\/shopwcseu.com\/fr\/producto\/victor-0631-out-o-sight-mole-trap\/\" \/>\n<meta property=\"og:locale\" content=\"es_ES\" \/>\n<meta property=\"og:type\" content=\"article\" \/>\n<meta property=\"og:title\" content=\"Victor 0631 Out O&#039; Sight Mole Trap - Wildlife Control Supplies EU\" \/>\n<meta property=\"og:description\" content=\"[:en]Product Code: NWS0600[:es]C\u00f3digo del producto: NWS0600[:fr]Code de produit: NWS0600[:]\" \/>\n<meta property=\"og:url\" content=\"https:\/\/shopwcseu.com\/fr\/producto\/victor-0631-out-o-sight-mole-trap\/\" \/>\n<meta property=\"og:site_name\" content=\"Wildlife Control Supplies EU\" \/>\n<meta property=\"article:modified_time\" content=\"2023-12-05T06:33:24+00:00\" \/>\n<meta property=\"og:image\" content=\"https:\/\/shopwcseu.com\/wp-content\/uploads\/2019\/03\/OOS_wsetters_Collage_1000px_540x540.jpg\" \/>\n\t<meta property=\"og:image:width\" content=\"540\" \/>\n\t<meta property=\"og:image:height\" content=\"540\" \/>\n\t<meta property=\"og:image:type\" content=\"image\/jpeg\" \/>\n<meta name=\"twitter:card\" content=\"summary_large_image\" \/>\n<meta name=\"twitter:label1\" content=\"Tiempo de lectura\" \/>\n\t<meta name=\"twitter:data1\" content=\"2 minutos\" \/>\n<script type=\"application\/ld+json\" class=\"yoast-schema-graph\">{\"@context\":\"https:\/\/schema.org\",\"@graph\":[{\"@type\":\"WebPage\",\"@id\":\"https:\/\/shopwcseu.com\/fr\/producto\/victor-0631-out-o-sight-mole-trap\/\",\"url\":\"https:\/\/shopwcseu.com\/fr\/producto\/victor-0631-out-o-sight-mole-trap\/\",\"name\":\"Victor 0631 Out O' Sight Mole Trap - Wildlife Control Supplies EU\",\"isPartOf\":{\"@id\":\"https:\/\/shopwcseu.com\/es\/#website\"},\"primaryImageOfPage\":{\"@id\":\"https:\/\/shopwcseu.com\/fr\/producto\/victor-0631-out-o-sight-mole-trap\/#primaryimage\"},\"image\":{\"@id\":\"https:\/\/shopwcseu.com\/fr\/producto\/victor-0631-out-o-sight-mole-trap\/#primaryimage\"},\"thumbnailUrl\":\"https:\/\/shopwcseu.com\/wp-content\/uploads\/2019\/03\/OOS_wsetters_Collage_1000px_540x540.jpg\",\"datePublished\":\"2019-03-11T09:04:41+00:00\",\"dateModified\":\"2023-12-05T06:33:24+00:00\",\"breadcrumb\":{\"@id\":\"https:\/\/shopwcseu.com\/fr\/producto\/victor-0631-out-o-sight-mole-trap\/#breadcrumb\"},\"inLanguage\":\"es\",\"potentialAction\":[{\"@type\":\"ReadAction\",\"target\":[\"https:\/\/shopwcseu.com\/fr\/producto\/victor-0631-out-o-sight-mole-trap\/\"]}]},{\"@type\":\"ImageObject\",\"inLanguage\":\"es\",\"@id\":\"https:\/\/shopwcseu.com\/fr\/producto\/victor-0631-out-o-sight-mole-trap\/#primaryimage\",\"url\":\"https:\/\/shopwcseu.com\/wp-content\/uploads\/2019\/03\/OOS_wsetters_Collage_1000px_540x540.jpg\",\"contentUrl\":\"https:\/\/shopwcseu.com\/wp-content\/uploads\/2019\/03\/OOS_wsetters_Collage_1000px_540x540.jpg\",\"width\":540,\"height\":540},{\"@type\":\"BreadcrumbList\",\"@id\":\"https:\/\/shopwcseu.com\/fr\/producto\/victor-0631-out-o-sight-mole-trap\/#breadcrumb\",\"itemListElement\":[{\"@type\":\"ListItem\",\"position\":1,\"name\":\"Home\",\"item\":\"https:\/\/shopwcseu.com\/es\/\"},{\"@type\":\"ListItem\",\"position\":2,\"name\":\"Productos\",\"item\":\"https:\/\/shopwcseu.com\/es\/products\/\"},{\"@type\":\"ListItem\",\"position\":3,\"name\":\"Victor 0631 Out O&rsquo; Sight Mole Trap\"}]},{\"@type\":\"WebSite\",\"@id\":\"https:\/\/shopwcseu.com\/es\/#website\",\"url\":\"https:\/\/shopwcseu.com\/es\/\",\"name\":\"Wildlife Control Supplies EU\",\"description\":\"La tienda de suministros de material de captura m\u00e1s grande de Europa\",\"potentialAction\":[{\"@type\":\"SearchAction\",\"target\":{\"@type\":\"EntryPoint\",\"urlTemplate\":\"https:\/\/shopwcseu.com\/es\/?s={search_term_string}\"},\"query-input\":{\"@type\":\"PropertyValueSpecification\",\"valueRequired\":true,\"valueName\":\"search_term_string\"}}],\"inLanguage\":\"es\"}]}<\/script>\n<!-- \/ Yoast SEO plugin. -->","yoast_head_json":{"title":"Victor 0631 Out O' Sight Mole Trap - Wildlife Control Supplies EU","robots":{"index":"index","follow":"follow","max-snippet":"max-snippet:-1","max-image-preview":"max-image-preview:large","max-video-preview":"max-video-preview:-1"},"canonical":"https:\/\/shopwcseu.com\/fr\/producto\/victor-0631-out-o-sight-mole-trap\/","og_locale":"es_ES","og_type":"article","og_title":"Victor 0631 Out O' Sight Mole Trap - Wildlife Control Supplies EU","og_description":"[:en]Product Code: NWS0600[:es]C\u00f3digo del producto: NWS0600[:fr]Code de produit: NWS0600[:]","og_url":"https:\/\/shopwcseu.com\/fr\/producto\/victor-0631-out-o-sight-mole-trap\/","og_site_name":"Wildlife Control Supplies EU","article_modified_time":"2023-12-05T06:33:24+00:00","og_image":[{"width":540,"height":540,"url":"https:\/\/shopwcseu.com\/wp-content\/uploads\/2019\/03\/OOS_wsetters_Collage_1000px_540x540.jpg","type":"image\/jpeg"}],"twitter_card":"summary_large_image","twitter_misc":{"Tiempo de lectura":"2 minutos"},"schema":{"@context":"https:\/\/schema.org","@graph":[{"@type":"WebPage","@id":"https:\/\/shopwcseu.com\/fr\/producto\/victor-0631-out-o-sight-mole-trap\/","url":"https:\/\/shopwcseu.com\/fr\/producto\/victor-0631-out-o-sight-mole-trap\/","name":"Victor 0631 Out O' Sight Mole Trap - Wildlife Control Supplies EU","isPartOf":{"@id":"https:\/\/shopwcseu.com\/es\/#website"},"primaryImageOfPage":{"@id":"https:\/\/shopwcseu.com\/fr\/producto\/victor-0631-out-o-sight-mole-trap\/#primaryimage"},"image":{"@id":"https:\/\/shopwcseu.com\/fr\/producto\/victor-0631-out-o-sight-mole-trap\/#primaryimage"},"thumbnailUrl":"https:\/\/shopwcseu.com\/wp-content\/uploads\/2019\/03\/OOS_wsetters_Collage_1000px_540x540.jpg","datePublished":"2019-03-11T09:04:41+00:00","dateModified":"2023-12-05T06:33:24+00:00","breadcrumb":{"@id":"https:\/\/shopwcseu.com\/fr\/producto\/victor-0631-out-o-sight-mole-trap\/#breadcrumb"},"inLanguage":"es","potentialAction":[{"@type":"ReadAction","target":["https:\/\/shopwcseu.com\/fr\/producto\/victor-0631-out-o-sight-mole-trap\/"]}]},{"@type":"ImageObject","inLanguage":"es","@id":"https:\/\/shopwcseu.com\/fr\/producto\/victor-0631-out-o-sight-mole-trap\/#primaryimage","url":"https:\/\/shopwcseu.com\/wp-content\/uploads\/2019\/03\/OOS_wsetters_Collage_1000px_540x540.jpg","contentUrl":"https:\/\/shopwcseu.com\/wp-content\/uploads\/2019\/03\/OOS_wsetters_Collage_1000px_540x540.jpg","width":540,"height":540},{"@type":"BreadcrumbList","@id":"https:\/\/shopwcseu.com\/fr\/producto\/victor-0631-out-o-sight-mole-trap\/#breadcrumb","itemListElement":[{"@type":"ListItem","position":1,"name":"Home","item":"https:\/\/shopwcseu.com\/es\/"},{"@type":"ListItem","position":2,"name":"Productos","item":"https:\/\/shopwcseu.com\/es\/products\/"},{"@type":"ListItem","position":3,"name":"Victor 0631 Out O&rsquo; Sight Mole Trap"}]},{"@type":"WebSite","@id":"https:\/\/shopwcseu.com\/es\/#website","url":"https:\/\/shopwcseu.com\/es\/","name":"Wildlife Control Supplies EU","description":"La tienda de suministros de material de captura m\u00e1s grande de Europa","potentialAction":[{"@type":"SearchAction","target":{"@type":"EntryPoint","urlTemplate":"https:\/\/shopwcseu.com\/es\/?s={search_term_string}"},"query-input":{"@type":"PropertyValueSpecification","valueRequired":true,"valueName":"search_term_string"}}],"inLanguage":"es"}]}},"_links":{"self":[{"href":"https:\/\/shopwcseu.com\/es\/wp-json\/wp\/v2\/product\/819","targetHints":{"allow":["GET"]}}],"collection":[{"href":"https:\/\/shopwcseu.com\/es\/wp-json\/wp\/v2\/product"}],"about":[{"href":"https:\/\/shopwcseu.com\/es\/wp-json\/wp\/v2\/types\/product"}],"wp:featuredmedia":[{"embeddable":true,"href":"https:\/\/shopwcseu.com\/es\/wp-json\/wp\/v2\/media\/820"}],"wp:attachment":[{"href":"https:\/\/shopwcseu.com\/es\/wp-json\/wp\/v2\/media?parent=819"}],"wp:term":[{"taxonomy":"product_brand","embeddable":true,"href":"https:\/\/shopwcseu.com\/es\/wp-json\/wp\/v2\/product_brand?post=819"},{"taxonomy":"product_cat","embeddable":true,"href":"https:\/\/shopwcseu.com\/es\/wp-json\/wp\/v2\/product_cat?post=819"},{"taxonomy":"product_tag","embeddable":true,"href":"https:\/\/shopwcseu.com\/es\/wp-json\/wp\/v2\/product_tag?post=819"}],"curies":[{"name":"wp","href":"https:\/\/api.w.org\/{rel}","templated":true}]}}