{"id":809,"date":"2019-03-08T09:42:40","date_gmt":"2019-03-08T09:42:40","guid":{"rendered":"https:\/\/shopwcseu.com\/?post_type=product&#038;p=809"},"modified":"2023-12-05T06:34:40","modified_gmt":"2023-12-05T06:34:40","slug":"safeguard-54600-e-z-set-mouse-trap","status":"publish","type":"product","link":"https:\/\/shopwcseu.com\/es\/producto\/safeguard-54600-e-z-set-mouse-trap\/","title":{"rendered":"Safeguard 54600 E-Z Set Mouse Trap"},"content":{"rendered":"<p>Las<strong> trampas para ratones<\/strong> <strong>E-Z Set<\/strong> son una trampa vers\u00e1til de m\u00faltiples capturas que puede ir pr\u00e1cticamente a cualquier lugar, dentro o alrededor de cualquier esquina. Con la bisagra en el centro, la trampa puede colocarse en una configuraci\u00f3n de caja est\u00e1ndar o colocarse directamente en una esquina interior, en una esquina exterior o incluso en un arreglo personalizado. Esta trampa tiene varios orificios para una correcta circulaci\u00f3n del aire y un panel superior deslizante para liberar f\u00e1cilmente los animales capturados y limpiarlos.<\/p>\n<p>La trampa para ratones E-Z Set se puede configurar con su cebo para roedores favorito, o a lo largo de una pared, sin cebo.<\/p>","protected":false},"excerpt":{"rendered":"<p>C\u00f3digo de producto: NWS54600<\/p>\n","protected":false},"featured_media":810,"template":"","meta":[],"product_brand":[],"product_cat":[33],"product_tag":[],"class_list":{"0":"post-809","1":"product","2":"type-product","3":"status-publish","4":"has-post-thumbnail","6":"product_cat-trampas-para-roedores","8":"first","9":"instock","10":"shipping-taxable","11":"purchasable","12":"product-type-simple"},"yoast_head":"<!-- This site is optimized with the Yoast SEO plugin v27.0 - https:\/\/yoast.com\/product\/yoast-seo-wordpress\/ -->\n<title>Safeguard 54600 E-Z Set Mouse Trap - Wildlife Control Supplies EU<\/title>\n<meta name=\"robots\" content=\"index, follow, max-snippet:-1, max-image-preview:large, max-video-preview:-1\" \/>\n<link rel=\"canonical\" href=\"https:\/\/shopwcseu.com\/producto\/safeguard-54600-e-z-set-mouse-trap\/\" \/>\n<meta property=\"og:locale\" content=\"es_ES\" \/>\n<meta property=\"og:type\" content=\"article\" \/>\n<meta property=\"og:title\" content=\"Safeguard 54600 E-Z Set Mouse Trap - Wildlife Control Supplies EU\" \/>\n<meta property=\"og:description\" content=\"[:en]Product Code: NWS54600[:es]C\u00f3digo de producto: NWS54600[:fr]Code de produit: NWS54600[:]\" \/>\n<meta property=\"og:url\" content=\"https:\/\/shopwcseu.com\/producto\/safeguard-54600-e-z-set-mouse-trap\/\" \/>\n<meta property=\"og:site_name\" content=\"Wildlife Control Supplies EU\" \/>\n<meta property=\"article:modified_time\" content=\"2023-12-05T06:34:40+00:00\" \/>\n<meta property=\"og:image\" content=\"https:\/\/shopwcseu.com\/wp-content\/uploads\/2019\/03\/EASY_Set_Mouse_v2_med.gif\" \/>\n\t<meta property=\"og:image:width\" content=\"448\" \/>\n\t<meta property=\"og:image:height\" content=\"300\" \/>\n\t<meta property=\"og:image:type\" content=\"image\/gif\" \/>\n<meta name=\"twitter:card\" content=\"summary_large_image\" \/>\n<meta name=\"twitter:label1\" content=\"Tiempo de lectura\" \/>\n\t<meta name=\"twitter:data1\" content=\"2 minutos\" \/>\n<script type=\"application\/ld+json\" class=\"yoast-schema-graph\">{\"@context\":\"https:\/\/schema.org\",\"@graph\":[{\"@type\":\"WebPage\",\"@id\":\"https:\/\/shopwcseu.com\/producto\/safeguard-54600-e-z-set-mouse-trap\/\",\"url\":\"https:\/\/shopwcseu.com\/producto\/safeguard-54600-e-z-set-mouse-trap\/\",\"name\":\"Safeguard 54600 E-Z Set Mouse Trap - Wildlife Control Supplies EU\",\"isPartOf\":{\"@id\":\"https:\/\/shopwcseu.com\/es\/#website\"},\"primaryImageOfPage\":{\"@id\":\"https:\/\/shopwcseu.com\/producto\/safeguard-54600-e-z-set-mouse-trap\/#primaryimage\"},\"image\":{\"@id\":\"https:\/\/shopwcseu.com\/producto\/safeguard-54600-e-z-set-mouse-trap\/#primaryimage\"},\"thumbnailUrl\":\"https:\/\/shopwcseu.com\/wp-content\/uploads\/2019\/03\/EASY_Set_Mouse_v2_med.gif\",\"datePublished\":\"2019-03-08T09:42:40+00:00\",\"dateModified\":\"2023-12-05T06:34:40+00:00\",\"breadcrumb\":{\"@id\":\"https:\/\/shopwcseu.com\/producto\/safeguard-54600-e-z-set-mouse-trap\/#breadcrumb\"},\"inLanguage\":\"es\",\"potentialAction\":[{\"@type\":\"ReadAction\",\"target\":[\"https:\/\/shopwcseu.com\/producto\/safeguard-54600-e-z-set-mouse-trap\/\"]}]},{\"@type\":\"ImageObject\",\"inLanguage\":\"es\",\"@id\":\"https:\/\/shopwcseu.com\/producto\/safeguard-54600-e-z-set-mouse-trap\/#primaryimage\",\"url\":\"https:\/\/shopwcseu.com\/wp-content\/uploads\/2019\/03\/EASY_Set_Mouse_v2_med.gif\",\"contentUrl\":\"https:\/\/shopwcseu.com\/wp-content\/uploads\/2019\/03\/EASY_Set_Mouse_v2_med.gif\",\"width\":448,\"height\":300},{\"@type\":\"BreadcrumbList\",\"@id\":\"https:\/\/shopwcseu.com\/producto\/safeguard-54600-e-z-set-mouse-trap\/#breadcrumb\",\"itemListElement\":[{\"@type\":\"ListItem\",\"position\":1,\"name\":\"Home\",\"item\":\"https:\/\/shopwcseu.com\/es\/\"},{\"@type\":\"ListItem\",\"position\":2,\"name\":\"Productos\",\"item\":\"https:\/\/shopwcseu.com\/es\/products\/\"},{\"@type\":\"ListItem\",\"position\":3,\"name\":\"Safeguard 54600 E-Z Set Mouse Trap\"}]},{\"@type\":\"WebSite\",\"@id\":\"https:\/\/shopwcseu.com\/es\/#website\",\"url\":\"https:\/\/shopwcseu.com\/es\/\",\"name\":\"Wildlife Control Supplies EU\",\"description\":\"La tienda de suministros de material de captura m\u00e1s grande de Europa\",\"potentialAction\":[{\"@type\":\"SearchAction\",\"target\":{\"@type\":\"EntryPoint\",\"urlTemplate\":\"https:\/\/shopwcseu.com\/es\/?s={search_term_string}\"},\"query-input\":{\"@type\":\"PropertyValueSpecification\",\"valueRequired\":true,\"valueName\":\"search_term_string\"}}],\"inLanguage\":\"es\"}]}<\/script>\n<!-- \/ Yoast SEO plugin. -->","yoast_head_json":{"title":"Safeguard 54600 E-Z Set Mouse Trap - Wildlife Control Supplies EU","robots":{"index":"index","follow":"follow","max-snippet":"max-snippet:-1","max-image-preview":"max-image-preview:large","max-video-preview":"max-video-preview:-1"},"canonical":"https:\/\/shopwcseu.com\/producto\/safeguard-54600-e-z-set-mouse-trap\/","og_locale":"es_ES","og_type":"article","og_title":"Safeguard 54600 E-Z Set Mouse Trap - Wildlife Control Supplies EU","og_description":"[:en]Product Code: NWS54600[:es]C\u00f3digo de producto: NWS54600[:fr]Code de produit: NWS54600[:]","og_url":"https:\/\/shopwcseu.com\/producto\/safeguard-54600-e-z-set-mouse-trap\/","og_site_name":"Wildlife Control Supplies EU","article_modified_time":"2023-12-05T06:34:40+00:00","og_image":[{"width":448,"height":300,"url":"https:\/\/shopwcseu.com\/wp-content\/uploads\/2019\/03\/EASY_Set_Mouse_v2_med.gif","type":"image\/gif"}],"twitter_card":"summary_large_image","twitter_misc":{"Tiempo de lectura":"2 minutos"},"schema":{"@context":"https:\/\/schema.org","@graph":[{"@type":"WebPage","@id":"https:\/\/shopwcseu.com\/producto\/safeguard-54600-e-z-set-mouse-trap\/","url":"https:\/\/shopwcseu.com\/producto\/safeguard-54600-e-z-set-mouse-trap\/","name":"Safeguard 54600 E-Z Set Mouse Trap - Wildlife Control Supplies EU","isPartOf":{"@id":"https:\/\/shopwcseu.com\/es\/#website"},"primaryImageOfPage":{"@id":"https:\/\/shopwcseu.com\/producto\/safeguard-54600-e-z-set-mouse-trap\/#primaryimage"},"image":{"@id":"https:\/\/shopwcseu.com\/producto\/safeguard-54600-e-z-set-mouse-trap\/#primaryimage"},"thumbnailUrl":"https:\/\/shopwcseu.com\/wp-content\/uploads\/2019\/03\/EASY_Set_Mouse_v2_med.gif","datePublished":"2019-03-08T09:42:40+00:00","dateModified":"2023-12-05T06:34:40+00:00","breadcrumb":{"@id":"https:\/\/shopwcseu.com\/producto\/safeguard-54600-e-z-set-mouse-trap\/#breadcrumb"},"inLanguage":"es","potentialAction":[{"@type":"ReadAction","target":["https:\/\/shopwcseu.com\/producto\/safeguard-54600-e-z-set-mouse-trap\/"]}]},{"@type":"ImageObject","inLanguage":"es","@id":"https:\/\/shopwcseu.com\/producto\/safeguard-54600-e-z-set-mouse-trap\/#primaryimage","url":"https:\/\/shopwcseu.com\/wp-content\/uploads\/2019\/03\/EASY_Set_Mouse_v2_med.gif","contentUrl":"https:\/\/shopwcseu.com\/wp-content\/uploads\/2019\/03\/EASY_Set_Mouse_v2_med.gif","width":448,"height":300},{"@type":"BreadcrumbList","@id":"https:\/\/shopwcseu.com\/producto\/safeguard-54600-e-z-set-mouse-trap\/#breadcrumb","itemListElement":[{"@type":"ListItem","position":1,"name":"Home","item":"https:\/\/shopwcseu.com\/es\/"},{"@type":"ListItem","position":2,"name":"Productos","item":"https:\/\/shopwcseu.com\/es\/products\/"},{"@type":"ListItem","position":3,"name":"Safeguard 54600 E-Z Set Mouse Trap"}]},{"@type":"WebSite","@id":"https:\/\/shopwcseu.com\/es\/#website","url":"https:\/\/shopwcseu.com\/es\/","name":"Wildlife Control Supplies EU","description":"La tienda de suministros de material de captura m\u00e1s grande de Europa","potentialAction":[{"@type":"SearchAction","target":{"@type":"EntryPoint","urlTemplate":"https:\/\/shopwcseu.com\/es\/?s={search_term_string}"},"query-input":{"@type":"PropertyValueSpecification","valueRequired":true,"valueName":"search_term_string"}}],"inLanguage":"es"}]}},"_links":{"self":[{"href":"https:\/\/shopwcseu.com\/es\/wp-json\/wp\/v2\/product\/809","targetHints":{"allow":["GET"]}}],"collection":[{"href":"https:\/\/shopwcseu.com\/es\/wp-json\/wp\/v2\/product"}],"about":[{"href":"https:\/\/shopwcseu.com\/es\/wp-json\/wp\/v2\/types\/product"}],"wp:featuredmedia":[{"embeddable":true,"href":"https:\/\/shopwcseu.com\/es\/wp-json\/wp\/v2\/media\/810"}],"wp:attachment":[{"href":"https:\/\/shopwcseu.com\/es\/wp-json\/wp\/v2\/media?parent=809"}],"wp:term":[{"taxonomy":"product_brand","embeddable":true,"href":"https:\/\/shopwcseu.com\/es\/wp-json\/wp\/v2\/product_brand?post=809"},{"taxonomy":"product_cat","embeddable":true,"href":"https:\/\/shopwcseu.com\/es\/wp-json\/wp\/v2\/product_cat?post=809"},{"taxonomy":"product_tag","embeddable":true,"href":"https:\/\/shopwcseu.com\/es\/wp-json\/wp\/v2\/product_tag?post=809"}],"curies":[{"name":"wp","href":"https:\/\/api.w.org\/{rel}","templated":true}]}}