{"id":806,"date":"2019-03-08T09:32:54","date_gmt":"2019-03-08T09:32:54","guid":{"rendered":"https:\/\/shopwcseu.com\/?post_type=product&#038;p=806"},"modified":"2023-12-05T06:34:51","modified_gmt":"2023-12-05T06:34:51","slug":"little-pete-multi-catch-mouse-trap-clear-lid","status":"publish","type":"product","link":"https:\/\/shopwcseu.com\/es\/producto\/little-pete-multi-catch-mouse-trap-clear-lid\/","title":{"rendered":"Little Pete &#8211; Multi-Catch Mouse Trap &#8211; Clear Lid"},"content":{"rendered":"<p>El J.T. La trampa de captura m\u00faltiple para el rat\u00f3n Eaton<strong> Little Pete<\/strong> cuenta con una clara tapa de visualizaci\u00f3n para que pueda identificar r\u00e1pida y f\u00e1cilmente cu\u00e1ndo se ha capturado un rat\u00f3n. La tapa se puede abrir y cerrar, lo que le permite deshacerse de los roedores y luego reutilizar la trampa para lograr una eficiencia \u00f3ptima.<\/p>\n<p>\u00a1Con solo 10-1 \/ 4 \u00abx 3-3 \/ 4\u00bb x 1-3 \/ 4 \u00abes 55% m\u00e1s estrecho que las trampas de captura m\u00faltiple para mouse est\u00e1ndar, lo que lo hace a\u00fan m\u00e1s adecuado para lugares estrechos y \u00e1reas de alto tr\u00e1fico! La trampa para ratones de captura m\u00faltiple de The Little Pete puede atrapar hasta 9 ratones a la vez. No se requiere cebo, aunque aumentar las tasas de \u00e9xito.<\/p>\n<p><strong>Caracteristicas:<\/strong><\/p>\n<p>Toda la unidad de rampa es f\u00e1cilmente removible. NO se necesitan herramientas!<br \/>\n\u00a1Retire y reemplace la unidad de rampa en segundos!<br \/>\nLas leng\u00fcetas interiores sostienen el tablero de pegamento en su lugar<br \/>\nEl sistema de bloqueo dual mantiene las rampas de forma segura en su lugar<br \/>\nLas unidades tienen orificios para usar cables o abrazaderas para asegurar la tapa<br \/>\nLas bases tienen pesta\u00f1as desplegables para aumentar la unidad en \u00e1reas h\u00famedas<br \/>\nRampas de reemplazo disponibles<br \/>\nAhorra tiempo y dinero<\/p>","protected":false},"excerpt":{"rendered":"<p>C\u00f3digo de producto: JTE423CL<\/p>\n<p>https:\/\/www.youtube.com\/watch?v=Q9mEHSU2Z2s<\/p>\n","protected":false},"featured_media":807,"template":"","meta":[],"product_brand":[],"product_cat":[33],"product_tag":[],"class_list":{"0":"post-806","1":"product","2":"type-product","3":"status-publish","4":"has-post-thumbnail","6":"product_cat-trampas-para-roedores","8":"first","9":"instock","10":"shipping-taxable","11":"purchasable","12":"product-type-simple"},"yoast_head":"<!-- This site is optimized with the Yoast SEO plugin v27.0 - https:\/\/yoast.com\/product\/yoast-seo-wordpress\/ -->\n<title>Little Pete - Multi-Catch Mouse Trap - Clear Lid - Wildlife Control Supplies EU<\/title>\n<meta name=\"robots\" content=\"index, follow, max-snippet:-1, max-image-preview:large, max-video-preview:-1\" \/>\n<link rel=\"canonical\" href=\"https:\/\/shopwcseu.com\/producto\/little-pete-multi-catch-mouse-trap-clear-lid\/\" \/>\n<meta property=\"og:locale\" content=\"es_ES\" \/>\n<meta property=\"og:type\" content=\"article\" \/>\n<meta property=\"og:title\" content=\"Little Pete - Multi-Catch Mouse Trap - Clear Lid - Wildlife Control Supplies EU\" \/>\n<meta property=\"og:description\" content=\"[:en]Product Code: JTE423CL  https:\/\/www.youtube.com\/watch?v=Q9mEHSU2Z2s[:es]C\u00f3digo de producto: JTE423CL  https:\/\/www.youtube.com\/watch?v=Q9mEHSU2Z2s[:fr]Code de produit: JTE423CL  https:\/\/www.youtube.com\/watch?v=Q9mEHSU2Z2s[:]\" \/>\n<meta property=\"og:url\" content=\"https:\/\/shopwcseu.com\/producto\/little-pete-multi-catch-mouse-trap-clear-lid\/\" \/>\n<meta property=\"og:site_name\" content=\"Wildlife Control Supplies EU\" \/>\n<meta property=\"article:modified_time\" content=\"2023-12-05T06:34:51+00:00\" \/>\n<meta property=\"og:image\" content=\"https:\/\/shopwcseu.com\/wp-content\/uploads\/2019\/03\/Little_Pete_med.gif\" \/>\n\t<meta property=\"og:image:width\" content=\"361\" \/>\n\t<meta property=\"og:image:height\" content=\"285\" \/>\n\t<meta property=\"og:image:type\" content=\"image\/gif\" \/>\n<meta name=\"twitter:card\" content=\"summary_large_image\" \/>\n<meta name=\"twitter:label1\" content=\"Tiempo de lectura\" \/>\n\t<meta name=\"twitter:data1\" content=\"3 minutos\" \/>\n<script type=\"application\/ld+json\" class=\"yoast-schema-graph\">{\"@context\":\"https:\/\/schema.org\",\"@graph\":[{\"@type\":\"WebPage\",\"@id\":\"https:\/\/shopwcseu.com\/producto\/little-pete-multi-catch-mouse-trap-clear-lid\/\",\"url\":\"https:\/\/shopwcseu.com\/producto\/little-pete-multi-catch-mouse-trap-clear-lid\/\",\"name\":\"Little Pete - Multi-Catch Mouse Trap - Clear Lid - Wildlife Control Supplies EU\",\"isPartOf\":{\"@id\":\"https:\/\/shopwcseu.com\/es\/#website\"},\"primaryImageOfPage\":{\"@id\":\"https:\/\/shopwcseu.com\/producto\/little-pete-multi-catch-mouse-trap-clear-lid\/#primaryimage\"},\"image\":{\"@id\":\"https:\/\/shopwcseu.com\/producto\/little-pete-multi-catch-mouse-trap-clear-lid\/#primaryimage\"},\"thumbnailUrl\":\"https:\/\/shopwcseu.com\/wp-content\/uploads\/2019\/03\/Little_Pete_med.gif\",\"datePublished\":\"2019-03-08T09:32:54+00:00\",\"dateModified\":\"2023-12-05T06:34:51+00:00\",\"breadcrumb\":{\"@id\":\"https:\/\/shopwcseu.com\/producto\/little-pete-multi-catch-mouse-trap-clear-lid\/#breadcrumb\"},\"inLanguage\":\"es\",\"potentialAction\":[{\"@type\":\"ReadAction\",\"target\":[\"https:\/\/shopwcseu.com\/producto\/little-pete-multi-catch-mouse-trap-clear-lid\/\"]}]},{\"@type\":\"ImageObject\",\"inLanguage\":\"es\",\"@id\":\"https:\/\/shopwcseu.com\/producto\/little-pete-multi-catch-mouse-trap-clear-lid\/#primaryimage\",\"url\":\"https:\/\/shopwcseu.com\/wp-content\/uploads\/2019\/03\/Little_Pete_med.gif\",\"contentUrl\":\"https:\/\/shopwcseu.com\/wp-content\/uploads\/2019\/03\/Little_Pete_med.gif\",\"width\":361,\"height\":285},{\"@type\":\"BreadcrumbList\",\"@id\":\"https:\/\/shopwcseu.com\/producto\/little-pete-multi-catch-mouse-trap-clear-lid\/#breadcrumb\",\"itemListElement\":[{\"@type\":\"ListItem\",\"position\":1,\"name\":\"Home\",\"item\":\"https:\/\/shopwcseu.com\/es\/\"},{\"@type\":\"ListItem\",\"position\":2,\"name\":\"Productos\",\"item\":\"https:\/\/shopwcseu.com\/es\/products\/\"},{\"@type\":\"ListItem\",\"position\":3,\"name\":\"Little Pete &#8211; Multi-Catch Mouse Trap &#8211; Clear Lid\"}]},{\"@type\":\"WebSite\",\"@id\":\"https:\/\/shopwcseu.com\/es\/#website\",\"url\":\"https:\/\/shopwcseu.com\/es\/\",\"name\":\"Wildlife Control Supplies EU\",\"description\":\"La tienda de suministros de material de captura m\u00e1s grande de Europa\",\"potentialAction\":[{\"@type\":\"SearchAction\",\"target\":{\"@type\":\"EntryPoint\",\"urlTemplate\":\"https:\/\/shopwcseu.com\/es\/?s={search_term_string}\"},\"query-input\":{\"@type\":\"PropertyValueSpecification\",\"valueRequired\":true,\"valueName\":\"search_term_string\"}}],\"inLanguage\":\"es\"}]}<\/script>\n<!-- \/ Yoast SEO plugin. -->","yoast_head_json":{"title":"Little Pete - Multi-Catch Mouse Trap - Clear Lid - Wildlife Control Supplies EU","robots":{"index":"index","follow":"follow","max-snippet":"max-snippet:-1","max-image-preview":"max-image-preview:large","max-video-preview":"max-video-preview:-1"},"canonical":"https:\/\/shopwcseu.com\/producto\/little-pete-multi-catch-mouse-trap-clear-lid\/","og_locale":"es_ES","og_type":"article","og_title":"Little Pete - Multi-Catch Mouse Trap - Clear Lid - Wildlife Control Supplies EU","og_description":"[:en]Product Code: JTE423CL  https:\/\/www.youtube.com\/watch?v=Q9mEHSU2Z2s[:es]C\u00f3digo de producto: JTE423CL  https:\/\/www.youtube.com\/watch?v=Q9mEHSU2Z2s[:fr]Code de produit: JTE423CL  https:\/\/www.youtube.com\/watch?v=Q9mEHSU2Z2s[:]","og_url":"https:\/\/shopwcseu.com\/producto\/little-pete-multi-catch-mouse-trap-clear-lid\/","og_site_name":"Wildlife Control Supplies EU","article_modified_time":"2023-12-05T06:34:51+00:00","og_image":[{"width":361,"height":285,"url":"https:\/\/shopwcseu.com\/wp-content\/uploads\/2019\/03\/Little_Pete_med.gif","type":"image\/gif"}],"twitter_card":"summary_large_image","twitter_misc":{"Tiempo de lectura":"3 minutos"},"schema":{"@context":"https:\/\/schema.org","@graph":[{"@type":"WebPage","@id":"https:\/\/shopwcseu.com\/producto\/little-pete-multi-catch-mouse-trap-clear-lid\/","url":"https:\/\/shopwcseu.com\/producto\/little-pete-multi-catch-mouse-trap-clear-lid\/","name":"Little Pete - Multi-Catch Mouse Trap - Clear Lid - Wildlife Control Supplies EU","isPartOf":{"@id":"https:\/\/shopwcseu.com\/es\/#website"},"primaryImageOfPage":{"@id":"https:\/\/shopwcseu.com\/producto\/little-pete-multi-catch-mouse-trap-clear-lid\/#primaryimage"},"image":{"@id":"https:\/\/shopwcseu.com\/producto\/little-pete-multi-catch-mouse-trap-clear-lid\/#primaryimage"},"thumbnailUrl":"https:\/\/shopwcseu.com\/wp-content\/uploads\/2019\/03\/Little_Pete_med.gif","datePublished":"2019-03-08T09:32:54+00:00","dateModified":"2023-12-05T06:34:51+00:00","breadcrumb":{"@id":"https:\/\/shopwcseu.com\/producto\/little-pete-multi-catch-mouse-trap-clear-lid\/#breadcrumb"},"inLanguage":"es","potentialAction":[{"@type":"ReadAction","target":["https:\/\/shopwcseu.com\/producto\/little-pete-multi-catch-mouse-trap-clear-lid\/"]}]},{"@type":"ImageObject","inLanguage":"es","@id":"https:\/\/shopwcseu.com\/producto\/little-pete-multi-catch-mouse-trap-clear-lid\/#primaryimage","url":"https:\/\/shopwcseu.com\/wp-content\/uploads\/2019\/03\/Little_Pete_med.gif","contentUrl":"https:\/\/shopwcseu.com\/wp-content\/uploads\/2019\/03\/Little_Pete_med.gif","width":361,"height":285},{"@type":"BreadcrumbList","@id":"https:\/\/shopwcseu.com\/producto\/little-pete-multi-catch-mouse-trap-clear-lid\/#breadcrumb","itemListElement":[{"@type":"ListItem","position":1,"name":"Home","item":"https:\/\/shopwcseu.com\/es\/"},{"@type":"ListItem","position":2,"name":"Productos","item":"https:\/\/shopwcseu.com\/es\/products\/"},{"@type":"ListItem","position":3,"name":"Little Pete &#8211; Multi-Catch Mouse Trap &#8211; Clear Lid"}]},{"@type":"WebSite","@id":"https:\/\/shopwcseu.com\/es\/#website","url":"https:\/\/shopwcseu.com\/es\/","name":"Wildlife Control Supplies EU","description":"La tienda de suministros de material de captura m\u00e1s grande de Europa","potentialAction":[{"@type":"SearchAction","target":{"@type":"EntryPoint","urlTemplate":"https:\/\/shopwcseu.com\/es\/?s={search_term_string}"},"query-input":{"@type":"PropertyValueSpecification","valueRequired":true,"valueName":"search_term_string"}}],"inLanguage":"es"}]}},"_links":{"self":[{"href":"https:\/\/shopwcseu.com\/es\/wp-json\/wp\/v2\/product\/806","targetHints":{"allow":["GET"]}}],"collection":[{"href":"https:\/\/shopwcseu.com\/es\/wp-json\/wp\/v2\/product"}],"about":[{"href":"https:\/\/shopwcseu.com\/es\/wp-json\/wp\/v2\/types\/product"}],"wp:featuredmedia":[{"embeddable":true,"href":"https:\/\/shopwcseu.com\/es\/wp-json\/wp\/v2\/media\/807"}],"wp:attachment":[{"href":"https:\/\/shopwcseu.com\/es\/wp-json\/wp\/v2\/media?parent=806"}],"wp:term":[{"taxonomy":"product_brand","embeddable":true,"href":"https:\/\/shopwcseu.com\/es\/wp-json\/wp\/v2\/product_brand?post=806"},{"taxonomy":"product_cat","embeddable":true,"href":"https:\/\/shopwcseu.com\/es\/wp-json\/wp\/v2\/product_cat?post=806"},{"taxonomy":"product_tag","embeddable":true,"href":"https:\/\/shopwcseu.com\/es\/wp-json\/wp\/v2\/product_tag?post=806"}],"curies":[{"name":"wp","href":"https:\/\/api.w.org\/{rel}","templated":true}]}}