{"id":766,"date":"2019-02-18T10:34:54","date_gmt":"2019-02-18T10:34:54","guid":{"rendered":"https:\/\/shopwcseu.com\/?post_type=product&#038;p=766"},"modified":"2023-12-05T06:35:08","modified_gmt":"2023-12-05T06:35:08","slug":"espanol-koro-large-rodent-trap-muskrat","status":"publish","type":"product","link":"https:\/\/shopwcseu.com\/es\/producto\/espanol-koro-large-rodent-trap-muskrat\/","title":{"rendered":"KORO Large Rodent Trap (Muskrat)"},"content":{"rendered":"<p><\/p>\n<p class=\"nm\">La<strong> trampa para roedores grandes Koro<\/strong>, tambi\u00e9n conocida como modelo Muskrat, mide 5.25 \u00abW x 4.5\u00bb D x 4.5 \u00abH. Esta trampa es excelente para ardillas de todo tipo. Ratas de Noruega, rata almizclera, vis\u00f3n y animales de tama\u00f1o similar. Esta trampa tiene una Resorte de una sola bobina, y es muy vers\u00e1til. Incluso puede envolverse en una rama para usarlo como trampa cuasi-t\u00fanel o en forma de cebo al empalar una tuerca, es decir, un cacahuete de c\u00e1scara en el pasador que se proyecta hacia arriba desde el Parte posterior de la bandeja de disparo.<\/p>\n<p>Haga clic aqu\u00ed para obtener\u00a0\u00a0<strong><a title=\"Koro Rodent Trap Instructions\" href=\"http:\/\/www.wildlifecontrolsupplies.com\/pdf\/Koro_Rodent_Trap_Instructions.pdf\" target=\"_blank\" rel=\"noopener\">Instrucciones del producto<\/a>.<\/strong><\/p>","protected":false},"excerpt":{"rendered":"<p>C\u00f3digo del producto: NWSKT02<\/p>\n","protected":false},"featured_media":796,"template":"","meta":[],"product_brand":[],"product_cat":[17,33],"product_tag":[],"class_list":{"0":"post-766","1":"product","2":"type-product","3":"status-publish","4":"has-post-thumbnail","6":"product_cat-sin-categoria","7":"product_cat-trampas-para-roedores","9":"first","10":"instock","11":"shipping-taxable","12":"purchasable","13":"product-type-simple"},"yoast_head":"<!-- This site is optimized with the Yoast SEO plugin v27.0 - https:\/\/yoast.com\/product\/yoast-seo-wordpress\/ -->\n<title>KORO Large Rodent Trap (Muskrat) - Wildlife Control Supplies EU<\/title>\n<meta name=\"robots\" content=\"index, follow, max-snippet:-1, max-image-preview:large, max-video-preview:-1\" \/>\n<link rel=\"canonical\" href=\"https:\/\/shopwcseu.com\/producto\/espanol-koro-large-rodent-trap-muskrat\/\" \/>\n<meta property=\"og:locale\" content=\"es_ES\" \/>\n<meta property=\"og:type\" content=\"article\" \/>\n<meta property=\"og:title\" content=\"KORO Large Rodent Trap (Muskrat) - Wildlife Control Supplies EU\" \/>\n<meta property=\"og:description\" content=\"[:en]Product Code: NWSKT02[:es]C\u00f3digo del producto: NWSKT02[:fr]Code de produit: NWSKT02[:]\" \/>\n<meta property=\"og:url\" content=\"https:\/\/shopwcseu.com\/producto\/espanol-koro-large-rodent-trap-muskrat\/\" \/>\n<meta property=\"og:site_name\" content=\"Wildlife Control Supplies EU\" \/>\n<meta property=\"article:modified_time\" content=\"2023-12-05T06:35:08+00:00\" \/>\n<meta property=\"og:image\" content=\"https:\/\/shopwcseu.com\/wp-content\/uploads\/2019\/02\/Koro_LG_Rodent_UnSet_500px_2.jpg\" \/>\n\t<meta property=\"og:image:width\" content=\"500\" \/>\n\t<meta property=\"og:image:height\" content=\"500\" \/>\n\t<meta property=\"og:image:type\" content=\"image\/jpeg\" \/>\n<meta name=\"twitter:card\" content=\"summary_large_image\" \/>\n<meta name=\"twitter:label1\" content=\"Tiempo de lectura\" \/>\n\t<meta name=\"twitter:data1\" content=\"2 minutos\" \/>\n<script type=\"application\/ld+json\" class=\"yoast-schema-graph\">{\"@context\":\"https:\/\/schema.org\",\"@graph\":[{\"@type\":\"WebPage\",\"@id\":\"https:\/\/shopwcseu.com\/producto\/espanol-koro-large-rodent-trap-muskrat\/\",\"url\":\"https:\/\/shopwcseu.com\/producto\/espanol-koro-large-rodent-trap-muskrat\/\",\"name\":\"KORO Large Rodent Trap (Muskrat) - Wildlife Control Supplies EU\",\"isPartOf\":{\"@id\":\"https:\/\/shopwcseu.com\/es\/#website\"},\"primaryImageOfPage\":{\"@id\":\"https:\/\/shopwcseu.com\/producto\/espanol-koro-large-rodent-trap-muskrat\/#primaryimage\"},\"image\":{\"@id\":\"https:\/\/shopwcseu.com\/producto\/espanol-koro-large-rodent-trap-muskrat\/#primaryimage\"},\"thumbnailUrl\":\"https:\/\/shopwcseu.com\/wp-content\/uploads\/2019\/02\/Koro_LG_Rodent_UnSet_500px_2.jpg\",\"datePublished\":\"2019-02-18T10:34:54+00:00\",\"dateModified\":\"2023-12-05T06:35:08+00:00\",\"breadcrumb\":{\"@id\":\"https:\/\/shopwcseu.com\/producto\/espanol-koro-large-rodent-trap-muskrat\/#breadcrumb\"},\"inLanguage\":\"es\",\"potentialAction\":[{\"@type\":\"ReadAction\",\"target\":[\"https:\/\/shopwcseu.com\/producto\/espanol-koro-large-rodent-trap-muskrat\/\"]}]},{\"@type\":\"ImageObject\",\"inLanguage\":\"es\",\"@id\":\"https:\/\/shopwcseu.com\/producto\/espanol-koro-large-rodent-trap-muskrat\/#primaryimage\",\"url\":\"https:\/\/shopwcseu.com\/wp-content\/uploads\/2019\/02\/Koro_LG_Rodent_UnSet_500px_2.jpg\",\"contentUrl\":\"https:\/\/shopwcseu.com\/wp-content\/uploads\/2019\/02\/Koro_LG_Rodent_UnSet_500px_2.jpg\",\"width\":500,\"height\":500},{\"@type\":\"BreadcrumbList\",\"@id\":\"https:\/\/shopwcseu.com\/producto\/espanol-koro-large-rodent-trap-muskrat\/#breadcrumb\",\"itemListElement\":[{\"@type\":\"ListItem\",\"position\":1,\"name\":\"Home\",\"item\":\"https:\/\/shopwcseu.com\/es\/\"},{\"@type\":\"ListItem\",\"position\":2,\"name\":\"Productos\",\"item\":\"https:\/\/shopwcseu.com\/es\/products\/\"},{\"@type\":\"ListItem\",\"position\":3,\"name\":\"KORO Large Rodent Trap (Muskrat)\"}]},{\"@type\":\"WebSite\",\"@id\":\"https:\/\/shopwcseu.com\/es\/#website\",\"url\":\"https:\/\/shopwcseu.com\/es\/\",\"name\":\"Wildlife Control Supplies EU\",\"description\":\"La tienda de suministros de material de captura m\u00e1s grande de Europa\",\"potentialAction\":[{\"@type\":\"SearchAction\",\"target\":{\"@type\":\"EntryPoint\",\"urlTemplate\":\"https:\/\/shopwcseu.com\/es\/?s={search_term_string}\"},\"query-input\":{\"@type\":\"PropertyValueSpecification\",\"valueRequired\":true,\"valueName\":\"search_term_string\"}}],\"inLanguage\":\"es\"}]}<\/script>\n<!-- \/ Yoast SEO plugin. -->","yoast_head_json":{"title":"KORO Large Rodent Trap (Muskrat) - Wildlife Control Supplies EU","robots":{"index":"index","follow":"follow","max-snippet":"max-snippet:-1","max-image-preview":"max-image-preview:large","max-video-preview":"max-video-preview:-1"},"canonical":"https:\/\/shopwcseu.com\/producto\/espanol-koro-large-rodent-trap-muskrat\/","og_locale":"es_ES","og_type":"article","og_title":"KORO Large Rodent Trap (Muskrat) - Wildlife Control Supplies EU","og_description":"[:en]Product Code: NWSKT02[:es]C\u00f3digo del producto: NWSKT02[:fr]Code de produit: NWSKT02[:]","og_url":"https:\/\/shopwcseu.com\/producto\/espanol-koro-large-rodent-trap-muskrat\/","og_site_name":"Wildlife Control Supplies EU","article_modified_time":"2023-12-05T06:35:08+00:00","og_image":[{"width":500,"height":500,"url":"https:\/\/shopwcseu.com\/wp-content\/uploads\/2019\/02\/Koro_LG_Rodent_UnSet_500px_2.jpg","type":"image\/jpeg"}],"twitter_card":"summary_large_image","twitter_misc":{"Tiempo de lectura":"2 minutos"},"schema":{"@context":"https:\/\/schema.org","@graph":[{"@type":"WebPage","@id":"https:\/\/shopwcseu.com\/producto\/espanol-koro-large-rodent-trap-muskrat\/","url":"https:\/\/shopwcseu.com\/producto\/espanol-koro-large-rodent-trap-muskrat\/","name":"KORO Large Rodent Trap (Muskrat) - Wildlife Control Supplies EU","isPartOf":{"@id":"https:\/\/shopwcseu.com\/es\/#website"},"primaryImageOfPage":{"@id":"https:\/\/shopwcseu.com\/producto\/espanol-koro-large-rodent-trap-muskrat\/#primaryimage"},"image":{"@id":"https:\/\/shopwcseu.com\/producto\/espanol-koro-large-rodent-trap-muskrat\/#primaryimage"},"thumbnailUrl":"https:\/\/shopwcseu.com\/wp-content\/uploads\/2019\/02\/Koro_LG_Rodent_UnSet_500px_2.jpg","datePublished":"2019-02-18T10:34:54+00:00","dateModified":"2023-12-05T06:35:08+00:00","breadcrumb":{"@id":"https:\/\/shopwcseu.com\/producto\/espanol-koro-large-rodent-trap-muskrat\/#breadcrumb"},"inLanguage":"es","potentialAction":[{"@type":"ReadAction","target":["https:\/\/shopwcseu.com\/producto\/espanol-koro-large-rodent-trap-muskrat\/"]}]},{"@type":"ImageObject","inLanguage":"es","@id":"https:\/\/shopwcseu.com\/producto\/espanol-koro-large-rodent-trap-muskrat\/#primaryimage","url":"https:\/\/shopwcseu.com\/wp-content\/uploads\/2019\/02\/Koro_LG_Rodent_UnSet_500px_2.jpg","contentUrl":"https:\/\/shopwcseu.com\/wp-content\/uploads\/2019\/02\/Koro_LG_Rodent_UnSet_500px_2.jpg","width":500,"height":500},{"@type":"BreadcrumbList","@id":"https:\/\/shopwcseu.com\/producto\/espanol-koro-large-rodent-trap-muskrat\/#breadcrumb","itemListElement":[{"@type":"ListItem","position":1,"name":"Home","item":"https:\/\/shopwcseu.com\/es\/"},{"@type":"ListItem","position":2,"name":"Productos","item":"https:\/\/shopwcseu.com\/es\/products\/"},{"@type":"ListItem","position":3,"name":"KORO Large Rodent Trap (Muskrat)"}]},{"@type":"WebSite","@id":"https:\/\/shopwcseu.com\/es\/#website","url":"https:\/\/shopwcseu.com\/es\/","name":"Wildlife Control Supplies EU","description":"La tienda de suministros de material de captura m\u00e1s grande de Europa","potentialAction":[{"@type":"SearchAction","target":{"@type":"EntryPoint","urlTemplate":"https:\/\/shopwcseu.com\/es\/?s={search_term_string}"},"query-input":{"@type":"PropertyValueSpecification","valueRequired":true,"valueName":"search_term_string"}}],"inLanguage":"es"}]}},"_links":{"self":[{"href":"https:\/\/shopwcseu.com\/es\/wp-json\/wp\/v2\/product\/766","targetHints":{"allow":["GET"]}}],"collection":[{"href":"https:\/\/shopwcseu.com\/es\/wp-json\/wp\/v2\/product"}],"about":[{"href":"https:\/\/shopwcseu.com\/es\/wp-json\/wp\/v2\/types\/product"}],"wp:featuredmedia":[{"embeddable":true,"href":"https:\/\/shopwcseu.com\/es\/wp-json\/wp\/v2\/media\/796"}],"wp:attachment":[{"href":"https:\/\/shopwcseu.com\/es\/wp-json\/wp\/v2\/media?parent=766"}],"wp:term":[{"taxonomy":"product_brand","embeddable":true,"href":"https:\/\/shopwcseu.com\/es\/wp-json\/wp\/v2\/product_brand?post=766"},{"taxonomy":"product_cat","embeddable":true,"href":"https:\/\/shopwcseu.com\/es\/wp-json\/wp\/v2\/product_cat?post=766"},{"taxonomy":"product_tag","embeddable":true,"href":"https:\/\/shopwcseu.com\/es\/wp-json\/wp\/v2\/product_tag?post=766"}],"curies":[{"name":"wp","href":"https:\/\/api.w.org\/{rel}","templated":true}]}}