{"id":759,"date":"2018-11-23T07:03:28","date_gmt":"2018-11-23T07:03:28","guid":{"rendered":"https:\/\/shopwcseu.com\/?post_type=product&#038;p=759"},"modified":"2019-04-24T07:09:35","modified_gmt":"2019-04-24T07:09:35","slug":"universal-pest-guard-dryer-vent-cover","status":"publish","type":"product","link":"https:\/\/shopwcseu.com\/es\/producto\/universal-pest-guard-dryer-vent-cover\/","title":{"rendered":"Universal Pest Guard Dryer Vent Cover"},"content":{"rendered":"<p>Las <strong>cubiertas de ventilaci\u00f3n de secaderos de Universal Pest Guard<\/strong> protegen las salidas de aire de los roedores y las aves, y son muy rentables. Estas son cubiertas de ventilaci\u00f3n de pl\u00e1stico para moldes o cubiertas de ventilaci\u00f3n para la exclusi\u00f3n de aves y roedores no deseados que crean problemas de seguridad al construir nidos y traer escombros que bloquean la ventilaci\u00f3n. Este es un art\u00edculo de bajo costo que se puede usar como complemento de negocios, si el control de la vida silvestre funciona de manera profesional.<\/p>\n<p>Esta protecci\u00f3n contra aves y roedores de Deflect-o se adapta a todos los estilos de ventilaci\u00f3n de secadores.<\/p>\n<p><strong>NOTA:<\/strong> Revise peri\u00f3dicamente y elimine la pelusa u otros residuos, si est\u00e1n presentes.<\/p>\n<p><strong>Caracteristicas:<\/strong><\/p>\n<ul>\n<li>Se instala f\u00e1cilmente sobre la mayor\u00eda de los secadores de 3 \u00abo 4\u00bb de tipo o ventilaci\u00f3n de escape de ba\u00f1o<\/li>\n<li>Ayuda a evitar que las aves aniden en los respiraderos y que los roedores entren a trav\u00e9s de los respiraderos<\/li>\n<li>Autolimpieza con viento o lluvia.<\/li>\n<\/ul>\n<p><\/p>","protected":false},"excerpt":{"rendered":"<p>C\u00f3digo del producto: NWSDV01<\/p>\n","protected":false},"featured_media":760,"template":"","meta":[],"product_brand":[],"product_cat":[52],"product_tag":[],"class_list":{"0":"post-759","1":"product","2":"type-product","3":"status-publish","4":"has-post-thumbnail","6":"product_cat-vent-covers","8":"first","9":"instock","10":"shipping-taxable","11":"purchasable","12":"product-type-simple"},"yoast_head":"<!-- This site is optimized with the Yoast SEO plugin v27.0 - https:\/\/yoast.com\/product\/yoast-seo-wordpress\/ -->\n<title>Universal Pest Guard Dryer Vent Cover - Wildlife Control Supplies EU<\/title>\n<meta name=\"robots\" content=\"index, follow, max-snippet:-1, max-image-preview:large, max-video-preview:-1\" \/>\n<link rel=\"canonical\" href=\"https:\/\/shopwcseu.com\/producto\/universal-pest-guard-dryer-vent-cover\/\" \/>\n<meta property=\"og:locale\" content=\"es_ES\" \/>\n<meta property=\"og:type\" content=\"article\" \/>\n<meta property=\"og:title\" content=\"Universal Pest Guard Dryer Vent Cover - Wildlife Control Supplies EU\" \/>\n<meta property=\"og:description\" content=\"[:en]Product Code: NWSDV01[:es]C\u00f3digo del producto: NWSDV01[:fr]Code de produit: NWSDV01[:]\" \/>\n<meta property=\"og:url\" content=\"https:\/\/shopwcseu.com\/producto\/universal-pest-guard-dryer-vent-cover\/\" \/>\n<meta property=\"og:site_name\" content=\"Wildlife Control Supplies EU\" \/>\n<meta property=\"article:modified_time\" content=\"2019-04-24T07:09:35+00:00\" \/>\n<meta property=\"og:image\" content=\"https:\/\/shopwcseu.com\/wp-content\/uploads\/2018\/11\/Dryer-Vent-Cover-White_242x242.jpg\" \/>\n\t<meta property=\"og:image:width\" content=\"242\" \/>\n\t<meta property=\"og:image:height\" content=\"242\" \/>\n\t<meta property=\"og:image:type\" content=\"image\/jpeg\" \/>\n<meta name=\"twitter:card\" content=\"summary_large_image\" \/>\n<meta name=\"twitter:label1\" content=\"Tiempo de lectura\" \/>\n\t<meta name=\"twitter:data1\" content=\"2 minutos\" \/>\n<script type=\"application\/ld+json\" class=\"yoast-schema-graph\">{\"@context\":\"https:\/\/schema.org\",\"@graph\":[{\"@type\":\"WebPage\",\"@id\":\"https:\/\/shopwcseu.com\/producto\/universal-pest-guard-dryer-vent-cover\/\",\"url\":\"https:\/\/shopwcseu.com\/producto\/universal-pest-guard-dryer-vent-cover\/\",\"name\":\"Universal Pest Guard Dryer Vent Cover - Wildlife Control Supplies EU\",\"isPartOf\":{\"@id\":\"https:\/\/shopwcseu.com\/es\/#website\"},\"primaryImageOfPage\":{\"@id\":\"https:\/\/shopwcseu.com\/producto\/universal-pest-guard-dryer-vent-cover\/#primaryimage\"},\"image\":{\"@id\":\"https:\/\/shopwcseu.com\/producto\/universal-pest-guard-dryer-vent-cover\/#primaryimage\"},\"thumbnailUrl\":\"https:\/\/shopwcseu.com\/wp-content\/uploads\/2018\/11\/Dryer-Vent-Cover-White_242x242.jpg\",\"datePublished\":\"2018-11-23T07:03:28+00:00\",\"dateModified\":\"2019-04-24T07:09:35+00:00\",\"breadcrumb\":{\"@id\":\"https:\/\/shopwcseu.com\/producto\/universal-pest-guard-dryer-vent-cover\/#breadcrumb\"},\"inLanguage\":\"es\",\"potentialAction\":[{\"@type\":\"ReadAction\",\"target\":[\"https:\/\/shopwcseu.com\/producto\/universal-pest-guard-dryer-vent-cover\/\"]}]},{\"@type\":\"ImageObject\",\"inLanguage\":\"es\",\"@id\":\"https:\/\/shopwcseu.com\/producto\/universal-pest-guard-dryer-vent-cover\/#primaryimage\",\"url\":\"https:\/\/shopwcseu.com\/wp-content\/uploads\/2018\/11\/Dryer-Vent-Cover-White_242x242.jpg\",\"contentUrl\":\"https:\/\/shopwcseu.com\/wp-content\/uploads\/2018\/11\/Dryer-Vent-Cover-White_242x242.jpg\",\"width\":242,\"height\":242},{\"@type\":\"BreadcrumbList\",\"@id\":\"https:\/\/shopwcseu.com\/producto\/universal-pest-guard-dryer-vent-cover\/#breadcrumb\",\"itemListElement\":[{\"@type\":\"ListItem\",\"position\":1,\"name\":\"Home\",\"item\":\"https:\/\/shopwcseu.com\/es\/\"},{\"@type\":\"ListItem\",\"position\":2,\"name\":\"Productos\",\"item\":\"https:\/\/shopwcseu.com\/es\/products\/\"},{\"@type\":\"ListItem\",\"position\":3,\"name\":\"Universal Pest Guard Dryer Vent Cover\"}]},{\"@type\":\"WebSite\",\"@id\":\"https:\/\/shopwcseu.com\/es\/#website\",\"url\":\"https:\/\/shopwcseu.com\/es\/\",\"name\":\"Wildlife Control Supplies EU\",\"description\":\"La tienda de suministros de material de captura m\u00e1s grande de Europa\",\"potentialAction\":[{\"@type\":\"SearchAction\",\"target\":{\"@type\":\"EntryPoint\",\"urlTemplate\":\"https:\/\/shopwcseu.com\/es\/?s={search_term_string}\"},\"query-input\":{\"@type\":\"PropertyValueSpecification\",\"valueRequired\":true,\"valueName\":\"search_term_string\"}}],\"inLanguage\":\"es\"}]}<\/script>\n<!-- \/ Yoast SEO plugin. -->","yoast_head_json":{"title":"Universal Pest Guard Dryer Vent Cover - Wildlife Control Supplies EU","robots":{"index":"index","follow":"follow","max-snippet":"max-snippet:-1","max-image-preview":"max-image-preview:large","max-video-preview":"max-video-preview:-1"},"canonical":"https:\/\/shopwcseu.com\/producto\/universal-pest-guard-dryer-vent-cover\/","og_locale":"es_ES","og_type":"article","og_title":"Universal Pest Guard Dryer Vent Cover - Wildlife Control Supplies EU","og_description":"[:en]Product Code: NWSDV01[:es]C\u00f3digo del producto: NWSDV01[:fr]Code de produit: NWSDV01[:]","og_url":"https:\/\/shopwcseu.com\/producto\/universal-pest-guard-dryer-vent-cover\/","og_site_name":"Wildlife Control Supplies EU","article_modified_time":"2019-04-24T07:09:35+00:00","og_image":[{"width":242,"height":242,"url":"https:\/\/shopwcseu.com\/wp-content\/uploads\/2018\/11\/Dryer-Vent-Cover-White_242x242.jpg","type":"image\/jpeg"}],"twitter_card":"summary_large_image","twitter_misc":{"Tiempo de lectura":"2 minutos"},"schema":{"@context":"https:\/\/schema.org","@graph":[{"@type":"WebPage","@id":"https:\/\/shopwcseu.com\/producto\/universal-pest-guard-dryer-vent-cover\/","url":"https:\/\/shopwcseu.com\/producto\/universal-pest-guard-dryer-vent-cover\/","name":"Universal Pest Guard Dryer Vent Cover - Wildlife Control Supplies EU","isPartOf":{"@id":"https:\/\/shopwcseu.com\/es\/#website"},"primaryImageOfPage":{"@id":"https:\/\/shopwcseu.com\/producto\/universal-pest-guard-dryer-vent-cover\/#primaryimage"},"image":{"@id":"https:\/\/shopwcseu.com\/producto\/universal-pest-guard-dryer-vent-cover\/#primaryimage"},"thumbnailUrl":"https:\/\/shopwcseu.com\/wp-content\/uploads\/2018\/11\/Dryer-Vent-Cover-White_242x242.jpg","datePublished":"2018-11-23T07:03:28+00:00","dateModified":"2019-04-24T07:09:35+00:00","breadcrumb":{"@id":"https:\/\/shopwcseu.com\/producto\/universal-pest-guard-dryer-vent-cover\/#breadcrumb"},"inLanguage":"es","potentialAction":[{"@type":"ReadAction","target":["https:\/\/shopwcseu.com\/producto\/universal-pest-guard-dryer-vent-cover\/"]}]},{"@type":"ImageObject","inLanguage":"es","@id":"https:\/\/shopwcseu.com\/producto\/universal-pest-guard-dryer-vent-cover\/#primaryimage","url":"https:\/\/shopwcseu.com\/wp-content\/uploads\/2018\/11\/Dryer-Vent-Cover-White_242x242.jpg","contentUrl":"https:\/\/shopwcseu.com\/wp-content\/uploads\/2018\/11\/Dryer-Vent-Cover-White_242x242.jpg","width":242,"height":242},{"@type":"BreadcrumbList","@id":"https:\/\/shopwcseu.com\/producto\/universal-pest-guard-dryer-vent-cover\/#breadcrumb","itemListElement":[{"@type":"ListItem","position":1,"name":"Home","item":"https:\/\/shopwcseu.com\/es\/"},{"@type":"ListItem","position":2,"name":"Productos","item":"https:\/\/shopwcseu.com\/es\/products\/"},{"@type":"ListItem","position":3,"name":"Universal Pest Guard Dryer Vent Cover"}]},{"@type":"WebSite","@id":"https:\/\/shopwcseu.com\/es\/#website","url":"https:\/\/shopwcseu.com\/es\/","name":"Wildlife Control Supplies EU","description":"La tienda de suministros de material de captura m\u00e1s grande de Europa","potentialAction":[{"@type":"SearchAction","target":{"@type":"EntryPoint","urlTemplate":"https:\/\/shopwcseu.com\/es\/?s={search_term_string}"},"query-input":{"@type":"PropertyValueSpecification","valueRequired":true,"valueName":"search_term_string"}}],"inLanguage":"es"}]}},"_links":{"self":[{"href":"https:\/\/shopwcseu.com\/es\/wp-json\/wp\/v2\/product\/759","targetHints":{"allow":["GET"]}}],"collection":[{"href":"https:\/\/shopwcseu.com\/es\/wp-json\/wp\/v2\/product"}],"about":[{"href":"https:\/\/shopwcseu.com\/es\/wp-json\/wp\/v2\/types\/product"}],"wp:featuredmedia":[{"embeddable":true,"href":"https:\/\/shopwcseu.com\/es\/wp-json\/wp\/v2\/media\/760"}],"wp:attachment":[{"href":"https:\/\/shopwcseu.com\/es\/wp-json\/wp\/v2\/media?parent=759"}],"wp:term":[{"taxonomy":"product_brand","embeddable":true,"href":"https:\/\/shopwcseu.com\/es\/wp-json\/wp\/v2\/product_brand?post=759"},{"taxonomy":"product_cat","embeddable":true,"href":"https:\/\/shopwcseu.com\/es\/wp-json\/wp\/v2\/product_cat?post=759"},{"taxonomy":"product_tag","embeddable":true,"href":"https:\/\/shopwcseu.com\/es\/wp-json\/wp\/v2\/product_tag?post=759"}],"curies":[{"name":"wp","href":"https:\/\/api.w.org\/{rel}","templated":true}]}}