{"id":67,"date":"2018-09-18T18:09:20","date_gmt":"2018-09-18T18:09:20","guid":{"rendered":"http:\/\/www.wildlifeeu.com.mialias.net\/?post_type=product&#038;p=67"},"modified":"2025-12-23T09:40:21","modified_gmt":"2025-12-23T09:40:21","slug":"collarum-live-canine-capture-method","status":"publish","type":"product","link":"https:\/\/shopwcseu.com\/es\/producto\/collarum-live-canine-capture-method\/","title":{"rendered":"COLLARUM\u00ae live capture canine device (Fox Model)"},"content":{"rendered":"<p>El modelo <strong>Collarum\u00ae Fox<\/strong> tiene brazos que son 1&#8243; m\u00e1s cortos que el modelo coyote para acomodar la postura m\u00e1s peque\u00f1a de un zorro y utiliza un lazo de cable de 9&#8243; para animales de hasta 20 libras o con una cabeza m\u00e1s peque\u00f1a; el di\u00e1metro del cable utilizado para el modelo fox es de 5\/32 \u00abcon un Shurlock del tama\u00f1o adecuado. El modelo fox Collarum\u00ae tambi\u00e9n requiere menos espacio para la configuraci\u00f3n en comparaci\u00f3n con el modelo coyote.<\/p>\n<p><strong>Cada kit incluye:<\/strong><\/p>\n<ul>\n<li>Collarum\u00ae Thrower<\/li>\n<li>Cable de captura en vivo de 5\/32 \u00abcon amortiguador en l\u00ednea y giratorio<\/li>\n<li>Clips extra<\/li>\n<\/ul>\n<p><strong>NO INCLUYE SISTEMA DE ANCLAJE<\/strong><\/p>\n<p>Accede a las instrucciones en l\u00ednea a trav\u00e9s de la pesta\u00f1a \u00abVideos\u00bb<\/p>\n<p><strong><a title=\"Collarum Instructions\" href=\"http:\/\/www.wildlifecontrolsupplies.com\/pdf\/Collarum_Instructions.pdf\" target=\"_blank\" rel=\"noopener\">Haga clic aqu\u00ed para obtener instrucciones del producto<\/a><\/strong><\/p>","protected":false},"excerpt":{"rendered":"<p>C\u00f3digo de producto: NWSCDM03<\/p>\n<p><iframe loading=\"lazy\" src=\"https:\/\/www.youtube.com\/embed\/CZ-m8TIS354?autoplay=0&amp;fs=0&amp;iv_load_policy=3&amp;showinfo=0&amp;rel=0&amp;cc_load_policy=0&amp;start=0&amp;end=0&amp;origin=https:\/\/youtubeembedcode.com\" width=\"788.54\" height=\"443\" frameborder=\"0\" marginwidth=\"0\" marginheight=\"0\" scrolling=\"no\"><\/iframe><\/p>\n<p>&nbsp;<\/p>\n","protected":false},"featured_media":68,"template":"","meta":[],"product_brand":[],"product_cat":[23],"product_tag":[],"class_list":{"0":"post-67","1":"product","2":"type-product","3":"status-publish","4":"has-post-thumbnail","6":"product_cat-trampas-de-retencion","8":"first","9":"instock","10":"shipping-taxable","11":"purchasable","12":"product-type-simple"},"yoast_head":"<!-- This site is optimized with the Yoast SEO plugin v27.0 - https:\/\/yoast.com\/product\/yoast-seo-wordpress\/ -->\n<title>COLLARUM\u00ae live capture canine device (Fox Model) - Wildlife Control Supplies EU<\/title>\n<meta name=\"robots\" content=\"index, follow, max-snippet:-1, max-image-preview:large, max-video-preview:-1\" \/>\n<link rel=\"canonical\" href=\"https:\/\/shopwcseu.com\/producto\/collarum-live-canine-capture-method\/\" \/>\n<meta property=\"og:locale\" content=\"es_ES\" \/>\n<meta property=\"og:type\" content=\"article\" \/>\n<meta property=\"og:title\" content=\"COLLARUM\u00ae live capture canine device (Fox Model) - Wildlife Control Supplies EU\" \/>\n<meta property=\"og:description\" content=\"[:en]Product Code: NWSCDM03[:es]C\u00f3digo de producto: NWSCDM03&nbsp;[:fr]Code de produit: NWSCDM03  [:]\" \/>\n<meta property=\"og:url\" content=\"https:\/\/shopwcseu.com\/producto\/collarum-live-canine-capture-method\/\" \/>\n<meta property=\"og:site_name\" content=\"Wildlife Control Supplies EU\" \/>\n<meta property=\"article:modified_time\" content=\"2025-12-23T09:40:21+00:00\" \/>\n<meta property=\"og:image\" content=\"https:\/\/shopwcseu.com\/wp-content\/uploads\/2018\/09\/Fox_Collarum_Set_500px_wfox.jpg\" \/>\n\t<meta property=\"og:image:width\" content=\"500\" \/>\n\t<meta property=\"og:image:height\" content=\"500\" \/>\n\t<meta property=\"og:image:type\" content=\"image\/jpeg\" \/>\n<meta name=\"twitter:card\" content=\"summary_large_image\" \/>\n<meta name=\"twitter:label1\" content=\"Tiempo de lectura\" \/>\n\t<meta name=\"twitter:data1\" content=\"2 minutos\" \/>\n<script type=\"application\/ld+json\" class=\"yoast-schema-graph\">{\"@context\":\"https:\/\/schema.org\",\"@graph\":[{\"@type\":\"WebPage\",\"@id\":\"https:\/\/shopwcseu.com\/producto\/collarum-live-canine-capture-method\/\",\"url\":\"https:\/\/shopwcseu.com\/producto\/collarum-live-canine-capture-method\/\",\"name\":\"COLLARUM\u00ae live capture canine device (Fox Model) - Wildlife Control Supplies EU\",\"isPartOf\":{\"@id\":\"https:\/\/shopwcseu.com\/es\/#website\"},\"primaryImageOfPage\":{\"@id\":\"https:\/\/shopwcseu.com\/producto\/collarum-live-canine-capture-method\/#primaryimage\"},\"image\":{\"@id\":\"https:\/\/shopwcseu.com\/producto\/collarum-live-canine-capture-method\/#primaryimage\"},\"thumbnailUrl\":\"https:\/\/shopwcseu.com\/wp-content\/uploads\/2018\/09\/Fox_Collarum_Set_500px_wfox.jpg\",\"datePublished\":\"2018-09-18T18:09:20+00:00\",\"dateModified\":\"2025-12-23T09:40:21+00:00\",\"breadcrumb\":{\"@id\":\"https:\/\/shopwcseu.com\/producto\/collarum-live-canine-capture-method\/#breadcrumb\"},\"inLanguage\":\"es\",\"potentialAction\":[{\"@type\":\"ReadAction\",\"target\":[\"https:\/\/shopwcseu.com\/producto\/collarum-live-canine-capture-method\/\"]}]},{\"@type\":\"ImageObject\",\"inLanguage\":\"es\",\"@id\":\"https:\/\/shopwcseu.com\/producto\/collarum-live-canine-capture-method\/#primaryimage\",\"url\":\"https:\/\/shopwcseu.com\/wp-content\/uploads\/2018\/09\/Fox_Collarum_Set_500px_wfox.jpg\",\"contentUrl\":\"https:\/\/shopwcseu.com\/wp-content\/uploads\/2018\/09\/Fox_Collarum_Set_500px_wfox.jpg\",\"width\":500,\"height\":500},{\"@type\":\"BreadcrumbList\",\"@id\":\"https:\/\/shopwcseu.com\/producto\/collarum-live-canine-capture-method\/#breadcrumb\",\"itemListElement\":[{\"@type\":\"ListItem\",\"position\":1,\"name\":\"Home\",\"item\":\"https:\/\/shopwcseu.com\/es\/\"},{\"@type\":\"ListItem\",\"position\":2,\"name\":\"Productos\",\"item\":\"https:\/\/shopwcseu.com\/es\/products\/\"},{\"@type\":\"ListItem\",\"position\":3,\"name\":\"COLLARUM\u00ae live capture canine device (Fox Model)\"}]},{\"@type\":\"WebSite\",\"@id\":\"https:\/\/shopwcseu.com\/es\/#website\",\"url\":\"https:\/\/shopwcseu.com\/es\/\",\"name\":\"Wildlife Control Supplies EU\",\"description\":\"La tienda de suministros de material de captura m\u00e1s grande de Europa\",\"potentialAction\":[{\"@type\":\"SearchAction\",\"target\":{\"@type\":\"EntryPoint\",\"urlTemplate\":\"https:\/\/shopwcseu.com\/es\/?s={search_term_string}\"},\"query-input\":{\"@type\":\"PropertyValueSpecification\",\"valueRequired\":true,\"valueName\":\"search_term_string\"}}],\"inLanguage\":\"es\"}]}<\/script>\n<!-- \/ Yoast SEO plugin. -->","yoast_head_json":{"title":"COLLARUM\u00ae live capture canine device (Fox Model) - Wildlife Control Supplies EU","robots":{"index":"index","follow":"follow","max-snippet":"max-snippet:-1","max-image-preview":"max-image-preview:large","max-video-preview":"max-video-preview:-1"},"canonical":"https:\/\/shopwcseu.com\/producto\/collarum-live-canine-capture-method\/","og_locale":"es_ES","og_type":"article","og_title":"COLLARUM\u00ae live capture canine device (Fox Model) - Wildlife Control Supplies EU","og_description":"[:en]Product Code: NWSCDM03[:es]C\u00f3digo de producto: NWSCDM03&nbsp;[:fr]Code de produit: NWSCDM03  [:]","og_url":"https:\/\/shopwcseu.com\/producto\/collarum-live-canine-capture-method\/","og_site_name":"Wildlife Control Supplies EU","article_modified_time":"2025-12-23T09:40:21+00:00","og_image":[{"width":500,"height":500,"url":"https:\/\/shopwcseu.com\/wp-content\/uploads\/2018\/09\/Fox_Collarum_Set_500px_wfox.jpg","type":"image\/jpeg"}],"twitter_card":"summary_large_image","twitter_misc":{"Tiempo de lectura":"2 minutos"},"schema":{"@context":"https:\/\/schema.org","@graph":[{"@type":"WebPage","@id":"https:\/\/shopwcseu.com\/producto\/collarum-live-canine-capture-method\/","url":"https:\/\/shopwcseu.com\/producto\/collarum-live-canine-capture-method\/","name":"COLLARUM\u00ae live capture canine device (Fox Model) - Wildlife Control Supplies EU","isPartOf":{"@id":"https:\/\/shopwcseu.com\/es\/#website"},"primaryImageOfPage":{"@id":"https:\/\/shopwcseu.com\/producto\/collarum-live-canine-capture-method\/#primaryimage"},"image":{"@id":"https:\/\/shopwcseu.com\/producto\/collarum-live-canine-capture-method\/#primaryimage"},"thumbnailUrl":"https:\/\/shopwcseu.com\/wp-content\/uploads\/2018\/09\/Fox_Collarum_Set_500px_wfox.jpg","datePublished":"2018-09-18T18:09:20+00:00","dateModified":"2025-12-23T09:40:21+00:00","breadcrumb":{"@id":"https:\/\/shopwcseu.com\/producto\/collarum-live-canine-capture-method\/#breadcrumb"},"inLanguage":"es","potentialAction":[{"@type":"ReadAction","target":["https:\/\/shopwcseu.com\/producto\/collarum-live-canine-capture-method\/"]}]},{"@type":"ImageObject","inLanguage":"es","@id":"https:\/\/shopwcseu.com\/producto\/collarum-live-canine-capture-method\/#primaryimage","url":"https:\/\/shopwcseu.com\/wp-content\/uploads\/2018\/09\/Fox_Collarum_Set_500px_wfox.jpg","contentUrl":"https:\/\/shopwcseu.com\/wp-content\/uploads\/2018\/09\/Fox_Collarum_Set_500px_wfox.jpg","width":500,"height":500},{"@type":"BreadcrumbList","@id":"https:\/\/shopwcseu.com\/producto\/collarum-live-canine-capture-method\/#breadcrumb","itemListElement":[{"@type":"ListItem","position":1,"name":"Home","item":"https:\/\/shopwcseu.com\/es\/"},{"@type":"ListItem","position":2,"name":"Productos","item":"https:\/\/shopwcseu.com\/es\/products\/"},{"@type":"ListItem","position":3,"name":"COLLARUM\u00ae live capture canine device (Fox Model)"}]},{"@type":"WebSite","@id":"https:\/\/shopwcseu.com\/es\/#website","url":"https:\/\/shopwcseu.com\/es\/","name":"Wildlife Control Supplies EU","description":"La tienda de suministros de material de captura m\u00e1s grande de Europa","potentialAction":[{"@type":"SearchAction","target":{"@type":"EntryPoint","urlTemplate":"https:\/\/shopwcseu.com\/es\/?s={search_term_string}"},"query-input":{"@type":"PropertyValueSpecification","valueRequired":true,"valueName":"search_term_string"}}],"inLanguage":"es"}]}},"_links":{"self":[{"href":"https:\/\/shopwcseu.com\/es\/wp-json\/wp\/v2\/product\/67","targetHints":{"allow":["GET"]}}],"collection":[{"href":"https:\/\/shopwcseu.com\/es\/wp-json\/wp\/v2\/product"}],"about":[{"href":"https:\/\/shopwcseu.com\/es\/wp-json\/wp\/v2\/types\/product"}],"wp:featuredmedia":[{"embeddable":true,"href":"https:\/\/shopwcseu.com\/es\/wp-json\/wp\/v2\/media\/68"}],"wp:attachment":[{"href":"https:\/\/shopwcseu.com\/es\/wp-json\/wp\/v2\/media?parent=67"}],"wp:term":[{"taxonomy":"product_brand","embeddable":true,"href":"https:\/\/shopwcseu.com\/es\/wp-json\/wp\/v2\/product_brand?post=67"},{"taxonomy":"product_cat","embeddable":true,"href":"https:\/\/shopwcseu.com\/es\/wp-json\/wp\/v2\/product_cat?post=67"},{"taxonomy":"product_tag","embeddable":true,"href":"https:\/\/shopwcseu.com\/es\/wp-json\/wp\/v2\/product_tag?post=67"}],"curies":[{"name":"wp","href":"https:\/\/api.w.org\/{rel}","templated":true}]}}