{"id":624,"date":"2018-10-10T20:04:45","date_gmt":"2018-10-10T20:04:45","guid":{"rendered":"http:\/\/shopwcseu.com\/?post_type=product&#038;p=624"},"modified":"2023-12-05T06:38:17","modified_gmt":"2023-12-05T06:38:17","slug":"safeguard-50450","status":"publish","type":"product","link":"https:\/\/shopwcseu.com\/es\/producto\/safeguard-50450\/","title":{"rendered":"SAFEGUARD 50450"},"content":{"rendered":"<p>No pleagble<\/p>\n<p>Non Pliable.<\/p>\n<p>Dimensions: 45,72 x 12,07 x 12,07 cms<\/p>\n<p><strong>Safeguard 50450 front-release 18&#8243; x 5&#8243; x 5&#8243; cage trap with a solid back<\/strong>\u00a0is great for squirrels of all types, chipmunks, weasel, rats, etc. Easy to set and bait. Bait this trap with peanuts, walnuts, peanut butter or your favorite professionally prepared bait.\u00a0 Lead squirrels into the trap by placing a couple of shelled peanuts in the entrance of the trap.<\/p>\n<p><strong>STANDARD SERIES FEATURES:<\/strong><\/p>\n<ul>\n<li>All traps of 24&#8243; and larger are made of Galfan\u00ae wire as opposed to common galvanized wire for a higher corrosion resistance, resulting in a three-times longer life.<\/li>\n<li>Safeguard Traps are made with a heavy-duty reinforced spring-loaded door, to provide maximum performance and superior animal retention.<\/li>\n<li>All traps include a heavy-duty bait tray designed to eliminate damage by trapped animals.<\/li>\n<li>Safeguard Traps are available in a Front Release or Rear Release models for easier baiting and a safer release process.<\/li>\n<li>All traps are made in the USA are are covered by a 1 year warranty against manufacturer&#8217;s defects.<\/li>\n<\/ul>\n<p><strong>TIP:<\/strong>\u00a0Bait placement should be all the way to the rear of the trap, beyond the triggering pan.\u00a0DO NOT\u00a0smear or place directly on the triggering pan. \u00a0You want the animal to pass over and onto the triggering pan with their focus and attention on the bait.<\/p>\n<p>Le pi\u00e8ge \u00e0 cage \u00e0 blocage frontal Safeguard 50450 de 18 \u00abx 5\u00bb x 5 \u00abest id\u00e9al pour les \u00e9cureuils de tous types, tamias, belettes, rats, etc. Facile \u00e0 installer et \u00e0 servir. Amorcez ce pi\u00e8ge avec des cacahu\u00e8tes, des noix, des arachides beurre ou vos app\u00e2ts pr\u00e9f\u00e9r\u00e9s pr\u00e9par\u00e9s de fa\u00e7on professionnelle.Prenez les \u00e9cureuils dans le pi\u00e8ge en pla\u00e7ant un couple de cacahu\u00e8tes d\u00e9cortiqu\u00e9es dans l\u2019entr\u00e9e du pi\u00e8ge.<\/p>\n<p>CARACT\u00c9RISTIQUES DE LA S\u00c9RIE STANDARD:<\/p>\n<p>Tous les pi\u00e8ges de 24 \u00abet plus sont fabriqu\u00e9s en fil Galfan\u00ae, par opposition au fil galvanis\u00e9 ordinaire, pour une r\u00e9sistance accrue \u00e0 la corrosion, prolongeant de trois fois la dur\u00e9e de vie.<br \/>\nLes pi\u00e8ges de s\u00e9curit\u00e9 sont fabriqu\u00e9s avec une porte \u00e0 ressort renforc\u00e9e et renforc\u00e9e, pour fournir une performance maximale et une r\u00e9tention animale sup\u00e9rieure.<br \/>\nTous les pi\u00e8ges comprennent un plateau \u00e0 app\u00e2ts r\u00e9sistant con\u00e7u pour \u00e9liminer les dommages caus\u00e9s par les animaux pi\u00e9g\u00e9s.<br \/>\nLes pi\u00e8ges de s\u00e9curit\u00e9 sont disponibles dans les mod\u00e8les \u00e0 lib\u00e9ration frontale ou \u00e0 lib\u00e9ration arri\u00e8re pour faciliter l&#8217;app\u00e2tage et un processus de lib\u00e9ration plus s\u00fbr.<br \/>\nTous les pi\u00e8ges sont fabriqu\u00e9s aux \u00c9tats-Unis et sont couverts par une garantie d&#8217;un an contre les d\u00e9fauts de fabrication.<br \/>\nCONSEIL: Le placement de l&#8217;app\u00e2t doit \u00eatre compl\u00e8tement \u00e0 l&#8217;arri\u00e8re du pi\u00e8ge, au-del\u00e0 du plateau d\u00e9clencheur. NE PAS frotter ou placer directement sur le plateau d\u00e9clencheur. Vous voulez que l&#8217;animal passe par-dessus et sur le plateau d\u00e9clencheur avec sa concentration et son attention sur l&#8217;app\u00e2t.<\/p>\n","protected":false},"excerpt":{"rendered":"<p>No pleagble Non Pliable. Dimensions: 45,72 x 12,07 x 12,07 cms Safeguard 50450 front-release 18&#8243; x 5&#8243; x 5&#8243; cage trap with a solid back\u00a0is great for squirrels of all types, chipmunks, weasel, rats, etc. Easy to set and bait. Bait this trap with peanuts, walnuts, peanut butter or your favorite professionally prepared bait.\u00a0 Lead [&hellip;]<\/p>\n","protected":false},"featured_media":625,"template":"","meta":[],"product_brand":[],"product_cat":[38],"product_tag":[],"class_list":{"0":"post-624","1":"product","2":"type-product","3":"status-publish","4":"has-post-thumbnail","6":"product_cat-jaulas-trampa","8":"first","9":"instock","10":"shipping-taxable","11":"purchasable","12":"product-type-simple"},"yoast_head":"<!-- This site is optimized with the Yoast SEO plugin v27.0 - https:\/\/yoast.com\/product\/yoast-seo-wordpress\/ -->\n<title>SAFEGUARD 50450 - Wildlife Control Supplies EU<\/title>\n<meta name=\"robots\" content=\"index, follow, max-snippet:-1, max-image-preview:large, max-video-preview:-1\" \/>\n<link rel=\"canonical\" href=\"https:\/\/shopwcseu.com\/producto\/safeguard-50450\/\" \/>\n<meta property=\"og:locale\" content=\"es_ES\" \/>\n<meta property=\"og:type\" content=\"article\" \/>\n<meta property=\"og:title\" content=\"SAFEGUARD 50450 - Wildlife Control Supplies EU\" \/>\n<meta property=\"og:description\" content=\"No pleagble Non Pliable. Dimensions: 45,72 x 12,07 x 12,07 cms Safeguard 50450 front-release 18&#8243; x 5&#8243; x 5&#8243; cage trap with a solid back\u00a0is great for squirrels of all types, chipmunks, weasel, rats, etc. Easy to set and bait. Bait this trap with peanuts, walnuts, peanut butter or your favorite professionally prepared bait.\u00a0 Lead [&hellip;]\" \/>\n<meta property=\"og:url\" content=\"https:\/\/shopwcseu.com\/producto\/safeguard-50450\/\" \/>\n<meta property=\"og:site_name\" content=\"Wildlife Control Supplies EU\" \/>\n<meta property=\"article:modified_time\" content=\"2023-12-05T06:38:17+00:00\" \/>\n<meta property=\"og:image\" content=\"https:\/\/shopwcseu.com\/wp-content\/uploads\/2018\/10\/50063_med_242x147.jpg\" \/>\n\t<meta property=\"og:image:width\" content=\"242\" \/>\n\t<meta property=\"og:image:height\" content=\"147\" \/>\n\t<meta property=\"og:image:type\" content=\"image\/jpeg\" \/>\n<meta name=\"twitter:card\" content=\"summary_large_image\" \/>\n<meta name=\"twitter:label1\" content=\"Tiempo de lectura\" \/>\n\t<meta name=\"twitter:data1\" content=\"2 minutos\" \/>\n<script type=\"application\/ld+json\" class=\"yoast-schema-graph\">{\"@context\":\"https:\/\/schema.org\",\"@graph\":[{\"@type\":\"WebPage\",\"@id\":\"https:\/\/shopwcseu.com\/producto\/safeguard-50450\/\",\"url\":\"https:\/\/shopwcseu.com\/producto\/safeguard-50450\/\",\"name\":\"SAFEGUARD 50450 - Wildlife Control Supplies EU\",\"isPartOf\":{\"@id\":\"https:\/\/shopwcseu.com\/es\/#website\"},\"primaryImageOfPage\":{\"@id\":\"https:\/\/shopwcseu.com\/producto\/safeguard-50450\/#primaryimage\"},\"image\":{\"@id\":\"https:\/\/shopwcseu.com\/producto\/safeguard-50450\/#primaryimage\"},\"thumbnailUrl\":\"https:\/\/shopwcseu.com\/wp-content\/uploads\/2018\/10\/50063_med_242x147.jpg\",\"datePublished\":\"2018-10-10T20:04:45+00:00\",\"dateModified\":\"2023-12-05T06:38:17+00:00\",\"breadcrumb\":{\"@id\":\"https:\/\/shopwcseu.com\/producto\/safeguard-50450\/#breadcrumb\"},\"inLanguage\":\"es\",\"potentialAction\":[{\"@type\":\"ReadAction\",\"target\":[\"https:\/\/shopwcseu.com\/producto\/safeguard-50450\/\"]}]},{\"@type\":\"ImageObject\",\"inLanguage\":\"es\",\"@id\":\"https:\/\/shopwcseu.com\/producto\/safeguard-50450\/#primaryimage\",\"url\":\"https:\/\/shopwcseu.com\/wp-content\/uploads\/2018\/10\/50063_med_242x147.jpg\",\"contentUrl\":\"https:\/\/shopwcseu.com\/wp-content\/uploads\/2018\/10\/50063_med_242x147.jpg\",\"width\":242,\"height\":147},{\"@type\":\"BreadcrumbList\",\"@id\":\"https:\/\/shopwcseu.com\/producto\/safeguard-50450\/#breadcrumb\",\"itemListElement\":[{\"@type\":\"ListItem\",\"position\":1,\"name\":\"Home\",\"item\":\"https:\/\/shopwcseu.com\/es\/\"},{\"@type\":\"ListItem\",\"position\":2,\"name\":\"Productos\",\"item\":\"https:\/\/shopwcseu.com\/es\/products\/\"},{\"@type\":\"ListItem\",\"position\":3,\"name\":\"SAFEGUARD 50450\"}]},{\"@type\":\"WebSite\",\"@id\":\"https:\/\/shopwcseu.com\/es\/#website\",\"url\":\"https:\/\/shopwcseu.com\/es\/\",\"name\":\"Wildlife Control Supplies EU\",\"description\":\"La tienda de suministros de material de captura m\u00e1s grande de Europa\",\"potentialAction\":[{\"@type\":\"SearchAction\",\"target\":{\"@type\":\"EntryPoint\",\"urlTemplate\":\"https:\/\/shopwcseu.com\/es\/?s={search_term_string}\"},\"query-input\":{\"@type\":\"PropertyValueSpecification\",\"valueRequired\":true,\"valueName\":\"search_term_string\"}}],\"inLanguage\":\"es\"}]}<\/script>\n<!-- \/ Yoast SEO plugin. -->","yoast_head_json":{"title":"SAFEGUARD 50450 - Wildlife Control Supplies EU","robots":{"index":"index","follow":"follow","max-snippet":"max-snippet:-1","max-image-preview":"max-image-preview:large","max-video-preview":"max-video-preview:-1"},"canonical":"https:\/\/shopwcseu.com\/producto\/safeguard-50450\/","og_locale":"es_ES","og_type":"article","og_title":"SAFEGUARD 50450 - Wildlife Control Supplies EU","og_description":"No pleagble Non Pliable. Dimensions: 45,72 x 12,07 x 12,07 cms Safeguard 50450 front-release 18&#8243; x 5&#8243; x 5&#8243; cage trap with a solid back\u00a0is great for squirrels of all types, chipmunks, weasel, rats, etc. Easy to set and bait. Bait this trap with peanuts, walnuts, peanut butter or your favorite professionally prepared bait.\u00a0 Lead [&hellip;]","og_url":"https:\/\/shopwcseu.com\/producto\/safeguard-50450\/","og_site_name":"Wildlife Control Supplies EU","article_modified_time":"2023-12-05T06:38:17+00:00","og_image":[{"width":242,"height":147,"url":"https:\/\/shopwcseu.com\/wp-content\/uploads\/2018\/10\/50063_med_242x147.jpg","type":"image\/jpeg"}],"twitter_card":"summary_large_image","twitter_misc":{"Tiempo de lectura":"2 minutos"},"schema":{"@context":"https:\/\/schema.org","@graph":[{"@type":"WebPage","@id":"https:\/\/shopwcseu.com\/producto\/safeguard-50450\/","url":"https:\/\/shopwcseu.com\/producto\/safeguard-50450\/","name":"SAFEGUARD 50450 - Wildlife Control Supplies EU","isPartOf":{"@id":"https:\/\/shopwcseu.com\/es\/#website"},"primaryImageOfPage":{"@id":"https:\/\/shopwcseu.com\/producto\/safeguard-50450\/#primaryimage"},"image":{"@id":"https:\/\/shopwcseu.com\/producto\/safeguard-50450\/#primaryimage"},"thumbnailUrl":"https:\/\/shopwcseu.com\/wp-content\/uploads\/2018\/10\/50063_med_242x147.jpg","datePublished":"2018-10-10T20:04:45+00:00","dateModified":"2023-12-05T06:38:17+00:00","breadcrumb":{"@id":"https:\/\/shopwcseu.com\/producto\/safeguard-50450\/#breadcrumb"},"inLanguage":"es","potentialAction":[{"@type":"ReadAction","target":["https:\/\/shopwcseu.com\/producto\/safeguard-50450\/"]}]},{"@type":"ImageObject","inLanguage":"es","@id":"https:\/\/shopwcseu.com\/producto\/safeguard-50450\/#primaryimage","url":"https:\/\/shopwcseu.com\/wp-content\/uploads\/2018\/10\/50063_med_242x147.jpg","contentUrl":"https:\/\/shopwcseu.com\/wp-content\/uploads\/2018\/10\/50063_med_242x147.jpg","width":242,"height":147},{"@type":"BreadcrumbList","@id":"https:\/\/shopwcseu.com\/producto\/safeguard-50450\/#breadcrumb","itemListElement":[{"@type":"ListItem","position":1,"name":"Home","item":"https:\/\/shopwcseu.com\/es\/"},{"@type":"ListItem","position":2,"name":"Productos","item":"https:\/\/shopwcseu.com\/es\/products\/"},{"@type":"ListItem","position":3,"name":"SAFEGUARD 50450"}]},{"@type":"WebSite","@id":"https:\/\/shopwcseu.com\/es\/#website","url":"https:\/\/shopwcseu.com\/es\/","name":"Wildlife Control Supplies EU","description":"La tienda de suministros de material de captura m\u00e1s grande de Europa","potentialAction":[{"@type":"SearchAction","target":{"@type":"EntryPoint","urlTemplate":"https:\/\/shopwcseu.com\/es\/?s={search_term_string}"},"query-input":{"@type":"PropertyValueSpecification","valueRequired":true,"valueName":"search_term_string"}}],"inLanguage":"es"}]}},"_links":{"self":[{"href":"https:\/\/shopwcseu.com\/es\/wp-json\/wp\/v2\/product\/624","targetHints":{"allow":["GET"]}}],"collection":[{"href":"https:\/\/shopwcseu.com\/es\/wp-json\/wp\/v2\/product"}],"about":[{"href":"https:\/\/shopwcseu.com\/es\/wp-json\/wp\/v2\/types\/product"}],"wp:featuredmedia":[{"embeddable":true,"href":"https:\/\/shopwcseu.com\/es\/wp-json\/wp\/v2\/media\/625"}],"wp:attachment":[{"href":"https:\/\/shopwcseu.com\/es\/wp-json\/wp\/v2\/media?parent=624"}],"wp:term":[{"taxonomy":"product_brand","embeddable":true,"href":"https:\/\/shopwcseu.com\/es\/wp-json\/wp\/v2\/product_brand?post=624"},{"taxonomy":"product_cat","embeddable":true,"href":"https:\/\/shopwcseu.com\/es\/wp-json\/wp\/v2\/product_cat?post=624"},{"taxonomy":"product_tag","embeddable":true,"href":"https:\/\/shopwcseu.com\/es\/wp-json\/wp\/v2\/product_tag?post=624"}],"curies":[{"name":"wp","href":"https:\/\/api.w.org\/{rel}","templated":true}]}}