{"id":616,"date":"2018-10-10T19:42:30","date_gmt":"2018-10-10T19:42:30","guid":{"rendered":"http:\/\/shopwcseu.com\/?post_type=product&#038;p=616"},"modified":"2024-01-03T10:56:23","modified_gmt":"2024-01-03T10:56:23","slug":"tomahawk-2025","status":"publish","type":"product","link":"https:\/\/shopwcseu.com\/es\/producto\/tomahawk-2025\/","title":{"rendered":"TOMAHAWK 202,5"},"content":{"rendered":"<p>Trampa plegable de USA<\/p>\n<p>Cage piege made in USA<\/p>\n<p>Dimensions: 48,26 x 15,24 x 15,24 cms.<\/p>\n<p><strong>Tomahawk Model 202.5<\/strong>\u00a0is a collapsible live trap for chipmunks, gophers, rats, squirrels, and similar size animals. It is the same size as model 202 but features a 1\/2&#8243; x 1&#8243; &#8211; 16 gauge mesh frame. The smaller mesh size allows you to capture smaller animals. Collapsible traps are simple to operate, can be folded flat in seconds, and set up just as quickly. Collapsible traps fold to about 1\/10th the space when not deployed, yet they come completely assembled. This trap weighs three pounds and measures 19L x 6W x 6H.<\/p>\n<p>Le mod\u00e8le 202.5 de Tomahawk est un pi\u00e8ge vivant repliable pour tamias, gophers, rats, \u00e9cureuils et animaux de taille similaire. Il a les m\u00eames dimensions que le mod\u00e8le 202, mais dispose d&#8217;un cadre en treillis de calibre 16 1\/2 \u00ab. Le maillage plus petit vous permet de capturer des animaux plus petits. Les pi\u00e8ges pliants sont simples \u00e0 utiliser, peuvent \u00eatre repli\u00e9s \u00e0 plat en quelques secondes et install\u00e9s aussi rapidement. Les pi\u00e8ges pliables se plient \u00e0 environ 1 \/ 10\u00e8me de l&#8217;espace lorsqu&#8217;il n&#8217;est pas d\u00e9ploy\u00e9, mais ils sont compl\u00e8tement assembl\u00e9s. Ce pi\u00e8ge p\u00e8se trois livres et mesure 19L x 6W x 6H.<\/p>\n","protected":false},"excerpt":{"rendered":"<p>Trampa plegable de USA Cage piege made in USA Dimensions: 48,26 x 15,24 x 15,24 cms. Tomahawk Model 202.5\u00a0is a collapsible live trap for chipmunks, gophers, rats, squirrels, and similar size animals. It is the same size as model 202 but features a 1\/2&#8243; x 1&#8243; &#8211; 16 gauge mesh frame. The smaller mesh size [&hellip;]<\/p>\n","protected":false},"featured_media":617,"template":"","meta":[],"product_brand":[],"product_cat":[38],"product_tag":[],"class_list":{"0":"post-616","1":"product","2":"type-product","3":"status-publish","4":"has-post-thumbnail","6":"product_cat-jaulas-trampa","8":"first","9":"instock","10":"shipping-taxable","11":"purchasable","12":"product-type-simple"},"yoast_head":"<!-- This site is optimized with the Yoast SEO plugin v27.0 - https:\/\/yoast.com\/product\/yoast-seo-wordpress\/ -->\n<title>TOMAHAWK 202,5 - Wildlife Control Supplies EU<\/title>\n<meta name=\"robots\" content=\"index, follow, max-snippet:-1, max-image-preview:large, max-video-preview:-1\" \/>\n<link rel=\"canonical\" href=\"https:\/\/shopwcseu.com\/producto\/tomahawk-2025\/\" \/>\n<meta property=\"og:locale\" content=\"es_ES\" \/>\n<meta property=\"og:type\" content=\"article\" \/>\n<meta property=\"og:title\" content=\"TOMAHAWK 202,5 - Wildlife Control Supplies EU\" \/>\n<meta property=\"og:description\" content=\"Trampa plegable de USA Cage piege made in USA Dimensions: 48,26 x 15,24 x 15,24 cms. Tomahawk Model 202.5\u00a0is a collapsible live trap for chipmunks, gophers, rats, squirrels, and similar size animals. It is the same size as model 202 but features a 1\/2&#8243; x 1&#8243; &#8211; 16 gauge mesh frame. The smaller mesh size [&hellip;]\" \/>\n<meta property=\"og:url\" content=\"https:\/\/shopwcseu.com\/producto\/tomahawk-2025\/\" \/>\n<meta property=\"og:site_name\" content=\"Wildlife Control Supplies EU\" \/>\n<meta property=\"article:modified_time\" content=\"2024-01-03T10:56:23+00:00\" \/>\n<meta property=\"og:image\" content=\"https:\/\/shopwcseu.com\/wp-content\/uploads\/2018\/10\/TLT202.5_900px_540x540.jpg\" \/>\n\t<meta property=\"og:image:width\" content=\"540\" \/>\n\t<meta property=\"og:image:height\" content=\"540\" \/>\n\t<meta property=\"og:image:type\" content=\"image\/jpeg\" \/>\n<meta name=\"twitter:card\" content=\"summary_large_image\" \/>\n<meta name=\"twitter:label1\" content=\"Tiempo de lectura\" \/>\n\t<meta name=\"twitter:data1\" content=\"1 minuto\" \/>\n<script type=\"application\/ld+json\" class=\"yoast-schema-graph\">{\"@context\":\"https:\/\/schema.org\",\"@graph\":[{\"@type\":\"WebPage\",\"@id\":\"https:\/\/shopwcseu.com\/producto\/tomahawk-2025\/\",\"url\":\"https:\/\/shopwcseu.com\/producto\/tomahawk-2025\/\",\"name\":\"TOMAHAWK 202,5 - Wildlife Control Supplies EU\",\"isPartOf\":{\"@id\":\"https:\/\/shopwcseu.com\/es\/#website\"},\"primaryImageOfPage\":{\"@id\":\"https:\/\/shopwcseu.com\/producto\/tomahawk-2025\/#primaryimage\"},\"image\":{\"@id\":\"https:\/\/shopwcseu.com\/producto\/tomahawk-2025\/#primaryimage\"},\"thumbnailUrl\":\"https:\/\/shopwcseu.com\/wp-content\/uploads\/2018\/10\/TLT202.5_900px_540x540.jpg\",\"datePublished\":\"2018-10-10T19:42:30+00:00\",\"dateModified\":\"2024-01-03T10:56:23+00:00\",\"breadcrumb\":{\"@id\":\"https:\/\/shopwcseu.com\/producto\/tomahawk-2025\/#breadcrumb\"},\"inLanguage\":\"es\",\"potentialAction\":[{\"@type\":\"ReadAction\",\"target\":[\"https:\/\/shopwcseu.com\/producto\/tomahawk-2025\/\"]}]},{\"@type\":\"ImageObject\",\"inLanguage\":\"es\",\"@id\":\"https:\/\/shopwcseu.com\/producto\/tomahawk-2025\/#primaryimage\",\"url\":\"https:\/\/shopwcseu.com\/wp-content\/uploads\/2018\/10\/TLT202.5_900px_540x540.jpg\",\"contentUrl\":\"https:\/\/shopwcseu.com\/wp-content\/uploads\/2018\/10\/TLT202.5_900px_540x540.jpg\",\"width\":540,\"height\":540},{\"@type\":\"BreadcrumbList\",\"@id\":\"https:\/\/shopwcseu.com\/producto\/tomahawk-2025\/#breadcrumb\",\"itemListElement\":[{\"@type\":\"ListItem\",\"position\":1,\"name\":\"Home\",\"item\":\"https:\/\/shopwcseu.com\/es\/\"},{\"@type\":\"ListItem\",\"position\":2,\"name\":\"Productos\",\"item\":\"https:\/\/shopwcseu.com\/es\/products\/\"},{\"@type\":\"ListItem\",\"position\":3,\"name\":\"TOMAHAWK 202,5\"}]},{\"@type\":\"WebSite\",\"@id\":\"https:\/\/shopwcseu.com\/es\/#website\",\"url\":\"https:\/\/shopwcseu.com\/es\/\",\"name\":\"Wildlife Control Supplies EU\",\"description\":\"La tienda de suministros de material de captura m\u00e1s grande de Europa\",\"potentialAction\":[{\"@type\":\"SearchAction\",\"target\":{\"@type\":\"EntryPoint\",\"urlTemplate\":\"https:\/\/shopwcseu.com\/es\/?s={search_term_string}\"},\"query-input\":{\"@type\":\"PropertyValueSpecification\",\"valueRequired\":true,\"valueName\":\"search_term_string\"}}],\"inLanguage\":\"es\"}]}<\/script>\n<!-- \/ Yoast SEO plugin. -->","yoast_head_json":{"title":"TOMAHAWK 202,5 - Wildlife Control Supplies EU","robots":{"index":"index","follow":"follow","max-snippet":"max-snippet:-1","max-image-preview":"max-image-preview:large","max-video-preview":"max-video-preview:-1"},"canonical":"https:\/\/shopwcseu.com\/producto\/tomahawk-2025\/","og_locale":"es_ES","og_type":"article","og_title":"TOMAHAWK 202,5 - Wildlife Control Supplies EU","og_description":"Trampa plegable de USA Cage piege made in USA Dimensions: 48,26 x 15,24 x 15,24 cms. Tomahawk Model 202.5\u00a0is a collapsible live trap for chipmunks, gophers, rats, squirrels, and similar size animals. It is the same size as model 202 but features a 1\/2&#8243; x 1&#8243; &#8211; 16 gauge mesh frame. The smaller mesh size [&hellip;]","og_url":"https:\/\/shopwcseu.com\/producto\/tomahawk-2025\/","og_site_name":"Wildlife Control Supplies EU","article_modified_time":"2024-01-03T10:56:23+00:00","og_image":[{"width":540,"height":540,"url":"https:\/\/shopwcseu.com\/wp-content\/uploads\/2018\/10\/TLT202.5_900px_540x540.jpg","type":"image\/jpeg"}],"twitter_card":"summary_large_image","twitter_misc":{"Tiempo de lectura":"1 minuto"},"schema":{"@context":"https:\/\/schema.org","@graph":[{"@type":"WebPage","@id":"https:\/\/shopwcseu.com\/producto\/tomahawk-2025\/","url":"https:\/\/shopwcseu.com\/producto\/tomahawk-2025\/","name":"TOMAHAWK 202,5 - Wildlife Control Supplies EU","isPartOf":{"@id":"https:\/\/shopwcseu.com\/es\/#website"},"primaryImageOfPage":{"@id":"https:\/\/shopwcseu.com\/producto\/tomahawk-2025\/#primaryimage"},"image":{"@id":"https:\/\/shopwcseu.com\/producto\/tomahawk-2025\/#primaryimage"},"thumbnailUrl":"https:\/\/shopwcseu.com\/wp-content\/uploads\/2018\/10\/TLT202.5_900px_540x540.jpg","datePublished":"2018-10-10T19:42:30+00:00","dateModified":"2024-01-03T10:56:23+00:00","breadcrumb":{"@id":"https:\/\/shopwcseu.com\/producto\/tomahawk-2025\/#breadcrumb"},"inLanguage":"es","potentialAction":[{"@type":"ReadAction","target":["https:\/\/shopwcseu.com\/producto\/tomahawk-2025\/"]}]},{"@type":"ImageObject","inLanguage":"es","@id":"https:\/\/shopwcseu.com\/producto\/tomahawk-2025\/#primaryimage","url":"https:\/\/shopwcseu.com\/wp-content\/uploads\/2018\/10\/TLT202.5_900px_540x540.jpg","contentUrl":"https:\/\/shopwcseu.com\/wp-content\/uploads\/2018\/10\/TLT202.5_900px_540x540.jpg","width":540,"height":540},{"@type":"BreadcrumbList","@id":"https:\/\/shopwcseu.com\/producto\/tomahawk-2025\/#breadcrumb","itemListElement":[{"@type":"ListItem","position":1,"name":"Home","item":"https:\/\/shopwcseu.com\/es\/"},{"@type":"ListItem","position":2,"name":"Productos","item":"https:\/\/shopwcseu.com\/es\/products\/"},{"@type":"ListItem","position":3,"name":"TOMAHAWK 202,5"}]},{"@type":"WebSite","@id":"https:\/\/shopwcseu.com\/es\/#website","url":"https:\/\/shopwcseu.com\/es\/","name":"Wildlife Control Supplies EU","description":"La tienda de suministros de material de captura m\u00e1s grande de Europa","potentialAction":[{"@type":"SearchAction","target":{"@type":"EntryPoint","urlTemplate":"https:\/\/shopwcseu.com\/es\/?s={search_term_string}"},"query-input":{"@type":"PropertyValueSpecification","valueRequired":true,"valueName":"search_term_string"}}],"inLanguage":"es"}]}},"_links":{"self":[{"href":"https:\/\/shopwcseu.com\/es\/wp-json\/wp\/v2\/product\/616","targetHints":{"allow":["GET"]}}],"collection":[{"href":"https:\/\/shopwcseu.com\/es\/wp-json\/wp\/v2\/product"}],"about":[{"href":"https:\/\/shopwcseu.com\/es\/wp-json\/wp\/v2\/types\/product"}],"wp:featuredmedia":[{"embeddable":true,"href":"https:\/\/shopwcseu.com\/es\/wp-json\/wp\/v2\/media\/617"}],"wp:attachment":[{"href":"https:\/\/shopwcseu.com\/es\/wp-json\/wp\/v2\/media?parent=616"}],"wp:term":[{"taxonomy":"product_brand","embeddable":true,"href":"https:\/\/shopwcseu.com\/es\/wp-json\/wp\/v2\/product_brand?post=616"},{"taxonomy":"product_cat","embeddable":true,"href":"https:\/\/shopwcseu.com\/es\/wp-json\/wp\/v2\/product_cat?post=616"},{"taxonomy":"product_tag","embeddable":true,"href":"https:\/\/shopwcseu.com\/es\/wp-json\/wp\/v2\/product_tag?post=616"}],"curies":[{"name":"wp","href":"https:\/\/api.w.org\/{rel}","templated":true}]}}