{"id":611,"date":"2018-10-10T19:35:00","date_gmt":"2018-10-10T19:35:00","guid":{"rendered":"http:\/\/shopwcseu.com\/?post_type=product&#038;p=611"},"modified":"2024-01-03T10:56:39","modified_gmt":"2024-01-03T10:56:39","slug":"tomahawk-208","status":"publish","type":"product","link":"https:\/\/shopwcseu.com\/es\/producto\/tomahawk-208\/","title":{"rendered":"TOMAHAWK 208"},"content":{"rendered":"<p>Trampa plegable de USA doble entrada.<\/p>\n<p>Cage piege made in USA . Deux entre\u00e9s.<\/p>\n<p>Dimensions: 106,68 x\u00a0 38,01 x 38,01 cms.<\/p>\n<p><strong>Tomahawk Live Trap, Model 208<\/strong>, is a collapsible trap with two trap doors for bobcats, foxes and similar size animals.<\/p>\n<p>Tomahawk Live Traps\u00a0Original Series Collapsible Traps with One Trap Door<\/p>\n<p>Superior quality.\u00a0 Same great design, materials, and specifications as all of our traps in the Tomahawk Original Series.<br \/>\nMinimal storage space required.\u00a0 Folds flat when not in use and take about 1\/10th the storage space as rigid traps.<br \/>\nSimple to fold and unfold.\u00a0Traps fold flat in just a few seconds, and set up just as quickly.<br \/>\nNo assembly required.\u00a0 Collapsible traps come completely assembled.<br \/>\nCarry more traps at one time.\u00a0 Collapsible traps allow you to carry and deploy more of them in the field at one time.<\/p>\n<p>Le pi\u00e8ge Tomahawk Live, mod\u00e8le 204, est un pi\u00e8ge pliable pour les renards,\u00a0 et les animaux de taille similaire.<\/p>\n<p>Tomahawk Live Traps Pi\u00e8ges d\u00e9montables de la s\u00e9rie originale avec une porte de pi\u00e8ge<\/p>\n<p>Qualit\u00e9 sup\u00e9rieure. Les m\u00eames conception, mat\u00e9riaux et sp\u00e9cifications que tous nos pi\u00e8ges de la s\u00e9rie Tomahawk Original.<br \/>\nEspace de stockage minimal requis. Se plie \u00e0 plat lorsqu&#8217;il n&#8217;est pas utilis\u00e9 et occupe environ 1\/10 de l&#8217;espace de stockage sous forme de pi\u00e8ge rigide.<br \/>\nSimple \u00e0 plier et d\u00e9plier. Les pi\u00e8ges se plient en quelques secondes et se mettent en place tout aussi rapidement.<br \/>\nAucun assemblage requis. Les pi\u00e8ges pliants sont livr\u00e9s compl\u00e8tement assembl\u00e9s.<br \/>\nPortez plus de pi\u00e8ges en m\u00eame temps. Les pi\u00e8ges pliables vous permettent de transporter et de d\u00e9ployer plusieurs d&#8217;entre eux sur le terrain en m\u00eame temps.<\/p>\n","protected":false},"excerpt":{"rendered":"<p>Trampa plegable de USA doble entrada. Cage piege made in USA . Deux entre\u00e9s. Dimensions: 106,68 x\u00a0 38,01 x 38,01 cms. Tomahawk Live Trap, Model 208, is a collapsible trap with two trap doors for bobcats, foxes and similar size animals. Tomahawk Live Traps\u00a0Original Series Collapsible Traps with One Trap Door Superior quality.\u00a0 Same great [&hellip;]<\/p>\n","protected":false},"featured_media":612,"template":"","meta":[],"product_brand":[],"product_cat":[38],"product_tag":[],"class_list":{"0":"post-611","1":"product","2":"type-product","3":"status-publish","4":"has-post-thumbnail","6":"product_cat-jaulas-trampa","8":"first","9":"instock","10":"shipping-taxable","11":"purchasable","12":"product-type-simple"},"yoast_head":"<!-- This site is optimized with the Yoast SEO plugin v27.0 - https:\/\/yoast.com\/product\/yoast-seo-wordpress\/ -->\n<title>TOMAHAWK 208 - Wildlife Control Supplies EU<\/title>\n<meta name=\"robots\" content=\"index, follow, max-snippet:-1, max-image-preview:large, max-video-preview:-1\" \/>\n<link rel=\"canonical\" href=\"https:\/\/shopwcseu.com\/producto\/tomahawk-208\/\" \/>\n<meta property=\"og:locale\" content=\"es_ES\" \/>\n<meta property=\"og:type\" content=\"article\" \/>\n<meta property=\"og:title\" content=\"TOMAHAWK 208 - Wildlife Control Supplies EU\" \/>\n<meta property=\"og:description\" content=\"Trampa plegable de USA doble entrada. Cage piege made in USA . Deux entre\u00e9s. Dimensions: 106,68 x\u00a0 38,01 x 38,01 cms. Tomahawk Live Trap, Model 208, is a collapsible trap with two trap doors for bobcats, foxes and similar size animals. Tomahawk Live Traps\u00a0Original Series Collapsible Traps with One Trap Door Superior quality.\u00a0 Same great [&hellip;]\" \/>\n<meta property=\"og:url\" content=\"https:\/\/shopwcseu.com\/producto\/tomahawk-208\/\" \/>\n<meta property=\"og:site_name\" content=\"Wildlife Control Supplies EU\" \/>\n<meta property=\"article:modified_time\" content=\"2024-01-03T10:56:39+00:00\" \/>\n<meta property=\"og:image\" content=\"https:\/\/shopwcseu.com\/wp-content\/uploads\/2018\/10\/TLT208_1000_540x540.jpg\" \/>\n\t<meta property=\"og:image:width\" content=\"540\" \/>\n\t<meta property=\"og:image:height\" content=\"540\" \/>\n\t<meta property=\"og:image:type\" content=\"image\/jpeg\" \/>\n<meta name=\"twitter:card\" content=\"summary_large_image\" \/>\n<meta name=\"twitter:label1\" content=\"Tiempo de lectura\" \/>\n\t<meta name=\"twitter:data1\" content=\"1 minuto\" \/>\n<script type=\"application\/ld+json\" class=\"yoast-schema-graph\">{\"@context\":\"https:\/\/schema.org\",\"@graph\":[{\"@type\":\"WebPage\",\"@id\":\"https:\/\/shopwcseu.com\/producto\/tomahawk-208\/\",\"url\":\"https:\/\/shopwcseu.com\/producto\/tomahawk-208\/\",\"name\":\"TOMAHAWK 208 - Wildlife Control Supplies EU\",\"isPartOf\":{\"@id\":\"https:\/\/shopwcseu.com\/es\/#website\"},\"primaryImageOfPage\":{\"@id\":\"https:\/\/shopwcseu.com\/producto\/tomahawk-208\/#primaryimage\"},\"image\":{\"@id\":\"https:\/\/shopwcseu.com\/producto\/tomahawk-208\/#primaryimage\"},\"thumbnailUrl\":\"https:\/\/shopwcseu.com\/wp-content\/uploads\/2018\/10\/TLT208_1000_540x540.jpg\",\"datePublished\":\"2018-10-10T19:35:00+00:00\",\"dateModified\":\"2024-01-03T10:56:39+00:00\",\"breadcrumb\":{\"@id\":\"https:\/\/shopwcseu.com\/producto\/tomahawk-208\/#breadcrumb\"},\"inLanguage\":\"es\",\"potentialAction\":[{\"@type\":\"ReadAction\",\"target\":[\"https:\/\/shopwcseu.com\/producto\/tomahawk-208\/\"]}]},{\"@type\":\"ImageObject\",\"inLanguage\":\"es\",\"@id\":\"https:\/\/shopwcseu.com\/producto\/tomahawk-208\/#primaryimage\",\"url\":\"https:\/\/shopwcseu.com\/wp-content\/uploads\/2018\/10\/TLT208_1000_540x540.jpg\",\"contentUrl\":\"https:\/\/shopwcseu.com\/wp-content\/uploads\/2018\/10\/TLT208_1000_540x540.jpg\",\"width\":540,\"height\":540},{\"@type\":\"BreadcrumbList\",\"@id\":\"https:\/\/shopwcseu.com\/producto\/tomahawk-208\/#breadcrumb\",\"itemListElement\":[{\"@type\":\"ListItem\",\"position\":1,\"name\":\"Home\",\"item\":\"https:\/\/shopwcseu.com\/es\/\"},{\"@type\":\"ListItem\",\"position\":2,\"name\":\"Productos\",\"item\":\"https:\/\/shopwcseu.com\/es\/products\/\"},{\"@type\":\"ListItem\",\"position\":3,\"name\":\"TOMAHAWK 208\"}]},{\"@type\":\"WebSite\",\"@id\":\"https:\/\/shopwcseu.com\/es\/#website\",\"url\":\"https:\/\/shopwcseu.com\/es\/\",\"name\":\"Wildlife Control Supplies EU\",\"description\":\"La tienda de suministros de material de captura m\u00e1s grande de Europa\",\"potentialAction\":[{\"@type\":\"SearchAction\",\"target\":{\"@type\":\"EntryPoint\",\"urlTemplate\":\"https:\/\/shopwcseu.com\/es\/?s={search_term_string}\"},\"query-input\":{\"@type\":\"PropertyValueSpecification\",\"valueRequired\":true,\"valueName\":\"search_term_string\"}}],\"inLanguage\":\"es\"}]}<\/script>\n<!-- \/ Yoast SEO plugin. -->","yoast_head_json":{"title":"TOMAHAWK 208 - Wildlife Control Supplies EU","robots":{"index":"index","follow":"follow","max-snippet":"max-snippet:-1","max-image-preview":"max-image-preview:large","max-video-preview":"max-video-preview:-1"},"canonical":"https:\/\/shopwcseu.com\/producto\/tomahawk-208\/","og_locale":"es_ES","og_type":"article","og_title":"TOMAHAWK 208 - Wildlife Control Supplies EU","og_description":"Trampa plegable de USA doble entrada. Cage piege made in USA . Deux entre\u00e9s. Dimensions: 106,68 x\u00a0 38,01 x 38,01 cms. Tomahawk Live Trap, Model 208, is a collapsible trap with two trap doors for bobcats, foxes and similar size animals. Tomahawk Live Traps\u00a0Original Series Collapsible Traps with One Trap Door Superior quality.\u00a0 Same great [&hellip;]","og_url":"https:\/\/shopwcseu.com\/producto\/tomahawk-208\/","og_site_name":"Wildlife Control Supplies EU","article_modified_time":"2024-01-03T10:56:39+00:00","og_image":[{"width":540,"height":540,"url":"https:\/\/shopwcseu.com\/wp-content\/uploads\/2018\/10\/TLT208_1000_540x540.jpg","type":"image\/jpeg"}],"twitter_card":"summary_large_image","twitter_misc":{"Tiempo de lectura":"1 minuto"},"schema":{"@context":"https:\/\/schema.org","@graph":[{"@type":"WebPage","@id":"https:\/\/shopwcseu.com\/producto\/tomahawk-208\/","url":"https:\/\/shopwcseu.com\/producto\/tomahawk-208\/","name":"TOMAHAWK 208 - Wildlife Control Supplies EU","isPartOf":{"@id":"https:\/\/shopwcseu.com\/es\/#website"},"primaryImageOfPage":{"@id":"https:\/\/shopwcseu.com\/producto\/tomahawk-208\/#primaryimage"},"image":{"@id":"https:\/\/shopwcseu.com\/producto\/tomahawk-208\/#primaryimage"},"thumbnailUrl":"https:\/\/shopwcseu.com\/wp-content\/uploads\/2018\/10\/TLT208_1000_540x540.jpg","datePublished":"2018-10-10T19:35:00+00:00","dateModified":"2024-01-03T10:56:39+00:00","breadcrumb":{"@id":"https:\/\/shopwcseu.com\/producto\/tomahawk-208\/#breadcrumb"},"inLanguage":"es","potentialAction":[{"@type":"ReadAction","target":["https:\/\/shopwcseu.com\/producto\/tomahawk-208\/"]}]},{"@type":"ImageObject","inLanguage":"es","@id":"https:\/\/shopwcseu.com\/producto\/tomahawk-208\/#primaryimage","url":"https:\/\/shopwcseu.com\/wp-content\/uploads\/2018\/10\/TLT208_1000_540x540.jpg","contentUrl":"https:\/\/shopwcseu.com\/wp-content\/uploads\/2018\/10\/TLT208_1000_540x540.jpg","width":540,"height":540},{"@type":"BreadcrumbList","@id":"https:\/\/shopwcseu.com\/producto\/tomahawk-208\/#breadcrumb","itemListElement":[{"@type":"ListItem","position":1,"name":"Home","item":"https:\/\/shopwcseu.com\/es\/"},{"@type":"ListItem","position":2,"name":"Productos","item":"https:\/\/shopwcseu.com\/es\/products\/"},{"@type":"ListItem","position":3,"name":"TOMAHAWK 208"}]},{"@type":"WebSite","@id":"https:\/\/shopwcseu.com\/es\/#website","url":"https:\/\/shopwcseu.com\/es\/","name":"Wildlife Control Supplies EU","description":"La tienda de suministros de material de captura m\u00e1s grande de Europa","potentialAction":[{"@type":"SearchAction","target":{"@type":"EntryPoint","urlTemplate":"https:\/\/shopwcseu.com\/es\/?s={search_term_string}"},"query-input":{"@type":"PropertyValueSpecification","valueRequired":true,"valueName":"search_term_string"}}],"inLanguage":"es"}]}},"_links":{"self":[{"href":"https:\/\/shopwcseu.com\/es\/wp-json\/wp\/v2\/product\/611","targetHints":{"allow":["GET"]}}],"collection":[{"href":"https:\/\/shopwcseu.com\/es\/wp-json\/wp\/v2\/product"}],"about":[{"href":"https:\/\/shopwcseu.com\/es\/wp-json\/wp\/v2\/types\/product"}],"wp:featuredmedia":[{"embeddable":true,"href":"https:\/\/shopwcseu.com\/es\/wp-json\/wp\/v2\/media\/612"}],"wp:attachment":[{"href":"https:\/\/shopwcseu.com\/es\/wp-json\/wp\/v2\/media?parent=611"}],"wp:term":[{"taxonomy":"product_brand","embeddable":true,"href":"https:\/\/shopwcseu.com\/es\/wp-json\/wp\/v2\/product_brand?post=611"},{"taxonomy":"product_cat","embeddable":true,"href":"https:\/\/shopwcseu.com\/es\/wp-json\/wp\/v2\/product_cat?post=611"},{"taxonomy":"product_tag","embeddable":true,"href":"https:\/\/shopwcseu.com\/es\/wp-json\/wp\/v2\/product_tag?post=611"}],"curies":[{"name":"wp","href":"https:\/\/api.w.org\/{rel}","templated":true}]}}