{"id":608,"date":"2018-10-10T19:25:14","date_gmt":"2018-10-10T19:25:14","guid":{"rendered":"http:\/\/shopwcseu.com\/?post_type=product&#038;p=608"},"modified":"2023-12-05T06:43:14","modified_gmt":"2023-12-05T06:43:14","slug":"tomahawk-206","status":"publish","type":"product","link":"https:\/\/shopwcseu.com\/es\/producto\/tomahawk-206\/","title":{"rendered":"TOMAHAWK 206"},"content":{"rendered":"<p>Trampa plegable de USA<\/p>\n<p>Cage piege made in USA<\/p>\n<p>Dimensions : 81,88 x\u00a0 22,86 x 22,86<\/p>\n<p><strong>Tomahawk Live Trap, Model 206<\/strong>, is a collapsible trap with two trap doors for cats, rabbits and similar size animals.<\/p>\n<p>Tomahawk Live Traps\u00a0Original Series Collapsible Traps with One Trap Door<\/p>\n<p>Superior quality.\u00a0 Same great design, materials, and specifications as all of our traps in the Tomahawk Original Series.<br \/>\nMinimal storage space required.\u00a0 Folds flat when not in use and take about 1\/10th the storage space as rigid traps.<br \/>\nSimple to fold and unfold.\u00a0Traps fold flat in just a few seconds, and set up just as quickly.<br \/>\nNo assembly required.\u00a0 Collapsible traps come completely assembled.<br \/>\nCarry more traps at one time.\u00a0 Collapsible traps allow you to carry and deploy more of them in the field at one time.<\/p>\n<p>Le pi\u00e8ge Tomahawk Live, mod\u00e8le 204, est un pi\u00e8ge pliable pour les lapins , chats et les animaux de taille similaire.<\/p>\n<p>Tomahawk Live Traps Pi\u00e8ges d\u00e9montables de la s\u00e9rie originale avec une porte de pi\u00e8ge<\/p>\n<p>Qualit\u00e9 sup\u00e9rieure. Les m\u00eames conception, mat\u00e9riaux et sp\u00e9cifications que tous nos pi\u00e8ges de la s\u00e9rie Tomahawk Original.<br \/>\nEspace de stockage minimal requis. Se plie \u00e0 plat lorsqu&#8217;il n&#8217;est pas utilis\u00e9 et occupe environ 1\/10 de l&#8217;espace de stockage sous forme de pi\u00e8ge rigide.<br \/>\nSimple \u00e0 plier et d\u00e9plier. Les pi\u00e8ges se plient en quelques secondes et se mettent en place tout aussi rapidement.<br \/>\nAucun assemblage requis. Les pi\u00e8ges pliants sont livr\u00e9s compl\u00e8tement assembl\u00e9s.<br \/>\nPortez plus de pi\u00e8ges en m\u00eame temps. Les pi\u00e8ges pliables vous permettent de transporter et de d\u00e9ployer plusieurs d&#8217;entre eux sur le terrain en m\u00eame temps.<\/p>\n","protected":false},"excerpt":{"rendered":"<p>Trampa plegable de USA Cage piege made in USA Dimensions : 81,88 x\u00a0 22,86 x 22,86 Tomahawk Live Trap, Model 206, is a collapsible trap with two trap doors for cats, rabbits and similar size animals. Tomahawk Live Traps\u00a0Original Series Collapsible Traps with One Trap Door Superior quality.\u00a0 Same great design, materials, and specifications as [&hellip;]<\/p>\n","protected":false},"featured_media":606,"template":"","meta":[],"product_brand":[],"product_cat":[38],"product_tag":[],"class_list":{"0":"post-608","1":"product","2":"type-product","3":"status-publish","4":"has-post-thumbnail","6":"product_cat-jaulas-trampa","8":"first","9":"instock","10":"shipping-taxable","11":"purchasable","12":"product-type-simple"},"yoast_head":"<!-- This site is optimized with the Yoast SEO plugin v27.0 - https:\/\/yoast.com\/product\/yoast-seo-wordpress\/ -->\n<title>TOMAHAWK 206 - Wildlife Control Supplies EU<\/title>\n<meta name=\"robots\" content=\"index, follow, max-snippet:-1, max-image-preview:large, max-video-preview:-1\" \/>\n<link rel=\"canonical\" href=\"https:\/\/shopwcseu.com\/producto\/tomahawk-206\/\" \/>\n<meta property=\"og:locale\" content=\"es_ES\" \/>\n<meta property=\"og:type\" content=\"article\" \/>\n<meta property=\"og:title\" content=\"TOMAHAWK 206 - Wildlife Control Supplies EU\" \/>\n<meta property=\"og:description\" content=\"Trampa plegable de USA Cage piege made in USA Dimensions : 81,88 x\u00a0 22,86 x 22,86 Tomahawk Live Trap, Model 206, is a collapsible trap with two trap doors for cats, rabbits and similar size animals. Tomahawk Live Traps\u00a0Original Series Collapsible Traps with One Trap Door Superior quality.\u00a0 Same great design, materials, and specifications as [&hellip;]\" \/>\n<meta property=\"og:url\" content=\"https:\/\/shopwcseu.com\/producto\/tomahawk-206\/\" \/>\n<meta property=\"og:site_name\" content=\"Wildlife Control Supplies EU\" \/>\n<meta property=\"article:modified_time\" content=\"2023-12-05T06:43:14+00:00\" \/>\n<meta property=\"og:image\" content=\"https:\/\/shopwcseu.com\/wp-content\/uploads\/2018\/10\/TLT207_5_1000px_242x242.jpg\" \/>\n\t<meta property=\"og:image:width\" content=\"242\" \/>\n\t<meta property=\"og:image:height\" content=\"242\" \/>\n\t<meta property=\"og:image:type\" content=\"image\/jpeg\" \/>\n<meta name=\"twitter:card\" content=\"summary_large_image\" \/>\n<meta name=\"twitter:label1\" content=\"Tiempo de lectura\" \/>\n\t<meta name=\"twitter:data1\" content=\"1 minuto\" \/>\n<script type=\"application\/ld+json\" class=\"yoast-schema-graph\">{\"@context\":\"https:\/\/schema.org\",\"@graph\":[{\"@type\":\"WebPage\",\"@id\":\"https:\/\/shopwcseu.com\/producto\/tomahawk-206\/\",\"url\":\"https:\/\/shopwcseu.com\/producto\/tomahawk-206\/\",\"name\":\"TOMAHAWK 206 - Wildlife Control Supplies EU\",\"isPartOf\":{\"@id\":\"https:\/\/shopwcseu.com\/es\/#website\"},\"primaryImageOfPage\":{\"@id\":\"https:\/\/shopwcseu.com\/producto\/tomahawk-206\/#primaryimage\"},\"image\":{\"@id\":\"https:\/\/shopwcseu.com\/producto\/tomahawk-206\/#primaryimage\"},\"thumbnailUrl\":\"https:\/\/shopwcseu.com\/wp-content\/uploads\/2018\/10\/TLT207_5_1000px_242x242.jpg\",\"datePublished\":\"2018-10-10T19:25:14+00:00\",\"dateModified\":\"2023-12-05T06:43:14+00:00\",\"breadcrumb\":{\"@id\":\"https:\/\/shopwcseu.com\/producto\/tomahawk-206\/#breadcrumb\"},\"inLanguage\":\"es\",\"potentialAction\":[{\"@type\":\"ReadAction\",\"target\":[\"https:\/\/shopwcseu.com\/producto\/tomahawk-206\/\"]}]},{\"@type\":\"ImageObject\",\"inLanguage\":\"es\",\"@id\":\"https:\/\/shopwcseu.com\/producto\/tomahawk-206\/#primaryimage\",\"url\":\"https:\/\/shopwcseu.com\/wp-content\/uploads\/2018\/10\/TLT207_5_1000px_242x242.jpg\",\"contentUrl\":\"https:\/\/shopwcseu.com\/wp-content\/uploads\/2018\/10\/TLT207_5_1000px_242x242.jpg\",\"width\":242,\"height\":242},{\"@type\":\"BreadcrumbList\",\"@id\":\"https:\/\/shopwcseu.com\/producto\/tomahawk-206\/#breadcrumb\",\"itemListElement\":[{\"@type\":\"ListItem\",\"position\":1,\"name\":\"Home\",\"item\":\"https:\/\/shopwcseu.com\/es\/\"},{\"@type\":\"ListItem\",\"position\":2,\"name\":\"Productos\",\"item\":\"https:\/\/shopwcseu.com\/es\/products\/\"},{\"@type\":\"ListItem\",\"position\":3,\"name\":\"TOMAHAWK 206\"}]},{\"@type\":\"WebSite\",\"@id\":\"https:\/\/shopwcseu.com\/es\/#website\",\"url\":\"https:\/\/shopwcseu.com\/es\/\",\"name\":\"Wildlife Control Supplies EU\",\"description\":\"La tienda de suministros de material de captura m\u00e1s grande de Europa\",\"potentialAction\":[{\"@type\":\"SearchAction\",\"target\":{\"@type\":\"EntryPoint\",\"urlTemplate\":\"https:\/\/shopwcseu.com\/es\/?s={search_term_string}\"},\"query-input\":{\"@type\":\"PropertyValueSpecification\",\"valueRequired\":true,\"valueName\":\"search_term_string\"}}],\"inLanguage\":\"es\"}]}<\/script>\n<!-- \/ Yoast SEO plugin. -->","yoast_head_json":{"title":"TOMAHAWK 206 - Wildlife Control Supplies EU","robots":{"index":"index","follow":"follow","max-snippet":"max-snippet:-1","max-image-preview":"max-image-preview:large","max-video-preview":"max-video-preview:-1"},"canonical":"https:\/\/shopwcseu.com\/producto\/tomahawk-206\/","og_locale":"es_ES","og_type":"article","og_title":"TOMAHAWK 206 - Wildlife Control Supplies EU","og_description":"Trampa plegable de USA Cage piege made in USA Dimensions : 81,88 x\u00a0 22,86 x 22,86 Tomahawk Live Trap, Model 206, is a collapsible trap with two trap doors for cats, rabbits and similar size animals. Tomahawk Live Traps\u00a0Original Series Collapsible Traps with One Trap Door Superior quality.\u00a0 Same great design, materials, and specifications as [&hellip;]","og_url":"https:\/\/shopwcseu.com\/producto\/tomahawk-206\/","og_site_name":"Wildlife Control Supplies EU","article_modified_time":"2023-12-05T06:43:14+00:00","og_image":[{"width":242,"height":242,"url":"https:\/\/shopwcseu.com\/wp-content\/uploads\/2018\/10\/TLT207_5_1000px_242x242.jpg","type":"image\/jpeg"}],"twitter_card":"summary_large_image","twitter_misc":{"Tiempo de lectura":"1 minuto"},"schema":{"@context":"https:\/\/schema.org","@graph":[{"@type":"WebPage","@id":"https:\/\/shopwcseu.com\/producto\/tomahawk-206\/","url":"https:\/\/shopwcseu.com\/producto\/tomahawk-206\/","name":"TOMAHAWK 206 - Wildlife Control Supplies EU","isPartOf":{"@id":"https:\/\/shopwcseu.com\/es\/#website"},"primaryImageOfPage":{"@id":"https:\/\/shopwcseu.com\/producto\/tomahawk-206\/#primaryimage"},"image":{"@id":"https:\/\/shopwcseu.com\/producto\/tomahawk-206\/#primaryimage"},"thumbnailUrl":"https:\/\/shopwcseu.com\/wp-content\/uploads\/2018\/10\/TLT207_5_1000px_242x242.jpg","datePublished":"2018-10-10T19:25:14+00:00","dateModified":"2023-12-05T06:43:14+00:00","breadcrumb":{"@id":"https:\/\/shopwcseu.com\/producto\/tomahawk-206\/#breadcrumb"},"inLanguage":"es","potentialAction":[{"@type":"ReadAction","target":["https:\/\/shopwcseu.com\/producto\/tomahawk-206\/"]}]},{"@type":"ImageObject","inLanguage":"es","@id":"https:\/\/shopwcseu.com\/producto\/tomahawk-206\/#primaryimage","url":"https:\/\/shopwcseu.com\/wp-content\/uploads\/2018\/10\/TLT207_5_1000px_242x242.jpg","contentUrl":"https:\/\/shopwcseu.com\/wp-content\/uploads\/2018\/10\/TLT207_5_1000px_242x242.jpg","width":242,"height":242},{"@type":"BreadcrumbList","@id":"https:\/\/shopwcseu.com\/producto\/tomahawk-206\/#breadcrumb","itemListElement":[{"@type":"ListItem","position":1,"name":"Home","item":"https:\/\/shopwcseu.com\/es\/"},{"@type":"ListItem","position":2,"name":"Productos","item":"https:\/\/shopwcseu.com\/es\/products\/"},{"@type":"ListItem","position":3,"name":"TOMAHAWK 206"}]},{"@type":"WebSite","@id":"https:\/\/shopwcseu.com\/es\/#website","url":"https:\/\/shopwcseu.com\/es\/","name":"Wildlife Control Supplies EU","description":"La tienda de suministros de material de captura m\u00e1s grande de Europa","potentialAction":[{"@type":"SearchAction","target":{"@type":"EntryPoint","urlTemplate":"https:\/\/shopwcseu.com\/es\/?s={search_term_string}"},"query-input":{"@type":"PropertyValueSpecification","valueRequired":true,"valueName":"search_term_string"}}],"inLanguage":"es"}]}},"_links":{"self":[{"href":"https:\/\/shopwcseu.com\/es\/wp-json\/wp\/v2\/product\/608","targetHints":{"allow":["GET"]}}],"collection":[{"href":"https:\/\/shopwcseu.com\/es\/wp-json\/wp\/v2\/product"}],"about":[{"href":"https:\/\/shopwcseu.com\/es\/wp-json\/wp\/v2\/types\/product"}],"wp:featuredmedia":[{"embeddable":true,"href":"https:\/\/shopwcseu.com\/es\/wp-json\/wp\/v2\/media\/606"}],"wp:attachment":[{"href":"https:\/\/shopwcseu.com\/es\/wp-json\/wp\/v2\/media?parent=608"}],"wp:term":[{"taxonomy":"product_brand","embeddable":true,"href":"https:\/\/shopwcseu.com\/es\/wp-json\/wp\/v2\/product_brand?post=608"},{"taxonomy":"product_cat","embeddable":true,"href":"https:\/\/shopwcseu.com\/es\/wp-json\/wp\/v2\/product_cat?post=608"},{"taxonomy":"product_tag","embeddable":true,"href":"https:\/\/shopwcseu.com\/es\/wp-json\/wp\/v2\/product_tag?post=608"}],"curies":[{"name":"wp","href":"https:\/\/api.w.org\/{rel}","templated":true}]}}